{"id":11236,"date":"2024-12-13T14:42:57","date_gmt":"2024-12-13T13:42:57","guid":{"rendered":"https:\/\/v2.frank-pen.de\/?page_id=11236"},"modified":"2025-11-21T13:41:12","modified_gmt":"2025-11-21T12:41:12","slug":"ueber-uns","status":"publish","type":"page","link":"https:\/\/pen.eu\/ch\/ueber-uns\/","title":{"rendered":"\u00dcber uns"},"content":{"rendered":"<section class=\"vc_section porto-section porto-inner-container py-0\"><div class=\"container\">\n\n<div class=\"wp-block-columns mb-5 is-layout-flex wp-container-core-columns-is-layout-9d6595d7 wp-block-columns-is-layout-flex\">\n<div class=\"wp-block-column is-layout-flow wp-block-column-is-layout-flow\" style=\"flex-basis:41.6666%\">\n<figure class=\"wp-block-image size-full\"><img fetchpriority=\"high\" decoding=\"async\" width=\"640\" height=\"420\" src=\"https:\/\/pen.eu\/wp-content\/uploads\/2025\/06\/wittenberg-1.jpg\" alt=\"\" class=\"wp-image-12937\" srcset=\"https:\/\/pen.eu\/wp-content\/uploads\/2025\/06\/wittenberg-1.jpg 640w, https:\/\/pen.eu\/wp-content\/uploads\/2025\/06\/wittenberg-1-600x394.jpg 600w, https:\/\/pen.eu\/wp-content\/uploads\/2025\/06\/wittenberg-1-400x263.jpg 400w\" sizes=\"(max-width: 640px) 100vw, 640px\" \/><\/figure>\n<\/div>\n\n\n\n<div class=\"wp-block-column is-layout-flow wp-block-column-is-layout-flow\" style=\"flex-basis:58.3333%\"><h2 class=\"porto-heading mb-4\" style=\"font-size:1.875rem;font-weight:400;\">Zuhause in der Lutherstadt.<\/h2>\n\n\n<p>Seit 2011 widmen wir uns mit Leidenschaft der Entwicklung und Produktion individuell gestalteter Schreibger\u00e4te. Was einst als FRANK PEN begann, ist heute zur Europe Pen GmbH herangewachsen \u2013 einem etablierten Unternehmen in der Werbeartikelbranche. Unser Ziel: den Werbemarkt durch Einfachheit neu zu definieren. Daf\u00fcr bieten wir eine sorgf\u00e4ltig ausgew\u00e4hlte Kollektion an Schreibger\u00e4ten, Trinkgef\u00e4\u00dfen, Taschen und Notizb\u00fcchern \u2013 perfekt, um Ihre Markenbotschaft stilvoll und wirkungsvoll zu pr\u00e4sentieren.<\/p>\n\n\n\n<p><\/p>\n\n\n\n<p>Im Gegensatz zu vielen Mitbewerbern setzen wir auf Transparenz: Keine Versandkosten innerhalb Europas, keine Logo-Geb\u00fchren und keine aufdringlichen Verkaufsgespr\u00e4che. Versprochen!<\/p>\n\n\n\n<p><\/p>\n\n\n\n<p>Egal, ob Sie als Kleinunternehmer nach g\u00fcnstigen Werbel\u00f6sungen suchen, als Marketingmanager Ihre Marke st\u00e4rken m\u00f6chten oder als Messeprofi einen bleibenden Eindruck hinterlassen wollen \u2013 PEN.EU ist Ihr verl\u00e4sslicher Partner!<\/p>\n<\/div>\n<\/div>\n\n\n\n<div class=\"wp-block-columns mb-5 is-layout-flex wp-container-core-columns-is-layout-9d6595d7 wp-block-columns-is-layout-flex\">\n<div class=\"wp-block-column order-sms-2 is-layout-flow wp-block-column-is-layout-flow\" style=\"flex-basis:41.6666%\">\n<figure class=\"wp-block-image size-full\"><img decoding=\"async\" width=\"640\" height=\"420\" src=\"https:\/\/pen.eu\/wp-content\/uploads\/2025\/06\/produktion-2.jpg\" alt=\"\" class=\"wp-image-12934\" srcset=\"https:\/\/pen.eu\/wp-content\/uploads\/2025\/06\/produktion-2.jpg 640w, https:\/\/pen.eu\/wp-content\/uploads\/2025\/06\/produktion-2-600x394.jpg 600w, https:\/\/pen.eu\/wp-content\/uploads\/2025\/06\/produktion-2-400x263.jpg 400w\" sizes=\"(max-width: 640px) 100vw, 640px\" \/><\/figure>\n<\/div>\n\n\n\n<div class=\"wp-block-column is-layout-flow wp-block-column-is-layout-flow\" style=\"flex-basis:58.3333%\"><h2 class=\"porto-heading mb-4\" style=\"font-size:1.875rem;font-weight:400;\">Produktion in Europa.<\/h2>\n\n\n<p>Wir setzen alles daran, unseren \u00f6kologischen Fu\u00dfabdruck so gering wie m\u00f6glich zu halten. Deshalb erfolgen s\u00e4mtliche Druck- und Gravurprozesse ausschlie\u00dflich in Europa \u2013 effizient, ressourcenschonend und unter Einhaltung hoher Qualit\u00e4ts- und Umweltstandards. Mit insgesamt sechs modernsten Veredelungstechnologien \u2013 darunter Tampondruck, Siebdruck, Digitaldruck, Lasergravur und weitere spezialisierte Verfahren \u2013 sind wir in der Lage, ein t\u00e4gliches Produktionsvolumen von bis zu 90.000 Drucken und 70.000 Gravuren zuverl\u00e4ssig und termingerecht zu realisieren.<\/p>\n\n\n\n<p><\/p>\n\n\n\n<p>Aktuell bevorraten wir \u00fcber 3.000.000 individuell gestaltbare Werbeartikel \u2013 bereit zur schnellen Veredelung nach Kundenvorgabe. Dieser durchdachte und effiziente Aufbau unserer Infrastruktur erm\u00f6glicht nicht nur kurze Lieferzeiten und hohe Flexibilit\u00e4t, sondern leistet gleichzeitig einen wertvollen Beitrag zur Nachhaltigkeit in der Werbemittelbranche.<\/p>\n<\/div>\n<\/div>\n\n\n\n<div class=\"wp-block-columns mb-5 is-layout-flex wp-container-core-columns-is-layout-9d6595d7 wp-block-columns-is-layout-flex\">\n<div class=\"wp-block-column is-layout-flow wp-block-column-is-layout-flow\" style=\"flex-basis:41.6666%\"><div class=\"porto-carousel owl-carousel has-ccols ccols-xl-1 ccols-lg-1 ccols-md-1 ccols-sm-1 ccols-1\" data-plugin-options=\"{&quot;themeConfig&quot;:true,&quot;stagePadding&quot;:0,&quot;margin&quot;:0,&quot;autoplay&quot;:false,&quot;mouseDrag&quot;:true,&quot;touchDrag&quot;:true,&quot;autoplayTimeout&quot;:5000,&quot;autoplayHoverPause&quot;:false,&quot;items&quot;:1,&quot;xl&quot;:1,&quot;lg&quot;:1,&quot;md&quot;:1,&quot;sm&quot;:1,&quot;xs&quot;:1,&quot;nav&quot;:false,&quot;dots&quot;:true,&quot;animateIn&quot;:&quot;&quot;,&quot;animateOut&quot;:&quot;&quot;,&quot;loop&quot;:false,&quot;center&quot;:false,&quot;video&quot;:false,&quot;lazyLoad&quot;:false,&quot;fullscreen&quot;:false}\">\n\n<figure class=\"wp-block-image size-full mb-0\"><img decoding=\"async\" width=\"641\" height=\"420\" src=\"https:\/\/pen.eu\/wp-content\/uploads\/2025\/06\/map.jpg\" alt=\"\" class=\"wp-image-12935\" srcset=\"https:\/\/pen.eu\/wp-content\/uploads\/2025\/06\/map.jpg 641w, https:\/\/pen.eu\/wp-content\/uploads\/2025\/06\/map-600x393.jpg 600w, https:\/\/pen.eu\/wp-content\/uploads\/2025\/06\/map-400x262.jpg 400w\" sizes=\"(max-width: 641px) 100vw, 641px\" \/><\/figure>\n\n<\/div><\/div>\n\n\n\n<div class=\"wp-block-column is-layout-flow wp-block-column-is-layout-flow\" style=\"flex-basis:58.3333%\"><h2 class=\"porto-heading mb-4\" style=\"font-size:1.875rem;font-weight:400;\">Kundenservice quer durch Europa.<\/h2>\n\n\n<p>Seit 2023 verst\u00e4rken wir gezielt unsere Aktivit\u00e4ten auf dem europ\u00e4ischen Markt \u2013 mit besonderem Fokus auf Deutschland, \u00d6sterreich, die Schweiz und Spanien (Festland und Balearen). In diesen Regionen gewinnen wir stetig neue, begeisterte Kunden, die nicht nur unsere hochwertigen Schreibger\u00e4te, sondern auch unseren pers\u00f6nlichen, zuverl\u00e4ssigen Service zu sch\u00e4tzen wissen.<\/p>\n\n\n\n<p><\/p>\n\n\n\n<p>Doch damit geben wir uns nicht zufrieden: In den kommenden drei Jahren werden wir unsere Pr\u00e4senz weiter ausbauen und unsere Produkte sowie unseren Kundenservice auch in den Niederlanden, Frankreich, Italien und Belgien anbieten \u2013 selbstverst\u00e4ndlich in der jeweiligen Landessprache und angepasst an die lokalen Anforderungen. Unser Ziel: N\u00e4he zu unseren Kunden, Qualit\u00e4t ohne Kompromisse und individuelle L\u00f6sungen f\u00fcr jede Marke. \u00dcberzeugen Sie sich selbst \u2013 <em>your brand, your pen!<\/em> <\/p>\n\n\n\n<p><\/p>\n\n\n\n<p>Map-Stand: Mai 2025<\/p>\n<\/div>\n<\/div>\n\n<\/div><\/section>","protected":false},"excerpt":{"rendered":"","protected":false},"author":1,"featured_media":11238,"parent":0,"menu_order":0,"comment_status":"closed","ping_status":"closed","template":"","meta":{"footnotes":""},"class_list":["post-11236","page","type-page","status-publish","has-post-thumbnail","hentry"],"yoast_head":"<!-- This site is optimized with the Yoast SEO plugin v27.4 - https:\/\/yoast.com\/product\/yoast-seo-wordpress\/ -->\n<title>Europ\u00e4ische Qualit\u00e4ts-Werbeartikel &amp; Pers\u00f6nliche Schreibger\u00e4te<\/title>\n<meta name=\"description\" content=\"Erfahren Sie mehr \u00fcber PEN EU: Individuelle Schreibger\u00e4te, nachhaltige Produktion in Europa und erstklassiger Kundenservice f\u00fcr Ihre Markenpr\u00e4senz.\" \/>\n<meta name=\"robots\" content=\"index, follow, max-snippet:-1, max-image-preview:large, max-video-preview:-1\" \/>\n<link rel=\"canonical\" href=\"https:\/\/pen.eu\/ch\/ueber-uns\/\" \/>\n<meta property=\"og:locale\" content=\"de_DE\" \/>\n<meta property=\"og:type\" content=\"article\" \/>\n<meta property=\"og:title\" content=\"Europ\u00e4ische Qualit\u00e4ts-Werbeartikel &amp; Pers\u00f6nliche Schreibger\u00e4te\" \/>\n<meta property=\"og:description\" content=\"Erfahren Sie mehr \u00fcber PEN EU: Individuelle Schreibger\u00e4te, nachhaltige Produktion in Europa und erstklassiger Kundenservice f\u00fcr Ihre Markenpr\u00e4senz.\" \/>\n<meta property=\"og:url\" content=\"https:\/\/pen.eu\/ch\/ueber-uns\/\" \/>\n<meta property=\"og:site_name\" content=\"PEN.EU\" \/>\n<meta property=\"article:modified_time\" content=\"2025-11-21T12:41:12+00:00\" \/>\n<meta property=\"og:image\" content=\"https:\/\/pen.eu\/wp-content\/uploads\/2024\/12\/wittenberg-1.jpg\" \/>\n\t<meta property=\"og:image:width\" content=\"640\" \/>\n\t<meta property=\"og:image:height\" content=\"420\" \/>\n\t<meta property=\"og:image:type\" content=\"image\/jpeg\" \/>\n<meta name=\"twitter:card\" content=\"summary_large_image\" \/>\n<meta name=\"twitter:label1\" content=\"Gesch\u00e4tzte Lesezeit\" \/>\n\t<meta name=\"twitter:data1\" content=\"3\u00a0Minuten\" \/>\n<script type=\"application\/ld+json\" class=\"yoast-schema-graph\">{\"@context\":\"https:\\\/\\\/schema.org\",\"@graph\":[{\"@type\":\"WebPage\",\"@id\":\"https:\\\/\\\/pen.eu\\\/ueber-uns\\\/\",\"url\":\"https:\\\/\\\/pen.eu\\\/ueber-uns\\\/\",\"name\":\"Europ\u00e4ische Qualit\u00e4ts-Werbeartikel & Pers\u00f6nliche Schreibger\u00e4te\",\"isPartOf\":{\"@id\":\"https:\\\/\\\/pen.eu\\\/#website\"},\"primaryImageOfPage\":{\"@id\":\"https:\\\/\\\/pen.eu\\\/ueber-uns\\\/#primaryimage\"},\"image\":{\"@id\":\"https:\\\/\\\/pen.eu\\\/ueber-uns\\\/#primaryimage\"},\"thumbnailUrl\":\"https:\\\/\\\/pen.eu\\\/wp-content\\\/uploads\\\/2024\\\/12\\\/wittenberg-1.jpg\",\"datePublished\":\"2024-12-13T13:42:57+00:00\",\"dateModified\":\"2025-11-21T12:41:12+00:00\",\"description\":\"Erfahren Sie mehr \u00fcber PEN EU: Individuelle Schreibger\u00e4te, nachhaltige Produktion in Europa und erstklassiger Kundenservice f\u00fcr Ihre Markenpr\u00e4senz.\",\"breadcrumb\":{\"@id\":\"https:\\\/\\\/pen.eu\\\/ueber-uns\\\/#breadcrumb\"},\"inLanguage\":\"de-CH\",\"potentialAction\":[{\"@type\":\"ReadAction\",\"target\":[\"https:\\\/\\\/pen.eu\\\/ueber-uns\\\/\"]}]},{\"@type\":\"ImageObject\",\"inLanguage\":\"de-CH\",\"@id\":\"https:\\\/\\\/pen.eu\\\/ueber-uns\\\/#primaryimage\",\"url\":\"https:\\\/\\\/pen.eu\\\/wp-content\\\/uploads\\\/2024\\\/12\\\/wittenberg-1.jpg\",\"contentUrl\":\"https:\\\/\\\/pen.eu\\\/wp-content\\\/uploads\\\/2024\\\/12\\\/wittenberg-1.jpg\",\"width\":640,\"height\":420},{\"@type\":\"BreadcrumbList\",\"@id\":\"https:\\\/\\\/pen.eu\\\/ueber-uns\\\/#breadcrumb\",\"itemListElement\":[{\"@type\":\"ListItem\",\"position\":1,\"name\":\"Home\",\"item\":\"https:\\\/\\\/pen.eu\\\/\"},{\"@type\":\"ListItem\",\"position\":2,\"name\":\"\u00dcber uns\"}]},{\"@type\":\"WebSite\",\"@id\":\"https:\\\/\\\/pen.eu\\\/#website\",\"url\":\"https:\\\/\\\/pen.eu\\\/\",\"name\":\"PEN.EU\",\"description\":\"Kugelschreiber bedrucken mit Logo | pen.eu\",\"potentialAction\":[{\"@type\":\"SearchAction\",\"target\":{\"@type\":\"EntryPoint\",\"urlTemplate\":\"https:\\\/\\\/pen.eu\\\/?s={search_term_string}\"},\"query-input\":{\"@type\":\"PropertyValueSpecification\",\"valueRequired\":true,\"valueName\":\"search_term_string\"}}],\"inLanguage\":\"de-CH\"}]}<\/script>\n<!-- \/ Yoast SEO plugin. -->","yoast_head_json":{"title":"Europ\u00e4ische Qualit\u00e4ts-Werbeartikel & Pers\u00f6nliche Schreibger\u00e4te","description":"Erfahren Sie mehr \u00fcber PEN EU: Individuelle Schreibger\u00e4te, nachhaltige Produktion in Europa und erstklassiger Kundenservice f\u00fcr Ihre Markenpr\u00e4senz.","robots":{"index":"index","follow":"follow","max-snippet":"max-snippet:-1","max-image-preview":"max-image-preview:large","max-video-preview":"max-video-preview:-1"},"canonical":"https:\/\/pen.eu\/ch\/ueber-uns\/","og_locale":"de_DE","og_type":"article","og_title":"Europ\u00e4ische Qualit\u00e4ts-Werbeartikel & Pers\u00f6nliche Schreibger\u00e4te","og_description":"Erfahren Sie mehr \u00fcber PEN EU: Individuelle Schreibger\u00e4te, nachhaltige Produktion in Europa und erstklassiger Kundenservice f\u00fcr Ihre Markenpr\u00e4senz.","og_url":"https:\/\/pen.eu\/ch\/ueber-uns\/","og_site_name":"PEN.EU","article_modified_time":"2025-11-21T12:41:12+00:00","og_image":[{"width":640,"height":420,"url":"https:\/\/pen.eu\/wp-content\/uploads\/2024\/12\/wittenberg-1.jpg","type":"image\/jpeg"}],"twitter_card":"summary_large_image","twitter_misc":{"Gesch\u00e4tzte Lesezeit":"3\u00a0Minuten"},"schema":{"@context":"https:\/\/schema.org","@graph":[{"@type":"WebPage","@id":"https:\/\/pen.eu\/ueber-uns\/","url":"https:\/\/pen.eu\/ueber-uns\/","name":"Europ\u00e4ische Qualit\u00e4ts-Werbeartikel & Pers\u00f6nliche Schreibger\u00e4te","isPartOf":{"@id":"https:\/\/pen.eu\/#website"},"primaryImageOfPage":{"@id":"https:\/\/pen.eu\/ueber-uns\/#primaryimage"},"image":{"@id":"https:\/\/pen.eu\/ueber-uns\/#primaryimage"},"thumbnailUrl":"https:\/\/pen.eu\/wp-content\/uploads\/2024\/12\/wittenberg-1.jpg","datePublished":"2024-12-13T13:42:57+00:00","dateModified":"2025-11-21T12:41:12+00:00","description":"Erfahren Sie mehr \u00fcber PEN EU: Individuelle Schreibger\u00e4te, nachhaltige Produktion in Europa und erstklassiger Kundenservice f\u00fcr Ihre Markenpr\u00e4senz.","breadcrumb":{"@id":"https:\/\/pen.eu\/ueber-uns\/#breadcrumb"},"inLanguage":"de-CH","potentialAction":[{"@type":"ReadAction","target":["https:\/\/pen.eu\/ueber-uns\/"]}]},{"@type":"ImageObject","inLanguage":"de-CH","@id":"https:\/\/pen.eu\/ueber-uns\/#primaryimage","url":"https:\/\/pen.eu\/wp-content\/uploads\/2024\/12\/wittenberg-1.jpg","contentUrl":"https:\/\/pen.eu\/wp-content\/uploads\/2024\/12\/wittenberg-1.jpg","width":640,"height":420},{"@type":"BreadcrumbList","@id":"https:\/\/pen.eu\/ueber-uns\/#breadcrumb","itemListElement":[{"@type":"ListItem","position":1,"name":"Home","item":"https:\/\/pen.eu\/"},{"@type":"ListItem","position":2,"name":"\u00dcber uns"}]},{"@type":"WebSite","@id":"https:\/\/pen.eu\/#website","url":"https:\/\/pen.eu\/","name":"PEN.EU","description":"Kugelschreiber bedrucken mit Logo | pen.eu","potentialAction":[{"@type":"SearchAction","target":{"@type":"EntryPoint","urlTemplate":"https:\/\/pen.eu\/?s={search_term_string}"},"query-input":{"@type":"PropertyValueSpecification","valueRequired":true,"valueName":"search_term_string"}}],"inLanguage":"de-CH"}]}},"_links":{"self":[{"href":"https:\/\/pen.eu\/ch\/wp-json\/wp\/v2\/pages\/11236","targetHints":{"allow":["GET"]}}],"collection":[{"href":"https:\/\/pen.eu\/ch\/wp-json\/wp\/v2\/pages"}],"about":[{"href":"https:\/\/pen.eu\/ch\/wp-json\/wp\/v2\/types\/page"}],"author":[{"embeddable":true,"href":"https:\/\/pen.eu\/ch\/wp-json\/wp\/v2\/users\/1"}],"replies":[{"embeddable":true,"href":"https:\/\/pen.eu\/ch\/wp-json\/wp\/v2\/comments?post=11236"}],"version-history":[{"count":15,"href":"https:\/\/pen.eu\/ch\/wp-json\/wp\/v2\/pages\/11236\/revisions"}],"predecessor-version":[{"id":17213,"href":"https:\/\/pen.eu\/ch\/wp-json\/wp\/v2\/pages\/11236\/revisions\/17213"}],"wp:featuredmedia":[{"embeddable":true,"href":"https:\/\/pen.eu\/ch\/wp-json\/wp\/v2\/media\/11238"}],"wp:attachment":[{"href":"https:\/\/pen.eu\/ch\/wp-json\/wp\/v2\/media?parent=11236"}],"curies":[{"name":"wp","href":"https:\/\/api.w.org\/{rel}","templated":true}]}}