{"id":12773,"date":"2025-05-31T07:23:49","date_gmt":"2025-05-31T05:23:49","guid":{"rendered":"https:\/\/v2.frank-pen.de\/?page_id=12773"},"modified":"2025-10-23T06:23:16","modified_gmt":"2025-10-23T04:23:16","slug":"promogreen","status":"publish","type":"page","link":"https:\/\/pen.eu\/ch\/promogreen\/","title":{"rendered":"promogreen"},"content":{"rendered":"<section class=\"vc_section porto-section porto-inner-container py-0\"><div class=\"container\">\n\n<div class=\"wp-block-columns mb-5 is-layout-flex wp-container-core-columns-is-layout-9d6595d7 wp-block-columns-is-layout-flex\">\n<div class=\"wp-block-column order-sms-2 is-layout-flow wp-block-column-is-layout-flow\" style=\"flex-basis:41.6666%\"><div class=\"porto-carousel owl-carousel has-ccols ccols-xl-1 ccols-lg-1 ccols-md-1 ccols-sm-1 ccols-1\" data-plugin-options=\"{&quot;themeConfig&quot;:true,&quot;stagePadding&quot;:0,&quot;margin&quot;:0,&quot;autoplay&quot;:false,&quot;mouseDrag&quot;:true,&quot;touchDrag&quot;:true,&quot;autoplayTimeout&quot;:5000,&quot;autoplayHoverPause&quot;:false,&quot;items&quot;:1,&quot;xl&quot;:1,&quot;lg&quot;:1,&quot;md&quot;:1,&quot;sm&quot;:1,&quot;xs&quot;:1,&quot;nav&quot;:false,&quot;dots&quot;:true,&quot;animateIn&quot;:&quot;&quot;,&quot;animateOut&quot;:&quot;&quot;,&quot;loop&quot;:false,&quot;center&quot;:false,&quot;video&quot;:false,&quot;lazyLoad&quot;:false,&quot;fullscreen&quot;:false}\">\n\n<figure class=\"wp-block-image size-full mb-0\"><img fetchpriority=\"high\" decoding=\"async\" width=\"1000\" height=\"667\" src=\"https:\/\/pen.eu\/wp-content\/uploads\/2025\/05\/501.jpg\" alt=\"\" class=\"wp-image-12791\" srcset=\"https:\/\/pen.eu\/wp-content\/uploads\/2025\/05\/501.jpg 1000w, https:\/\/pen.eu\/wp-content\/uploads\/2025\/05\/501-600x400.jpg 600w, https:\/\/pen.eu\/wp-content\/uploads\/2025\/05\/501-768x512.jpg 768w, https:\/\/pen.eu\/wp-content\/uploads\/2025\/05\/501-640x427.jpg 640w, https:\/\/pen.eu\/wp-content\/uploads\/2025\/05\/501-400x267.jpg 400w\" sizes=\"(max-width: 1000px) 100vw, 1000px\" \/><\/figure>\n\n<\/div><\/div>\n\n\n\n<div class=\"wp-block-column is-layout-flow wp-block-column-is-layout-flow\" style=\"flex-basis:58.3333%\"><h2 class=\"porto-heading mb-4\" style=\"font-size:1.875rem;font-weight:400;\">promogreen<strong>\u00ae<\/strong> &#8211; Branded Better.<\/h2>\n\n\n<p>Tauchen Sie ein in eine Welt, in der innovatives Design auf verantwortungsvolle Materialauswahl trifft \u2013 f\u00fcr eine au\u00dfergew\u00f6hnliche Kollektion von Schreibger\u00e4ten, Trinkgef\u00e4\u00dfen, Taschen und Papeterie, die Stil, Funktionalit\u00e4t und Nachhaltigkeit vereint. Mit der Einf\u00fchrung unserer <strong>promogreen\u00ae<\/strong>-Produkte setzen wir ein klares Zeichen f\u00fcr eine bewusstere Zukunft \u2013 f\u00fcr unseren Planeten ebenso wie f\u00fcr unsere Branche. Durch einfache, aber gezielte Entscheidungen leisten wir aktiv einen Beitrag zum Umweltschutz. Alle Produkte dieser Linie bestehen ganz oder teilweise aus recycelten, wiederverwerteten oder zertifizierten Materialien. Unsere Vision ist es, wiederverwendbare und \u00e4sthetisch ansprechende Werbeartikel zu schaffen, die nicht nur kosteng\u00fcnstig, sondern auch ressourcenschonend produziert werden. Die von der Natur inspirierten Farbt\u00f6ne und durchdachten Funktionen machen sie zu idealen Begleitern im Alltag \u2013 und zu klaren Botschaftern einer verantwortungsvollen Markenkommunikation.<br><br><strong>promogreen\u00ae<\/strong> steht f\u00fcr einfache, wirkungsvolle L\u00f6sungen, die wirklich einen Unterschied machen.<\/p>\n<\/div>\n<\/div>\n\n<\/div><\/section>\n\n<section class=\"vc_section porto-section\" style=\"background-color:var(--porto-light-color);\">\n\n<div class=\"wp-block-columns mb-3 home-ads is-layout-flex wp-container-core-columns-is-layout-9d6595d7 wp-block-columns-is-layout-flex\">\n<div class=\"wp-block-column is-layout-flow wp-block-column-is-layout-flow\" style=\"flex-basis:25%\"><div class=\"porto-ibanner interactive-banner-wrap-07dd21040fa50768c9d370ae74e47015 m-b-md\" style=\"background:#ffffff;\"><img decoding=\"async\" alt=\"\" width=\"416\" height=\"624\" class=\"porto-ibanner-img\" src=\"https:\/\/pen.eu\/wp-content\/uploads\/2025\/06\/rec-plastic.jpg\" srcset=\"https:\/\/pen.eu\/wp-content\/uploads\/2025\/06\/rec-plastic.jpg 416w, https:\/\/pen.eu\/wp-content\/uploads\/2025\/06\/rec-plastic-400x600.jpg 400w\" sizes=\"(max-width: 416px) 100vw, 416px\"><div class=\"porto-ibanner-desc no-padding d-flex\">\n<div class=\"porto-ibanner-layer banner-pos-95f326f301f47c34ccde4b8334d47c22\">\n<h3 class=\"porto-heading mb-2\" style=\"font-size:1.625em;line-height:1;letter-spacing:-.05em;\">Recycelter<\/h3>\n\n<h3 class=\"porto-heading mb-3\" style=\"font-size:0.9375em;line-height:1.4;color:#777777;\">KUNSTSTOFF<\/h3>\n\n<a aria-label=\"button\" class=\"btn btn-sm btn-dark btn-modern\" href=\"http:\/\/*\"><span>Produkte anzeigen<\/span><\/a>\n<style>.banner-pos-95f326f301f47c34ccde4b8334d47c22 {left:10%;right: unset;bottom:8%; top: unset;}<\/style><\/div>\n<\/div><\/div><\/div>\n\n\n\n<div class=\"wp-block-column is-layout-flow wp-block-column-is-layout-flow\" style=\"flex-basis:25%\"><div class=\"porto-ibanner interactive-banner-wrap-07dd21040fa50768c9d370ae74e47015 m-b-md\" style=\"background:#ffffff;\"><img decoding=\"async\" alt=\"\" width=\"416\" height=\"624\" class=\"porto-ibanner-img\" src=\"https:\/\/pen.eu\/wp-content\/uploads\/2025\/06\/rec-cotton-1.jpg\" srcset=\"https:\/\/pen.eu\/wp-content\/uploads\/2025\/06\/rec-cotton-1.jpg 416w, https:\/\/pen.eu\/wp-content\/uploads\/2025\/06\/rec-cotton-1-400x600.jpg 400w\" sizes=\"(max-width: 416px) 100vw, 416px\"><div class=\"porto-ibanner-desc no-padding d-flex\">\n<div class=\"porto-ibanner-layer banner-pos-95f326f301f47c34ccde4b8334d47c22\">\n<h3 class=\"porto-heading mb-2\" style=\"font-size:1.625em;line-height:1;letter-spacing:-.05em;\">Recycelte<\/h3>\n\n<h3 class=\"porto-heading mb-3\" style=\"font-size:0.9375em;line-height:1.4;color:#777777;\">BAUMWOLLE<\/h3>\n\n<a aria-label=\"button\" class=\"btn btn-sm btn-dark btn-modern\" href=\"\/ch\/produkt-kategorie\/taschen\/?filter_eigenschaft=rco\"><span>Produkte anzeigen<\/span><\/a>\n<style>.banner-pos-95f326f301f47c34ccde4b8334d47c22 {left:10%;right: unset;bottom:8%; top: unset;}<\/style><\/div>\n<\/div><\/div><\/div>\n\n\n\n<div class=\"wp-block-column is-layout-flow wp-block-column-is-layout-flow\" style=\"flex-basis:25%\"><div class=\"porto-ibanner interactive-banner-wrap-07dd21040fa50768c9d370ae74e47015 m-b-md\" style=\"background:#ffffff;\"><img loading=\"lazy\" decoding=\"async\" alt=\"\" width=\"416\" height=\"624\" class=\"porto-ibanner-img\" src=\"https:\/\/pen.eu\/wp-content\/uploads\/2025\/06\/rec-alu.jpg\" srcset=\"https:\/\/pen.eu\/wp-content\/uploads\/2025\/06\/rec-alu.jpg 416w, https:\/\/pen.eu\/wp-content\/uploads\/2025\/06\/rec-alu-400x600.jpg 400w\" sizes=\"(max-width: 416px) 100vw, 416px\"><div class=\"porto-ibanner-desc no-padding d-flex\">\n<div class=\"porto-ibanner-layer banner-pos-95f326f301f47c34ccde4b8334d47c22\">\n<h3 class=\"porto-heading mb-2\" style=\"font-size:1.625em;line-height:1;letter-spacing:-.05em;\">Recyceltes<\/h3>\n\n<h3 class=\"porto-heading mb-3\" style=\"font-size:0.9375em;line-height:1.4;color:#777777;\">ALUMINIUM<\/h3>\n\n<a aria-label=\"button\" class=\"btn btn-sm btn-dark btn-modern\" href=\"\/ch\/produkt-kategorie\/schreibgeraete\/?filter_material=recyceltes-aluminium\"><span>Produkte anzeigen<\/span><\/a>\n<style>.banner-pos-95f326f301f47c34ccde4b8334d47c22 {left:10%;right: unset;bottom:8%; top: unset;}<\/style><\/div>\n<\/div><\/div><\/div>\n\n\n\n<div class=\"wp-block-column is-layout-flow wp-block-column-is-layout-flow\" style=\"flex-basis:25%\"><div class=\"porto-ibanner interactive-banner-wrap-07dd21040fa50768c9d370ae74e47015 m-b-md\" style=\"background:#ffffff;\"><img loading=\"lazy\" decoding=\"async\" alt=\"\" width=\"416\" height=\"624\" class=\"porto-ibanner-img\" src=\"https:\/\/pen.eu\/wp-content\/uploads\/2025\/06\/rec-steel-1.jpg\" srcset=\"https:\/\/pen.eu\/wp-content\/uploads\/2025\/06\/rec-steel-1.jpg 416w, https:\/\/pen.eu\/wp-content\/uploads\/2025\/06\/rec-steel-1-400x600.jpg 400w\" sizes=\"(max-width: 416px) 100vw, 416px\"><div class=\"porto-ibanner-desc no-padding d-flex\">\n<div class=\"porto-ibanner-layer banner-pos-95f326f301f47c34ccde4b8334d47c22\">\n<h3 class=\"porto-heading mb-2\" style=\"font-size:1.625em;line-height:1;letter-spacing:-.05em;\">Recycelter<\/h3>\n\n<h3 class=\"porto-heading mb-3\" style=\"font-size:0.9375em;line-height:1.4;color:#777777;\">EDELSTAHL<\/h3>\n\n<a aria-label=\"button\" class=\"btn btn-sm btn-dark btn-modern\" href=\"\/ch\/produkt-kategorie\/trinkgefaesse\/?filter_material=recyceltes-edelstahl\"><span>Produkte anzeigen<\/span><\/a>\n<style>.banner-pos-95f326f301f47c34ccde4b8334d47c22 {left:10%;right: unset;bottom:8%; top: unset;}<\/style><\/div>\n<\/div><\/div><\/div>\n<\/div>\n\n<\/section>\n\n<section class=\"vc_section porto-section p-0\" style=\"background-color:#f4f4f4;\">\n\n<div class=\"wp-block-columns mx-0 mb-0 is-layout-flex wp-container-core-columns-is-layout-9d6595d7 wp-block-columns-is-layout-flex\">\n<div class=\"wp-block-column mb-0 px-0 col-md-6 is-layout-flow wp-block-column-is-layout-flow\"><div class=\"vc_section porto-section custom-history p-l-sm p-r-sm m-0 h-100\" style=\"background-image: url(https:\/\/pen.eu\/wp-content\/uploads\/2025\/06\/2149675039.jpg);background-repeat:no-repeat;background-position:center center;background-size:cover;\"><\/div><\/div>\n\n\n\n<div class=\"wp-block-column mb-0 p-t-xxl p-b-xxl col-md-6 is-layout-flow wp-block-column-is-layout-flow\"><h2 class=\"porto-heading col-half-section mb-3\" style=\"font-family:Oswald;font-size:16px;font-weight:700;line-height:16px;color:#282d3b;\">MIT EINF\u00dcHRUNG VON PROMOGREEN<strong>\u00ae<\/strong><\/h2>\n\n\n<div class=\"accordion  col-half-section without-bg\" id=\"accordion162085656\" data-collapsible=\"\" data-active-tab=\"1\"><div class=\"card card-default\"><div class=\"card-header\"><h4 class=\"card-title m-0\"><a class=\"accordion-toggle\" data-toggle=\"collapse\" href=\"#collapse474060847\">Verringerung der Verwendung neuer Kunststoffe bei Verpackungen<\/a><\/h4><\/div><div id=\"collapse474060847\" class=\"collapse\"><div class=\"card-body\">\n\t<div class=\"wpb_text_column wpb_content_element\">\n\t\t<div class=\"wpb_wrapper\">\n\t\t\t<p>Mit der Einf\u00fchrung der promogreen\u00ae-Kollektion haben wir den Einsatz von neuem Kunststoff in unseren Verpackungen um 70\u202f% reduziert. Dieser bedeutende Schritt unterstreicht unser Engagement f\u00fcr nachhaltiges Handeln und den bewussten Einsatz von Materialien \u2013 ohne Kompromisse bei Qualit\u00e4t oder Design. promogreen\u00ae steht f\u00fcr verantwortungsvolle Markenkommunikation, die wirklich etwas bewegt.<\/p>\n\n\t\t<\/div>\n\t<\/div>\n<\/div><\/div><\/div> <div class=\"card card-default\"><div class=\"card-header\"><h4 class=\"card-title m-0\"><a class=\"accordion-toggle\" data-toggle=\"collapse\" href=\"#collapse1300052127\">Wiederverwendbar oder recycelbar<\/a><\/h4><\/div><div id=\"collapse1300052127\" class=\"collapse\"><div class=\"card-body\">\n\t<div class=\"wpb_text_column wpb_content_element\">\n\t\t<div class=\"wpb_wrapper\">\n\t\t\t<p>60\u202f% unserer promogreen\u00ae-Kunststoffprodukte sind wiederverwendbar oder recycelbar.\nDamit setzen wir bewusst auf langlebige L\u00f6sungen und f\u00f6rdern den verantwortungsvollen Umgang mit Ressourcen. Unser Ziel: weniger Abfall, mehr Nachhaltigkeit \u2013 ohne Verzicht auf Funktionalit\u00e4t oder Design.<\/p>\n\n\t\t<\/div>\n\t<\/div>\n<\/div><\/div><\/div> <div class=\"card card-default\"><div class=\"card-header\"><h4 class=\"card-title m-0\"><a class=\"accordion-toggle\" data-toggle=\"collapse\" href=\"#collapse1933410915\">Einbindung CO\u00b2-Fu\u00dfabdruck unserer Produkte<\/a><\/h4><\/div><div id=\"collapse1933410915\" class=\"collapse\"><div class=\"card-body\">\n\t<div class=\"wpb_text_column wpb_content_element\">\n\t\t<div class=\"wpb_wrapper\">\n\t\t\t<p>Wir integrieren Lebenszyklusbewertungen (LCA), um die Umweltauswirkungen unserer Produkte transparent darzustellen.\nDurch messbare Kennzahlen \u2013 wie z.\u202fB. den CO\u2082-Fu\u00dfabdruck \u2013 schaffen wir nachvollziehbare Grundlagen f\u00fcr nachhaltige Entscheidungen und erm\u00f6glichen unseren Kunden volle Transparenz entlang der gesamten Wertsch\u00f6pfungskette.<\/p>\n\n\t\t<\/div>\n\t<\/div>\n<\/div><\/div><\/div> <div class=\"card card-default\"><div class=\"card-header\"><h4 class=\"card-title m-0\"><a class=\"accordion-toggle\" data-toggle=\"collapse\" href=\"#collapse1360118782\">Bessere Materialien f\u00fcr eine bessere Zukunft<\/a><\/h4><\/div><div id=\"collapse1360118782\" class=\"collapse\"><div class=\"card-body\">\n\t<div class=\"wpb_text_column wpb_content_element\">\n\t\t<div class=\"wpb_wrapper\">\n\t\t\t<p>Durch die bewusste Auswahl nachhaltiger Materialien entwickeln wir Produkte, die nicht nur optisch \u00fcberzeugen, sondern auch unseren Planeten, unsere Kunden und kommende Generationen deutlich weniger belasten.<br><br>\n\nIm Mittelpunkt unseres Materialkonzepts stehen folgende Verpflichtungen:<br><br>\n\n1. Recycelte Kunststoffe und rPET: Kunststoffabf\u00e4lle werden in hochwertige Schreibger\u00e4te, Trinkflaschen und Taschen verwandelt \u2013 f\u00fcr eine sinnvolle Kreislaufnutzung.<br><br>\n\n2. BPA-freie und ungiftige Materialien: Wir verzichten bewusst auf gesundheitssch\u00e4dliche Stoffe wie PFAS und PVC, um sichere und umweltfreundliche Produkte zu gew\u00e4hrleisten.<br><br>\n\n3. Metalle, recyceltes Aluminium und Edelstahl: Robuste, wiederverwendbare Materialien als langlebige Alternative zu Einwegplastik.<br><br>\n\n4. Recycelte Baumwolle: Durch die Wiederverwertung von Baumwolle tragen wir aktiv zur Reduzierung von Textilabf\u00e4llen bei \u2013 f\u00fcr nachhaltige Textilprodukte mit Mehrwert.<\/p>\n\n\t\t<\/div>\n\t<\/div>\n<\/div>\n<\/div>\n<\/div>\n<\/div>\n\n<\/section>","protected":false},"excerpt":{"rendered":"","protected":false},"author":1,"featured_media":0,"parent":0,"menu_order":0,"comment_status":"closed","ping_status":"closed","template":"","meta":{"footnotes":""},"class_list":["post-12773","page","type-page","status-publish","hentry"],"yoast_head":"<!-- This site is optimized with the Yoast SEO plugin v27.4 - https:\/\/yoast.com\/product\/yoast-seo-wordpress\/ -->\n<title>promogreen - PEN.EU<\/title>\n<meta name=\"robots\" content=\"index, follow, max-snippet:-1, max-image-preview:large, max-video-preview:-1\" \/>\n<link rel=\"canonical\" href=\"https:\/\/pen.eu\/ch\/promogreen\/\" \/>\n<meta property=\"og:locale\" content=\"de_DE\" \/>\n<meta property=\"og:type\" content=\"article\" \/>\n<meta property=\"og:title\" content=\"promogreen - PEN.EU\" \/>\n<meta property=\"og:url\" content=\"https:\/\/pen.eu\/ch\/promogreen\/\" \/>\n<meta property=\"og:site_name\" content=\"PEN.EU\" \/>\n<meta property=\"article:modified_time\" content=\"2025-10-23T04:23:16+00:00\" \/>\n<meta property=\"og:image\" content=\"https:\/\/pen.eu\/wp-content\/uploads\/2025\/05\/501.jpg\" \/>\n\t<meta property=\"og:image:width\" content=\"1000\" \/>\n\t<meta property=\"og:image:height\" content=\"667\" \/>\n\t<meta property=\"og:image:type\" content=\"image\/jpeg\" \/>\n<meta name=\"twitter:card\" content=\"summary_large_image\" \/>\n<meta name=\"twitter:label1\" content=\"Gesch\u00e4tzte Lesezeit\" \/>\n\t<meta name=\"twitter:data1\" content=\"2\u00a0Minuten\" \/>\n<script type=\"application\/ld+json\" class=\"yoast-schema-graph\">{\"@context\":\"https:\\\/\\\/schema.org\",\"@graph\":[{\"@type\":\"WebPage\",\"@id\":\"https:\\\/\\\/pen.eu\\\/promogreen\\\/\",\"url\":\"https:\\\/\\\/pen.eu\\\/promogreen\\\/\",\"name\":\"promogreen - PEN.EU\",\"isPartOf\":{\"@id\":\"https:\\\/\\\/pen.eu\\\/#website\"},\"primaryImageOfPage\":{\"@id\":\"https:\\\/\\\/pen.eu\\\/promogreen\\\/#primaryimage\"},\"image\":{\"@id\":\"https:\\\/\\\/pen.eu\\\/promogreen\\\/#primaryimage\"},\"thumbnailUrl\":\"https:\\\/\\\/pen.eu\\\/wp-content\\\/uploads\\\/2025\\\/05\\\/501.jpg\",\"datePublished\":\"2025-05-31T05:23:49+00:00\",\"dateModified\":\"2025-10-23T04:23:16+00:00\",\"breadcrumb\":{\"@id\":\"https:\\\/\\\/pen.eu\\\/promogreen\\\/#breadcrumb\"},\"inLanguage\":\"de-CH\",\"potentialAction\":[{\"@type\":\"ReadAction\",\"target\":[\"https:\\\/\\\/pen.eu\\\/promogreen\\\/\"]}]},{\"@type\":\"ImageObject\",\"inLanguage\":\"de-CH\",\"@id\":\"https:\\\/\\\/pen.eu\\\/promogreen\\\/#primaryimage\",\"url\":\"https:\\\/\\\/pen.eu\\\/wp-content\\\/uploads\\\/2025\\\/05\\\/501.jpg\",\"contentUrl\":\"https:\\\/\\\/pen.eu\\\/wp-content\\\/uploads\\\/2025\\\/05\\\/501.jpg\"},{\"@type\":\"BreadcrumbList\",\"@id\":\"https:\\\/\\\/pen.eu\\\/promogreen\\\/#breadcrumb\",\"itemListElement\":[{\"@type\":\"ListItem\",\"position\":1,\"name\":\"Home\",\"item\":\"https:\\\/\\\/pen.eu\\\/\"},{\"@type\":\"ListItem\",\"position\":2,\"name\":\"promogreen\"}]},{\"@type\":\"WebSite\",\"@id\":\"https:\\\/\\\/pen.eu\\\/#website\",\"url\":\"https:\\\/\\\/pen.eu\\\/\",\"name\":\"PEN.EU\",\"description\":\"Kugelschreiber bedrucken mit Logo | pen.eu\",\"potentialAction\":[{\"@type\":\"SearchAction\",\"target\":{\"@type\":\"EntryPoint\",\"urlTemplate\":\"https:\\\/\\\/pen.eu\\\/?s={search_term_string}\"},\"query-input\":{\"@type\":\"PropertyValueSpecification\",\"valueRequired\":true,\"valueName\":\"search_term_string\"}}],\"inLanguage\":\"de-CH\"}]}<\/script>\n<!-- \/ Yoast SEO plugin. -->","yoast_head_json":{"title":"promogreen - PEN.EU","robots":{"index":"index","follow":"follow","max-snippet":"max-snippet:-1","max-image-preview":"max-image-preview:large","max-video-preview":"max-video-preview:-1"},"canonical":"https:\/\/pen.eu\/ch\/promogreen\/","og_locale":"de_DE","og_type":"article","og_title":"promogreen - PEN.EU","og_url":"https:\/\/pen.eu\/ch\/promogreen\/","og_site_name":"PEN.EU","article_modified_time":"2025-10-23T04:23:16+00:00","og_image":[{"width":1000,"height":667,"url":"https:\/\/pen.eu\/wp-content\/uploads\/2025\/05\/501.jpg","type":"image\/jpeg"}],"twitter_card":"summary_large_image","twitter_misc":{"Gesch\u00e4tzte Lesezeit":"2\u00a0Minuten"},"schema":{"@context":"https:\/\/schema.org","@graph":[{"@type":"WebPage","@id":"https:\/\/pen.eu\/promogreen\/","url":"https:\/\/pen.eu\/promogreen\/","name":"promogreen - PEN.EU","isPartOf":{"@id":"https:\/\/pen.eu\/#website"},"primaryImageOfPage":{"@id":"https:\/\/pen.eu\/promogreen\/#primaryimage"},"image":{"@id":"https:\/\/pen.eu\/promogreen\/#primaryimage"},"thumbnailUrl":"https:\/\/pen.eu\/wp-content\/uploads\/2025\/05\/501.jpg","datePublished":"2025-05-31T05:23:49+00:00","dateModified":"2025-10-23T04:23:16+00:00","breadcrumb":{"@id":"https:\/\/pen.eu\/promogreen\/#breadcrumb"},"inLanguage":"de-CH","potentialAction":[{"@type":"ReadAction","target":["https:\/\/pen.eu\/promogreen\/"]}]},{"@type":"ImageObject","inLanguage":"de-CH","@id":"https:\/\/pen.eu\/promogreen\/#primaryimage","url":"https:\/\/pen.eu\/wp-content\/uploads\/2025\/05\/501.jpg","contentUrl":"https:\/\/pen.eu\/wp-content\/uploads\/2025\/05\/501.jpg"},{"@type":"BreadcrumbList","@id":"https:\/\/pen.eu\/promogreen\/#breadcrumb","itemListElement":[{"@type":"ListItem","position":1,"name":"Home","item":"https:\/\/pen.eu\/"},{"@type":"ListItem","position":2,"name":"promogreen"}]},{"@type":"WebSite","@id":"https:\/\/pen.eu\/#website","url":"https:\/\/pen.eu\/","name":"PEN.EU","description":"Kugelschreiber bedrucken mit Logo | pen.eu","potentialAction":[{"@type":"SearchAction","target":{"@type":"EntryPoint","urlTemplate":"https:\/\/pen.eu\/?s={search_term_string}"},"query-input":{"@type":"PropertyValueSpecification","valueRequired":true,"valueName":"search_term_string"}}],"inLanguage":"de-CH"}]}},"_links":{"self":[{"href":"https:\/\/pen.eu\/ch\/wp-json\/wp\/v2\/pages\/12773","targetHints":{"allow":["GET"]}}],"collection":[{"href":"https:\/\/pen.eu\/ch\/wp-json\/wp\/v2\/pages"}],"about":[{"href":"https:\/\/pen.eu\/ch\/wp-json\/wp\/v2\/types\/page"}],"author":[{"embeddable":true,"href":"https:\/\/pen.eu\/ch\/wp-json\/wp\/v2\/users\/1"}],"replies":[{"embeddable":true,"href":"https:\/\/pen.eu\/ch\/wp-json\/wp\/v2\/comments?post=12773"}],"version-history":[{"count":27,"href":"https:\/\/pen.eu\/ch\/wp-json\/wp\/v2\/pages\/12773\/revisions"}],"predecessor-version":[{"id":17188,"href":"https:\/\/pen.eu\/ch\/wp-json\/wp\/v2\/pages\/12773\/revisions\/17188"}],"wp:attachment":[{"href":"https:\/\/pen.eu\/ch\/wp-json\/wp\/v2\/media?parent=12773"}],"curies":[{"name":"wp","href":"https:\/\/api.w.org\/{rel}","templated":true}]}}