{"id":13136,"date":"2025-06-06T13:34:38","date_gmt":"2025-06-06T11:34:38","guid":{"rendered":"https:\/\/v2.frank-pen.de\/?page_id=13136"},"modified":"2025-10-28T13:52:10","modified_gmt":"2025-10-28T12:52:10","slug":"impressum","status":"publish","type":"page","link":"https:\/\/pen.eu\/ch\/impressum\/","title":{"rendered":"Impressum"},"content":{"rendered":"<p>Europe Pen GmbH<br>Belziger Stra\u00dfe 31b<br>06889 Lutherstadt Wittenberg<\/p>\n\n\n\n<p>T +49 (0)3491-6245180<br>F +49 (0)3491-6245177<\/p>\n\n\n\n<p>E-Mail: info@europe-pen.com<\/p>\n\n\n\n<p>Registergericht Stendal, HRB 35688<br>USt-IdNr. DE457244100<\/p>\n\n\n\n<p>Gesch\u00e4ftsf\u00fchrer: Fabian Frank<\/p>\n\n\n\n<p>Verantwortlich i.S.v. \u00a718 Abs 2 MStV: Fabian Frank, Belziger Stra\u00dfe 31b, 06889 Lutherstadt Wittenberg<\/p>\n\n\n\n<p><strong>Verbraucherschlichtung<\/strong><br>Die EU-Kommission h\u00e4lt ein Portal zur Online-Streitbeilegung bereit:&nbsp;<a href=\"http:\/\/ec.europa.eu\/odr\">http:\/\/ec.europa.eu\/odr<\/a>. Unsere E-Mail Adresse hierf\u00fcr lautet: info@europe-pen.com<br>Wir sind weder verpflichtet noch bereit, an Streitbeilegungsverfahren vor einer Verbraucherschlichtungsstelle teilzunehmen.<\/p>\n\n\n\n<p>Zust\u00e4ndige Regulierungs- und Aufsichtsbeh\u00f6rde: Bayerische Landeszentrale f\u00fcr neue Medien (BLM), Heinrich-L\u00fcbke-Stra\u00dfe 27, 81737 M\u00fcnchen, Telefon: +49 89 63808-0; Telefax: +49 89 63808-140; E-Mail:&nbsp;<a href=\"mailto:info@blm.de\">info@blm.de<\/a><\/p>\n\n\n\n<p>Dieses Impressum gilt auch f\u00fcr unsere Social-Media Profile auf facebook, Twitter, YouTube, Pinterest, TikTok und Instagram.<\/p>","protected":false},"excerpt":{"rendered":"<p>Europe Pen GmbHBelziger Stra\u00dfe 31b06889 Lutherstadt Wittenberg T +49 (0)3491-6245180F +49 (0)3491-6245177 E-Mail: info@europe-pen.com Registergericht Stendal, HRB 35688USt-IdNr. DE457244100 Gesch\u00e4ftsf\u00fchrer: Fabian Frank Verantwortlich i.S.v. \u00a718 Abs 2 MStV: Fabian Frank, Belziger Stra\u00dfe 31b, 06889 Lutherstadt Wittenberg VerbraucherschlichtungDie EU-Kommission h\u00e4lt ein Portal zur Online-Streitbeilegung bereit:&nbsp;http:\/\/ec.europa.eu\/odr. Unsere E-Mail Adresse hierf\u00fcr lautet: info@europe-pen.comWir sind weder verpflichtet noch bereit, [&hellip;]<\/p>\n","protected":false},"author":1,"featured_media":0,"parent":0,"menu_order":0,"comment_status":"closed","ping_status":"closed","template":"","meta":{"footnotes":""},"class_list":["post-13136","page","type-page","status-publish","hentry"],"yoast_head":"<!-- This site is optimized with the Yoast SEO plugin v27.4 - https:\/\/yoast.com\/product\/yoast-seo-wordpress\/ -->\n<title>Impressum - PEN.EU<\/title>\n<meta name=\"robots\" content=\"index, follow, max-snippet:-1, max-image-preview:large, max-video-preview:-1\" \/>\n<link rel=\"canonical\" href=\"https:\/\/pen.eu\/ch\/impressum\/\" \/>\n<meta property=\"og:locale\" content=\"de_DE\" \/>\n<meta property=\"og:type\" content=\"article\" \/>\n<meta property=\"og:title\" content=\"Impressum - PEN.EU\" \/>\n<meta property=\"og:description\" content=\"Europe Pen GmbHBelziger Stra\u00dfe 31b06889 Lutherstadt Wittenberg T +49 (0)3491-6245180F +49 (0)3491-6245177 E-Mail: info@europe-pen.com Registergericht Stendal, HRB 35688USt-IdNr. DE457244100 Gesch\u00e4ftsf\u00fchrer: Fabian Frank Verantwortlich i.S.v. \u00a718 Abs 2 MStV: Fabian Frank, Belziger Stra\u00dfe 31b, 06889 Lutherstadt Wittenberg VerbraucherschlichtungDie EU-Kommission h\u00e4lt ein Portal zur Online-Streitbeilegung bereit:&nbsp;http:\/\/ec.europa.eu\/odr. Unsere E-Mail Adresse hierf\u00fcr lautet: info@europe-pen.comWir sind weder verpflichtet noch bereit, [&hellip;]\" \/>\n<meta property=\"og:url\" content=\"https:\/\/pen.eu\/ch\/impressum\/\" \/>\n<meta property=\"og:site_name\" content=\"PEN.EU\" \/>\n<meta property=\"article:modified_time\" content=\"2025-10-28T12:52:10+00:00\" \/>\n<meta name=\"twitter:card\" content=\"summary_large_image\" \/>\n<meta name=\"twitter:label1\" content=\"Gesch\u00e4tzte Lesezeit\" \/>\n\t<meta name=\"twitter:data1\" content=\"1\u00a0Minute\" \/>\n<script type=\"application\/ld+json\" class=\"yoast-schema-graph\">{\"@context\":\"https:\\\/\\\/schema.org\",\"@graph\":[{\"@type\":\"WebPage\",\"@id\":\"https:\\\/\\\/pen.eu\\\/impressum\\\/\",\"url\":\"https:\\\/\\\/pen.eu\\\/impressum\\\/\",\"name\":\"Impressum - PEN.EU\",\"isPartOf\":{\"@id\":\"https:\\\/\\\/pen.eu\\\/#website\"},\"datePublished\":\"2025-06-06T11:34:38+00:00\",\"dateModified\":\"2025-10-28T12:52:10+00:00\",\"breadcrumb\":{\"@id\":\"https:\\\/\\\/pen.eu\\\/impressum\\\/#breadcrumb\"},\"inLanguage\":\"de-CH\",\"potentialAction\":[{\"@type\":\"ReadAction\",\"target\":[\"https:\\\/\\\/pen.eu\\\/impressum\\\/\"]}]},{\"@type\":\"BreadcrumbList\",\"@id\":\"https:\\\/\\\/pen.eu\\\/impressum\\\/#breadcrumb\",\"itemListElement\":[{\"@type\":\"ListItem\",\"position\":1,\"name\":\"Home\",\"item\":\"https:\\\/\\\/pen.eu\\\/\"},{\"@type\":\"ListItem\",\"position\":2,\"name\":\"Impressum\"}]},{\"@type\":\"WebSite\",\"@id\":\"https:\\\/\\\/pen.eu\\\/#website\",\"url\":\"https:\\\/\\\/pen.eu\\\/\",\"name\":\"PEN.EU\",\"description\":\"Kugelschreiber bedrucken mit Logo | pen.eu\",\"potentialAction\":[{\"@type\":\"SearchAction\",\"target\":{\"@type\":\"EntryPoint\",\"urlTemplate\":\"https:\\\/\\\/pen.eu\\\/?s={search_term_string}\"},\"query-input\":{\"@type\":\"PropertyValueSpecification\",\"valueRequired\":true,\"valueName\":\"search_term_string\"}}],\"inLanguage\":\"de-CH\"}]}<\/script>\n<!-- \/ Yoast SEO plugin. -->","yoast_head_json":{"title":"Impressum - PEN.EU","robots":{"index":"index","follow":"follow","max-snippet":"max-snippet:-1","max-image-preview":"max-image-preview:large","max-video-preview":"max-video-preview:-1"},"canonical":"https:\/\/pen.eu\/ch\/impressum\/","og_locale":"de_DE","og_type":"article","og_title":"Impressum - PEN.EU","og_description":"Europe Pen GmbHBelziger Stra\u00dfe 31b06889 Lutherstadt Wittenberg T +49 (0)3491-6245180F +49 (0)3491-6245177 E-Mail: info@europe-pen.com Registergericht Stendal, HRB 35688USt-IdNr. DE457244100 Gesch\u00e4ftsf\u00fchrer: Fabian Frank Verantwortlich i.S.v. \u00a718 Abs 2 MStV: Fabian Frank, Belziger Stra\u00dfe 31b, 06889 Lutherstadt Wittenberg VerbraucherschlichtungDie EU-Kommission h\u00e4lt ein Portal zur Online-Streitbeilegung bereit:&nbsp;http:\/\/ec.europa.eu\/odr. Unsere E-Mail Adresse hierf\u00fcr lautet: info@europe-pen.comWir sind weder verpflichtet noch bereit, [&hellip;]","og_url":"https:\/\/pen.eu\/ch\/impressum\/","og_site_name":"PEN.EU","article_modified_time":"2025-10-28T12:52:10+00:00","twitter_card":"summary_large_image","twitter_misc":{"Gesch\u00e4tzte Lesezeit":"1\u00a0Minute"},"schema":{"@context":"https:\/\/schema.org","@graph":[{"@type":"WebPage","@id":"https:\/\/pen.eu\/impressum\/","url":"https:\/\/pen.eu\/impressum\/","name":"Impressum - PEN.EU","isPartOf":{"@id":"https:\/\/pen.eu\/#website"},"datePublished":"2025-06-06T11:34:38+00:00","dateModified":"2025-10-28T12:52:10+00:00","breadcrumb":{"@id":"https:\/\/pen.eu\/impressum\/#breadcrumb"},"inLanguage":"de-CH","potentialAction":[{"@type":"ReadAction","target":["https:\/\/pen.eu\/impressum\/"]}]},{"@type":"BreadcrumbList","@id":"https:\/\/pen.eu\/impressum\/#breadcrumb","itemListElement":[{"@type":"ListItem","position":1,"name":"Home","item":"https:\/\/pen.eu\/"},{"@type":"ListItem","position":2,"name":"Impressum"}]},{"@type":"WebSite","@id":"https:\/\/pen.eu\/#website","url":"https:\/\/pen.eu\/","name":"PEN.EU","description":"Kugelschreiber bedrucken mit Logo | pen.eu","potentialAction":[{"@type":"SearchAction","target":{"@type":"EntryPoint","urlTemplate":"https:\/\/pen.eu\/?s={search_term_string}"},"query-input":{"@type":"PropertyValueSpecification","valueRequired":true,"valueName":"search_term_string"}}],"inLanguage":"de-CH"}]}},"_links":{"self":[{"href":"https:\/\/pen.eu\/ch\/wp-json\/wp\/v2\/pages\/13136","targetHints":{"allow":["GET"]}}],"collection":[{"href":"https:\/\/pen.eu\/ch\/wp-json\/wp\/v2\/pages"}],"about":[{"href":"https:\/\/pen.eu\/ch\/wp-json\/wp\/v2\/types\/page"}],"author":[{"embeddable":true,"href":"https:\/\/pen.eu\/ch\/wp-json\/wp\/v2\/users\/1"}],"replies":[{"embeddable":true,"href":"https:\/\/pen.eu\/ch\/wp-json\/wp\/v2\/comments?post=13136"}],"version-history":[{"count":2,"href":"https:\/\/pen.eu\/ch\/wp-json\/wp\/v2\/pages\/13136\/revisions"}],"predecessor-version":[{"id":17226,"href":"https:\/\/pen.eu\/ch\/wp-json\/wp\/v2\/pages\/13136\/revisions\/17226"}],"wp:attachment":[{"href":"https:\/\/pen.eu\/ch\/wp-json\/wp\/v2\/media?parent=13136"}],"curies":[{"name":"wp","href":"https:\/\/api.w.org\/{rel}","templated":true}]}}