{"id":13411,"date":"2025-06-15T23:52:10","date_gmt":"2025-06-15T21:52:10","guid":{"rendered":"https:\/\/v2.frank-pen.de\/?page_id=13411"},"modified":"2025-10-07T15:17:03","modified_gmt":"2025-10-07T13:17:03","slug":"datenschutzerklaerung","status":"publish","type":"page","link":"https:\/\/pen.eu\/ch\/datenschutzerklaerung\/","title":{"rendered":"Datenschutzerkl\u00e4rung"},"content":{"rendered":"<p><\/p>\n\n\n\n<p><\/p>\n\n\n\n<p><\/p>\n\n\n\n\n\n<p><\/p>","protected":false},"excerpt":{"rendered":"<p>A. Allgemeine Informationen 1. Verantwortlicher Europe Pen GmbHBelziger Stra\u00dfe 31b, 06889 Lutherstadt Wittenberg, DeutschlandVertreten durch: Fabian FrankTelefon: +49 (0) 3491-6245180E-Mail (Datenschutz): privacy@europe-pen.com Diese Datenschutzerkl\u00e4rung gilt f\u00fcr alle oben genannten Websites und Online-Profile, die auf diese Erkl\u00e4rung verweisen (\u201eWebseiten\u201c). Unser Angebot richtet sich ausschlie\u00dflich an Unternehmer (B2B), Vereine und Beh\u00f6rden. 2. Pflicht- und freiwillige Angaben Wir [&hellip;]<\/p>\n","protected":false},"author":1,"featured_media":0,"parent":0,"menu_order":0,"comment_status":"closed","ping_status":"closed","template":"","meta":{"footnotes":""},"class_list":["post-13411","page","type-page","status-publish","hentry"],"yoast_head":"<!-- This site is optimized with the Yoast SEO plugin v27.4 - https:\/\/yoast.com\/product\/yoast-seo-wordpress\/ -->\n<title>Datenschutzerkl\u00e4rung - PEN.EU<\/title>\n<meta name=\"robots\" content=\"index, follow, max-snippet:-1, max-image-preview:large, max-video-preview:-1\" \/>\n<link rel=\"canonical\" href=\"https:\/\/pen.eu\/ch\/datenschutzerklaerung\/\" \/>\n<meta property=\"og:locale\" content=\"de_DE\" \/>\n<meta property=\"og:type\" content=\"article\" \/>\n<meta property=\"og:title\" content=\"Datenschutzerkl\u00e4rung - PEN.EU\" \/>\n<meta property=\"og:description\" content=\"A. Allgemeine Informationen 1. Verantwortlicher Europe Pen GmbHBelziger Stra\u00dfe 31b, 06889 Lutherstadt Wittenberg, DeutschlandVertreten durch: Fabian FrankTelefon: +49 (0) 3491-6245180E-Mail (Datenschutz): privacy@europe-pen.com Diese Datenschutzerkl\u00e4rung gilt f\u00fcr alle oben genannten Websites und Online-Profile, die auf diese Erkl\u00e4rung verweisen (\u201eWebseiten\u201c). Unser Angebot richtet sich ausschlie\u00dflich an Unternehmer (B2B), Vereine und Beh\u00f6rden. 2. Pflicht- und freiwillige Angaben Wir [&hellip;]\" \/>\n<meta property=\"og:url\" content=\"https:\/\/pen.eu\/ch\/datenschutzerklaerung\/\" \/>\n<meta property=\"og:site_name\" content=\"PEN.EU\" \/>\n<meta property=\"article:modified_time\" content=\"2025-10-07T13:17:03+00:00\" \/>\n<meta name=\"twitter:card\" content=\"summary_large_image\" \/>\n<meta name=\"twitter:label1\" content=\"Gesch\u00e4tzte Lesezeit\" \/>\n\t<meta name=\"twitter:data1\" content=\"41\u00a0Minuten\" \/>\n<script type=\"application\/ld+json\" class=\"yoast-schema-graph\">{\"@context\":\"https:\\\/\\\/schema.org\",\"@graph\":[{\"@type\":\"WebPage\",\"@id\":\"https:\\\/\\\/pen.eu\\\/fr\\\/datenschutzerklaerung\\\/\",\"url\":\"https:\\\/\\\/pen.eu\\\/fr\\\/datenschutzerklaerung\\\/\",\"name\":\"Datenschutzerkl\u00e4rung - PEN.EU\",\"isPartOf\":{\"@id\":\"https:\\\/\\\/pen.eu\\\/#website\"},\"datePublished\":\"2025-06-15T21:52:10+00:00\",\"dateModified\":\"2025-10-07T13:17:03+00:00\",\"breadcrumb\":{\"@id\":\"https:\\\/\\\/pen.eu\\\/fr\\\/datenschutzerklaerung\\\/#breadcrumb\"},\"inLanguage\":\"de-CH\",\"potentialAction\":[{\"@type\":\"ReadAction\",\"target\":[\"https:\\\/\\\/pen.eu\\\/fr\\\/datenschutzerklaerung\\\/\"]}]},{\"@type\":\"BreadcrumbList\",\"@id\":\"https:\\\/\\\/pen.eu\\\/fr\\\/datenschutzerklaerung\\\/#breadcrumb\",\"itemListElement\":[{\"@type\":\"ListItem\",\"position\":1,\"name\":\"Home\",\"item\":\"https:\\\/\\\/pen.eu\\\/\"},{\"@type\":\"ListItem\",\"position\":2,\"name\":\"Datenschutzerkl\u00e4rung\"}]},{\"@type\":\"WebSite\",\"@id\":\"https:\\\/\\\/pen.eu\\\/#website\",\"url\":\"https:\\\/\\\/pen.eu\\\/\",\"name\":\"PEN.EU\",\"description\":\"Kugelschreiber bedrucken mit Logo | pen.eu\",\"potentialAction\":[{\"@type\":\"SearchAction\",\"target\":{\"@type\":\"EntryPoint\",\"urlTemplate\":\"https:\\\/\\\/pen.eu\\\/?s={search_term_string}\"},\"query-input\":{\"@type\":\"PropertyValueSpecification\",\"valueRequired\":true,\"valueName\":\"search_term_string\"}}],\"inLanguage\":\"de-CH\"}]}<\/script>\n<!-- \/ Yoast SEO plugin. -->","yoast_head_json":{"title":"Datenschutzerkl\u00e4rung - PEN.EU","robots":{"index":"index","follow":"follow","max-snippet":"max-snippet:-1","max-image-preview":"max-image-preview:large","max-video-preview":"max-video-preview:-1"},"canonical":"https:\/\/pen.eu\/ch\/datenschutzerklaerung\/","og_locale":"de_DE","og_type":"article","og_title":"Datenschutzerkl\u00e4rung - PEN.EU","og_description":"A. Allgemeine Informationen 1. Verantwortlicher Europe Pen GmbHBelziger Stra\u00dfe 31b, 06889 Lutherstadt Wittenberg, DeutschlandVertreten durch: Fabian FrankTelefon: +49 (0) 3491-6245180E-Mail (Datenschutz): privacy@europe-pen.com Diese Datenschutzerkl\u00e4rung gilt f\u00fcr alle oben genannten Websites und Online-Profile, die auf diese Erkl\u00e4rung verweisen (\u201eWebseiten\u201c). Unser Angebot richtet sich ausschlie\u00dflich an Unternehmer (B2B), Vereine und Beh\u00f6rden. 2. Pflicht- und freiwillige Angaben Wir [&hellip;]","og_url":"https:\/\/pen.eu\/ch\/datenschutzerklaerung\/","og_site_name":"PEN.EU","article_modified_time":"2025-10-07T13:17:03+00:00","twitter_card":"summary_large_image","twitter_misc":{"Gesch\u00e4tzte Lesezeit":"41\u00a0Minuten"},"schema":{"@context":"https:\/\/schema.org","@graph":[{"@type":"WebPage","@id":"https:\/\/pen.eu\/fr\/datenschutzerklaerung\/","url":"https:\/\/pen.eu\/fr\/datenschutzerklaerung\/","name":"Datenschutzerkl\u00e4rung - PEN.EU","isPartOf":{"@id":"https:\/\/pen.eu\/#website"},"datePublished":"2025-06-15T21:52:10+00:00","dateModified":"2025-10-07T13:17:03+00:00","breadcrumb":{"@id":"https:\/\/pen.eu\/fr\/datenschutzerklaerung\/#breadcrumb"},"inLanguage":"de-CH","potentialAction":[{"@type":"ReadAction","target":["https:\/\/pen.eu\/fr\/datenschutzerklaerung\/"]}]},{"@type":"BreadcrumbList","@id":"https:\/\/pen.eu\/fr\/datenschutzerklaerung\/#breadcrumb","itemListElement":[{"@type":"ListItem","position":1,"name":"Home","item":"https:\/\/pen.eu\/"},{"@type":"ListItem","position":2,"name":"Datenschutzerkl\u00e4rung"}]},{"@type":"WebSite","@id":"https:\/\/pen.eu\/#website","url":"https:\/\/pen.eu\/","name":"PEN.EU","description":"Kugelschreiber bedrucken mit Logo | pen.eu","potentialAction":[{"@type":"SearchAction","target":{"@type":"EntryPoint","urlTemplate":"https:\/\/pen.eu\/?s={search_term_string}"},"query-input":{"@type":"PropertyValueSpecification","valueRequired":true,"valueName":"search_term_string"}}],"inLanguage":"de-CH"}]}},"_links":{"self":[{"href":"https:\/\/pen.eu\/ch\/wp-json\/wp\/v2\/pages\/13411","targetHints":{"allow":["GET"]}}],"collection":[{"href":"https:\/\/pen.eu\/ch\/wp-json\/wp\/v2\/pages"}],"about":[{"href":"https:\/\/pen.eu\/ch\/wp-json\/wp\/v2\/types\/page"}],"author":[{"embeddable":true,"href":"https:\/\/pen.eu\/ch\/wp-json\/wp\/v2\/users\/1"}],"replies":[{"embeddable":true,"href":"https:\/\/pen.eu\/ch\/wp-json\/wp\/v2\/comments?post=13411"}],"version-history":[{"count":35,"href":"https:\/\/pen.eu\/ch\/wp-json\/wp\/v2\/pages\/13411\/revisions"}],"predecessor-version":[{"id":17074,"href":"https:\/\/pen.eu\/ch\/wp-json\/wp\/v2\/pages\/13411\/revisions\/17074"}],"wp:attachment":[{"href":"https:\/\/pen.eu\/ch\/wp-json\/wp\/v2\/media?parent=13411"}],"curies":[{"name":"wp","href":"https:\/\/api.w.org\/{rel}","templated":true}]}}