{"id":16937,"date":"2025-10-02T11:49:15","date_gmt":"2025-10-02T09:49:15","guid":{"rendered":"https:\/\/v2.frank-pen.de\/?page_id=16937"},"modified":"2025-10-06T10:47:39","modified_gmt":"2025-10-06T08:47:39","slug":"agb","status":"publish","type":"page","link":"https:\/\/pen.eu\/ch\/agb\/","title":{"rendered":"AGB"},"content":{"rendered":"<p><\/p>","protected":false},"excerpt":{"rendered":"<p>\u00a7 1 Champ d\u2019application (1) Les pr\u00e9sentes Conditions G\u00e9n\u00e9rales de Vente (CGV) s\u2019appliquent \u00e0 tous les contrats conclus via les sites Internet https:\/\/pen.eu et https:\/\/europe-pen.com avec la soci\u00e9t\u00e9 Europe Pen GmbH. Toute d\u00e9rogation n\u00e9cessite la confirmation \u00e9crite pr\u00e9alable de Europe Pen GmbH. La simple r\u00e9f\u00e9rence du client \u00e0 ses propres conditions g\u00e9n\u00e9rales ne suffit pas. [&hellip;]<\/p>\n","protected":false},"author":1,"featured_media":0,"parent":0,"menu_order":0,"comment_status":"closed","ping_status":"closed","template":"","meta":{"footnotes":""},"class_list":["post-16937","page","type-page","status-publish","hentry"],"yoast_head":"<!-- This site is optimized with the Yoast SEO plugin v27.4 - https:\/\/yoast.com\/product\/yoast-seo-wordpress\/ -->\n<title>AGB - PEN.EU<\/title>\n<meta name=\"robots\" content=\"index, follow, max-snippet:-1, max-image-preview:large, max-video-preview:-1\" \/>\n<link rel=\"canonical\" href=\"https:\/\/pen.eu\/ch\/agb\/\" \/>\n<meta property=\"og:locale\" content=\"de_DE\" \/>\n<meta property=\"og:type\" content=\"article\" \/>\n<meta property=\"og:title\" content=\"AGB - PEN.EU\" \/>\n<meta property=\"og:description\" content=\"\u00a7 1 Champ d\u2019application (1) Les pr\u00e9sentes Conditions G\u00e9n\u00e9rales de Vente (CGV) s\u2019appliquent \u00e0 tous les contrats conclus via les sites Internet https:\/\/pen.eu et https:\/\/europe-pen.com avec la soci\u00e9t\u00e9 Europe Pen GmbH. Toute d\u00e9rogation n\u00e9cessite la confirmation \u00e9crite pr\u00e9alable de Europe Pen GmbH. La simple r\u00e9f\u00e9rence du client \u00e0 ses propres conditions g\u00e9n\u00e9rales ne suffit pas. [&hellip;]\" \/>\n<meta property=\"og:url\" content=\"https:\/\/pen.eu\/ch\/agb\/\" \/>\n<meta property=\"og:site_name\" content=\"PEN.EU\" \/>\n<meta property=\"article:modified_time\" content=\"2025-10-06T08:47:39+00:00\" \/>\n<meta name=\"twitter:card\" content=\"summary_large_image\" \/>\n<meta name=\"twitter:label1\" content=\"Gesch\u00e4tzte Lesezeit\" \/>\n\t<meta name=\"twitter:data1\" content=\"93\u00a0Minuten\" \/>\n<script type=\"application\/ld+json\" class=\"yoast-schema-graph\">{\"@context\":\"https:\\\/\\\/schema.org\",\"@graph\":[{\"@type\":\"WebPage\",\"@id\":\"https:\\\/\\\/pen.eu\\\/ch\\\/agb\\\/\",\"url\":\"https:\\\/\\\/pen.eu\\\/ch\\\/agb\\\/\",\"name\":\"AGB - PEN.EU\",\"isPartOf\":{\"@id\":\"https:\\\/\\\/pen.eu\\\/#website\"},\"datePublished\":\"2025-10-02T09:49:15+00:00\",\"dateModified\":\"2025-10-06T08:47:39+00:00\",\"breadcrumb\":{\"@id\":\"https:\\\/\\\/pen.eu\\\/ch\\\/agb\\\/#breadcrumb\"},\"inLanguage\":\"de-CH\",\"potentialAction\":[{\"@type\":\"ReadAction\",\"target\":[\"https:\\\/\\\/pen.eu\\\/ch\\\/agb\\\/\"]}]},{\"@type\":\"BreadcrumbList\",\"@id\":\"https:\\\/\\\/pen.eu\\\/ch\\\/agb\\\/#breadcrumb\",\"itemListElement\":[{\"@type\":\"ListItem\",\"position\":1,\"name\":\"Home\",\"item\":\"https:\\\/\\\/pen.eu\\\/\"},{\"@type\":\"ListItem\",\"position\":2,\"name\":\"AGB\"}]},{\"@type\":\"WebSite\",\"@id\":\"https:\\\/\\\/pen.eu\\\/#website\",\"url\":\"https:\\\/\\\/pen.eu\\\/\",\"name\":\"PEN.EU\",\"description\":\"Kugelschreiber bedrucken mit Logo | pen.eu\",\"potentialAction\":[{\"@type\":\"SearchAction\",\"target\":{\"@type\":\"EntryPoint\",\"urlTemplate\":\"https:\\\/\\\/pen.eu\\\/?s={search_term_string}\"},\"query-input\":{\"@type\":\"PropertyValueSpecification\",\"valueRequired\":true,\"valueName\":\"search_term_string\"}}],\"inLanguage\":\"de-CH\"}]}<\/script>\n<!-- \/ Yoast SEO plugin. -->","yoast_head_json":{"title":"AGB - PEN.EU","robots":{"index":"index","follow":"follow","max-snippet":"max-snippet:-1","max-image-preview":"max-image-preview:large","max-video-preview":"max-video-preview:-1"},"canonical":"https:\/\/pen.eu\/ch\/agb\/","og_locale":"de_DE","og_type":"article","og_title":"AGB - PEN.EU","og_description":"\u00a7 1 Champ d\u2019application (1) Les pr\u00e9sentes Conditions G\u00e9n\u00e9rales de Vente (CGV) s\u2019appliquent \u00e0 tous les contrats conclus via les sites Internet https:\/\/pen.eu et https:\/\/europe-pen.com avec la soci\u00e9t\u00e9 Europe Pen GmbH. Toute d\u00e9rogation n\u00e9cessite la confirmation \u00e9crite pr\u00e9alable de Europe Pen GmbH. La simple r\u00e9f\u00e9rence du client \u00e0 ses propres conditions g\u00e9n\u00e9rales ne suffit pas. [&hellip;]","og_url":"https:\/\/pen.eu\/ch\/agb\/","og_site_name":"PEN.EU","article_modified_time":"2025-10-06T08:47:39+00:00","twitter_card":"summary_large_image","twitter_misc":{"Gesch\u00e4tzte Lesezeit":"93\u00a0Minuten"},"schema":{"@context":"https:\/\/schema.org","@graph":[{"@type":"WebPage","@id":"https:\/\/pen.eu\/ch\/agb\/","url":"https:\/\/pen.eu\/ch\/agb\/","name":"AGB - PEN.EU","isPartOf":{"@id":"https:\/\/pen.eu\/#website"},"datePublished":"2025-10-02T09:49:15+00:00","dateModified":"2025-10-06T08:47:39+00:00","breadcrumb":{"@id":"https:\/\/pen.eu\/ch\/agb\/#breadcrumb"},"inLanguage":"de-CH","potentialAction":[{"@type":"ReadAction","target":["https:\/\/pen.eu\/ch\/agb\/"]}]},{"@type":"BreadcrumbList","@id":"https:\/\/pen.eu\/ch\/agb\/#breadcrumb","itemListElement":[{"@type":"ListItem","position":1,"name":"Home","item":"https:\/\/pen.eu\/"},{"@type":"ListItem","position":2,"name":"AGB"}]},{"@type":"WebSite","@id":"https:\/\/pen.eu\/#website","url":"https:\/\/pen.eu\/","name":"PEN.EU","description":"Kugelschreiber bedrucken mit Logo | pen.eu","potentialAction":[{"@type":"SearchAction","target":{"@type":"EntryPoint","urlTemplate":"https:\/\/pen.eu\/?s={search_term_string}"},"query-input":{"@type":"PropertyValueSpecification","valueRequired":true,"valueName":"search_term_string"}}],"inLanguage":"de-CH"}]}},"_links":{"self":[{"href":"https:\/\/pen.eu\/ch\/wp-json\/wp\/v2\/pages\/16937","targetHints":{"allow":["GET"]}}],"collection":[{"href":"https:\/\/pen.eu\/ch\/wp-json\/wp\/v2\/pages"}],"about":[{"href":"https:\/\/pen.eu\/ch\/wp-json\/wp\/v2\/types\/page"}],"author":[{"embeddable":true,"href":"https:\/\/pen.eu\/ch\/wp-json\/wp\/v2\/users\/1"}],"replies":[{"embeddable":true,"href":"https:\/\/pen.eu\/ch\/wp-json\/wp\/v2\/comments?post=16937"}],"version-history":[{"count":38,"href":"https:\/\/pen.eu\/ch\/wp-json\/wp\/v2\/pages\/16937\/revisions"}],"predecessor-version":[{"id":17002,"href":"https:\/\/pen.eu\/ch\/wp-json\/wp\/v2\/pages\/16937\/revisions\/17002"}],"wp:attachment":[{"href":"https:\/\/pen.eu\/ch\/wp-json\/wp\/v2\/media?parent=16937"}],"curies":[{"name":"wp","href":"https:\/\/api.w.org\/{rel}","templated":true}]}}