{"id":10317,"date":"2024-11-23T11:55:19","date_gmt":"2024-11-23T10:55:19","guid":{"rendered":"https:\/\/v2.frank-pen.de\/?post_type=product&#038;p=10317"},"modified":"2025-10-06T12:54:11","modified_gmt":"2025-10-06T10:54:11","slug":"sportbeutel-issa","status":"publish","type":"product","link":"https:\/\/pen.eu\/ch\/produkt\/sportbeutel-issa\/","title":{"rendered":"Sportbeutel &#8220;Issa&#8221;"},"content":{"rendered":"<p data-start=\"79\" data-end=\"522\">Der Kordelzugbeutel Issa aus recycelter Baumwollmischung ist die nachhaltige und trendbewusste Alternative zur herk\u00f6mmlichen Plastikt\u00fcte. Gefertigt aus 160 g\/m\u00b2 recycelter Baumwolle, besticht er durch ein modernes, dreifarbiges Design, das Umweltbewusstsein mit Stil vereint. Mit einem Fassungsverm\u00f6gen von 11 Litern und einer Tragkraft von bis zu 5 kg ist dieser Beutel vielseitig einsetzbar \u2013 ob f\u00fcr den Stadtbummel, den Alltag oder Events. Der praktische Kordelzugverschluss sorgt f\u00fcr einfaches \u00d6ffnen und sicheres Verschlie\u00dfen. Wiederverwendbar und langlebig ist der Triad Beutel die ideale Wahl f\u00fcr alle, die Wert auf Funktionalit\u00e4t und ein klares Statement f\u00fcr Nachhaltigkeit legen.<\/p>","protected":false},"excerpt":{"rendered":"<p>Der Kordelzugbeutel Issa aus recycelter Baumwollmischung ist die nachhaltige und trendbewusste Alternative zur herk\u00f6mmlichen Plastikt\u00fcte. Gefertigt aus 160 g\/m\u00b2 recycelter Baumwolle, besticht er durch ein modernes, dreifarbiges Design, das Umweltbewusstsein mit Stil vereint. Mit einem Fassungsverm\u00f6gen von 11 Litern und einer Tragkraft von bis zu 5 kg ist dieser Beutel vielseitig einsetzbar \u2013 ob f\u00fcr [&hellip;]<\/p>\n","protected":false},"featured_media":10330,"comment_status":"open","ping_status":"closed","template":"","meta":[],"product_brand":[],"product_cat":[249],"product_tag":[690,805,599,799,815,598],"class_list":{"0":"post-10317","1":"product","2":"type-product","3":"status-publish","4":"has-post-thumbnail","6":"product_cat-taschen","7":"product_tag-backpack","8":"product_tag-left-48","9":"product_tag-lemberg","10":"product_tag-slimlogo","11":"product_tag-top-35","12":"product_tag-uji","13":"pa_farbe-hellbraun","14":"pa_farbe-marine","15":"pa_farbe-schwarz","16":"pa_material-baumwolle","17":"pa_material-polyester","18":"pa_material-viskose","19":"pa_mindestmenge-24","20":"pa_werbeanbringung-siebdruck","21":"pa_werbeanbringung-thermische-transferdruck","23":"first","24":"instock","25":"taxable","26":"shipping-taxable","27":"purchasable","28":"product-type-variable","29":"add-to-wishlist-after_add_to_cart"},"yoast_head":"<!-- This site is optimized with the Yoast SEO plugin v27.4 - https:\/\/yoast.com\/product\/yoast-seo-wordpress\/ -->\n<title>Sportbeutel &quot;Issa&quot; - PEN.EU<\/title>\n<meta name=\"robots\" content=\"index, follow, max-snippet:-1, max-image-preview:large, max-video-preview:-1\" \/>\n<link rel=\"canonical\" href=\"https:\/\/pen.eu\/ch\/produkt\/sportbeutel-issa\/\" \/>\n<meta property=\"og:locale\" content=\"de_DE\" \/>\n<meta property=\"og:type\" content=\"article\" \/>\n<meta property=\"og:title\" content=\"Sportbeutel &quot;Issa&quot; - PEN.EU\" \/>\n<meta property=\"og:description\" content=\"Der Kordelzugbeutel Issa aus recycelter Baumwollmischung ist die nachhaltige und trendbewusste Alternative zur herk\u00f6mmlichen Plastikt\u00fcte. Gefertigt aus 160 g\/m\u00b2 recycelter Baumwolle, besticht er durch ein modernes, dreifarbiges Design, das Umweltbewusstsein mit Stil vereint. Mit einem Fassungsverm\u00f6gen von 11 Litern und einer Tragkraft von bis zu 5 kg ist dieser Beutel vielseitig einsetzbar \u2013 ob f\u00fcr [&hellip;]\" \/>\n<meta property=\"og:url\" content=\"https:\/\/pen.eu\/ch\/produkt\/sportbeutel-issa\/\" \/>\n<meta property=\"og:site_name\" content=\"PEN.EU\" \/>\n<meta property=\"article:modified_time\" content=\"2025-10-06T10:54:11+00:00\" \/>\n<meta property=\"og:image\" content=\"https:\/\/pen.eu\/wp-content\/uploads\/2024\/11\/051405618-GS.jpg\" \/>\n\t<meta property=\"og:image:width\" content=\"2000\" \/>\n\t<meta property=\"og:image:height\" content=\"2000\" \/>\n\t<meta property=\"og:image:type\" content=\"image\/jpeg\" \/>\n<meta name=\"twitter:card\" content=\"summary_large_image\" \/>\n<meta name=\"twitter:label1\" content=\"Gesch\u00e4tzte Lesezeit\" \/>\n\t<meta name=\"twitter:data1\" content=\"1\u00a0Minute\" \/>\n<script type=\"application\/ld+json\" class=\"yoast-schema-graph\">{\"@context\":\"https:\\\/\\\/schema.org\",\"@graph\":[{\"@type\":\"WebPage\",\"@id\":\"https:\\\/\\\/pen.eu\\\/produkt\\\/sportbeutel-issa\\\/\",\"url\":\"https:\\\/\\\/pen.eu\\\/produkt\\\/sportbeutel-issa\\\/\",\"name\":\"Sportbeutel \\\"Issa\\\" - PEN.EU\",\"isPartOf\":{\"@id\":\"https:\\\/\\\/pen.eu\\\/#website\"},\"primaryImageOfPage\":{\"@id\":\"https:\\\/\\\/pen.eu\\\/produkt\\\/sportbeutel-issa\\\/#primaryimage\"},\"image\":{\"@id\":\"https:\\\/\\\/pen.eu\\\/produkt\\\/sportbeutel-issa\\\/#primaryimage\"},\"thumbnailUrl\":\"https:\\\/\\\/pen.eu\\\/wp-content\\\/uploads\\\/2024\\\/11\\\/051405618-GS.jpg\",\"datePublished\":\"2024-11-23T10:55:19+00:00\",\"dateModified\":\"2025-10-06T10:54:11+00:00\",\"breadcrumb\":{\"@id\":\"https:\\\/\\\/pen.eu\\\/produkt\\\/sportbeutel-issa\\\/#breadcrumb\"},\"inLanguage\":\"de-CH\",\"potentialAction\":[{\"@type\":\"ReadAction\",\"target\":[\"https:\\\/\\\/pen.eu\\\/produkt\\\/sportbeutel-issa\\\/\"]}]},{\"@type\":\"ImageObject\",\"inLanguage\":\"de-CH\",\"@id\":\"https:\\\/\\\/pen.eu\\\/produkt\\\/sportbeutel-issa\\\/#primaryimage\",\"url\":\"https:\\\/\\\/pen.eu\\\/wp-content\\\/uploads\\\/2024\\\/11\\\/051405618-GS.jpg\",\"contentUrl\":\"https:\\\/\\\/pen.eu\\\/wp-content\\\/uploads\\\/2024\\\/11\\\/051405618-GS.jpg\",\"width\":2000,\"height\":2000},{\"@type\":\"BreadcrumbList\",\"@id\":\"https:\\\/\\\/pen.eu\\\/produkt\\\/sportbeutel-issa\\\/#breadcrumb\",\"itemListElement\":[{\"@type\":\"ListItem\",\"position\":1,\"name\":\"Home\",\"item\":\"https:\\\/\\\/pen.eu\\\/\"},{\"@type\":\"ListItem\",\"position\":2,\"name\":\"Shop\",\"item\":\"https:\\\/\\\/pen.eu\\\/ch\\\/shop\\\/\"},{\"@type\":\"ListItem\",\"position\":3,\"name\":\"Sportbeutel &#8220;Issa&#8221;\"}]},{\"@type\":\"WebSite\",\"@id\":\"https:\\\/\\\/pen.eu\\\/#website\",\"url\":\"https:\\\/\\\/pen.eu\\\/\",\"name\":\"PEN.EU\",\"description\":\"Kugelschreiber bedrucken mit Logo | pen.eu\",\"potentialAction\":[{\"@type\":\"SearchAction\",\"target\":{\"@type\":\"EntryPoint\",\"urlTemplate\":\"https:\\\/\\\/pen.eu\\\/?s={search_term_string}\"},\"query-input\":{\"@type\":\"PropertyValueSpecification\",\"valueRequired\":true,\"valueName\":\"search_term_string\"}}],\"inLanguage\":\"de-CH\"}]}<\/script>\n<!-- \/ Yoast SEO plugin. -->","yoast_head_json":{"title":"Sportbeutel \"Issa\" - PEN.EU","robots":{"index":"index","follow":"follow","max-snippet":"max-snippet:-1","max-image-preview":"max-image-preview:large","max-video-preview":"max-video-preview:-1"},"canonical":"https:\/\/pen.eu\/ch\/produkt\/sportbeutel-issa\/","og_locale":"de_DE","og_type":"article","og_title":"Sportbeutel \"Issa\" - PEN.EU","og_description":"Der Kordelzugbeutel Issa aus recycelter Baumwollmischung ist die nachhaltige und trendbewusste Alternative zur herk\u00f6mmlichen Plastikt\u00fcte. Gefertigt aus 160 g\/m\u00b2 recycelter Baumwolle, besticht er durch ein modernes, dreifarbiges Design, das Umweltbewusstsein mit Stil vereint. Mit einem Fassungsverm\u00f6gen von 11 Litern und einer Tragkraft von bis zu 5 kg ist dieser Beutel vielseitig einsetzbar \u2013 ob f\u00fcr [&hellip;]","og_url":"https:\/\/pen.eu\/ch\/produkt\/sportbeutel-issa\/","og_site_name":"PEN.EU","article_modified_time":"2025-10-06T10:54:11+00:00","og_image":[{"width":2000,"height":2000,"url":"https:\/\/pen.eu\/wp-content\/uploads\/2024\/11\/051405618-GS.jpg","type":"image\/jpeg"}],"twitter_card":"summary_large_image","twitter_misc":{"Gesch\u00e4tzte Lesezeit":"1\u00a0Minute"},"schema":{"@context":"https:\/\/schema.org","@graph":[{"@type":"WebPage","@id":"https:\/\/pen.eu\/produkt\/sportbeutel-issa\/","url":"https:\/\/pen.eu\/produkt\/sportbeutel-issa\/","name":"Sportbeutel \"Issa\" - PEN.EU","isPartOf":{"@id":"https:\/\/pen.eu\/#website"},"primaryImageOfPage":{"@id":"https:\/\/pen.eu\/produkt\/sportbeutel-issa\/#primaryimage"},"image":{"@id":"https:\/\/pen.eu\/produkt\/sportbeutel-issa\/#primaryimage"},"thumbnailUrl":"https:\/\/pen.eu\/wp-content\/uploads\/2024\/11\/051405618-GS.jpg","datePublished":"2024-11-23T10:55:19+00:00","dateModified":"2025-10-06T10:54:11+00:00","breadcrumb":{"@id":"https:\/\/pen.eu\/produkt\/sportbeutel-issa\/#breadcrumb"},"inLanguage":"de-CH","potentialAction":[{"@type":"ReadAction","target":["https:\/\/pen.eu\/produkt\/sportbeutel-issa\/"]}]},{"@type":"ImageObject","inLanguage":"de-CH","@id":"https:\/\/pen.eu\/produkt\/sportbeutel-issa\/#primaryimage","url":"https:\/\/pen.eu\/wp-content\/uploads\/2024\/11\/051405618-GS.jpg","contentUrl":"https:\/\/pen.eu\/wp-content\/uploads\/2024\/11\/051405618-GS.jpg","width":2000,"height":2000},{"@type":"BreadcrumbList","@id":"https:\/\/pen.eu\/produkt\/sportbeutel-issa\/#breadcrumb","itemListElement":[{"@type":"ListItem","position":1,"name":"Home","item":"https:\/\/pen.eu\/"},{"@type":"ListItem","position":2,"name":"Shop","item":"https:\/\/pen.eu\/ch\/shop\/"},{"@type":"ListItem","position":3,"name":"Sportbeutel &#8220;Issa&#8221;"}]},{"@type":"WebSite","@id":"https:\/\/pen.eu\/#website","url":"https:\/\/pen.eu\/","name":"PEN.EU","description":"Kugelschreiber bedrucken mit Logo | pen.eu","potentialAction":[{"@type":"SearchAction","target":{"@type":"EntryPoint","urlTemplate":"https:\/\/pen.eu\/?s={search_term_string}"},"query-input":{"@type":"PropertyValueSpecification","valueRequired":true,"valueName":"search_term_string"}}],"inLanguage":"de-CH"}]}},"_links":{"self":[{"href":"https:\/\/pen.eu\/ch\/wp-json\/wp\/v2\/product\/10317","targetHints":{"allow":["GET"]}}],"collection":[{"href":"https:\/\/pen.eu\/ch\/wp-json\/wp\/v2\/product"}],"about":[{"href":"https:\/\/pen.eu\/ch\/wp-json\/wp\/v2\/types\/product"}],"replies":[{"embeddable":true,"href":"https:\/\/pen.eu\/ch\/wp-json\/wp\/v2\/comments?post=10317"}],"wp:featuredmedia":[{"embeddable":true,"href":"https:\/\/pen.eu\/ch\/wp-json\/wp\/v2\/media\/10330"}],"wp:attachment":[{"href":"https:\/\/pen.eu\/ch\/wp-json\/wp\/v2\/media?parent=10317"}],"wp:term":[{"taxonomy":"product_brand","embeddable":true,"href":"https:\/\/pen.eu\/ch\/wp-json\/wp\/v2\/product_brand?post=10317"},{"taxonomy":"product_cat","embeddable":true,"href":"https:\/\/pen.eu\/ch\/wp-json\/wp\/v2\/product_cat?post=10317"},{"taxonomy":"product_tag","embeddable":true,"href":"https:\/\/pen.eu\/ch\/wp-json\/wp\/v2\/product_tag?post=10317"}],"curies":[{"name":"wp","href":"https:\/\/api.w.org\/{rel}","templated":true}]}}