{"id":10338,"date":"2024-11-23T17:24:28","date_gmt":"2024-11-23T16:24:28","guid":{"rendered":"https:\/\/v2.frank-pen.de\/?post_type=product&#038;p=10338"},"modified":"2025-10-06T12:54:10","modified_gmt":"2025-10-06T10:54:10","slug":"rucksack-2in1-linz","status":"publish","type":"product","link":"https:\/\/pen.eu\/ch\/produkt\/rucksack-2in1-linz\/","title":{"rendered":"Rucksack 2in1 &#8220;Linz&#8221;"},"content":{"rendered":"<p data-start=\"69\" data-end=\"355\">Entdecken Sie den 2-in-1 Rucksack Linz und Lunch-K\u00fchltasche \u2013 eine clevere Kombination aus Funktionalit\u00e4t, Nachhaltigkeit und Stil. Gefertigt aus 100 % 300D rPET-Polyester mit einem Innenfutter aus 210D rPET, bietet dieser vielseitige Begleiter zwei durchdachte Hauptf\u00e4cher. Im oberen Fach befindet sich eine gepolsterte Laptop-H\u00fclle, die Ger\u00e4te bis 15&#8243; (30,5 \u00d7 27,9 cm) sicher sch\u00fctzt. Das untere Fach ist als isolierte K\u00fchltasche gestaltet \u2013 aus robustem 300D rPET mit PEVA-Innenauskleidung und schallverschwei\u00dften N\u00e4hten f\u00fcr zuverl\u00e4ssige Dichtigkeit und Langlebigkeit. Wasserdichte Rei\u00dfverschl\u00fcsse bieten zus\u00e4tzlichen Schutz bei jedem Wetter. Mit einem Gewicht von nur 425 g und einem Gesamtvolumen von 17 Litern eignet sich der Linz Rucksack ideal f\u00fcr den t\u00e4glichen Arbeitsweg, Outdoor-Ausfl\u00fcge oder Wochenendabenteuer. Ihr Logo wird dabei prominent in Vollfarbe per Heat-Transfer-Technologie aufgebracht \u2013 f\u00fcr maximale Markenpr\u00e4senz unterwegs.<\/p>","protected":false},"excerpt":{"rendered":"<p>Entdecken Sie den 2-in-1 Rucksack Linz und Lunch-K\u00fchltasche \u2013 eine clevere Kombination aus Funktionalit\u00e4t, Nachhaltigkeit und Stil. Gefertigt aus 100 % 300D rPET-Polyester mit einem Innenfutter aus 210D rPET, bietet dieser vielseitige Begleiter zwei durchdachte Hauptf\u00e4cher. Im oberen Fach befindet sich eine gepolsterte Laptop-H\u00fclle, die Ger\u00e4te bis 15&#8243; (30,5 \u00d7 27,9 cm) sicher sch\u00fctzt. Das [&hellip;]<\/p>\n","protected":false},"featured_media":10347,"comment_status":"open","ping_status":"closed","template":"","meta":[],"product_brand":[],"product_cat":[249],"product_tag":[690,808,601,816,600],"class_list":{"0":"post-10338","1":"product","2":"type-product","3":"status-publish","4":"has-post-thumbnail","6":"product_cat-taschen","7":"product_tag-backpack","8":"product_tag-left-51","9":"product_tag-linz","10":"product_tag-top-37","11":"product_tag-ujq","12":"pa_farbe-gruen","13":"pa_farbe-schwarz","14":"pa_material-polyester","15":"pa_mindestmenge-315","16":"pa_werbeanbringung-thermische-transferdruck","18":"first","19":"instock","20":"taxable","21":"shipping-taxable","22":"purchasable","23":"product-type-variable","24":"add-to-wishlist-after_add_to_cart"},"yoast_head":"<!-- This site is optimized with the Yoast SEO plugin v27.4 - https:\/\/yoast.com\/product\/yoast-seo-wordpress\/ -->\n<title>Rucksack 2in1 &quot;Linz&quot; - PEN.EU<\/title>\n<meta name=\"robots\" content=\"index, follow, max-snippet:-1, max-image-preview:large, max-video-preview:-1\" \/>\n<link rel=\"canonical\" href=\"https:\/\/pen.eu\/ch\/produkt\/rucksack-2in1-linz\/\" \/>\n<meta property=\"og:locale\" content=\"de_DE\" \/>\n<meta property=\"og:type\" content=\"article\" \/>\n<meta property=\"og:title\" content=\"Rucksack 2in1 &quot;Linz&quot; - PEN.EU\" \/>\n<meta property=\"og:description\" content=\"Entdecken Sie den 2-in-1 Rucksack Linz und Lunch-K\u00fchltasche \u2013 eine clevere Kombination aus Funktionalit\u00e4t, Nachhaltigkeit und Stil. Gefertigt aus 100 % 300D rPET-Polyester mit einem Innenfutter aus 210D rPET, bietet dieser vielseitige Begleiter zwei durchdachte Hauptf\u00e4cher. Im oberen Fach befindet sich eine gepolsterte Laptop-H\u00fclle, die Ger\u00e4te bis 15&#8243; (30,5 \u00d7 27,9 cm) sicher sch\u00fctzt. Das [&hellip;]\" \/>\n<meta property=\"og:url\" content=\"https:\/\/pen.eu\/ch\/produkt\/rucksack-2in1-linz\/\" \/>\n<meta property=\"og:site_name\" content=\"PEN.EU\" \/>\n<meta property=\"article:modified_time\" content=\"2025-10-06T10:54:10+00:00\" \/>\n<meta property=\"og:image\" content=\"https:\/\/pen.eu\/wp-content\/uploads\/2024\/11\/051405706-GTT-1024x1024.jpg\" \/>\n\t<meta property=\"og:image:width\" content=\"1024\" \/>\n\t<meta property=\"og:image:height\" content=\"1024\" \/>\n\t<meta property=\"og:image:type\" content=\"image\/jpeg\" \/>\n<meta name=\"twitter:card\" content=\"summary_large_image\" \/>\n<meta name=\"twitter:label1\" content=\"Gesch\u00e4tzte Lesezeit\" \/>\n\t<meta name=\"twitter:data1\" content=\"1\u00a0Minute\" \/>\n<script type=\"application\/ld+json\" class=\"yoast-schema-graph\">{\"@context\":\"https:\\\/\\\/schema.org\",\"@graph\":[{\"@type\":\"WebPage\",\"@id\":\"https:\\\/\\\/pen.eu\\\/produkt\\\/rucksack-2in1-linz\\\/\",\"url\":\"https:\\\/\\\/pen.eu\\\/produkt\\\/rucksack-2in1-linz\\\/\",\"name\":\"Rucksack 2in1 \\\"Linz\\\" - PEN.EU\",\"isPartOf\":{\"@id\":\"https:\\\/\\\/pen.eu\\\/#website\"},\"primaryImageOfPage\":{\"@id\":\"https:\\\/\\\/pen.eu\\\/produkt\\\/rucksack-2in1-linz\\\/#primaryimage\"},\"image\":{\"@id\":\"https:\\\/\\\/pen.eu\\\/produkt\\\/rucksack-2in1-linz\\\/#primaryimage\"},\"thumbnailUrl\":\"https:\\\/\\\/pen.eu\\\/wp-content\\\/uploads\\\/2024\\\/11\\\/051405706-GTT.jpg\",\"datePublished\":\"2024-11-23T16:24:28+00:00\",\"dateModified\":\"2025-10-06T10:54:10+00:00\",\"breadcrumb\":{\"@id\":\"https:\\\/\\\/pen.eu\\\/produkt\\\/rucksack-2in1-linz\\\/#breadcrumb\"},\"inLanguage\":\"de-CH\",\"potentialAction\":[{\"@type\":\"ReadAction\",\"target\":[\"https:\\\/\\\/pen.eu\\\/produkt\\\/rucksack-2in1-linz\\\/\"]}]},{\"@type\":\"ImageObject\",\"inLanguage\":\"de-CH\",\"@id\":\"https:\\\/\\\/pen.eu\\\/produkt\\\/rucksack-2in1-linz\\\/#primaryimage\",\"url\":\"https:\\\/\\\/pen.eu\\\/wp-content\\\/uploads\\\/2024\\\/11\\\/051405706-GTT.jpg\",\"contentUrl\":\"https:\\\/\\\/pen.eu\\\/wp-content\\\/uploads\\\/2024\\\/11\\\/051405706-GTT.jpg\",\"width\":2000,\"height\":2000},{\"@type\":\"BreadcrumbList\",\"@id\":\"https:\\\/\\\/pen.eu\\\/produkt\\\/rucksack-2in1-linz\\\/#breadcrumb\",\"itemListElement\":[{\"@type\":\"ListItem\",\"position\":1,\"name\":\"Home\",\"item\":\"https:\\\/\\\/pen.eu\\\/\"},{\"@type\":\"ListItem\",\"position\":2,\"name\":\"Shop\",\"item\":\"https:\\\/\\\/pen.eu\\\/ch\\\/shop\\\/\"},{\"@type\":\"ListItem\",\"position\":3,\"name\":\"Rucksack 2in1 &#8220;Linz&#8221;\"}]},{\"@type\":\"WebSite\",\"@id\":\"https:\\\/\\\/pen.eu\\\/#website\",\"url\":\"https:\\\/\\\/pen.eu\\\/\",\"name\":\"PEN.EU\",\"description\":\"Kugelschreiber bedrucken mit Logo | pen.eu\",\"potentialAction\":[{\"@type\":\"SearchAction\",\"target\":{\"@type\":\"EntryPoint\",\"urlTemplate\":\"https:\\\/\\\/pen.eu\\\/?s={search_term_string}\"},\"query-input\":{\"@type\":\"PropertyValueSpecification\",\"valueRequired\":true,\"valueName\":\"search_term_string\"}}],\"inLanguage\":\"de-CH\"}]}<\/script>\n<!-- \/ Yoast SEO plugin. -->","yoast_head_json":{"title":"Rucksack 2in1 \"Linz\" - PEN.EU","robots":{"index":"index","follow":"follow","max-snippet":"max-snippet:-1","max-image-preview":"max-image-preview:large","max-video-preview":"max-video-preview:-1"},"canonical":"https:\/\/pen.eu\/ch\/produkt\/rucksack-2in1-linz\/","og_locale":"de_DE","og_type":"article","og_title":"Rucksack 2in1 \"Linz\" - PEN.EU","og_description":"Entdecken Sie den 2-in-1 Rucksack Linz und Lunch-K\u00fchltasche \u2013 eine clevere Kombination aus Funktionalit\u00e4t, Nachhaltigkeit und Stil. Gefertigt aus 100 % 300D rPET-Polyester mit einem Innenfutter aus 210D rPET, bietet dieser vielseitige Begleiter zwei durchdachte Hauptf\u00e4cher. Im oberen Fach befindet sich eine gepolsterte Laptop-H\u00fclle, die Ger\u00e4te bis 15&#8243; (30,5 \u00d7 27,9 cm) sicher sch\u00fctzt. Das [&hellip;]","og_url":"https:\/\/pen.eu\/ch\/produkt\/rucksack-2in1-linz\/","og_site_name":"PEN.EU","article_modified_time":"2025-10-06T10:54:10+00:00","og_image":[{"width":1024,"height":1024,"url":"https:\/\/pen.eu\/wp-content\/uploads\/2024\/11\/051405706-GTT-1024x1024.jpg","type":"image\/jpeg"}],"twitter_card":"summary_large_image","twitter_misc":{"Gesch\u00e4tzte Lesezeit":"1\u00a0Minute"},"schema":{"@context":"https:\/\/schema.org","@graph":[{"@type":"WebPage","@id":"https:\/\/pen.eu\/produkt\/rucksack-2in1-linz\/","url":"https:\/\/pen.eu\/produkt\/rucksack-2in1-linz\/","name":"Rucksack 2in1 \"Linz\" - PEN.EU","isPartOf":{"@id":"https:\/\/pen.eu\/#website"},"primaryImageOfPage":{"@id":"https:\/\/pen.eu\/produkt\/rucksack-2in1-linz\/#primaryimage"},"image":{"@id":"https:\/\/pen.eu\/produkt\/rucksack-2in1-linz\/#primaryimage"},"thumbnailUrl":"https:\/\/pen.eu\/wp-content\/uploads\/2024\/11\/051405706-GTT.jpg","datePublished":"2024-11-23T16:24:28+00:00","dateModified":"2025-10-06T10:54:10+00:00","breadcrumb":{"@id":"https:\/\/pen.eu\/produkt\/rucksack-2in1-linz\/#breadcrumb"},"inLanguage":"de-CH","potentialAction":[{"@type":"ReadAction","target":["https:\/\/pen.eu\/produkt\/rucksack-2in1-linz\/"]}]},{"@type":"ImageObject","inLanguage":"de-CH","@id":"https:\/\/pen.eu\/produkt\/rucksack-2in1-linz\/#primaryimage","url":"https:\/\/pen.eu\/wp-content\/uploads\/2024\/11\/051405706-GTT.jpg","contentUrl":"https:\/\/pen.eu\/wp-content\/uploads\/2024\/11\/051405706-GTT.jpg","width":2000,"height":2000},{"@type":"BreadcrumbList","@id":"https:\/\/pen.eu\/produkt\/rucksack-2in1-linz\/#breadcrumb","itemListElement":[{"@type":"ListItem","position":1,"name":"Home","item":"https:\/\/pen.eu\/"},{"@type":"ListItem","position":2,"name":"Shop","item":"https:\/\/pen.eu\/ch\/shop\/"},{"@type":"ListItem","position":3,"name":"Rucksack 2in1 &#8220;Linz&#8221;"}]},{"@type":"WebSite","@id":"https:\/\/pen.eu\/#website","url":"https:\/\/pen.eu\/","name":"PEN.EU","description":"Kugelschreiber bedrucken mit Logo | pen.eu","potentialAction":[{"@type":"SearchAction","target":{"@type":"EntryPoint","urlTemplate":"https:\/\/pen.eu\/?s={search_term_string}"},"query-input":{"@type":"PropertyValueSpecification","valueRequired":true,"valueName":"search_term_string"}}],"inLanguage":"de-CH"}]}},"_links":{"self":[{"href":"https:\/\/pen.eu\/ch\/wp-json\/wp\/v2\/product\/10338","targetHints":{"allow":["GET"]}}],"collection":[{"href":"https:\/\/pen.eu\/ch\/wp-json\/wp\/v2\/product"}],"about":[{"href":"https:\/\/pen.eu\/ch\/wp-json\/wp\/v2\/types\/product"}],"replies":[{"embeddable":true,"href":"https:\/\/pen.eu\/ch\/wp-json\/wp\/v2\/comments?post=10338"}],"wp:featuredmedia":[{"embeddable":true,"href":"https:\/\/pen.eu\/ch\/wp-json\/wp\/v2\/media\/10347"}],"wp:attachment":[{"href":"https:\/\/pen.eu\/ch\/wp-json\/wp\/v2\/media?parent=10338"}],"wp:term":[{"taxonomy":"product_brand","embeddable":true,"href":"https:\/\/pen.eu\/ch\/wp-json\/wp\/v2\/product_brand?post=10338"},{"taxonomy":"product_cat","embeddable":true,"href":"https:\/\/pen.eu\/ch\/wp-json\/wp\/v2\/product_cat?post=10338"},{"taxonomy":"product_tag","embeddable":true,"href":"https:\/\/pen.eu\/ch\/wp-json\/wp\/v2\/product_tag?post=10338"}],"curies":[{"name":"wp","href":"https:\/\/api.w.org\/{rel}","templated":true}]}}