{"id":10697,"date":"2024-11-26T06:30:50","date_gmt":"2024-11-26T05:30:50","guid":{"rendered":"https:\/\/v2.frank-pen.de\/?post_type=product&#038;p=10697"},"modified":"2025-09-29T15:51:59","modified_gmt":"2025-09-29T13:51:59","slug":"kugelschreiber-alpha","status":"publish","type":"product","link":"https:\/\/pen.eu\/ch\/produkt\/kugelschreiber-alpha\/","title":{"rendered":"Kugelschreiber &#8220;Alpha&#8221;"},"content":{"rendered":"<p>Der Kugelschreiber Alpha vereint Nachhaltigkeit und Eleganz. Hergestellt aus recyceltem Aluminium, pr\u00e4sentiert er sich als umweltfreundliche Wahl. Verchromte Zierelemente, kombiniert mit einem stilvollen schwarzen Stylus, verleihen diesem Schreibger\u00e4t eine edle Note. Die Zierteile sind mit einer gl\u00e4nzenden Chrom-UV-Beschichtung veredelt, die das hochwertige Design unterstreicht. Ausgestattet mit f\u00e4lschungssicherer Dokumenten-Tinte in Blau oder Schwarz und einer schlanken Mine mit pr\u00e4ziser 1,0-mm-Spitze, gew\u00e4hrleistet der Kugelschreiber ein angenehmes und zuverl\u00e4ssiges Schreiberlebnis.<\/p>","protected":false},"excerpt":{"rendered":"<p>Der Kugelschreiber Alpha vereint Nachhaltigkeit und Eleganz. Hergestellt aus recyceltem Aluminium, pr\u00e4sentiert er sich als umweltfreundliche Wahl. Verchromte Zierelemente, kombiniert mit einem stilvollen schwarzen Stylus, verleihen diesem Schreibger\u00e4t eine edle Note. Die Zierteile sind mit einer gl\u00e4nzenden Chrom-UV-Beschichtung veredelt, die das hochwertige Design unterstreicht. Ausgestattet mit f\u00e4lschungssicherer Dokumenten-Tinte in Blau oder Schwarz und einer schlanken [&hellip;]<\/p>\n","protected":false},"featured_media":10722,"comment_status":"open","ping_status":"closed","template":"","meta":[],"product_brand":[],"product_cat":[309,247],"product_tag":[614,658,788,613,781],"class_list":{"0":"post-10697","1":"product","2":"type-product","3":"status-publish","4":"has-post-thumbnail","6":"product_cat-kugelschreiber-aus-metall","7":"product_cat-schreibgeraete","8":"product_tag-chromewrite","9":"product_tag-longpen","10":"product_tag-mtop-42","11":"product_tag-mzj","12":"product_tag-top-49","13":"pa_eigenschaft-eco-friendly","14":"pa_eigenschaft-soft-touch","15":"pa_eigenschaft-stylus","16":"pa_farbe-bordeaux","17":"pa_farbe-marine","18":"pa_farbe-rot","19":"pa_farbe-schwarz","20":"pa_material-gummi","21":"pa_material-recyceltes-aluminium","22":"pa_mindestmenge-24","23":"pa_werbeanbringung-digitaldruck","24":"pa_werbeanbringung-lasergravur","26":"first","27":"instock","28":"taxable","29":"shipping-taxable","30":"purchasable","31":"product-type-variable","32":"add-to-wishlist-after_add_to_cart"},"yoast_head":"<!-- This site is optimized with the Yoast SEO plugin v27.4 - https:\/\/yoast.com\/product\/yoast-seo-wordpress\/ -->\n<title>Kugelschreiber &quot;Alpha&quot; - PEN.EU<\/title>\n<meta name=\"robots\" content=\"index, follow, max-snippet:-1, max-image-preview:large, max-video-preview:-1\" \/>\n<link rel=\"canonical\" href=\"https:\/\/pen.eu\/ch\/produkt\/kugelschreiber-alpha\/\" \/>\n<meta property=\"og:locale\" content=\"de_DE\" \/>\n<meta property=\"og:type\" content=\"article\" \/>\n<meta property=\"og:title\" content=\"Kugelschreiber &quot;Alpha&quot; - PEN.EU\" \/>\n<meta property=\"og:description\" content=\"Der Kugelschreiber Alpha vereint Nachhaltigkeit und Eleganz. Hergestellt aus recyceltem Aluminium, pr\u00e4sentiert er sich als umweltfreundliche Wahl. Verchromte Zierelemente, kombiniert mit einem stilvollen schwarzen Stylus, verleihen diesem Schreibger\u00e4t eine edle Note. Die Zierteile sind mit einer gl\u00e4nzenden Chrom-UV-Beschichtung veredelt, die das hochwertige Design unterstreicht. Ausgestattet mit f\u00e4lschungssicherer Dokumenten-Tinte in Blau oder Schwarz und einer schlanken [&hellip;]\" \/>\n<meta property=\"og:url\" content=\"https:\/\/pen.eu\/ch\/produkt\/kugelschreiber-alpha\/\" \/>\n<meta property=\"og:site_name\" content=\"PEN.EU\" \/>\n<meta property=\"article:modified_time\" content=\"2025-09-29T13:51:59+00:00\" \/>\n<meta property=\"og:image\" content=\"https:\/\/pen.eu\/wp-content\/uploads\/2024\/11\/0511064113-MS-GDD.jpg\" \/>\n\t<meta property=\"og:image:width\" content=\"2000\" \/>\n\t<meta property=\"og:image:height\" content=\"2000\" \/>\n\t<meta property=\"og:image:type\" content=\"image\/jpeg\" \/>\n<meta name=\"twitter:card\" content=\"summary_large_image\" \/>\n<script type=\"application\/ld+json\" class=\"yoast-schema-graph\">{\"@context\":\"https:\\\/\\\/schema.org\",\"@graph\":[{\"@type\":\"WebPage\",\"@id\":\"https:\\\/\\\/pen.eu\\\/produkt\\\/kugelschreiber-alpha\\\/\",\"url\":\"https:\\\/\\\/pen.eu\\\/produkt\\\/kugelschreiber-alpha\\\/\",\"name\":\"Kugelschreiber \\\"Alpha\\\" - PEN.EU\",\"isPartOf\":{\"@id\":\"https:\\\/\\\/pen.eu\\\/#website\"},\"primaryImageOfPage\":{\"@id\":\"https:\\\/\\\/pen.eu\\\/produkt\\\/kugelschreiber-alpha\\\/#primaryimage\"},\"image\":{\"@id\":\"https:\\\/\\\/pen.eu\\\/produkt\\\/kugelschreiber-alpha\\\/#primaryimage\"},\"thumbnailUrl\":\"https:\\\/\\\/pen.eu\\\/wp-content\\\/uploads\\\/2024\\\/11\\\/0511064113-MS-GDD.jpg\",\"datePublished\":\"2024-11-26T05:30:50+00:00\",\"dateModified\":\"2025-09-29T13:51:59+00:00\",\"breadcrumb\":{\"@id\":\"https:\\\/\\\/pen.eu\\\/produkt\\\/kugelschreiber-alpha\\\/#breadcrumb\"},\"inLanguage\":\"de-CH\",\"potentialAction\":[{\"@type\":\"ReadAction\",\"target\":[\"https:\\\/\\\/pen.eu\\\/produkt\\\/kugelschreiber-alpha\\\/\"]}]},{\"@type\":\"ImageObject\",\"inLanguage\":\"de-CH\",\"@id\":\"https:\\\/\\\/pen.eu\\\/produkt\\\/kugelschreiber-alpha\\\/#primaryimage\",\"url\":\"https:\\\/\\\/pen.eu\\\/wp-content\\\/uploads\\\/2024\\\/11\\\/0511064113-MS-GDD.jpg\",\"contentUrl\":\"https:\\\/\\\/pen.eu\\\/wp-content\\\/uploads\\\/2024\\\/11\\\/0511064113-MS-GDD.jpg\",\"width\":2000,\"height\":2000},{\"@type\":\"BreadcrumbList\",\"@id\":\"https:\\\/\\\/pen.eu\\\/produkt\\\/kugelschreiber-alpha\\\/#breadcrumb\",\"itemListElement\":[{\"@type\":\"ListItem\",\"position\":1,\"name\":\"Home\",\"item\":\"https:\\\/\\\/pen.eu\\\/\"},{\"@type\":\"ListItem\",\"position\":2,\"name\":\"Shop\",\"item\":\"https:\\\/\\\/pen.eu\\\/ch\\\/shop\\\/\"},{\"@type\":\"ListItem\",\"position\":3,\"name\":\"Kugelschreiber &#8220;Alpha&#8221;\"}]},{\"@type\":\"WebSite\",\"@id\":\"https:\\\/\\\/pen.eu\\\/#website\",\"url\":\"https:\\\/\\\/pen.eu\\\/\",\"name\":\"PEN.EU\",\"description\":\"Kugelschreiber bedrucken mit Logo | pen.eu\",\"potentialAction\":[{\"@type\":\"SearchAction\",\"target\":{\"@type\":\"EntryPoint\",\"urlTemplate\":\"https:\\\/\\\/pen.eu\\\/?s={search_term_string}\"},\"query-input\":{\"@type\":\"PropertyValueSpecification\",\"valueRequired\":true,\"valueName\":\"search_term_string\"}}],\"inLanguage\":\"de-CH\"}]}<\/script>\n<!-- \/ Yoast SEO plugin. -->","yoast_head_json":{"title":"Kugelschreiber \"Alpha\" - PEN.EU","robots":{"index":"index","follow":"follow","max-snippet":"max-snippet:-1","max-image-preview":"max-image-preview:large","max-video-preview":"max-video-preview:-1"},"canonical":"https:\/\/pen.eu\/ch\/produkt\/kugelschreiber-alpha\/","og_locale":"de_DE","og_type":"article","og_title":"Kugelschreiber \"Alpha\" - PEN.EU","og_description":"Der Kugelschreiber Alpha vereint Nachhaltigkeit und Eleganz. Hergestellt aus recyceltem Aluminium, pr\u00e4sentiert er sich als umweltfreundliche Wahl. Verchromte Zierelemente, kombiniert mit einem stilvollen schwarzen Stylus, verleihen diesem Schreibger\u00e4t eine edle Note. Die Zierteile sind mit einer gl\u00e4nzenden Chrom-UV-Beschichtung veredelt, die das hochwertige Design unterstreicht. Ausgestattet mit f\u00e4lschungssicherer Dokumenten-Tinte in Blau oder Schwarz und einer schlanken [&hellip;]","og_url":"https:\/\/pen.eu\/ch\/produkt\/kugelschreiber-alpha\/","og_site_name":"PEN.EU","article_modified_time":"2025-09-29T13:51:59+00:00","og_image":[{"width":2000,"height":2000,"url":"https:\/\/pen.eu\/wp-content\/uploads\/2024\/11\/0511064113-MS-GDD.jpg","type":"image\/jpeg"}],"twitter_card":"summary_large_image","schema":{"@context":"https:\/\/schema.org","@graph":[{"@type":"WebPage","@id":"https:\/\/pen.eu\/produkt\/kugelschreiber-alpha\/","url":"https:\/\/pen.eu\/produkt\/kugelschreiber-alpha\/","name":"Kugelschreiber \"Alpha\" - PEN.EU","isPartOf":{"@id":"https:\/\/pen.eu\/#website"},"primaryImageOfPage":{"@id":"https:\/\/pen.eu\/produkt\/kugelschreiber-alpha\/#primaryimage"},"image":{"@id":"https:\/\/pen.eu\/produkt\/kugelschreiber-alpha\/#primaryimage"},"thumbnailUrl":"https:\/\/pen.eu\/wp-content\/uploads\/2024\/11\/0511064113-MS-GDD.jpg","datePublished":"2024-11-26T05:30:50+00:00","dateModified":"2025-09-29T13:51:59+00:00","breadcrumb":{"@id":"https:\/\/pen.eu\/produkt\/kugelschreiber-alpha\/#breadcrumb"},"inLanguage":"de-CH","potentialAction":[{"@type":"ReadAction","target":["https:\/\/pen.eu\/produkt\/kugelschreiber-alpha\/"]}]},{"@type":"ImageObject","inLanguage":"de-CH","@id":"https:\/\/pen.eu\/produkt\/kugelschreiber-alpha\/#primaryimage","url":"https:\/\/pen.eu\/wp-content\/uploads\/2024\/11\/0511064113-MS-GDD.jpg","contentUrl":"https:\/\/pen.eu\/wp-content\/uploads\/2024\/11\/0511064113-MS-GDD.jpg","width":2000,"height":2000},{"@type":"BreadcrumbList","@id":"https:\/\/pen.eu\/produkt\/kugelschreiber-alpha\/#breadcrumb","itemListElement":[{"@type":"ListItem","position":1,"name":"Home","item":"https:\/\/pen.eu\/"},{"@type":"ListItem","position":2,"name":"Shop","item":"https:\/\/pen.eu\/ch\/shop\/"},{"@type":"ListItem","position":3,"name":"Kugelschreiber &#8220;Alpha&#8221;"}]},{"@type":"WebSite","@id":"https:\/\/pen.eu\/#website","url":"https:\/\/pen.eu\/","name":"PEN.EU","description":"Kugelschreiber bedrucken mit Logo | pen.eu","potentialAction":[{"@type":"SearchAction","target":{"@type":"EntryPoint","urlTemplate":"https:\/\/pen.eu\/?s={search_term_string}"},"query-input":{"@type":"PropertyValueSpecification","valueRequired":true,"valueName":"search_term_string"}}],"inLanguage":"de-CH"}]}},"_links":{"self":[{"href":"https:\/\/pen.eu\/ch\/wp-json\/wp\/v2\/product\/10697","targetHints":{"allow":["GET"]}}],"collection":[{"href":"https:\/\/pen.eu\/ch\/wp-json\/wp\/v2\/product"}],"about":[{"href":"https:\/\/pen.eu\/ch\/wp-json\/wp\/v2\/types\/product"}],"replies":[{"embeddable":true,"href":"https:\/\/pen.eu\/ch\/wp-json\/wp\/v2\/comments?post=10697"}],"wp:featuredmedia":[{"embeddable":true,"href":"https:\/\/pen.eu\/ch\/wp-json\/wp\/v2\/media\/10722"}],"wp:attachment":[{"href":"https:\/\/pen.eu\/ch\/wp-json\/wp\/v2\/media?parent=10697"}],"wp:term":[{"taxonomy":"product_brand","embeddable":true,"href":"https:\/\/pen.eu\/ch\/wp-json\/wp\/v2\/product_brand?post=10697"},{"taxonomy":"product_cat","embeddable":true,"href":"https:\/\/pen.eu\/ch\/wp-json\/wp\/v2\/product_cat?post=10697"},{"taxonomy":"product_tag","embeddable":true,"href":"https:\/\/pen.eu\/ch\/wp-json\/wp\/v2\/product_tag?post=10697"}],"curies":[{"name":"wp","href":"https:\/\/api.w.org\/{rel}","templated":true}]}}