{"id":10768,"date":"2024-11-26T17:08:14","date_gmt":"2024-11-26T16:08:14","guid":{"rendered":"https:\/\/v2.frank-pen.de\/?post_type=product&#038;p=10768"},"modified":"2025-09-30T14:55:23","modified_gmt":"2025-09-30T12:55:23","slug":"tasse-naomi","status":"publish","type":"product","link":"https:\/\/pen.eu\/ch\/produkt\/tasse-naomi\/","title":{"rendered":"Tasse &#8220;Naomi&#8221;"},"content":{"rendered":"<p>Die wei\u00dfe Naomi Keramiktasse mit einem Volumen von 415 ml \u00fcberzeugt durch ihren komfortablen Henkel und ihre gro\u00dfz\u00fcgige Gr\u00f6\u00dfe \u2013 ideal f\u00fcr den t\u00e4glichen Gebrauch. Ob im B\u00fcro oder zu Hause, diese Tasse wird schnell zum Lieblingsbegleiter Ihrer Kundinnen und Kunden. Ihr Logo, im Siebdruck aufgebracht, sorgt dabei f\u00fcr eine dauerhafte Pr\u00e4senz Ihrer Marke im Alltag. Die Tasse ist mikrowellengeeignet, sollte zur optimalen Pflege jedoch von Hand gesp\u00fclt werden.<\/p>","protected":false},"excerpt":{"rendered":"<p>Die wei\u00dfe Naomi Keramiktasse mit einem Volumen von 415 ml \u00fcberzeugt durch ihren komfortablen Henkel und ihre gro\u00dfz\u00fcgige Gr\u00f6\u00dfe \u2013 ideal f\u00fcr den t\u00e4glichen Gebrauch. Ob im B\u00fcro oder zu Hause, diese Tasse wird schnell zum Lieblingsbegleiter Ihrer Kundinnen und Kunden. Ihr Logo, im Siebdruck aufgebracht, sorgt dabei f\u00fcr eine dauerhafte Pr\u00e4senz Ihrer Marke im [&hellip;]<\/p>\n","protected":false},"featured_media":10774,"comment_status":"open","ping_status":"closed","template":"","meta":[],"product_brand":[],"product_cat":[248],"product_tag":[617,683,687,795,618,684,685],"class_list":{"0":"post-10768","1":"product","2":"type-product","3":"status-publish","4":"has-post-thumbnail","6":"product_cat-trinkgefaesse","7":"product_tag-cozycup","8":"product_tag-designcup","9":"product_tag-logomiddle","10":"product_tag-mtop-50","11":"product_tag-muk","12":"product_tag-widesize","13":"product_tag-withhandle","14":"pa_farbe-weiss","15":"pa_material-keramik","16":"pa_werbeanbringung-siebdruck","18":"first","19":"instock","20":"taxable","21":"shipping-taxable","22":"purchasable","23":"product-type-variable","24":"add-to-wishlist-after_add_to_cart"},"yoast_head":"<!-- This site is optimized with the Yoast SEO plugin v27.4 - https:\/\/yoast.com\/product\/yoast-seo-wordpress\/ -->\n<title>Tasse &quot;Naomi&quot; - PEN.EU<\/title>\n<meta name=\"robots\" content=\"index, follow, max-snippet:-1, max-image-preview:large, max-video-preview:-1\" \/>\n<link rel=\"canonical\" href=\"https:\/\/pen.eu\/ch\/produkt\/tasse-naomi\/\" \/>\n<meta property=\"og:locale\" content=\"de_DE\" \/>\n<meta property=\"og:type\" content=\"article\" \/>\n<meta property=\"og:title\" content=\"Tasse &quot;Naomi&quot; - PEN.EU\" \/>\n<meta property=\"og:description\" content=\"Die wei\u00dfe Naomi Keramiktasse mit einem Volumen von 415 ml \u00fcberzeugt durch ihren komfortablen Henkel und ihre gro\u00dfz\u00fcgige Gr\u00f6\u00dfe \u2013 ideal f\u00fcr den t\u00e4glichen Gebrauch. Ob im B\u00fcro oder zu Hause, diese Tasse wird schnell zum Lieblingsbegleiter Ihrer Kundinnen und Kunden. Ihr Logo, im Siebdruck aufgebracht, sorgt dabei f\u00fcr eine dauerhafte Pr\u00e4senz Ihrer Marke im [&hellip;]\" \/>\n<meta property=\"og:url\" content=\"https:\/\/pen.eu\/ch\/produkt\/tasse-naomi\/\" \/>\n<meta property=\"og:site_name\" content=\"PEN.EU\" \/>\n<meta property=\"article:modified_time\" content=\"2025-09-30T12:55:23+00:00\" \/>\n<meta property=\"og:image\" content=\"https:\/\/pen.eu\/wp-content\/uploads\/2024\/11\/051304802-GS2.jpg\" \/>\n\t<meta property=\"og:image:width\" content=\"1800\" \/>\n\t<meta property=\"og:image:height\" content=\"1800\" \/>\n\t<meta property=\"og:image:type\" content=\"image\/jpeg\" \/>\n<meta name=\"twitter:card\" content=\"summary_large_image\" \/>\n<script type=\"application\/ld+json\" class=\"yoast-schema-graph\">{\"@context\":\"https:\\\/\\\/schema.org\",\"@graph\":[{\"@type\":\"WebPage\",\"@id\":\"https:\\\/\\\/pen.eu\\\/produkt\\\/tasse-naomi\\\/\",\"url\":\"https:\\\/\\\/pen.eu\\\/produkt\\\/tasse-naomi\\\/\",\"name\":\"Tasse \\\"Naomi\\\" - PEN.EU\",\"isPartOf\":{\"@id\":\"https:\\\/\\\/pen.eu\\\/#website\"},\"primaryImageOfPage\":{\"@id\":\"https:\\\/\\\/pen.eu\\\/produkt\\\/tasse-naomi\\\/#primaryimage\"},\"image\":{\"@id\":\"https:\\\/\\\/pen.eu\\\/produkt\\\/tasse-naomi\\\/#primaryimage\"},\"thumbnailUrl\":\"https:\\\/\\\/pen.eu\\\/wp-content\\\/uploads\\\/2024\\\/11\\\/051304802-GS2.jpg\",\"datePublished\":\"2024-11-26T16:08:14+00:00\",\"dateModified\":\"2025-09-30T12:55:23+00:00\",\"breadcrumb\":{\"@id\":\"https:\\\/\\\/pen.eu\\\/produkt\\\/tasse-naomi\\\/#breadcrumb\"},\"inLanguage\":\"de-CH\",\"potentialAction\":[{\"@type\":\"ReadAction\",\"target\":[\"https:\\\/\\\/pen.eu\\\/produkt\\\/tasse-naomi\\\/\"]}]},{\"@type\":\"ImageObject\",\"inLanguage\":\"de-CH\",\"@id\":\"https:\\\/\\\/pen.eu\\\/produkt\\\/tasse-naomi\\\/#primaryimage\",\"url\":\"https:\\\/\\\/pen.eu\\\/wp-content\\\/uploads\\\/2024\\\/11\\\/051304802-GS2.jpg\",\"contentUrl\":\"https:\\\/\\\/pen.eu\\\/wp-content\\\/uploads\\\/2024\\\/11\\\/051304802-GS2.jpg\",\"width\":1800,\"height\":1800},{\"@type\":\"BreadcrumbList\",\"@id\":\"https:\\\/\\\/pen.eu\\\/produkt\\\/tasse-naomi\\\/#breadcrumb\",\"itemListElement\":[{\"@type\":\"ListItem\",\"position\":1,\"name\":\"Home\",\"item\":\"https:\\\/\\\/pen.eu\\\/\"},{\"@type\":\"ListItem\",\"position\":2,\"name\":\"Shop\",\"item\":\"https:\\\/\\\/pen.eu\\\/ch\\\/shop\\\/\"},{\"@type\":\"ListItem\",\"position\":3,\"name\":\"Tasse &#8220;Naomi&#8221;\"}]},{\"@type\":\"WebSite\",\"@id\":\"https:\\\/\\\/pen.eu\\\/#website\",\"url\":\"https:\\\/\\\/pen.eu\\\/\",\"name\":\"PEN.EU\",\"description\":\"Kugelschreiber bedrucken mit Logo | pen.eu\",\"potentialAction\":[{\"@type\":\"SearchAction\",\"target\":{\"@type\":\"EntryPoint\",\"urlTemplate\":\"https:\\\/\\\/pen.eu\\\/?s={search_term_string}\"},\"query-input\":{\"@type\":\"PropertyValueSpecification\",\"valueRequired\":true,\"valueName\":\"search_term_string\"}}],\"inLanguage\":\"de-CH\"}]}<\/script>\n<!-- \/ Yoast SEO plugin. -->","yoast_head_json":{"title":"Tasse \"Naomi\" - PEN.EU","robots":{"index":"index","follow":"follow","max-snippet":"max-snippet:-1","max-image-preview":"max-image-preview:large","max-video-preview":"max-video-preview:-1"},"canonical":"https:\/\/pen.eu\/ch\/produkt\/tasse-naomi\/","og_locale":"de_DE","og_type":"article","og_title":"Tasse \"Naomi\" - PEN.EU","og_description":"Die wei\u00dfe Naomi Keramiktasse mit einem Volumen von 415 ml \u00fcberzeugt durch ihren komfortablen Henkel und ihre gro\u00dfz\u00fcgige Gr\u00f6\u00dfe \u2013 ideal f\u00fcr den t\u00e4glichen Gebrauch. Ob im B\u00fcro oder zu Hause, diese Tasse wird schnell zum Lieblingsbegleiter Ihrer Kundinnen und Kunden. Ihr Logo, im Siebdruck aufgebracht, sorgt dabei f\u00fcr eine dauerhafte Pr\u00e4senz Ihrer Marke im [&hellip;]","og_url":"https:\/\/pen.eu\/ch\/produkt\/tasse-naomi\/","og_site_name":"PEN.EU","article_modified_time":"2025-09-30T12:55:23+00:00","og_image":[{"width":1800,"height":1800,"url":"https:\/\/pen.eu\/wp-content\/uploads\/2024\/11\/051304802-GS2.jpg","type":"image\/jpeg"}],"twitter_card":"summary_large_image","schema":{"@context":"https:\/\/schema.org","@graph":[{"@type":"WebPage","@id":"https:\/\/pen.eu\/produkt\/tasse-naomi\/","url":"https:\/\/pen.eu\/produkt\/tasse-naomi\/","name":"Tasse \"Naomi\" - PEN.EU","isPartOf":{"@id":"https:\/\/pen.eu\/#website"},"primaryImageOfPage":{"@id":"https:\/\/pen.eu\/produkt\/tasse-naomi\/#primaryimage"},"image":{"@id":"https:\/\/pen.eu\/produkt\/tasse-naomi\/#primaryimage"},"thumbnailUrl":"https:\/\/pen.eu\/wp-content\/uploads\/2024\/11\/051304802-GS2.jpg","datePublished":"2024-11-26T16:08:14+00:00","dateModified":"2025-09-30T12:55:23+00:00","breadcrumb":{"@id":"https:\/\/pen.eu\/produkt\/tasse-naomi\/#breadcrumb"},"inLanguage":"de-CH","potentialAction":[{"@type":"ReadAction","target":["https:\/\/pen.eu\/produkt\/tasse-naomi\/"]}]},{"@type":"ImageObject","inLanguage":"de-CH","@id":"https:\/\/pen.eu\/produkt\/tasse-naomi\/#primaryimage","url":"https:\/\/pen.eu\/wp-content\/uploads\/2024\/11\/051304802-GS2.jpg","contentUrl":"https:\/\/pen.eu\/wp-content\/uploads\/2024\/11\/051304802-GS2.jpg","width":1800,"height":1800},{"@type":"BreadcrumbList","@id":"https:\/\/pen.eu\/produkt\/tasse-naomi\/#breadcrumb","itemListElement":[{"@type":"ListItem","position":1,"name":"Home","item":"https:\/\/pen.eu\/"},{"@type":"ListItem","position":2,"name":"Shop","item":"https:\/\/pen.eu\/ch\/shop\/"},{"@type":"ListItem","position":3,"name":"Tasse &#8220;Naomi&#8221;"}]},{"@type":"WebSite","@id":"https:\/\/pen.eu\/#website","url":"https:\/\/pen.eu\/","name":"PEN.EU","description":"Kugelschreiber bedrucken mit Logo | pen.eu","potentialAction":[{"@type":"SearchAction","target":{"@type":"EntryPoint","urlTemplate":"https:\/\/pen.eu\/?s={search_term_string}"},"query-input":{"@type":"PropertyValueSpecification","valueRequired":true,"valueName":"search_term_string"}}],"inLanguage":"de-CH"}]}},"_links":{"self":[{"href":"https:\/\/pen.eu\/ch\/wp-json\/wp\/v2\/product\/10768","targetHints":{"allow":["GET"]}}],"collection":[{"href":"https:\/\/pen.eu\/ch\/wp-json\/wp\/v2\/product"}],"about":[{"href":"https:\/\/pen.eu\/ch\/wp-json\/wp\/v2\/types\/product"}],"replies":[{"embeddable":true,"href":"https:\/\/pen.eu\/ch\/wp-json\/wp\/v2\/comments?post=10768"}],"wp:featuredmedia":[{"embeddable":true,"href":"https:\/\/pen.eu\/ch\/wp-json\/wp\/v2\/media\/10774"}],"wp:attachment":[{"href":"https:\/\/pen.eu\/ch\/wp-json\/wp\/v2\/media?parent=10768"}],"wp:term":[{"taxonomy":"product_brand","embeddable":true,"href":"https:\/\/pen.eu\/ch\/wp-json\/wp\/v2\/product_brand?post=10768"},{"taxonomy":"product_cat","embeddable":true,"href":"https:\/\/pen.eu\/ch\/wp-json\/wp\/v2\/product_cat?post=10768"},{"taxonomy":"product_tag","embeddable":true,"href":"https:\/\/pen.eu\/ch\/wp-json\/wp\/v2\/product_tag?post=10768"}],"curies":[{"name":"wp","href":"https:\/\/api.w.org\/{rel}","templated":true}]}}