{"id":111,"date":"2024-09-19T09:16:22","date_gmt":"2024-09-19T07:16:22","guid":{"rendered":"https:\/\/v2.frank-pen.de\/produkt\/kugelschreiber-swing\/"},"modified":"2026-01-22T07:29:53","modified_gmt":"2026-01-22T06:29:53","slug":"kugelschreiber-kalen","status":"publish","type":"product","link":"https:\/\/pen.eu\/ch\/produkt\/kugelschreiber-kalen\/","title":{"rendered":"Kugelschreiber &#8220;Kalen&#8221;"},"content":{"rendered":"<p>Der Kugelschreiber \u201eKalen\u201c \u00fcberzeugt durch sein elegantes Gunmetal-Finish und ein modernes, stilvolles Design. Das Geh\u00e4use bietet ein angenehmes Schreibgef\u00fchl und l\u00e4sst sich wahlweise mit einer detailgenauen Lasergravur im gl\u00e4nzenden Silber-Look oder einem brillanten, mehrfarbigen Digitaldruck veredeln. Ausgestattet ist der Stift mit einer italienischen Nachf\u00fcllmine und der bew\u00e4hrten Tinte aus Deutschland. F\u00fcr ein au\u00dfergew\u00f6hnlich gleichm\u00e4\u00dfiges Schreiberlebnis und ein langlebiges Branding schreibt der Kugelschreiber bis zu 2.000 Meter. W\u00e4hlbar mit blauer oder schwarzer Tinte. Die schlanke Qualit\u00e4tsmine enth\u00e4lt deutsche Tinte, zertifiziert nach ISO 12757-1 und -2.<\/p>","protected":false},"excerpt":{"rendered":"<p>Der Kugelschreiber \u201eKalen\u201c \u00fcberzeugt durch sein elegantes Gunmetal-Finish und ein modernes, stilvolles Design. Das Geh\u00e4use bietet ein angenehmes Schreibgef\u00fchl und l\u00e4sst sich wahlweise mit einer detailgenauen Lasergravur im gl\u00e4nzenden Silber-Look oder einem brillanten, mehrfarbigen Digitaldruck veredeln. Ausgestattet ist der Stift mit einer italienischen Nachf\u00fcllmine und der bew\u00e4hrten Tinte aus Deutschland. F\u00fcr ein au\u00dfergew\u00f6hnlich gleichm\u00e4\u00dfiges Schreiberlebnis [&hellip;]<\/p>\n","protected":false},"featured_media":112,"comment_status":"open","ping_status":"closed","template":"","meta":[],"product_brand":[],"product_cat":[309,247],"product_tag":[658,765,780],"class_list":{"0":"post-111","1":"product","2":"type-product","3":"status-publish","4":"has-post-thumbnail","6":"product_cat-kugelschreiber-aus-metall","7":"product_cat-schreibgeraete","8":"product_tag-longpen","9":"product_tag-mpt","10":"product_tag-top-50","11":"pa_eigenschaft-dokumentenecht","12":"pa_eigenschaft-soft-touch","13":"pa_farbe-anthrazit","14":"pa_farbe-blau","15":"pa_farbe-dunkelblau","16":"pa_farbe-rot","17":"pa_farbe-schwarz","18":"pa_farbe-weiss","19":"pa_material-aluminium","20":"pa_mindestmenge-24","21":"pa_minenfarbe-blau","22":"pa_minenfarbe-schwarz","23":"pa_werbeanbringung-digitaldruck","24":"pa_werbeanbringung-spiegelgravur","26":"first","27":"instock","28":"taxable","29":"shipping-taxable","30":"purchasable","31":"product-type-variable","32":"add-to-wishlist-after_add_to_cart"},"yoast_head":"<!-- This site is optimized with the Yoast SEO plugin v27.4 - https:\/\/yoast.com\/product\/yoast-seo-wordpress\/ -->\n<title>Kugelschreiber &quot;Kalen&quot; - PEN.EU<\/title>\n<meta name=\"robots\" content=\"index, follow, max-snippet:-1, max-image-preview:large, max-video-preview:-1\" \/>\n<link rel=\"canonical\" href=\"https:\/\/pen.eu\/ch\/produkt\/kugelschreiber-kalen\/\" \/>\n<meta property=\"og:locale\" content=\"de_DE\" \/>\n<meta property=\"og:type\" content=\"article\" \/>\n<meta property=\"og:title\" content=\"Kugelschreiber &quot;Kalen&quot; - PEN.EU\" \/>\n<meta property=\"og:description\" content=\"Der Kugelschreiber \u201eKalen\u201c \u00fcberzeugt durch sein elegantes Gunmetal-Finish und ein modernes, stilvolles Design. Das Geh\u00e4use bietet ein angenehmes Schreibgef\u00fchl und l\u00e4sst sich wahlweise mit einer detailgenauen Lasergravur im gl\u00e4nzenden Silber-Look oder einem brillanten, mehrfarbigen Digitaldruck veredeln. Ausgestattet ist der Stift mit einer italienischen Nachf\u00fcllmine und der bew\u00e4hrten Tinte aus Deutschland. F\u00fcr ein au\u00dfergew\u00f6hnlich gleichm\u00e4\u00dfiges Schreiberlebnis [&hellip;]\" \/>\n<meta property=\"og:url\" content=\"https:\/\/pen.eu\/ch\/produkt\/kugelschreiber-kalen\/\" \/>\n<meta property=\"og:site_name\" content=\"PEN.EU\" \/>\n<meta property=\"article:modified_time\" content=\"2026-01-22T06:29:53+00:00\" \/>\n<meta property=\"og:image\" content=\"https:\/\/pen.eu\/wp-content\/uploads\/2024\/09\/051104305-GML.jpg\" \/>\n\t<meta property=\"og:image:width\" content=\"1014\" \/>\n\t<meta property=\"og:image:height\" content=\"1014\" \/>\n\t<meta property=\"og:image:type\" content=\"image\/jpeg\" \/>\n<meta name=\"twitter:card\" content=\"summary_large_image\" \/>\n<script type=\"application\/ld+json\" class=\"yoast-schema-graph\">{\"@context\":\"https:\\\/\\\/schema.org\",\"@graph\":[{\"@type\":\"WebPage\",\"@id\":\"https:\\\/\\\/pen.eu\\\/produkt\\\/kugelschreiber-kalen\\\/\",\"url\":\"https:\\\/\\\/pen.eu\\\/produkt\\\/kugelschreiber-kalen\\\/\",\"name\":\"Kugelschreiber \\\"Kalen\\\" - PEN.EU\",\"isPartOf\":{\"@id\":\"https:\\\/\\\/pen.eu\\\/#website\"},\"primaryImageOfPage\":{\"@id\":\"https:\\\/\\\/pen.eu\\\/produkt\\\/kugelschreiber-kalen\\\/#primaryimage\"},\"image\":{\"@id\":\"https:\\\/\\\/pen.eu\\\/produkt\\\/kugelschreiber-kalen\\\/#primaryimage\"},\"thumbnailUrl\":\"https:\\\/\\\/pen.eu\\\/wp-content\\\/uploads\\\/2024\\\/09\\\/051104305-GML.jpg\",\"datePublished\":\"2024-09-19T07:16:22+00:00\",\"dateModified\":\"2026-01-22T06:29:53+00:00\",\"breadcrumb\":{\"@id\":\"https:\\\/\\\/pen.eu\\\/produkt\\\/kugelschreiber-kalen\\\/#breadcrumb\"},\"inLanguage\":\"de-CH\",\"potentialAction\":[{\"@type\":\"ReadAction\",\"target\":[\"https:\\\/\\\/pen.eu\\\/produkt\\\/kugelschreiber-kalen\\\/\"]}]},{\"@type\":\"ImageObject\",\"inLanguage\":\"de-CH\",\"@id\":\"https:\\\/\\\/pen.eu\\\/produkt\\\/kugelschreiber-kalen\\\/#primaryimage\",\"url\":\"https:\\\/\\\/pen.eu\\\/wp-content\\\/uploads\\\/2024\\\/09\\\/051104305-GML.jpg\",\"contentUrl\":\"https:\\\/\\\/pen.eu\\\/wp-content\\\/uploads\\\/2024\\\/09\\\/051104305-GML.jpg\",\"width\":1014,\"height\":1014},{\"@type\":\"BreadcrumbList\",\"@id\":\"https:\\\/\\\/pen.eu\\\/produkt\\\/kugelschreiber-kalen\\\/#breadcrumb\",\"itemListElement\":[{\"@type\":\"ListItem\",\"position\":1,\"name\":\"Home\",\"item\":\"https:\\\/\\\/pen.eu\\\/\"},{\"@type\":\"ListItem\",\"position\":2,\"name\":\"Shop\",\"item\":\"https:\\\/\\\/pen.eu\\\/ch\\\/shop\\\/\"},{\"@type\":\"ListItem\",\"position\":3,\"name\":\"Kugelschreiber &#8220;Kalen&#8221;\"}]},{\"@type\":\"WebSite\",\"@id\":\"https:\\\/\\\/pen.eu\\\/#website\",\"url\":\"https:\\\/\\\/pen.eu\\\/\",\"name\":\"PEN.EU\",\"description\":\"Kugelschreiber bedrucken mit Logo | pen.eu\",\"potentialAction\":[{\"@type\":\"SearchAction\",\"target\":{\"@type\":\"EntryPoint\",\"urlTemplate\":\"https:\\\/\\\/pen.eu\\\/?s={search_term_string}\"},\"query-input\":{\"@type\":\"PropertyValueSpecification\",\"valueRequired\":true,\"valueName\":\"search_term_string\"}}],\"inLanguage\":\"de-CH\"}]}<\/script>\n<!-- \/ Yoast SEO plugin. -->","yoast_head_json":{"title":"Kugelschreiber \"Kalen\" - PEN.EU","robots":{"index":"index","follow":"follow","max-snippet":"max-snippet:-1","max-image-preview":"max-image-preview:large","max-video-preview":"max-video-preview:-1"},"canonical":"https:\/\/pen.eu\/ch\/produkt\/kugelschreiber-kalen\/","og_locale":"de_DE","og_type":"article","og_title":"Kugelschreiber \"Kalen\" - PEN.EU","og_description":"Der Kugelschreiber \u201eKalen\u201c \u00fcberzeugt durch sein elegantes Gunmetal-Finish und ein modernes, stilvolles Design. Das Geh\u00e4use bietet ein angenehmes Schreibgef\u00fchl und l\u00e4sst sich wahlweise mit einer detailgenauen Lasergravur im gl\u00e4nzenden Silber-Look oder einem brillanten, mehrfarbigen Digitaldruck veredeln. Ausgestattet ist der Stift mit einer italienischen Nachf\u00fcllmine und der bew\u00e4hrten Tinte aus Deutschland. F\u00fcr ein au\u00dfergew\u00f6hnlich gleichm\u00e4\u00dfiges Schreiberlebnis [&hellip;]","og_url":"https:\/\/pen.eu\/ch\/produkt\/kugelschreiber-kalen\/","og_site_name":"PEN.EU","article_modified_time":"2026-01-22T06:29:53+00:00","og_image":[{"width":1014,"height":1014,"url":"https:\/\/pen.eu\/wp-content\/uploads\/2024\/09\/051104305-GML.jpg","type":"image\/jpeg"}],"twitter_card":"summary_large_image","schema":{"@context":"https:\/\/schema.org","@graph":[{"@type":"WebPage","@id":"https:\/\/pen.eu\/produkt\/kugelschreiber-kalen\/","url":"https:\/\/pen.eu\/produkt\/kugelschreiber-kalen\/","name":"Kugelschreiber \"Kalen\" - PEN.EU","isPartOf":{"@id":"https:\/\/pen.eu\/#website"},"primaryImageOfPage":{"@id":"https:\/\/pen.eu\/produkt\/kugelschreiber-kalen\/#primaryimage"},"image":{"@id":"https:\/\/pen.eu\/produkt\/kugelschreiber-kalen\/#primaryimage"},"thumbnailUrl":"https:\/\/pen.eu\/wp-content\/uploads\/2024\/09\/051104305-GML.jpg","datePublished":"2024-09-19T07:16:22+00:00","dateModified":"2026-01-22T06:29:53+00:00","breadcrumb":{"@id":"https:\/\/pen.eu\/produkt\/kugelschreiber-kalen\/#breadcrumb"},"inLanguage":"de-CH","potentialAction":[{"@type":"ReadAction","target":["https:\/\/pen.eu\/produkt\/kugelschreiber-kalen\/"]}]},{"@type":"ImageObject","inLanguage":"de-CH","@id":"https:\/\/pen.eu\/produkt\/kugelschreiber-kalen\/#primaryimage","url":"https:\/\/pen.eu\/wp-content\/uploads\/2024\/09\/051104305-GML.jpg","contentUrl":"https:\/\/pen.eu\/wp-content\/uploads\/2024\/09\/051104305-GML.jpg","width":1014,"height":1014},{"@type":"BreadcrumbList","@id":"https:\/\/pen.eu\/produkt\/kugelschreiber-kalen\/#breadcrumb","itemListElement":[{"@type":"ListItem","position":1,"name":"Home","item":"https:\/\/pen.eu\/"},{"@type":"ListItem","position":2,"name":"Shop","item":"https:\/\/pen.eu\/ch\/shop\/"},{"@type":"ListItem","position":3,"name":"Kugelschreiber &#8220;Kalen&#8221;"}]},{"@type":"WebSite","@id":"https:\/\/pen.eu\/#website","url":"https:\/\/pen.eu\/","name":"PEN.EU","description":"Kugelschreiber bedrucken mit Logo | pen.eu","potentialAction":[{"@type":"SearchAction","target":{"@type":"EntryPoint","urlTemplate":"https:\/\/pen.eu\/?s={search_term_string}"},"query-input":{"@type":"PropertyValueSpecification","valueRequired":true,"valueName":"search_term_string"}}],"inLanguage":"de-CH"}]}},"_links":{"self":[{"href":"https:\/\/pen.eu\/ch\/wp-json\/wp\/v2\/product\/111","targetHints":{"allow":["GET"]}}],"collection":[{"href":"https:\/\/pen.eu\/ch\/wp-json\/wp\/v2\/product"}],"about":[{"href":"https:\/\/pen.eu\/ch\/wp-json\/wp\/v2\/types\/product"}],"replies":[{"embeddable":true,"href":"https:\/\/pen.eu\/ch\/wp-json\/wp\/v2\/comments?post=111"}],"wp:featuredmedia":[{"embeddable":true,"href":"https:\/\/pen.eu\/ch\/wp-json\/wp\/v2\/media\/112"}],"wp:attachment":[{"href":"https:\/\/pen.eu\/ch\/wp-json\/wp\/v2\/media?parent=111"}],"wp:term":[{"taxonomy":"product_brand","embeddable":true,"href":"https:\/\/pen.eu\/ch\/wp-json\/wp\/v2\/product_brand?post=111"},{"taxonomy":"product_cat","embeddable":true,"href":"https:\/\/pen.eu\/ch\/wp-json\/wp\/v2\/product_cat?post=111"},{"taxonomy":"product_tag","embeddable":true,"href":"https:\/\/pen.eu\/ch\/wp-json\/wp\/v2\/product_tag?post=111"}],"curies":[{"name":"wp","href":"https:\/\/api.w.org\/{rel}","templated":true}]}}