{"id":117,"date":"2024-09-19T09:16:22","date_gmt":"2024-09-19T07:16:22","guid":{"rendered":"https:\/\/v2.frank-pen.de\/produkt\/kugelschreiber-cape\/"},"modified":"2026-01-22T07:26:06","modified_gmt":"2026-01-22T06:26:06","slug":"kugelschreiber-cape","status":"publish","type":"product","link":"https:\/\/pen.eu\/ch\/produkt\/kugelschreiber-cape\/","title":{"rendered":"Kugelschreiber &#8220;Cape&#8221;"},"content":{"rendered":"<p>Eleganter 2-in-1-Stift mit soft-touch Oberfl\u00e4che und stilvollen Details in Anthrazit. Optional erh\u00e4ltlich mit edler Spiegelglanzgravur oder farbintensivem Digitaldruck. Der Cape Kugelschreiber mit Stylus bietet dank deutscher Tinte ein besonders geschmeidiges Schreibgef\u00fchl. Verf\u00fcgbar mit blauer oder schwarzer Schreibfarbe. Ausgestattet mit einer hochwertigen, schlanken Mine aus Italien, gef\u00fcllt mit langlebiger Tinte \u201eMade in Germany\u201c. Schreibleistung bis zu 2000 Meter. Die Tinte entspricht den Standards ISO 12757-1 und -2.<\/p>","protected":false},"excerpt":{"rendered":"<p>Eleganter 2-in-1-Stift mit soft-touch Oberfl\u00e4che und stilvollen Details in Anthrazit. Optional erh\u00e4ltlich mit edler Spiegelglanzgravur oder farbintensivem Digitaldruck. Der Cape Kugelschreiber mit Stylus bietet dank deutscher Tinte ein besonders geschmeidiges Schreibgef\u00fchl. Verf\u00fcgbar mit blauer oder schwarzer Schreibfarbe. Ausgestattet mit einer hochwertigen, schlanken Mine aus Italien, gef\u00fcllt mit langlebiger Tinte \u201eMade in Germany\u201c. Schreibleistung bis zu [&hellip;]<\/p>\n","protected":false},"featured_media":118,"comment_status":"open","ping_status":"closed","template":"","meta":[],"product_brand":[],"product_cat":[309,247],"product_tag":[658,779],"class_list":{"0":"post-117","1":"product","2":"type-product","3":"status-publish","4":"has-post-thumbnail","6":"product_cat-kugelschreiber-aus-metall","7":"product_cat-schreibgeraete","8":"product_tag-longpen","9":"product_tag-mhx","10":"pa_eigenschaft-dokumentenecht","11":"pa_eigenschaft-soft-touch","12":"pa_eigenschaft-stylus","13":"pa_farbe-dunkelblau","14":"pa_farbe-marine","15":"pa_farbe-rot","16":"pa_farbe-schwarz","17":"pa_farbe-taupe","18":"pa_farbe-weiss","19":"pa_material-metall","20":"pa_mindestmenge-24","21":"pa_minenfarbe-blau","22":"pa_minenfarbe-schwarz","23":"pa_werbeanbringung-digitaldruck","24":"pa_werbeanbringung-spiegelgravur","26":"first","27":"instock","28":"taxable","29":"shipping-taxable","30":"purchasable","31":"product-type-variable","32":"add-to-wishlist-after_add_to_cart"},"yoast_head":"<!-- This site is optimized with the Yoast SEO plugin v27.4 - https:\/\/yoast.com\/product\/yoast-seo-wordpress\/ -->\n<title>Kugelschreiber &quot;Cape&quot; - PEN.EU<\/title>\n<meta name=\"robots\" content=\"index, follow, max-snippet:-1, max-image-preview:large, max-video-preview:-1\" \/>\n<link rel=\"canonical\" href=\"https:\/\/pen.eu\/ch\/produkt\/kugelschreiber-cape\/\" \/>\n<meta property=\"og:locale\" content=\"de_DE\" \/>\n<meta property=\"og:type\" content=\"article\" \/>\n<meta property=\"og:title\" content=\"Kugelschreiber &quot;Cape&quot; - PEN.EU\" \/>\n<meta property=\"og:description\" content=\"Eleganter 2-in-1-Stift mit soft-touch Oberfl\u00e4che und stilvollen Details in Anthrazit. Optional erh\u00e4ltlich mit edler Spiegelglanzgravur oder farbintensivem Digitaldruck. Der Cape Kugelschreiber mit Stylus bietet dank deutscher Tinte ein besonders geschmeidiges Schreibgef\u00fchl. Verf\u00fcgbar mit blauer oder schwarzer Schreibfarbe. Ausgestattet mit einer hochwertigen, schlanken Mine aus Italien, gef\u00fcllt mit langlebiger Tinte \u201eMade in Germany\u201c. Schreibleistung bis zu [&hellip;]\" \/>\n<meta property=\"og:url\" content=\"https:\/\/pen.eu\/ch\/produkt\/kugelschreiber-cape\/\" \/>\n<meta property=\"og:site_name\" content=\"PEN.EU\" \/>\n<meta property=\"article:modified_time\" content=\"2026-01-22T06:26:06+00:00\" \/>\n<meta property=\"og:image\" content=\"https:\/\/pen.eu\/wp-content\/uploads\/2024\/09\/051104105-GML.jpg\" \/>\n\t<meta property=\"og:image:width\" content=\"1800\" \/>\n\t<meta property=\"og:image:height\" content=\"1800\" \/>\n\t<meta property=\"og:image:type\" content=\"image\/jpeg\" \/>\n<meta name=\"twitter:card\" content=\"summary_large_image\" \/>\n<script type=\"application\/ld+json\" class=\"yoast-schema-graph\">{\"@context\":\"https:\\\/\\\/schema.org\",\"@graph\":[{\"@type\":\"WebPage\",\"@id\":\"https:\\\/\\\/pen.eu\\\/produkt\\\/kugelschreiber-cape\\\/\",\"url\":\"https:\\\/\\\/pen.eu\\\/produkt\\\/kugelschreiber-cape\\\/\",\"name\":\"Kugelschreiber \\\"Cape\\\" - PEN.EU\",\"isPartOf\":{\"@id\":\"https:\\\/\\\/pen.eu\\\/#website\"},\"primaryImageOfPage\":{\"@id\":\"https:\\\/\\\/pen.eu\\\/produkt\\\/kugelschreiber-cape\\\/#primaryimage\"},\"image\":{\"@id\":\"https:\\\/\\\/pen.eu\\\/produkt\\\/kugelschreiber-cape\\\/#primaryimage\"},\"thumbnailUrl\":\"https:\\\/\\\/pen.eu\\\/wp-content\\\/uploads\\\/2024\\\/09\\\/051104105-GML.jpg\",\"datePublished\":\"2024-09-19T07:16:22+00:00\",\"dateModified\":\"2026-01-22T06:26:06+00:00\",\"breadcrumb\":{\"@id\":\"https:\\\/\\\/pen.eu\\\/produkt\\\/kugelschreiber-cape\\\/#breadcrumb\"},\"inLanguage\":\"de-CH\",\"potentialAction\":[{\"@type\":\"ReadAction\",\"target\":[\"https:\\\/\\\/pen.eu\\\/produkt\\\/kugelschreiber-cape\\\/\"]}]},{\"@type\":\"ImageObject\",\"inLanguage\":\"de-CH\",\"@id\":\"https:\\\/\\\/pen.eu\\\/produkt\\\/kugelschreiber-cape\\\/#primaryimage\",\"url\":\"https:\\\/\\\/pen.eu\\\/wp-content\\\/uploads\\\/2024\\\/09\\\/051104105-GML.jpg\",\"contentUrl\":\"https:\\\/\\\/pen.eu\\\/wp-content\\\/uploads\\\/2024\\\/09\\\/051104105-GML.jpg\",\"width\":1800,\"height\":1800},{\"@type\":\"BreadcrumbList\",\"@id\":\"https:\\\/\\\/pen.eu\\\/produkt\\\/kugelschreiber-cape\\\/#breadcrumb\",\"itemListElement\":[{\"@type\":\"ListItem\",\"position\":1,\"name\":\"Home\",\"item\":\"https:\\\/\\\/pen.eu\\\/\"},{\"@type\":\"ListItem\",\"position\":2,\"name\":\"Shop\",\"item\":\"https:\\\/\\\/pen.eu\\\/ch\\\/shop\\\/\"},{\"@type\":\"ListItem\",\"position\":3,\"name\":\"Kugelschreiber &#8220;Cape&#8221;\"}]},{\"@type\":\"WebSite\",\"@id\":\"https:\\\/\\\/pen.eu\\\/#website\",\"url\":\"https:\\\/\\\/pen.eu\\\/\",\"name\":\"PEN.EU\",\"description\":\"Kugelschreiber bedrucken mit Logo | pen.eu\",\"potentialAction\":[{\"@type\":\"SearchAction\",\"target\":{\"@type\":\"EntryPoint\",\"urlTemplate\":\"https:\\\/\\\/pen.eu\\\/?s={search_term_string}\"},\"query-input\":{\"@type\":\"PropertyValueSpecification\",\"valueRequired\":true,\"valueName\":\"search_term_string\"}}],\"inLanguage\":\"de-CH\"}]}<\/script>\n<!-- \/ Yoast SEO plugin. -->","yoast_head_json":{"title":"Kugelschreiber \"Cape\" - PEN.EU","robots":{"index":"index","follow":"follow","max-snippet":"max-snippet:-1","max-image-preview":"max-image-preview:large","max-video-preview":"max-video-preview:-1"},"canonical":"https:\/\/pen.eu\/ch\/produkt\/kugelschreiber-cape\/","og_locale":"de_DE","og_type":"article","og_title":"Kugelschreiber \"Cape\" - PEN.EU","og_description":"Eleganter 2-in-1-Stift mit soft-touch Oberfl\u00e4che und stilvollen Details in Anthrazit. Optional erh\u00e4ltlich mit edler Spiegelglanzgravur oder farbintensivem Digitaldruck. Der Cape Kugelschreiber mit Stylus bietet dank deutscher Tinte ein besonders geschmeidiges Schreibgef\u00fchl. Verf\u00fcgbar mit blauer oder schwarzer Schreibfarbe. Ausgestattet mit einer hochwertigen, schlanken Mine aus Italien, gef\u00fcllt mit langlebiger Tinte \u201eMade in Germany\u201c. Schreibleistung bis zu [&hellip;]","og_url":"https:\/\/pen.eu\/ch\/produkt\/kugelschreiber-cape\/","og_site_name":"PEN.EU","article_modified_time":"2026-01-22T06:26:06+00:00","og_image":[{"width":1800,"height":1800,"url":"https:\/\/pen.eu\/wp-content\/uploads\/2024\/09\/051104105-GML.jpg","type":"image\/jpeg"}],"twitter_card":"summary_large_image","schema":{"@context":"https:\/\/schema.org","@graph":[{"@type":"WebPage","@id":"https:\/\/pen.eu\/produkt\/kugelschreiber-cape\/","url":"https:\/\/pen.eu\/produkt\/kugelschreiber-cape\/","name":"Kugelschreiber \"Cape\" - PEN.EU","isPartOf":{"@id":"https:\/\/pen.eu\/#website"},"primaryImageOfPage":{"@id":"https:\/\/pen.eu\/produkt\/kugelschreiber-cape\/#primaryimage"},"image":{"@id":"https:\/\/pen.eu\/produkt\/kugelschreiber-cape\/#primaryimage"},"thumbnailUrl":"https:\/\/pen.eu\/wp-content\/uploads\/2024\/09\/051104105-GML.jpg","datePublished":"2024-09-19T07:16:22+00:00","dateModified":"2026-01-22T06:26:06+00:00","breadcrumb":{"@id":"https:\/\/pen.eu\/produkt\/kugelschreiber-cape\/#breadcrumb"},"inLanguage":"de-CH","potentialAction":[{"@type":"ReadAction","target":["https:\/\/pen.eu\/produkt\/kugelschreiber-cape\/"]}]},{"@type":"ImageObject","inLanguage":"de-CH","@id":"https:\/\/pen.eu\/produkt\/kugelschreiber-cape\/#primaryimage","url":"https:\/\/pen.eu\/wp-content\/uploads\/2024\/09\/051104105-GML.jpg","contentUrl":"https:\/\/pen.eu\/wp-content\/uploads\/2024\/09\/051104105-GML.jpg","width":1800,"height":1800},{"@type":"BreadcrumbList","@id":"https:\/\/pen.eu\/produkt\/kugelschreiber-cape\/#breadcrumb","itemListElement":[{"@type":"ListItem","position":1,"name":"Home","item":"https:\/\/pen.eu\/"},{"@type":"ListItem","position":2,"name":"Shop","item":"https:\/\/pen.eu\/ch\/shop\/"},{"@type":"ListItem","position":3,"name":"Kugelschreiber &#8220;Cape&#8221;"}]},{"@type":"WebSite","@id":"https:\/\/pen.eu\/#website","url":"https:\/\/pen.eu\/","name":"PEN.EU","description":"Kugelschreiber bedrucken mit Logo | pen.eu","potentialAction":[{"@type":"SearchAction","target":{"@type":"EntryPoint","urlTemplate":"https:\/\/pen.eu\/?s={search_term_string}"},"query-input":{"@type":"PropertyValueSpecification","valueRequired":true,"valueName":"search_term_string"}}],"inLanguage":"de-CH"}]}},"_links":{"self":[{"href":"https:\/\/pen.eu\/ch\/wp-json\/wp\/v2\/product\/117","targetHints":{"allow":["GET"]}}],"collection":[{"href":"https:\/\/pen.eu\/ch\/wp-json\/wp\/v2\/product"}],"about":[{"href":"https:\/\/pen.eu\/ch\/wp-json\/wp\/v2\/types\/product"}],"replies":[{"embeddable":true,"href":"https:\/\/pen.eu\/ch\/wp-json\/wp\/v2\/comments?post=117"}],"wp:featuredmedia":[{"embeddable":true,"href":"https:\/\/pen.eu\/ch\/wp-json\/wp\/v2\/media\/118"}],"wp:attachment":[{"href":"https:\/\/pen.eu\/ch\/wp-json\/wp\/v2\/media?parent=117"}],"wp:term":[{"taxonomy":"product_brand","embeddable":true,"href":"https:\/\/pen.eu\/ch\/wp-json\/wp\/v2\/product_brand?post=117"},{"taxonomy":"product_cat","embeddable":true,"href":"https:\/\/pen.eu\/ch\/wp-json\/wp\/v2\/product_cat?post=117"},{"taxonomy":"product_tag","embeddable":true,"href":"https:\/\/pen.eu\/ch\/wp-json\/wp\/v2\/product_tag?post=117"}],"curies":[{"name":"wp","href":"https:\/\/api.w.org\/{rel}","templated":true}]}}