{"id":121,"date":"2024-09-19T09:16:22","date_gmt":"2024-09-19T07:16:22","guid":{"rendered":"https:\/\/v2.frank-pen.de\/produkt\/kugelschreiber-costa-mono\/"},"modified":"2025-10-10T08:04:22","modified_gmt":"2025-10-10T06:04:22","slug":"kugelschreiber-diamond-mono","status":"publish","type":"product","link":"https:\/\/pen.eu\/ch\/produkt\/kugelschreiber-diamond-mono\/","title":{"rendered":"Kugelschreiber &#8220;Diamond Mono&#8221;"},"content":{"rendered":"<p>Der neue, elegante und farbenfrohe Kugelschreiber &#8220;Diamond Mono&#8221;, auch bekannt als &#8220;Costa Mono&#8221;, setzt sich mit seinem auff\u00e4lligen Design deutlich von anderen ab. Besonders hervorstechend sind die trendigen Farben und die gl\u00e4nzenden Chromringe, die f\u00fcr maximale Sichtbarkeit sorgen. Mit diesem stilvollen Kugelschreiber bringen Sie Ihre Marke optimal zur Geltung und profitieren von einem angenehmen Schreibkomfort sowie der Touchscreen-Nutzung dank des farblich abgestimmten Stylus am Schaft. Gestalten Sie Ihr Branding individuell und \u00fcberzeugen Sie sich selbst von diesem herausragenden Werbegeschenk!<\/p>","protected":false},"excerpt":{"rendered":"<p>Der neue, elegante und farbenfrohe Kugelschreiber &#8220;Diamond Mono&#8221;, auch bekannt als &#8220;Costa Mono&#8221;, setzt sich mit seinem auff\u00e4lligen Design deutlich von anderen ab. Besonders hervorstechend sind die trendigen Farben und die gl\u00e4nzenden Chromringe, die f\u00fcr maximale Sichtbarkeit sorgen. Mit diesem stilvollen Kugelschreiber bringen Sie Ihre Marke optimal zur Geltung und profitieren von einem angenehmen Schreibkomfort [&hellip;]<\/p>\n","protected":false},"featured_media":122,"comment_status":"open","ping_status":"closed","template":"","meta":[],"product_brand":[],"product_cat":[309,247],"product_tag":[521,520,657],"class_list":{"0":"post-121","1":"product","2":"type-product","3":"status-publish","4":"has-post-thumbnail","6":"product_cat-kugelschreiber-aus-metall","7":"product_cat-schreibgeraete","8":"product_tag-2303-fp-1038","9":"product_tag-msm","10":"product_tag-shortpen","11":"pa_eigenschaft-monochrome","12":"pa_eigenschaft-soft-touch","13":"pa_eigenschaft-stylus","14":"pa_farbe-anthrazit","15":"pa_farbe-burgundrot","16":"pa_farbe-marine","17":"pa_material-gummi","18":"pa_material-metall","19":"pa_mindestmenge-24","20":"pa_minenfarbe-blau","21":"pa_minenfarbe-schwarz","22":"pa_werbeanbringung-lasergravur","24":"first","25":"instock","26":"taxable","27":"shipping-taxable","28":"purchasable","29":"product-type-variable","30":"has-default-attributes","31":"add-to-wishlist-after_add_to_cart"},"yoast_head":"<!-- This site is optimized with the Yoast SEO plugin v27.4 - https:\/\/yoast.com\/product\/yoast-seo-wordpress\/ -->\n<title>Kugelschreiber &quot;Diamond Mono&quot; - PEN.EU<\/title>\n<meta name=\"robots\" content=\"index, follow, max-snippet:-1, max-image-preview:large, max-video-preview:-1\" \/>\n<link rel=\"canonical\" href=\"https:\/\/pen.eu\/ch\/produkt\/kugelschreiber-diamond-mono\/\" \/>\n<meta property=\"og:locale\" content=\"de_DE\" \/>\n<meta property=\"og:type\" content=\"article\" \/>\n<meta property=\"og:title\" content=\"Kugelschreiber &quot;Diamond Mono&quot; - PEN.EU\" \/>\n<meta property=\"og:description\" content=\"Der neue, elegante und farbenfrohe Kugelschreiber &#8220;Diamond Mono&#8221;, auch bekannt als &#8220;Costa Mono&#8221;, setzt sich mit seinem auff\u00e4lligen Design deutlich von anderen ab. Besonders hervorstechend sind die trendigen Farben und die gl\u00e4nzenden Chromringe, die f\u00fcr maximale Sichtbarkeit sorgen. Mit diesem stilvollen Kugelschreiber bringen Sie Ihre Marke optimal zur Geltung und profitieren von einem angenehmen Schreibkomfort [&hellip;]\" \/>\n<meta property=\"og:url\" content=\"https:\/\/pen.eu\/ch\/produkt\/kugelschreiber-diamond-mono\/\" \/>\n<meta property=\"og:site_name\" content=\"PEN.EU\" \/>\n<meta property=\"article:modified_time\" content=\"2025-10-10T06:04:22+00:00\" \/>\n<meta property=\"og:image\" content=\"https:\/\/pen.eu\/wp-content\/uploads\/2024\/09\/0511038113-GL.jpg\" \/>\n\t<meta property=\"og:image:width\" content=\"1800\" \/>\n\t<meta property=\"og:image:height\" content=\"1800\" \/>\n\t<meta property=\"og:image:type\" content=\"image\/jpeg\" \/>\n<meta name=\"twitter:card\" content=\"summary_large_image\" \/>\n<script type=\"application\/ld+json\" class=\"yoast-schema-graph\">{\"@context\":\"https:\\\/\\\/schema.org\",\"@graph\":[{\"@type\":\"WebPage\",\"@id\":\"https:\\\/\\\/pen.eu\\\/produkt\\\/kugelschreiber-diamond-mono\\\/\",\"url\":\"https:\\\/\\\/pen.eu\\\/produkt\\\/kugelschreiber-diamond-mono\\\/\",\"name\":\"Kugelschreiber \\\"Diamond Mono\\\" - PEN.EU\",\"isPartOf\":{\"@id\":\"https:\\\/\\\/pen.eu\\\/#website\"},\"primaryImageOfPage\":{\"@id\":\"https:\\\/\\\/pen.eu\\\/produkt\\\/kugelschreiber-diamond-mono\\\/#primaryimage\"},\"image\":{\"@id\":\"https:\\\/\\\/pen.eu\\\/produkt\\\/kugelschreiber-diamond-mono\\\/#primaryimage\"},\"thumbnailUrl\":\"https:\\\/\\\/pen.eu\\\/wp-content\\\/uploads\\\/2024\\\/09\\\/0511038113-GL.jpg\",\"datePublished\":\"2024-09-19T07:16:22+00:00\",\"dateModified\":\"2025-10-10T06:04:22+00:00\",\"breadcrumb\":{\"@id\":\"https:\\\/\\\/pen.eu\\\/produkt\\\/kugelschreiber-diamond-mono\\\/#breadcrumb\"},\"inLanguage\":\"de-CH\",\"potentialAction\":[{\"@type\":\"ReadAction\",\"target\":[\"https:\\\/\\\/pen.eu\\\/produkt\\\/kugelschreiber-diamond-mono\\\/\"]}]},{\"@type\":\"ImageObject\",\"inLanguage\":\"de-CH\",\"@id\":\"https:\\\/\\\/pen.eu\\\/produkt\\\/kugelschreiber-diamond-mono\\\/#primaryimage\",\"url\":\"https:\\\/\\\/pen.eu\\\/wp-content\\\/uploads\\\/2024\\\/09\\\/0511038113-GL.jpg\",\"contentUrl\":\"https:\\\/\\\/pen.eu\\\/wp-content\\\/uploads\\\/2024\\\/09\\\/0511038113-GL.jpg\",\"width\":1800,\"height\":1800},{\"@type\":\"BreadcrumbList\",\"@id\":\"https:\\\/\\\/pen.eu\\\/produkt\\\/kugelschreiber-diamond-mono\\\/#breadcrumb\",\"itemListElement\":[{\"@type\":\"ListItem\",\"position\":1,\"name\":\"Home\",\"item\":\"https:\\\/\\\/pen.eu\\\/\"},{\"@type\":\"ListItem\",\"position\":2,\"name\":\"Shop\",\"item\":\"https:\\\/\\\/pen.eu\\\/ch\\\/shop\\\/\"},{\"@type\":\"ListItem\",\"position\":3,\"name\":\"Kugelschreiber &#8220;Diamond Mono&#8221;\"}]},{\"@type\":\"WebSite\",\"@id\":\"https:\\\/\\\/pen.eu\\\/#website\",\"url\":\"https:\\\/\\\/pen.eu\\\/\",\"name\":\"PEN.EU\",\"description\":\"Kugelschreiber bedrucken mit Logo | pen.eu\",\"potentialAction\":[{\"@type\":\"SearchAction\",\"target\":{\"@type\":\"EntryPoint\",\"urlTemplate\":\"https:\\\/\\\/pen.eu\\\/?s={search_term_string}\"},\"query-input\":{\"@type\":\"PropertyValueSpecification\",\"valueRequired\":true,\"valueName\":\"search_term_string\"}}],\"inLanguage\":\"de-CH\"}]}<\/script>\n<!-- \/ Yoast SEO plugin. -->","yoast_head_json":{"title":"Kugelschreiber \"Diamond Mono\" - PEN.EU","robots":{"index":"index","follow":"follow","max-snippet":"max-snippet:-1","max-image-preview":"max-image-preview:large","max-video-preview":"max-video-preview:-1"},"canonical":"https:\/\/pen.eu\/ch\/produkt\/kugelschreiber-diamond-mono\/","og_locale":"de_DE","og_type":"article","og_title":"Kugelschreiber \"Diamond Mono\" - PEN.EU","og_description":"Der neue, elegante und farbenfrohe Kugelschreiber &#8220;Diamond Mono&#8221;, auch bekannt als &#8220;Costa Mono&#8221;, setzt sich mit seinem auff\u00e4lligen Design deutlich von anderen ab. Besonders hervorstechend sind die trendigen Farben und die gl\u00e4nzenden Chromringe, die f\u00fcr maximale Sichtbarkeit sorgen. Mit diesem stilvollen Kugelschreiber bringen Sie Ihre Marke optimal zur Geltung und profitieren von einem angenehmen Schreibkomfort [&hellip;]","og_url":"https:\/\/pen.eu\/ch\/produkt\/kugelschreiber-diamond-mono\/","og_site_name":"PEN.EU","article_modified_time":"2025-10-10T06:04:22+00:00","og_image":[{"width":1800,"height":1800,"url":"https:\/\/pen.eu\/wp-content\/uploads\/2024\/09\/0511038113-GL.jpg","type":"image\/jpeg"}],"twitter_card":"summary_large_image","schema":{"@context":"https:\/\/schema.org","@graph":[{"@type":"WebPage","@id":"https:\/\/pen.eu\/produkt\/kugelschreiber-diamond-mono\/","url":"https:\/\/pen.eu\/produkt\/kugelschreiber-diamond-mono\/","name":"Kugelschreiber \"Diamond Mono\" - PEN.EU","isPartOf":{"@id":"https:\/\/pen.eu\/#website"},"primaryImageOfPage":{"@id":"https:\/\/pen.eu\/produkt\/kugelschreiber-diamond-mono\/#primaryimage"},"image":{"@id":"https:\/\/pen.eu\/produkt\/kugelschreiber-diamond-mono\/#primaryimage"},"thumbnailUrl":"https:\/\/pen.eu\/wp-content\/uploads\/2024\/09\/0511038113-GL.jpg","datePublished":"2024-09-19T07:16:22+00:00","dateModified":"2025-10-10T06:04:22+00:00","breadcrumb":{"@id":"https:\/\/pen.eu\/produkt\/kugelschreiber-diamond-mono\/#breadcrumb"},"inLanguage":"de-CH","potentialAction":[{"@type":"ReadAction","target":["https:\/\/pen.eu\/produkt\/kugelschreiber-diamond-mono\/"]}]},{"@type":"ImageObject","inLanguage":"de-CH","@id":"https:\/\/pen.eu\/produkt\/kugelschreiber-diamond-mono\/#primaryimage","url":"https:\/\/pen.eu\/wp-content\/uploads\/2024\/09\/0511038113-GL.jpg","contentUrl":"https:\/\/pen.eu\/wp-content\/uploads\/2024\/09\/0511038113-GL.jpg","width":1800,"height":1800},{"@type":"BreadcrumbList","@id":"https:\/\/pen.eu\/produkt\/kugelschreiber-diamond-mono\/#breadcrumb","itemListElement":[{"@type":"ListItem","position":1,"name":"Home","item":"https:\/\/pen.eu\/"},{"@type":"ListItem","position":2,"name":"Shop","item":"https:\/\/pen.eu\/ch\/shop\/"},{"@type":"ListItem","position":3,"name":"Kugelschreiber &#8220;Diamond Mono&#8221;"}]},{"@type":"WebSite","@id":"https:\/\/pen.eu\/#website","url":"https:\/\/pen.eu\/","name":"PEN.EU","description":"Kugelschreiber bedrucken mit Logo | pen.eu","potentialAction":[{"@type":"SearchAction","target":{"@type":"EntryPoint","urlTemplate":"https:\/\/pen.eu\/?s={search_term_string}"},"query-input":{"@type":"PropertyValueSpecification","valueRequired":true,"valueName":"search_term_string"}}],"inLanguage":"de-CH"}]}},"_links":{"self":[{"href":"https:\/\/pen.eu\/ch\/wp-json\/wp\/v2\/product\/121","targetHints":{"allow":["GET"]}}],"collection":[{"href":"https:\/\/pen.eu\/ch\/wp-json\/wp\/v2\/product"}],"about":[{"href":"https:\/\/pen.eu\/ch\/wp-json\/wp\/v2\/types\/product"}],"replies":[{"embeddable":true,"href":"https:\/\/pen.eu\/ch\/wp-json\/wp\/v2\/comments?post=121"}],"wp:featuredmedia":[{"embeddable":true,"href":"https:\/\/pen.eu\/ch\/wp-json\/wp\/v2\/media\/122"}],"wp:attachment":[{"href":"https:\/\/pen.eu\/ch\/wp-json\/wp\/v2\/media?parent=121"}],"wp:term":[{"taxonomy":"product_brand","embeddable":true,"href":"https:\/\/pen.eu\/ch\/wp-json\/wp\/v2\/product_brand?post=121"},{"taxonomy":"product_cat","embeddable":true,"href":"https:\/\/pen.eu\/ch\/wp-json\/wp\/v2\/product_cat?post=121"},{"taxonomy":"product_tag","embeddable":true,"href":"https:\/\/pen.eu\/ch\/wp-json\/wp\/v2\/product_tag?post=121"}],"curies":[{"name":"wp","href":"https:\/\/api.w.org\/{rel}","templated":true}]}}