{"id":15137,"date":"2025-07-28T10:03:28","date_gmt":"2025-07-28T08:03:28","guid":{"rendered":"https:\/\/v2.frank-pen.de\/?post_type=product&#038;p=15137"},"modified":"2025-10-06T12:54:10","modified_gmt":"2025-10-06T10:54:10","slug":"rucksack-ohio","status":"publish","type":"product","link":"https:\/\/pen.eu\/ch\/produkt\/rucksack-ohio\/","title":{"rendered":"Rucksack &#8220;Ohio&#8221;"},"content":{"rendered":"<p>Der Rucksack Ohio 17 L vereint nachhaltige Materialien mit durchdachtem Design und bietet eine stilvolle L\u00f6sung f\u00fcr den mobilen Alltag. Hergestellt aus robustem, 454 g\/m\u00b2 recyceltem Baumwoll-Canvas und einem Innenfutter aus rPET 210D, \u00fcberzeugt sie durch Langlebigkeit und Umweltbewusstsein. Das ger\u00e4umige Hauptfach mit Rei\u00dfverschluss bietet Platz f\u00fcr Laptops bis zu 38 cm. Eine praktische Fronttasche mit Rei\u00dfverschluss sorgt f\u00fcr schnellen Zugriff auf wichtige Dinge. Dank gepolsterter Schulterriemen l\u00e4sst sich die Tasche sowohl bequem als Rucksack als auch klassisch als Tragetasche nutzen. Der verst\u00e4rkte Boden aus recyceltem PU erh\u00f6ht die Strapazierf\u00e4higkeit, w\u00e4hrend ein Verschlussriemen an den oberen Griffen zus\u00e4tzlichen Komfort beim Tragen bietet. Ideal f\u00fcr den t\u00e4glichen Einsatz oder unterwegs \u2013 der Ohio Rucksack verbindet Funktionalit\u00e4t, Flexibilit\u00e4t und modernen Stil. Der integrierte QR-Code im Inneren bietet Zugang zu einem digitalen Produktpass f\u00fcr maximale Transparenz.<\/p>","protected":false},"excerpt":{"rendered":"<p>Der Rucksack Ohio 17 L vereint nachhaltige Materialien mit durchdachtem Design und bietet eine stilvolle L\u00f6sung f\u00fcr den mobilen Alltag. Hergestellt aus robustem, 454 g\/m\u00b2 recyceltem Baumwoll-Canvas und einem Innenfutter aus rPET 210D, \u00fcberzeugt sie durch Langlebigkeit und Umweltbewusstsein. Das ger\u00e4umige Hauptfach mit Rei\u00dfverschluss bietet Platz f\u00fcr Laptops bis zu 38 cm. Eine praktische Fronttasche [&hellip;]<\/p>\n","protected":false},"featured_media":15377,"comment_status":"open","ping_status":"closed","template":"","meta":[],"product_brand":[],"product_cat":[249],"product_tag":[792,689,817,693],"class_list":{"0":"post-15137","1":"product","2":"type-product","3":"status-publish","4":"has-post-thumbnail","6":"product_cat-taschen","7":"product_tag-left-49","8":"product_tag-slimsize","9":"product_tag-top-73","10":"product_tag-ukx","11":"pa_farbe-natuerlich","12":"pa_material-recyceltes-baumwoll","13":"pa_material-recyceltes-pu","14":"pa_mindestmenge-24","15":"pa_werbeanbringung-digitaldruck","16":"pa_werbeanbringung-siebdruck","18":"first","19":"instock","20":"taxable","21":"shipping-taxable","22":"purchasable","23":"product-type-variable","24":"add-to-wishlist-after_add_to_cart"},"yoast_head":"<!-- This site is optimized with the Yoast SEO plugin v27.4 - https:\/\/yoast.com\/product\/yoast-seo-wordpress\/ -->\n<title>Rucksack &quot;Ohio&quot; - PEN.EU<\/title>\n<meta name=\"robots\" content=\"index, follow, max-snippet:-1, max-image-preview:large, max-video-preview:-1\" \/>\n<link rel=\"canonical\" href=\"https:\/\/pen.eu\/ch\/produkt\/rucksack-ohio\/\" \/>\n<meta property=\"og:locale\" content=\"de_DE\" \/>\n<meta property=\"og:type\" content=\"article\" \/>\n<meta property=\"og:title\" content=\"Rucksack &quot;Ohio&quot; - PEN.EU\" \/>\n<meta property=\"og:description\" content=\"Der Rucksack Ohio 17 L vereint nachhaltige Materialien mit durchdachtem Design und bietet eine stilvolle L\u00f6sung f\u00fcr den mobilen Alltag. Hergestellt aus robustem, 454 g\/m\u00b2 recyceltem Baumwoll-Canvas und einem Innenfutter aus rPET 210D, \u00fcberzeugt sie durch Langlebigkeit und Umweltbewusstsein. Das ger\u00e4umige Hauptfach mit Rei\u00dfverschluss bietet Platz f\u00fcr Laptops bis zu 38 cm. Eine praktische Fronttasche [&hellip;]\" \/>\n<meta property=\"og:url\" content=\"https:\/\/pen.eu\/ch\/produkt\/rucksack-ohio\/\" \/>\n<meta property=\"og:site_name\" content=\"PEN.EU\" \/>\n<meta property=\"article:modified_time\" content=\"2025-10-06T10:54:10+00:00\" \/>\n<meta property=\"og:image\" content=\"https:\/\/pen.eu\/wp-content\/uploads\/2025\/07\/UKX-blank-navy-1024x1024.png\" \/>\n\t<meta property=\"og:image:width\" content=\"1024\" \/>\n\t<meta property=\"og:image:height\" content=\"1024\" \/>\n\t<meta property=\"og:image:type\" content=\"image\/png\" \/>\n<meta name=\"twitter:card\" content=\"summary_large_image\" \/>\n<meta name=\"twitter:label1\" content=\"Gesch\u00e4tzte Lesezeit\" \/>\n\t<meta name=\"twitter:data1\" content=\"1\u00a0Minute\" \/>\n<script type=\"application\/ld+json\" class=\"yoast-schema-graph\">{\"@context\":\"https:\\\/\\\/schema.org\",\"@graph\":[{\"@type\":\"WebPage\",\"@id\":\"https:\\\/\\\/pen.eu\\\/produkt\\\/rucksack-ohio\\\/\",\"url\":\"https:\\\/\\\/pen.eu\\\/produkt\\\/rucksack-ohio\\\/\",\"name\":\"Rucksack \\\"Ohio\\\" - PEN.EU\",\"isPartOf\":{\"@id\":\"https:\\\/\\\/pen.eu\\\/#website\"},\"primaryImageOfPage\":{\"@id\":\"https:\\\/\\\/pen.eu\\\/produkt\\\/rucksack-ohio\\\/#primaryimage\"},\"image\":{\"@id\":\"https:\\\/\\\/pen.eu\\\/produkt\\\/rucksack-ohio\\\/#primaryimage\"},\"thumbnailUrl\":\"https:\\\/\\\/pen.eu\\\/wp-content\\\/uploads\\\/2025\\\/07\\\/UKX-blank-navy.png\",\"datePublished\":\"2025-07-28T08:03:28+00:00\",\"dateModified\":\"2025-10-06T10:54:10+00:00\",\"breadcrumb\":{\"@id\":\"https:\\\/\\\/pen.eu\\\/produkt\\\/rucksack-ohio\\\/#breadcrumb\"},\"inLanguage\":\"de-CH\",\"potentialAction\":[{\"@type\":\"ReadAction\",\"target\":[\"https:\\\/\\\/pen.eu\\\/produkt\\\/rucksack-ohio\\\/\"]}]},{\"@type\":\"ImageObject\",\"inLanguage\":\"de-CH\",\"@id\":\"https:\\\/\\\/pen.eu\\\/produkt\\\/rucksack-ohio\\\/#primaryimage\",\"url\":\"https:\\\/\\\/pen.eu\\\/wp-content\\\/uploads\\\/2025\\\/07\\\/UKX-blank-navy.png\",\"contentUrl\":\"https:\\\/\\\/pen.eu\\\/wp-content\\\/uploads\\\/2025\\\/07\\\/UKX-blank-navy.png\",\"width\":2000,\"height\":2000,\"caption\":\"UKX-blank-navy\"},{\"@type\":\"BreadcrumbList\",\"@id\":\"https:\\\/\\\/pen.eu\\\/produkt\\\/rucksack-ohio\\\/#breadcrumb\",\"itemListElement\":[{\"@type\":\"ListItem\",\"position\":1,\"name\":\"Home\",\"item\":\"https:\\\/\\\/pen.eu\\\/\"},{\"@type\":\"ListItem\",\"position\":2,\"name\":\"Shop\",\"item\":\"https:\\\/\\\/pen.eu\\\/ch\\\/shop\\\/\"},{\"@type\":\"ListItem\",\"position\":3,\"name\":\"Rucksack &#8220;Ohio&#8221;\"}]},{\"@type\":\"WebSite\",\"@id\":\"https:\\\/\\\/pen.eu\\\/#website\",\"url\":\"https:\\\/\\\/pen.eu\\\/\",\"name\":\"PEN.EU\",\"description\":\"Kugelschreiber bedrucken mit Logo | pen.eu\",\"potentialAction\":[{\"@type\":\"SearchAction\",\"target\":{\"@type\":\"EntryPoint\",\"urlTemplate\":\"https:\\\/\\\/pen.eu\\\/?s={search_term_string}\"},\"query-input\":{\"@type\":\"PropertyValueSpecification\",\"valueRequired\":true,\"valueName\":\"search_term_string\"}}],\"inLanguage\":\"de-CH\"}]}<\/script>\n<!-- \/ Yoast SEO plugin. -->","yoast_head_json":{"title":"Rucksack \"Ohio\" - PEN.EU","robots":{"index":"index","follow":"follow","max-snippet":"max-snippet:-1","max-image-preview":"max-image-preview:large","max-video-preview":"max-video-preview:-1"},"canonical":"https:\/\/pen.eu\/ch\/produkt\/rucksack-ohio\/","og_locale":"de_DE","og_type":"article","og_title":"Rucksack \"Ohio\" - PEN.EU","og_description":"Der Rucksack Ohio 17 L vereint nachhaltige Materialien mit durchdachtem Design und bietet eine stilvolle L\u00f6sung f\u00fcr den mobilen Alltag. Hergestellt aus robustem, 454 g\/m\u00b2 recyceltem Baumwoll-Canvas und einem Innenfutter aus rPET 210D, \u00fcberzeugt sie durch Langlebigkeit und Umweltbewusstsein. Das ger\u00e4umige Hauptfach mit Rei\u00dfverschluss bietet Platz f\u00fcr Laptops bis zu 38 cm. Eine praktische Fronttasche [&hellip;]","og_url":"https:\/\/pen.eu\/ch\/produkt\/rucksack-ohio\/","og_site_name":"PEN.EU","article_modified_time":"2025-10-06T10:54:10+00:00","og_image":[{"width":1024,"height":1024,"url":"https:\/\/pen.eu\/wp-content\/uploads\/2025\/07\/UKX-blank-navy-1024x1024.png","type":"image\/png"}],"twitter_card":"summary_large_image","twitter_misc":{"Gesch\u00e4tzte Lesezeit":"1\u00a0Minute"},"schema":{"@context":"https:\/\/schema.org","@graph":[{"@type":"WebPage","@id":"https:\/\/pen.eu\/produkt\/rucksack-ohio\/","url":"https:\/\/pen.eu\/produkt\/rucksack-ohio\/","name":"Rucksack \"Ohio\" - PEN.EU","isPartOf":{"@id":"https:\/\/pen.eu\/#website"},"primaryImageOfPage":{"@id":"https:\/\/pen.eu\/produkt\/rucksack-ohio\/#primaryimage"},"image":{"@id":"https:\/\/pen.eu\/produkt\/rucksack-ohio\/#primaryimage"},"thumbnailUrl":"https:\/\/pen.eu\/wp-content\/uploads\/2025\/07\/UKX-blank-navy.png","datePublished":"2025-07-28T08:03:28+00:00","dateModified":"2025-10-06T10:54:10+00:00","breadcrumb":{"@id":"https:\/\/pen.eu\/produkt\/rucksack-ohio\/#breadcrumb"},"inLanguage":"de-CH","potentialAction":[{"@type":"ReadAction","target":["https:\/\/pen.eu\/produkt\/rucksack-ohio\/"]}]},{"@type":"ImageObject","inLanguage":"de-CH","@id":"https:\/\/pen.eu\/produkt\/rucksack-ohio\/#primaryimage","url":"https:\/\/pen.eu\/wp-content\/uploads\/2025\/07\/UKX-blank-navy.png","contentUrl":"https:\/\/pen.eu\/wp-content\/uploads\/2025\/07\/UKX-blank-navy.png","width":2000,"height":2000,"caption":"UKX-blank-navy"},{"@type":"BreadcrumbList","@id":"https:\/\/pen.eu\/produkt\/rucksack-ohio\/#breadcrumb","itemListElement":[{"@type":"ListItem","position":1,"name":"Home","item":"https:\/\/pen.eu\/"},{"@type":"ListItem","position":2,"name":"Shop","item":"https:\/\/pen.eu\/ch\/shop\/"},{"@type":"ListItem","position":3,"name":"Rucksack &#8220;Ohio&#8221;"}]},{"@type":"WebSite","@id":"https:\/\/pen.eu\/#website","url":"https:\/\/pen.eu\/","name":"PEN.EU","description":"Kugelschreiber bedrucken mit Logo | pen.eu","potentialAction":[{"@type":"SearchAction","target":{"@type":"EntryPoint","urlTemplate":"https:\/\/pen.eu\/?s={search_term_string}"},"query-input":{"@type":"PropertyValueSpecification","valueRequired":true,"valueName":"search_term_string"}}],"inLanguage":"de-CH"}]}},"_links":{"self":[{"href":"https:\/\/pen.eu\/ch\/wp-json\/wp\/v2\/product\/15137","targetHints":{"allow":["GET"]}}],"collection":[{"href":"https:\/\/pen.eu\/ch\/wp-json\/wp\/v2\/product"}],"about":[{"href":"https:\/\/pen.eu\/ch\/wp-json\/wp\/v2\/types\/product"}],"replies":[{"embeddable":true,"href":"https:\/\/pen.eu\/ch\/wp-json\/wp\/v2\/comments?post=15137"}],"wp:featuredmedia":[{"embeddable":true,"href":"https:\/\/pen.eu\/ch\/wp-json\/wp\/v2\/media\/15377"}],"wp:attachment":[{"href":"https:\/\/pen.eu\/ch\/wp-json\/wp\/v2\/media?parent=15137"}],"wp:term":[{"taxonomy":"product_brand","embeddable":true,"href":"https:\/\/pen.eu\/ch\/wp-json\/wp\/v2\/product_brand?post=15137"},{"taxonomy":"product_cat","embeddable":true,"href":"https:\/\/pen.eu\/ch\/wp-json\/wp\/v2\/product_cat?post=15137"},{"taxonomy":"product_tag","embeddable":true,"href":"https:\/\/pen.eu\/ch\/wp-json\/wp\/v2\/product_tag?post=15137"}],"curies":[{"name":"wp","href":"https:\/\/api.w.org\/{rel}","templated":true}]}}