{"id":15296,"date":"2025-07-28T14:23:13","date_gmt":"2025-07-28T12:23:13","guid":{"rendered":"https:\/\/v2.frank-pen.de\/?post_type=product&#038;p=15296"},"modified":"2025-10-06T12:54:09","modified_gmt":"2025-10-06T10:54:09","slug":"rucksack-boston","status":"publish","type":"product","link":"https:\/\/pen.eu\/ch\/produkt\/rucksack-boston\/","title":{"rendered":"Rucksack &#8220;Boston&#8221;"},"content":{"rendered":"<p>Die Boston Umh\u00e4ngetasche \u2013 9\u202fL \u2013 kombiniert durchdachtes Design mit Sicherheit und Komfort. Gefertigt aus strapazierf\u00e4higem nachhaltigen Material, bietet sie zwei Tragem\u00f6glichkeiten, einen gepolsterten Schulterriemen sowie ein separates Fach f\u00fcr ein iPad. Eine versteckte R\u00fcckentasche, eine Fronttasche mit Metallhaken und reflektierende Details sorgen f\u00fcr Funktionalit\u00e4t und Sichtbarkeit. In der seitlichen Rei\u00dfverschlusstasche sch\u00fctzt RFID-Technologie Ihre Karten vor unbefugtem Zugriff. Der Diebstahlschutz-Rei\u00dfverschluss und ein QR-Code zum digitalen Produktpass machen diese Tasche zum idealen Begleiter im urbanen Alltag.<\/p>","protected":false},"excerpt":{"rendered":"<p>Die Boston Umh\u00e4ngetasche \u2013 9\u202fL \u2013 kombiniert durchdachtes Design mit Sicherheit und Komfort. Gefertigt aus strapazierf\u00e4higem nachhaltigen Material, bietet sie zwei Tragem\u00f6glichkeiten, einen gepolsterten Schulterriemen sowie ein separates Fach f\u00fcr ein iPad. Eine versteckte R\u00fcckentasche, eine Fronttasche mit Metallhaken und reflektierende Details sorgen f\u00fcr Funktionalit\u00e4t und Sichtbarkeit. In der seitlichen Rei\u00dfverschlusstasche sch\u00fctzt RFID-Technologie Ihre Karten [&hellip;]<\/p>\n","protected":false},"featured_media":15477,"comment_status":"open","ping_status":"closed","template":"","meta":[],"product_brand":[],"product_cat":[249],"product_tag":[700],"class_list":{"0":"post-15296","1":"product","2":"type-product","3":"status-publish","4":"has-post-thumbnail","6":"product_cat-taschen","7":"product_tag-uks","8":"pa_farbe-natuerlich","9":"pa_material-repreve","10":"pa_mindestmenge-24","11":"pa_werbeanbringung-digitaldruck","12":"pa_werbeanbringung-siebdruck","14":"first","15":"instock","16":"taxable","17":"shipping-taxable","18":"purchasable","19":"product-type-variable","20":"add-to-wishlist-after_add_to_cart"},"yoast_head":"<!-- This site is optimized with the Yoast SEO plugin v27.4 - https:\/\/yoast.com\/product\/yoast-seo-wordpress\/ -->\n<title>Rucksack &quot;Boston&quot; - PEN.EU<\/title>\n<meta name=\"robots\" content=\"index, follow, max-snippet:-1, max-image-preview:large, max-video-preview:-1\" \/>\n<link rel=\"canonical\" href=\"https:\/\/pen.eu\/ch\/produkt\/rucksack-boston\/\" \/>\n<meta property=\"og:locale\" content=\"de_DE\" \/>\n<meta property=\"og:type\" content=\"article\" \/>\n<meta property=\"og:title\" content=\"Rucksack &quot;Boston&quot; - PEN.EU\" \/>\n<meta property=\"og:description\" content=\"Die Boston Umh\u00e4ngetasche \u2013 9\u202fL \u2013 kombiniert durchdachtes Design mit Sicherheit und Komfort. Gefertigt aus strapazierf\u00e4higem nachhaltigen Material, bietet sie zwei Tragem\u00f6glichkeiten, einen gepolsterten Schulterriemen sowie ein separates Fach f\u00fcr ein iPad. Eine versteckte R\u00fcckentasche, eine Fronttasche mit Metallhaken und reflektierende Details sorgen f\u00fcr Funktionalit\u00e4t und Sichtbarkeit. In der seitlichen Rei\u00dfverschlusstasche sch\u00fctzt RFID-Technologie Ihre Karten [&hellip;]\" \/>\n<meta property=\"og:url\" content=\"https:\/\/pen.eu\/ch\/produkt\/rucksack-boston\/\" \/>\n<meta property=\"og:site_name\" content=\"PEN.EU\" \/>\n<meta property=\"article:modified_time\" content=\"2025-10-06T10:54:09+00:00\" \/>\n<meta property=\"og:image\" content=\"https:\/\/pen.eu\/wp-content\/uploads\/2025\/07\/UKS-blank-black.png\" \/>\n\t<meta property=\"og:image:width\" content=\"2000\" \/>\n\t<meta property=\"og:image:height\" content=\"2000\" \/>\n\t<meta property=\"og:image:type\" content=\"image\/png\" \/>\n<meta name=\"twitter:card\" content=\"summary_large_image\" \/>\n<script type=\"application\/ld+json\" class=\"yoast-schema-graph\">{\"@context\":\"https:\\\/\\\/schema.org\",\"@graph\":[{\"@type\":\"WebPage\",\"@id\":\"https:\\\/\\\/pen.eu\\\/produkt\\\/rucksack-boston\\\/\",\"url\":\"https:\\\/\\\/pen.eu\\\/produkt\\\/rucksack-boston\\\/\",\"name\":\"Rucksack \\\"Boston\\\" - PEN.EU\",\"isPartOf\":{\"@id\":\"https:\\\/\\\/pen.eu\\\/#website\"},\"primaryImageOfPage\":{\"@id\":\"https:\\\/\\\/pen.eu\\\/produkt\\\/rucksack-boston\\\/#primaryimage\"},\"image\":{\"@id\":\"https:\\\/\\\/pen.eu\\\/produkt\\\/rucksack-boston\\\/#primaryimage\"},\"thumbnailUrl\":\"https:\\\/\\\/pen.eu\\\/wp-content\\\/uploads\\\/2025\\\/07\\\/UKS-blank-black.png\",\"datePublished\":\"2025-07-28T12:23:13+00:00\",\"dateModified\":\"2025-10-06T10:54:09+00:00\",\"breadcrumb\":{\"@id\":\"https:\\\/\\\/pen.eu\\\/produkt\\\/rucksack-boston\\\/#breadcrumb\"},\"inLanguage\":\"de-CH\",\"potentialAction\":[{\"@type\":\"ReadAction\",\"target\":[\"https:\\\/\\\/pen.eu\\\/produkt\\\/rucksack-boston\\\/\"]}]},{\"@type\":\"ImageObject\",\"inLanguage\":\"de-CH\",\"@id\":\"https:\\\/\\\/pen.eu\\\/produkt\\\/rucksack-boston\\\/#primaryimage\",\"url\":\"https:\\\/\\\/pen.eu\\\/wp-content\\\/uploads\\\/2025\\\/07\\\/UKS-blank-black.png\",\"contentUrl\":\"https:\\\/\\\/pen.eu\\\/wp-content\\\/uploads\\\/2025\\\/07\\\/UKS-blank-black.png\",\"width\":2000,\"height\":2000,\"caption\":\"UKS-blank-black\"},{\"@type\":\"BreadcrumbList\",\"@id\":\"https:\\\/\\\/pen.eu\\\/produkt\\\/rucksack-boston\\\/#breadcrumb\",\"itemListElement\":[{\"@type\":\"ListItem\",\"position\":1,\"name\":\"Home\",\"item\":\"https:\\\/\\\/pen.eu\\\/\"},{\"@type\":\"ListItem\",\"position\":2,\"name\":\"Shop\",\"item\":\"https:\\\/\\\/pen.eu\\\/ch\\\/shop\\\/\"},{\"@type\":\"ListItem\",\"position\":3,\"name\":\"Rucksack &#8220;Boston&#8221;\"}]},{\"@type\":\"WebSite\",\"@id\":\"https:\\\/\\\/pen.eu\\\/#website\",\"url\":\"https:\\\/\\\/pen.eu\\\/\",\"name\":\"PEN.EU\",\"description\":\"Kugelschreiber bedrucken mit Logo | pen.eu\",\"potentialAction\":[{\"@type\":\"SearchAction\",\"target\":{\"@type\":\"EntryPoint\",\"urlTemplate\":\"https:\\\/\\\/pen.eu\\\/?s={search_term_string}\"},\"query-input\":{\"@type\":\"PropertyValueSpecification\",\"valueRequired\":true,\"valueName\":\"search_term_string\"}}],\"inLanguage\":\"de-CH\"}]}<\/script>\n<!-- \/ Yoast SEO plugin. -->","yoast_head_json":{"title":"Rucksack \"Boston\" - PEN.EU","robots":{"index":"index","follow":"follow","max-snippet":"max-snippet:-1","max-image-preview":"max-image-preview:large","max-video-preview":"max-video-preview:-1"},"canonical":"https:\/\/pen.eu\/ch\/produkt\/rucksack-boston\/","og_locale":"de_DE","og_type":"article","og_title":"Rucksack \"Boston\" - PEN.EU","og_description":"Die Boston Umh\u00e4ngetasche \u2013 9\u202fL \u2013 kombiniert durchdachtes Design mit Sicherheit und Komfort. Gefertigt aus strapazierf\u00e4higem nachhaltigen Material, bietet sie zwei Tragem\u00f6glichkeiten, einen gepolsterten Schulterriemen sowie ein separates Fach f\u00fcr ein iPad. Eine versteckte R\u00fcckentasche, eine Fronttasche mit Metallhaken und reflektierende Details sorgen f\u00fcr Funktionalit\u00e4t und Sichtbarkeit. In der seitlichen Rei\u00dfverschlusstasche sch\u00fctzt RFID-Technologie Ihre Karten [&hellip;]","og_url":"https:\/\/pen.eu\/ch\/produkt\/rucksack-boston\/","og_site_name":"PEN.EU","article_modified_time":"2025-10-06T10:54:09+00:00","og_image":[{"width":2000,"height":2000,"url":"https:\/\/pen.eu\/wp-content\/uploads\/2025\/07\/UKS-blank-black.png","type":"image\/png"}],"twitter_card":"summary_large_image","schema":{"@context":"https:\/\/schema.org","@graph":[{"@type":"WebPage","@id":"https:\/\/pen.eu\/produkt\/rucksack-boston\/","url":"https:\/\/pen.eu\/produkt\/rucksack-boston\/","name":"Rucksack \"Boston\" - PEN.EU","isPartOf":{"@id":"https:\/\/pen.eu\/#website"},"primaryImageOfPage":{"@id":"https:\/\/pen.eu\/produkt\/rucksack-boston\/#primaryimage"},"image":{"@id":"https:\/\/pen.eu\/produkt\/rucksack-boston\/#primaryimage"},"thumbnailUrl":"https:\/\/pen.eu\/wp-content\/uploads\/2025\/07\/UKS-blank-black.png","datePublished":"2025-07-28T12:23:13+00:00","dateModified":"2025-10-06T10:54:09+00:00","breadcrumb":{"@id":"https:\/\/pen.eu\/produkt\/rucksack-boston\/#breadcrumb"},"inLanguage":"de-CH","potentialAction":[{"@type":"ReadAction","target":["https:\/\/pen.eu\/produkt\/rucksack-boston\/"]}]},{"@type":"ImageObject","inLanguage":"de-CH","@id":"https:\/\/pen.eu\/produkt\/rucksack-boston\/#primaryimage","url":"https:\/\/pen.eu\/wp-content\/uploads\/2025\/07\/UKS-blank-black.png","contentUrl":"https:\/\/pen.eu\/wp-content\/uploads\/2025\/07\/UKS-blank-black.png","width":2000,"height":2000,"caption":"UKS-blank-black"},{"@type":"BreadcrumbList","@id":"https:\/\/pen.eu\/produkt\/rucksack-boston\/#breadcrumb","itemListElement":[{"@type":"ListItem","position":1,"name":"Home","item":"https:\/\/pen.eu\/"},{"@type":"ListItem","position":2,"name":"Shop","item":"https:\/\/pen.eu\/ch\/shop\/"},{"@type":"ListItem","position":3,"name":"Rucksack &#8220;Boston&#8221;"}]},{"@type":"WebSite","@id":"https:\/\/pen.eu\/#website","url":"https:\/\/pen.eu\/","name":"PEN.EU","description":"Kugelschreiber bedrucken mit Logo | pen.eu","potentialAction":[{"@type":"SearchAction","target":{"@type":"EntryPoint","urlTemplate":"https:\/\/pen.eu\/?s={search_term_string}"},"query-input":{"@type":"PropertyValueSpecification","valueRequired":true,"valueName":"search_term_string"}}],"inLanguage":"de-CH"}]}},"_links":{"self":[{"href":"https:\/\/pen.eu\/ch\/wp-json\/wp\/v2\/product\/15296","targetHints":{"allow":["GET"]}}],"collection":[{"href":"https:\/\/pen.eu\/ch\/wp-json\/wp\/v2\/product"}],"about":[{"href":"https:\/\/pen.eu\/ch\/wp-json\/wp\/v2\/types\/product"}],"replies":[{"embeddable":true,"href":"https:\/\/pen.eu\/ch\/wp-json\/wp\/v2\/comments?post=15296"}],"wp:featuredmedia":[{"embeddable":true,"href":"https:\/\/pen.eu\/ch\/wp-json\/wp\/v2\/media\/15477"}],"wp:attachment":[{"href":"https:\/\/pen.eu\/ch\/wp-json\/wp\/v2\/media?parent=15296"}],"wp:term":[{"taxonomy":"product_brand","embeddable":true,"href":"https:\/\/pen.eu\/ch\/wp-json\/wp\/v2\/product_brand?post=15296"},{"taxonomy":"product_cat","embeddable":true,"href":"https:\/\/pen.eu\/ch\/wp-json\/wp\/v2\/product_cat?post=15296"},{"taxonomy":"product_tag","embeddable":true,"href":"https:\/\/pen.eu\/ch\/wp-json\/wp\/v2\/product_tag?post=15296"}],"curies":[{"name":"wp","href":"https:\/\/api.w.org\/{rel}","templated":true}]}}