{"id":15303,"date":"2025-07-28T14:28:41","date_gmt":"2025-07-28T12:28:41","guid":{"rendered":"https:\/\/v2.frank-pen.de\/?post_type=product&#038;p=15303"},"modified":"2025-10-06T12:54:09","modified_gmt":"2025-10-06T10:54:09","slug":"rucksack-bayou","status":"publish","type":"product","link":"https:\/\/pen.eu\/ch\/produkt\/rucksack-bayou\/","title":{"rendered":"Rucksack &#8220;Bayou&#8221;"},"content":{"rendered":"<p>Der Bayou Sportrucksack aus 600D rPET-Polyester mit PU-Beschichtung vereint modernes Design mit durchdachter Funktionalit\u00e4t. Mit einem Fassungsverm\u00f6gen von 20 Litern und einer Traglast von bis zu 10\u202fkg bietet er ausreichend Platz f\u00fcr den Alltag. Das separate Laptopfach passt f\u00fcr Ger\u00e4te bis 15\u202fZoll, w\u00e4hrend die Vordertasche und zwei seitliche Netztaschen flexible Aufbewahrungsm\u00f6glichkeiten schaffen. Gepolsterte, verstellbare Schultergurte und ein verst\u00e4rkter Tragegriff sorgen f\u00fcr hohen Tragekomfort. Die \u00fcberkreuzte Elastikkordel und reflektierende Details erh\u00f6hen nicht nur die Sichtbarkeit, sondern auch den sportlichen Look. Rei\u00dfverschlusszieher aus schwarzem Gurtband setzen dezente Akzente \u2013 ideal f\u00fcr Beruf, Freizeit oder Training.<\/p>","protected":false},"excerpt":{"rendered":"<p>Der Bayou Sportrucksack aus 600D rPET-Polyester mit PU-Beschichtung vereint modernes Design mit durchdachter Funktionalit\u00e4t. Mit einem Fassungsverm\u00f6gen von 20 Litern und einer Traglast von bis zu 10\u202fkg bietet er ausreichend Platz f\u00fcr den Alltag. Das separate Laptopfach passt f\u00fcr Ger\u00e4te bis 15\u202fZoll, w\u00e4hrend die Vordertasche und zwei seitliche Netztaschen flexible Aufbewahrungsm\u00f6glichkeiten schaffen. Gepolsterte, verstellbare Schultergurte [&hellip;]<\/p>\n","protected":false},"featured_media":15492,"comment_status":"open","ping_status":"closed","template":"","meta":[],"product_brand":[],"product_cat":[249],"product_tag":[690,689,701],"class_list":{"0":"post-15303","1":"product","2":"type-product","3":"status-publish","4":"has-post-thumbnail","6":"product_cat-taschen","7":"product_tag-backpack","8":"product_tag-slimsize","9":"product_tag-ujh","10":"pa_farbe-natuerlich","11":"pa_material-polyester","12":"pa_mindestmenge-24","13":"pa_werbeanbringung-digitaldruck","14":"pa_werbeanbringung-siebdruck","16":"first","17":"instock","18":"taxable","19":"shipping-taxable","20":"purchasable","21":"product-type-variable","22":"add-to-wishlist-after_add_to_cart"},"yoast_head":"<!-- This site is optimized with the Yoast SEO plugin v27.4 - https:\/\/yoast.com\/product\/yoast-seo-wordpress\/ -->\n<title>Rucksack &quot;Bayou&quot; - PEN.EU<\/title>\n<meta name=\"robots\" content=\"index, follow, max-snippet:-1, max-image-preview:large, max-video-preview:-1\" \/>\n<link rel=\"canonical\" href=\"https:\/\/pen.eu\/ch\/produkt\/rucksack-bayou\/\" \/>\n<meta property=\"og:locale\" content=\"de_DE\" \/>\n<meta property=\"og:type\" content=\"article\" \/>\n<meta property=\"og:title\" content=\"Rucksack &quot;Bayou&quot; - PEN.EU\" \/>\n<meta property=\"og:description\" content=\"Der Bayou Sportrucksack aus 600D rPET-Polyester mit PU-Beschichtung vereint modernes Design mit durchdachter Funktionalit\u00e4t. Mit einem Fassungsverm\u00f6gen von 20 Litern und einer Traglast von bis zu 10\u202fkg bietet er ausreichend Platz f\u00fcr den Alltag. Das separate Laptopfach passt f\u00fcr Ger\u00e4te bis 15\u202fZoll, w\u00e4hrend die Vordertasche und zwei seitliche Netztaschen flexible Aufbewahrungsm\u00f6glichkeiten schaffen. Gepolsterte, verstellbare Schultergurte [&hellip;]\" \/>\n<meta property=\"og:url\" content=\"https:\/\/pen.eu\/ch\/produkt\/rucksack-bayou\/\" \/>\n<meta property=\"og:site_name\" content=\"PEN.EU\" \/>\n<meta property=\"article:modified_time\" content=\"2025-10-06T10:54:09+00:00\" \/>\n<meta property=\"og:image\" content=\"https:\/\/pen.eu\/wp-content\/uploads\/2025\/07\/UJH-S_Black.jpeg\" \/>\n\t<meta property=\"og:image:width\" content=\"500\" \/>\n\t<meta property=\"og:image:height\" content=\"500\" \/>\n\t<meta property=\"og:image:type\" content=\"image\/jpeg\" \/>\n<meta name=\"twitter:card\" content=\"summary_large_image\" \/>\n<meta name=\"twitter:label1\" content=\"Gesch\u00e4tzte Lesezeit\" \/>\n\t<meta name=\"twitter:data1\" content=\"1\u00a0Minute\" \/>\n<script type=\"application\/ld+json\" class=\"yoast-schema-graph\">{\"@context\":\"https:\\\/\\\/schema.org\",\"@graph\":[{\"@type\":\"WebPage\",\"@id\":\"https:\\\/\\\/pen.eu\\\/produkt\\\/rucksack-bayou\\\/\",\"url\":\"https:\\\/\\\/pen.eu\\\/produkt\\\/rucksack-bayou\\\/\",\"name\":\"Rucksack \\\"Bayou\\\" - PEN.EU\",\"isPartOf\":{\"@id\":\"https:\\\/\\\/pen.eu\\\/#website\"},\"primaryImageOfPage\":{\"@id\":\"https:\\\/\\\/pen.eu\\\/produkt\\\/rucksack-bayou\\\/#primaryimage\"},\"image\":{\"@id\":\"https:\\\/\\\/pen.eu\\\/produkt\\\/rucksack-bayou\\\/#primaryimage\"},\"thumbnailUrl\":\"https:\\\/\\\/pen.eu\\\/wp-content\\\/uploads\\\/2025\\\/07\\\/UJH-S_Black.jpeg\",\"datePublished\":\"2025-07-28T12:28:41+00:00\",\"dateModified\":\"2025-10-06T10:54:09+00:00\",\"breadcrumb\":{\"@id\":\"https:\\\/\\\/pen.eu\\\/produkt\\\/rucksack-bayou\\\/#breadcrumb\"},\"inLanguage\":\"de-CH\",\"potentialAction\":[{\"@type\":\"ReadAction\",\"target\":[\"https:\\\/\\\/pen.eu\\\/produkt\\\/rucksack-bayou\\\/\"]}]},{\"@type\":\"ImageObject\",\"inLanguage\":\"de-CH\",\"@id\":\"https:\\\/\\\/pen.eu\\\/produkt\\\/rucksack-bayou\\\/#primaryimage\",\"url\":\"https:\\\/\\\/pen.eu\\\/wp-content\\\/uploads\\\/2025\\\/07\\\/UJH-S_Black.jpeg\",\"contentUrl\":\"https:\\\/\\\/pen.eu\\\/wp-content\\\/uploads\\\/2025\\\/07\\\/UJH-S_Black.jpeg\",\"width\":500,\"height\":500,\"caption\":\"UJH-S_Black\"},{\"@type\":\"BreadcrumbList\",\"@id\":\"https:\\\/\\\/pen.eu\\\/produkt\\\/rucksack-bayou\\\/#breadcrumb\",\"itemListElement\":[{\"@type\":\"ListItem\",\"position\":1,\"name\":\"Home\",\"item\":\"https:\\\/\\\/pen.eu\\\/\"},{\"@type\":\"ListItem\",\"position\":2,\"name\":\"Shop\",\"item\":\"https:\\\/\\\/pen.eu\\\/ch\\\/shop\\\/\"},{\"@type\":\"ListItem\",\"position\":3,\"name\":\"Rucksack &#8220;Bayou&#8221;\"}]},{\"@type\":\"WebSite\",\"@id\":\"https:\\\/\\\/pen.eu\\\/#website\",\"url\":\"https:\\\/\\\/pen.eu\\\/\",\"name\":\"PEN.EU\",\"description\":\"Kugelschreiber bedrucken mit Logo | pen.eu\",\"potentialAction\":[{\"@type\":\"SearchAction\",\"target\":{\"@type\":\"EntryPoint\",\"urlTemplate\":\"https:\\\/\\\/pen.eu\\\/?s={search_term_string}\"},\"query-input\":{\"@type\":\"PropertyValueSpecification\",\"valueRequired\":true,\"valueName\":\"search_term_string\"}}],\"inLanguage\":\"de-CH\"}]}<\/script>\n<!-- \/ Yoast SEO plugin. -->","yoast_head_json":{"title":"Rucksack \"Bayou\" - PEN.EU","robots":{"index":"index","follow":"follow","max-snippet":"max-snippet:-1","max-image-preview":"max-image-preview:large","max-video-preview":"max-video-preview:-1"},"canonical":"https:\/\/pen.eu\/ch\/produkt\/rucksack-bayou\/","og_locale":"de_DE","og_type":"article","og_title":"Rucksack \"Bayou\" - PEN.EU","og_description":"Der Bayou Sportrucksack aus 600D rPET-Polyester mit PU-Beschichtung vereint modernes Design mit durchdachter Funktionalit\u00e4t. Mit einem Fassungsverm\u00f6gen von 20 Litern und einer Traglast von bis zu 10\u202fkg bietet er ausreichend Platz f\u00fcr den Alltag. Das separate Laptopfach passt f\u00fcr Ger\u00e4te bis 15\u202fZoll, w\u00e4hrend die Vordertasche und zwei seitliche Netztaschen flexible Aufbewahrungsm\u00f6glichkeiten schaffen. Gepolsterte, verstellbare Schultergurte [&hellip;]","og_url":"https:\/\/pen.eu\/ch\/produkt\/rucksack-bayou\/","og_site_name":"PEN.EU","article_modified_time":"2025-10-06T10:54:09+00:00","og_image":[{"width":500,"height":500,"url":"https:\/\/pen.eu\/wp-content\/uploads\/2025\/07\/UJH-S_Black.jpeg","type":"image\/jpeg"}],"twitter_card":"summary_large_image","twitter_misc":{"Gesch\u00e4tzte Lesezeit":"1\u00a0Minute"},"schema":{"@context":"https:\/\/schema.org","@graph":[{"@type":"WebPage","@id":"https:\/\/pen.eu\/produkt\/rucksack-bayou\/","url":"https:\/\/pen.eu\/produkt\/rucksack-bayou\/","name":"Rucksack \"Bayou\" - PEN.EU","isPartOf":{"@id":"https:\/\/pen.eu\/#website"},"primaryImageOfPage":{"@id":"https:\/\/pen.eu\/produkt\/rucksack-bayou\/#primaryimage"},"image":{"@id":"https:\/\/pen.eu\/produkt\/rucksack-bayou\/#primaryimage"},"thumbnailUrl":"https:\/\/pen.eu\/wp-content\/uploads\/2025\/07\/UJH-S_Black.jpeg","datePublished":"2025-07-28T12:28:41+00:00","dateModified":"2025-10-06T10:54:09+00:00","breadcrumb":{"@id":"https:\/\/pen.eu\/produkt\/rucksack-bayou\/#breadcrumb"},"inLanguage":"de-CH","potentialAction":[{"@type":"ReadAction","target":["https:\/\/pen.eu\/produkt\/rucksack-bayou\/"]}]},{"@type":"ImageObject","inLanguage":"de-CH","@id":"https:\/\/pen.eu\/produkt\/rucksack-bayou\/#primaryimage","url":"https:\/\/pen.eu\/wp-content\/uploads\/2025\/07\/UJH-S_Black.jpeg","contentUrl":"https:\/\/pen.eu\/wp-content\/uploads\/2025\/07\/UJH-S_Black.jpeg","width":500,"height":500,"caption":"UJH-S_Black"},{"@type":"BreadcrumbList","@id":"https:\/\/pen.eu\/produkt\/rucksack-bayou\/#breadcrumb","itemListElement":[{"@type":"ListItem","position":1,"name":"Home","item":"https:\/\/pen.eu\/"},{"@type":"ListItem","position":2,"name":"Shop","item":"https:\/\/pen.eu\/ch\/shop\/"},{"@type":"ListItem","position":3,"name":"Rucksack &#8220;Bayou&#8221;"}]},{"@type":"WebSite","@id":"https:\/\/pen.eu\/#website","url":"https:\/\/pen.eu\/","name":"PEN.EU","description":"Kugelschreiber bedrucken mit Logo | pen.eu","potentialAction":[{"@type":"SearchAction","target":{"@type":"EntryPoint","urlTemplate":"https:\/\/pen.eu\/?s={search_term_string}"},"query-input":{"@type":"PropertyValueSpecification","valueRequired":true,"valueName":"search_term_string"}}],"inLanguage":"de-CH"}]}},"_links":{"self":[{"href":"https:\/\/pen.eu\/ch\/wp-json\/wp\/v2\/product\/15303","targetHints":{"allow":["GET"]}}],"collection":[{"href":"https:\/\/pen.eu\/ch\/wp-json\/wp\/v2\/product"}],"about":[{"href":"https:\/\/pen.eu\/ch\/wp-json\/wp\/v2\/types\/product"}],"replies":[{"embeddable":true,"href":"https:\/\/pen.eu\/ch\/wp-json\/wp\/v2\/comments?post=15303"}],"wp:featuredmedia":[{"embeddable":true,"href":"https:\/\/pen.eu\/ch\/wp-json\/wp\/v2\/media\/15492"}],"wp:attachment":[{"href":"https:\/\/pen.eu\/ch\/wp-json\/wp\/v2\/media?parent=15303"}],"wp:term":[{"taxonomy":"product_brand","embeddable":true,"href":"https:\/\/pen.eu\/ch\/wp-json\/wp\/v2\/product_brand?post=15303"},{"taxonomy":"product_cat","embeddable":true,"href":"https:\/\/pen.eu\/ch\/wp-json\/wp\/v2\/product_cat?post=15303"},{"taxonomy":"product_tag","embeddable":true,"href":"https:\/\/pen.eu\/ch\/wp-json\/wp\/v2\/product_tag?post=15303"}],"curies":[{"name":"wp","href":"https:\/\/api.w.org\/{rel}","templated":true}]}}