{"id":15313,"date":"2025-07-28T14:28:46","date_gmt":"2025-07-28T12:28:46","guid":{"rendered":"https:\/\/v2.frank-pen.de\/?post_type=product&#038;p=15313"},"modified":"2025-10-06T12:54:09","modified_gmt":"2025-10-06T10:54:09","slug":"kuehltasche-toronto","status":"publish","type":"product","link":"https:\/\/pen.eu\/ch\/produkt\/kuehltasche-toronto\/","title":{"rendered":"K\u00fchltasche &#8220;Toronto&#8221;"},"content":{"rendered":"<p>Das ist echtes K\u00fchlvergn\u00fcgen unterwegs \u2013 diese Gro\u00dfe K\u00fchltasche vereint Stil, Funktion und Markenpr\u00e4senz. Mit einem Fassungsverm\u00f6gen von rund 20 Litern ist sie ideal f\u00fcr Picknicks, Strandtage oder den Einkauf. Das zweifarbige Design verleiht ihr einen modernen Look, w\u00e4hrend schallverschwei\u00dfte N\u00e4hte eine auslaufsichere Versiegelung garantieren. Ein Rei\u00dfverschluss an der Oberseite sorgt f\u00fcr sicheren Verschluss, und robuste Tragegriffe erm\u00f6glichen komfortables Transportieren \u2013 auch bei voller Beladung. Die gro\u00dfz\u00fcgige wei\u00dfe Fl\u00e4che eignet sich perfekt f\u00fcr Ihr 1-farbiges Siebdruck-Logo oder mehrfarbigen Druck (Digitaldruck) \u2013 f\u00fcr maximale Sichtbarkeit Ihrer Marke. Mit einer Tragkraft von bis zu 7,71 kg ist diese K\u00fchltasche ein stilvoller, praktischer Begleiter und idealer Werbetr\u00e4ger in einem.<\/p>","protected":false},"excerpt":{"rendered":"<p>Das ist echtes K\u00fchlvergn\u00fcgen unterwegs \u2013 diese Gro\u00dfe K\u00fchltasche vereint Stil, Funktion und Markenpr\u00e4senz. Mit einem Fassungsverm\u00f6gen von rund 20 Litern ist sie ideal f\u00fcr Picknicks, Strandtage oder den Einkauf. Das zweifarbige Design verleiht ihr einen modernen Look, w\u00e4hrend schallverschwei\u00dfte N\u00e4hte eine auslaufsichere Versiegelung garantieren. Ein Rei\u00dfverschluss an der Oberseite sorgt f\u00fcr sicheren Verschluss, und [&hellip;]<\/p>\n","protected":false},"featured_media":15500,"comment_status":"open","ping_status":"closed","template":"","meta":[],"product_brand":[],"product_cat":[249],"product_tag":[702],"class_list":{"0":"post-15313","1":"product","2":"type-product","3":"status-publish","4":"has-post-thumbnail","6":"product_cat-taschen","7":"product_tag-ugm","8":"pa_farbe-natuerlich","9":"pa_material-polyester","10":"pa_mindestmenge-24","11":"pa_werbeanbringung-digitaldruck","12":"pa_werbeanbringung-siebdruck","14":"first","15":"instock","16":"taxable","17":"shipping-taxable","18":"purchasable","19":"product-type-variable","20":"add-to-wishlist-after_add_to_cart"},"yoast_head":"<!-- This site is optimized with the Yoast SEO plugin v27.4 - https:\/\/yoast.com\/product\/yoast-seo-wordpress\/ -->\n<title>K\u00fchltasche &quot;Toronto&quot; - PEN.EU<\/title>\n<meta name=\"robots\" content=\"index, follow, max-snippet:-1, max-image-preview:large, max-video-preview:-1\" \/>\n<link rel=\"canonical\" href=\"https:\/\/pen.eu\/ch\/produkt\/kuehltasche-toronto\/\" \/>\n<meta property=\"og:locale\" content=\"de_DE\" \/>\n<meta property=\"og:type\" content=\"article\" \/>\n<meta property=\"og:title\" content=\"K\u00fchltasche &quot;Toronto&quot; - PEN.EU\" \/>\n<meta property=\"og:description\" content=\"Das ist echtes K\u00fchlvergn\u00fcgen unterwegs \u2013 diese Gro\u00dfe K\u00fchltasche vereint Stil, Funktion und Markenpr\u00e4senz. Mit einem Fassungsverm\u00f6gen von rund 20 Litern ist sie ideal f\u00fcr Picknicks, Strandtage oder den Einkauf. Das zweifarbige Design verleiht ihr einen modernen Look, w\u00e4hrend schallverschwei\u00dfte N\u00e4hte eine auslaufsichere Versiegelung garantieren. Ein Rei\u00dfverschluss an der Oberseite sorgt f\u00fcr sicheren Verschluss, und [&hellip;]\" \/>\n<meta property=\"og:url\" content=\"https:\/\/pen.eu\/ch\/produkt\/kuehltasche-toronto\/\" \/>\n<meta property=\"og:site_name\" content=\"PEN.EU\" \/>\n<meta property=\"article:modified_time\" content=\"2025-10-06T10:54:09+00:00\" \/>\n<meta property=\"og:image\" content=\"https:\/\/pen.eu\/wp-content\/uploads\/2025\/07\/UGM-SS-GRAY.jpg\" \/>\n\t<meta property=\"og:image:width\" content=\"1800\" \/>\n\t<meta property=\"og:image:height\" content=\"1800\" \/>\n\t<meta property=\"og:image:type\" content=\"image\/jpeg\" \/>\n<meta name=\"twitter:card\" content=\"summary_large_image\" \/>\n<meta name=\"twitter:label1\" content=\"Gesch\u00e4tzte Lesezeit\" \/>\n\t<meta name=\"twitter:data1\" content=\"1\u00a0Minute\" \/>\n<script type=\"application\/ld+json\" class=\"yoast-schema-graph\">{\"@context\":\"https:\\\/\\\/schema.org\",\"@graph\":[{\"@type\":\"WebPage\",\"@id\":\"https:\\\/\\\/pen.eu\\\/produkt\\\/kuehltasche-toronto\\\/\",\"url\":\"https:\\\/\\\/pen.eu\\\/produkt\\\/kuehltasche-toronto\\\/\",\"name\":\"K\u00fchltasche \\\"Toronto\\\" - PEN.EU\",\"isPartOf\":{\"@id\":\"https:\\\/\\\/pen.eu\\\/#website\"},\"primaryImageOfPage\":{\"@id\":\"https:\\\/\\\/pen.eu\\\/produkt\\\/kuehltasche-toronto\\\/#primaryimage\"},\"image\":{\"@id\":\"https:\\\/\\\/pen.eu\\\/produkt\\\/kuehltasche-toronto\\\/#primaryimage\"},\"thumbnailUrl\":\"https:\\\/\\\/pen.eu\\\/wp-content\\\/uploads\\\/2025\\\/07\\\/UGM-SS-GRAY.jpg\",\"datePublished\":\"2025-07-28T12:28:46+00:00\",\"dateModified\":\"2025-10-06T10:54:09+00:00\",\"breadcrumb\":{\"@id\":\"https:\\\/\\\/pen.eu\\\/produkt\\\/kuehltasche-toronto\\\/#breadcrumb\"},\"inLanguage\":\"de-CH\",\"potentialAction\":[{\"@type\":\"ReadAction\",\"target\":[\"https:\\\/\\\/pen.eu\\\/produkt\\\/kuehltasche-toronto\\\/\"]}]},{\"@type\":\"ImageObject\",\"inLanguage\":\"de-CH\",\"@id\":\"https:\\\/\\\/pen.eu\\\/produkt\\\/kuehltasche-toronto\\\/#primaryimage\",\"url\":\"https:\\\/\\\/pen.eu\\\/wp-content\\\/uploads\\\/2025\\\/07\\\/UGM-SS-GRAY.jpg\",\"contentUrl\":\"https:\\\/\\\/pen.eu\\\/wp-content\\\/uploads\\\/2025\\\/07\\\/UGM-SS-GRAY.jpg\",\"width\":1800,\"height\":1800,\"caption\":\"UGM-SS-GRAY\"},{\"@type\":\"BreadcrumbList\",\"@id\":\"https:\\\/\\\/pen.eu\\\/produkt\\\/kuehltasche-toronto\\\/#breadcrumb\",\"itemListElement\":[{\"@type\":\"ListItem\",\"position\":1,\"name\":\"Home\",\"item\":\"https:\\\/\\\/pen.eu\\\/\"},{\"@type\":\"ListItem\",\"position\":2,\"name\":\"Shop\",\"item\":\"https:\\\/\\\/pen.eu\\\/ch\\\/shop\\\/\"},{\"@type\":\"ListItem\",\"position\":3,\"name\":\"K\u00fchltasche &#8220;Toronto&#8221;\"}]},{\"@type\":\"WebSite\",\"@id\":\"https:\\\/\\\/pen.eu\\\/#website\",\"url\":\"https:\\\/\\\/pen.eu\\\/\",\"name\":\"PEN.EU\",\"description\":\"Kugelschreiber bedrucken mit Logo | pen.eu\",\"potentialAction\":[{\"@type\":\"SearchAction\",\"target\":{\"@type\":\"EntryPoint\",\"urlTemplate\":\"https:\\\/\\\/pen.eu\\\/?s={search_term_string}\"},\"query-input\":{\"@type\":\"PropertyValueSpecification\",\"valueRequired\":true,\"valueName\":\"search_term_string\"}}],\"inLanguage\":\"de-CH\"}]}<\/script>\n<!-- \/ Yoast SEO plugin. -->","yoast_head_json":{"title":"K\u00fchltasche \"Toronto\" - PEN.EU","robots":{"index":"index","follow":"follow","max-snippet":"max-snippet:-1","max-image-preview":"max-image-preview:large","max-video-preview":"max-video-preview:-1"},"canonical":"https:\/\/pen.eu\/ch\/produkt\/kuehltasche-toronto\/","og_locale":"de_DE","og_type":"article","og_title":"K\u00fchltasche \"Toronto\" - PEN.EU","og_description":"Das ist echtes K\u00fchlvergn\u00fcgen unterwegs \u2013 diese Gro\u00dfe K\u00fchltasche vereint Stil, Funktion und Markenpr\u00e4senz. Mit einem Fassungsverm\u00f6gen von rund 20 Litern ist sie ideal f\u00fcr Picknicks, Strandtage oder den Einkauf. Das zweifarbige Design verleiht ihr einen modernen Look, w\u00e4hrend schallverschwei\u00dfte N\u00e4hte eine auslaufsichere Versiegelung garantieren. Ein Rei\u00dfverschluss an der Oberseite sorgt f\u00fcr sicheren Verschluss, und [&hellip;]","og_url":"https:\/\/pen.eu\/ch\/produkt\/kuehltasche-toronto\/","og_site_name":"PEN.EU","article_modified_time":"2025-10-06T10:54:09+00:00","og_image":[{"width":1800,"height":1800,"url":"https:\/\/pen.eu\/wp-content\/uploads\/2025\/07\/UGM-SS-GRAY.jpg","type":"image\/jpeg"}],"twitter_card":"summary_large_image","twitter_misc":{"Gesch\u00e4tzte Lesezeit":"1\u00a0Minute"},"schema":{"@context":"https:\/\/schema.org","@graph":[{"@type":"WebPage","@id":"https:\/\/pen.eu\/produkt\/kuehltasche-toronto\/","url":"https:\/\/pen.eu\/produkt\/kuehltasche-toronto\/","name":"K\u00fchltasche \"Toronto\" - PEN.EU","isPartOf":{"@id":"https:\/\/pen.eu\/#website"},"primaryImageOfPage":{"@id":"https:\/\/pen.eu\/produkt\/kuehltasche-toronto\/#primaryimage"},"image":{"@id":"https:\/\/pen.eu\/produkt\/kuehltasche-toronto\/#primaryimage"},"thumbnailUrl":"https:\/\/pen.eu\/wp-content\/uploads\/2025\/07\/UGM-SS-GRAY.jpg","datePublished":"2025-07-28T12:28:46+00:00","dateModified":"2025-10-06T10:54:09+00:00","breadcrumb":{"@id":"https:\/\/pen.eu\/produkt\/kuehltasche-toronto\/#breadcrumb"},"inLanguage":"de-CH","potentialAction":[{"@type":"ReadAction","target":["https:\/\/pen.eu\/produkt\/kuehltasche-toronto\/"]}]},{"@type":"ImageObject","inLanguage":"de-CH","@id":"https:\/\/pen.eu\/produkt\/kuehltasche-toronto\/#primaryimage","url":"https:\/\/pen.eu\/wp-content\/uploads\/2025\/07\/UGM-SS-GRAY.jpg","contentUrl":"https:\/\/pen.eu\/wp-content\/uploads\/2025\/07\/UGM-SS-GRAY.jpg","width":1800,"height":1800,"caption":"UGM-SS-GRAY"},{"@type":"BreadcrumbList","@id":"https:\/\/pen.eu\/produkt\/kuehltasche-toronto\/#breadcrumb","itemListElement":[{"@type":"ListItem","position":1,"name":"Home","item":"https:\/\/pen.eu\/"},{"@type":"ListItem","position":2,"name":"Shop","item":"https:\/\/pen.eu\/ch\/shop\/"},{"@type":"ListItem","position":3,"name":"K\u00fchltasche &#8220;Toronto&#8221;"}]},{"@type":"WebSite","@id":"https:\/\/pen.eu\/#website","url":"https:\/\/pen.eu\/","name":"PEN.EU","description":"Kugelschreiber bedrucken mit Logo | pen.eu","potentialAction":[{"@type":"SearchAction","target":{"@type":"EntryPoint","urlTemplate":"https:\/\/pen.eu\/?s={search_term_string}"},"query-input":{"@type":"PropertyValueSpecification","valueRequired":true,"valueName":"search_term_string"}}],"inLanguage":"de-CH"}]}},"_links":{"self":[{"href":"https:\/\/pen.eu\/ch\/wp-json\/wp\/v2\/product\/15313","targetHints":{"allow":["GET"]}}],"collection":[{"href":"https:\/\/pen.eu\/ch\/wp-json\/wp\/v2\/product"}],"about":[{"href":"https:\/\/pen.eu\/ch\/wp-json\/wp\/v2\/types\/product"}],"replies":[{"embeddable":true,"href":"https:\/\/pen.eu\/ch\/wp-json\/wp\/v2\/comments?post=15313"}],"wp:featuredmedia":[{"embeddable":true,"href":"https:\/\/pen.eu\/ch\/wp-json\/wp\/v2\/media\/15500"}],"wp:attachment":[{"href":"https:\/\/pen.eu\/ch\/wp-json\/wp\/v2\/media?parent=15313"}],"wp:term":[{"taxonomy":"product_brand","embeddable":true,"href":"https:\/\/pen.eu\/ch\/wp-json\/wp\/v2\/product_brand?post=15313"},{"taxonomy":"product_cat","embeddable":true,"href":"https:\/\/pen.eu\/ch\/wp-json\/wp\/v2\/product_cat?post=15313"},{"taxonomy":"product_tag","embeddable":true,"href":"https:\/\/pen.eu\/ch\/wp-json\/wp\/v2\/product_tag?post=15313"}],"curies":[{"name":"wp","href":"https:\/\/api.w.org\/{rel}","templated":true}]}}