{"id":15381,"date":"2025-07-28T15:26:51","date_gmt":"2025-07-28T13:26:51","guid":{"rendered":"https:\/\/v2.frank-pen.de\/?post_type=product&#038;p=15381"},"modified":"2025-10-23T06:54:20","modified_gmt":"2025-10-23T04:54:20","slug":"trinkbecher-napoli","status":"publish","type":"product","link":"https:\/\/pen.eu\/ch\/produkt\/trinkbecher-napoli\/","title":{"rendered":"Trinkbecher &#8220;Napoli&#8221;"},"content":{"rendered":"<p>Der Napoli Recycling-Edelstahlbecher \u2013 385\u202fml \u2013 kombiniert kompakte Form mit hoher Funktionalit\u00e4t. Gefertigt aus recyceltem 304er Edelstahl, h\u00e4lt die doppelwandige Vakuum-Isolierung Getr\u00e4nke bis zu 6 Stunden hei\u00df und bis zu 24 Stunden kalt. Die Pulverbeschichtung verleiht dem Becher eine hochwertige, griffige Oberfl\u00e4che, w\u00e4hrend der wasserdichte Schraubdeckel mit Druckknopf ein 360-Grad-Trinkerlebnis erm\u00f6glicht \u2013 bequemes Trinken aus jeder Position. BPA-frei und ideal f\u00fcr unterwegs, im B\u00fcro oder im Alltag. Nicht geeignet f\u00fcr Sp\u00fclmaschine oder Mikrowelle \u2013 ein stilvoller Begleiter f\u00fcr hei\u00dfe und kalte Getr\u00e4nke gleicherma\u00dfen.<\/p>","protected":false},"excerpt":{"rendered":"<p>Der Napoli Recycling-Edelstahlbecher \u2013 385\u202fml \u2013 kombiniert kompakte Form mit hoher Funktionalit\u00e4t. Gefertigt aus recyceltem 304er Edelstahl, h\u00e4lt die doppelwandige Vakuum-Isolierung Getr\u00e4nke bis zu 6 Stunden hei\u00df und bis zu 24 Stunden kalt. Die Pulverbeschichtung verleiht dem Becher eine hochwertige, griffige Oberfl\u00e4che, w\u00e4hrend der wasserdichte Schraubdeckel mit Druckknopf ein 360-Grad-Trinkerlebnis erm\u00f6glicht \u2013 bequemes Trinken aus [&hellip;]<\/p>\n","protected":false},"featured_media":15572,"comment_status":"open","ping_status":"closed","template":"","meta":[],"product_brand":[],"product_cat":[767,248],"product_tag":[682,844,843,707,684],"class_list":{"0":"post-15381","1":"product","2":"type-product","3":"status-publish","4":"has-post-thumbnail","6":"product_cat-trinkbecher","7":"product_cat-trinkgefaesse","8":"product_tag-designbottle","9":"product_tag-mtop-36","10":"product_tag-top-31","11":"product_tag-wgd","12":"product_tag-widesize","13":"pa_eigenschaft-eco-friendly","14":"pa_farbe-blau","15":"pa_farbe-gruen","16":"pa_farbe-rauch","17":"pa_farbe-transparent","18":"pa_material-edelstahl","19":"pa_material-pp","20":"pa_material-recyceltes-edelstahl","21":"pa_werbeanbringung-digitaldruck","22":"pa_werbeanbringung-lasergravur","23":"pa_werbeanbringung-siebdruck","25":"first","26":"instock","27":"taxable","28":"shipping-taxable","29":"purchasable","30":"product-type-variable","31":"add-to-wishlist-after_add_to_cart"},"yoast_head":"<!-- This site is optimized with the Yoast SEO plugin v27.4 - https:\/\/yoast.com\/product\/yoast-seo-wordpress\/ -->\n<title>Trinkbecher &quot;Napoli&quot; - PEN.EU<\/title>\n<meta name=\"robots\" content=\"index, follow, max-snippet:-1, max-image-preview:large, max-video-preview:-1\" \/>\n<link rel=\"canonical\" href=\"https:\/\/pen.eu\/ch\/produkt\/trinkbecher-napoli\/\" \/>\n<meta property=\"og:locale\" content=\"de_DE\" \/>\n<meta property=\"og:type\" content=\"article\" \/>\n<meta property=\"og:title\" content=\"Trinkbecher &quot;Napoli&quot; - PEN.EU\" \/>\n<meta property=\"og:description\" content=\"Der Napoli Recycling-Edelstahlbecher \u2013 385\u202fml \u2013 kombiniert kompakte Form mit hoher Funktionalit\u00e4t. Gefertigt aus recyceltem 304er Edelstahl, h\u00e4lt die doppelwandige Vakuum-Isolierung Getr\u00e4nke bis zu 6 Stunden hei\u00df und bis zu 24 Stunden kalt. Die Pulverbeschichtung verleiht dem Becher eine hochwertige, griffige Oberfl\u00e4che, w\u00e4hrend der wasserdichte Schraubdeckel mit Druckknopf ein 360-Grad-Trinkerlebnis erm\u00f6glicht \u2013 bequemes Trinken aus [&hellip;]\" \/>\n<meta property=\"og:url\" content=\"https:\/\/pen.eu\/ch\/produkt\/trinkbecher-napoli\/\" \/>\n<meta property=\"og:site_name\" content=\"PEN.EU\" \/>\n<meta property=\"article:modified_time\" content=\"2025-10-23T04:54:20+00:00\" \/>\n<meta property=\"og:image\" content=\"https:\/\/pen.eu\/wp-content\/uploads\/2025\/07\/WGD-blank-black.png\" \/>\n\t<meta property=\"og:image:width\" content=\"2000\" \/>\n\t<meta property=\"og:image:height\" content=\"2000\" \/>\n\t<meta property=\"og:image:type\" content=\"image\/png\" \/>\n<meta name=\"twitter:card\" content=\"summary_large_image\" \/>\n<script type=\"application\/ld+json\" class=\"yoast-schema-graph\">{\"@context\":\"https:\\\/\\\/schema.org\",\"@graph\":[{\"@type\":\"WebPage\",\"@id\":\"https:\\\/\\\/pen.eu\\\/produkt\\\/trinkbecher-napoli\\\/\",\"url\":\"https:\\\/\\\/pen.eu\\\/produkt\\\/trinkbecher-napoli\\\/\",\"name\":\"Trinkbecher \\\"Napoli\\\" - PEN.EU\",\"isPartOf\":{\"@id\":\"https:\\\/\\\/pen.eu\\\/#website\"},\"primaryImageOfPage\":{\"@id\":\"https:\\\/\\\/pen.eu\\\/produkt\\\/trinkbecher-napoli\\\/#primaryimage\"},\"image\":{\"@id\":\"https:\\\/\\\/pen.eu\\\/produkt\\\/trinkbecher-napoli\\\/#primaryimage\"},\"thumbnailUrl\":\"https:\\\/\\\/pen.eu\\\/wp-content\\\/uploads\\\/2025\\\/07\\\/WGD-blank-black.png\",\"datePublished\":\"2025-07-28T13:26:51+00:00\",\"dateModified\":\"2025-10-23T04:54:20+00:00\",\"breadcrumb\":{\"@id\":\"https:\\\/\\\/pen.eu\\\/produkt\\\/trinkbecher-napoli\\\/#breadcrumb\"},\"inLanguage\":\"de-CH\",\"potentialAction\":[{\"@type\":\"ReadAction\",\"target\":[\"https:\\\/\\\/pen.eu\\\/produkt\\\/trinkbecher-napoli\\\/\"]}]},{\"@type\":\"ImageObject\",\"inLanguage\":\"de-CH\",\"@id\":\"https:\\\/\\\/pen.eu\\\/produkt\\\/trinkbecher-napoli\\\/#primaryimage\",\"url\":\"https:\\\/\\\/pen.eu\\\/wp-content\\\/uploads\\\/2025\\\/07\\\/WGD-blank-black.png\",\"contentUrl\":\"https:\\\/\\\/pen.eu\\\/wp-content\\\/uploads\\\/2025\\\/07\\\/WGD-blank-black.png\",\"width\":2000,\"height\":2000,\"caption\":\"WGD-blank-black\"},{\"@type\":\"BreadcrumbList\",\"@id\":\"https:\\\/\\\/pen.eu\\\/produkt\\\/trinkbecher-napoli\\\/#breadcrumb\",\"itemListElement\":[{\"@type\":\"ListItem\",\"position\":1,\"name\":\"Home\",\"item\":\"https:\\\/\\\/pen.eu\\\/\"},{\"@type\":\"ListItem\",\"position\":2,\"name\":\"Shop\",\"item\":\"https:\\\/\\\/pen.eu\\\/ch\\\/shop\\\/\"},{\"@type\":\"ListItem\",\"position\":3,\"name\":\"Trinkbecher &#8220;Napoli&#8221;\"}]},{\"@type\":\"WebSite\",\"@id\":\"https:\\\/\\\/pen.eu\\\/#website\",\"url\":\"https:\\\/\\\/pen.eu\\\/\",\"name\":\"PEN.EU\",\"description\":\"Kugelschreiber bedrucken mit Logo | pen.eu\",\"potentialAction\":[{\"@type\":\"SearchAction\",\"target\":{\"@type\":\"EntryPoint\",\"urlTemplate\":\"https:\\\/\\\/pen.eu\\\/?s={search_term_string}\"},\"query-input\":{\"@type\":\"PropertyValueSpecification\",\"valueRequired\":true,\"valueName\":\"search_term_string\"}}],\"inLanguage\":\"de-CH\"}]}<\/script>\n<!-- \/ Yoast SEO plugin. -->","yoast_head_json":{"title":"Trinkbecher \"Napoli\" - PEN.EU","robots":{"index":"index","follow":"follow","max-snippet":"max-snippet:-1","max-image-preview":"max-image-preview:large","max-video-preview":"max-video-preview:-1"},"canonical":"https:\/\/pen.eu\/ch\/produkt\/trinkbecher-napoli\/","og_locale":"de_DE","og_type":"article","og_title":"Trinkbecher \"Napoli\" - PEN.EU","og_description":"Der Napoli Recycling-Edelstahlbecher \u2013 385\u202fml \u2013 kombiniert kompakte Form mit hoher Funktionalit\u00e4t. Gefertigt aus recyceltem 304er Edelstahl, h\u00e4lt die doppelwandige Vakuum-Isolierung Getr\u00e4nke bis zu 6 Stunden hei\u00df und bis zu 24 Stunden kalt. Die Pulverbeschichtung verleiht dem Becher eine hochwertige, griffige Oberfl\u00e4che, w\u00e4hrend der wasserdichte Schraubdeckel mit Druckknopf ein 360-Grad-Trinkerlebnis erm\u00f6glicht \u2013 bequemes Trinken aus [&hellip;]","og_url":"https:\/\/pen.eu\/ch\/produkt\/trinkbecher-napoli\/","og_site_name":"PEN.EU","article_modified_time":"2025-10-23T04:54:20+00:00","og_image":[{"width":2000,"height":2000,"url":"https:\/\/pen.eu\/wp-content\/uploads\/2025\/07\/WGD-blank-black.png","type":"image\/png"}],"twitter_card":"summary_large_image","schema":{"@context":"https:\/\/schema.org","@graph":[{"@type":"WebPage","@id":"https:\/\/pen.eu\/produkt\/trinkbecher-napoli\/","url":"https:\/\/pen.eu\/produkt\/trinkbecher-napoli\/","name":"Trinkbecher \"Napoli\" - PEN.EU","isPartOf":{"@id":"https:\/\/pen.eu\/#website"},"primaryImageOfPage":{"@id":"https:\/\/pen.eu\/produkt\/trinkbecher-napoli\/#primaryimage"},"image":{"@id":"https:\/\/pen.eu\/produkt\/trinkbecher-napoli\/#primaryimage"},"thumbnailUrl":"https:\/\/pen.eu\/wp-content\/uploads\/2025\/07\/WGD-blank-black.png","datePublished":"2025-07-28T13:26:51+00:00","dateModified":"2025-10-23T04:54:20+00:00","breadcrumb":{"@id":"https:\/\/pen.eu\/produkt\/trinkbecher-napoli\/#breadcrumb"},"inLanguage":"de-CH","potentialAction":[{"@type":"ReadAction","target":["https:\/\/pen.eu\/produkt\/trinkbecher-napoli\/"]}]},{"@type":"ImageObject","inLanguage":"de-CH","@id":"https:\/\/pen.eu\/produkt\/trinkbecher-napoli\/#primaryimage","url":"https:\/\/pen.eu\/wp-content\/uploads\/2025\/07\/WGD-blank-black.png","contentUrl":"https:\/\/pen.eu\/wp-content\/uploads\/2025\/07\/WGD-blank-black.png","width":2000,"height":2000,"caption":"WGD-blank-black"},{"@type":"BreadcrumbList","@id":"https:\/\/pen.eu\/produkt\/trinkbecher-napoli\/#breadcrumb","itemListElement":[{"@type":"ListItem","position":1,"name":"Home","item":"https:\/\/pen.eu\/"},{"@type":"ListItem","position":2,"name":"Shop","item":"https:\/\/pen.eu\/ch\/shop\/"},{"@type":"ListItem","position":3,"name":"Trinkbecher &#8220;Napoli&#8221;"}]},{"@type":"WebSite","@id":"https:\/\/pen.eu\/#website","url":"https:\/\/pen.eu\/","name":"PEN.EU","description":"Kugelschreiber bedrucken mit Logo | pen.eu","potentialAction":[{"@type":"SearchAction","target":{"@type":"EntryPoint","urlTemplate":"https:\/\/pen.eu\/?s={search_term_string}"},"query-input":{"@type":"PropertyValueSpecification","valueRequired":true,"valueName":"search_term_string"}}],"inLanguage":"de-CH"}]}},"_links":{"self":[{"href":"https:\/\/pen.eu\/ch\/wp-json\/wp\/v2\/product\/15381","targetHints":{"allow":["GET"]}}],"collection":[{"href":"https:\/\/pen.eu\/ch\/wp-json\/wp\/v2\/product"}],"about":[{"href":"https:\/\/pen.eu\/ch\/wp-json\/wp\/v2\/types\/product"}],"replies":[{"embeddable":true,"href":"https:\/\/pen.eu\/ch\/wp-json\/wp\/v2\/comments?post=15381"}],"wp:featuredmedia":[{"embeddable":true,"href":"https:\/\/pen.eu\/ch\/wp-json\/wp\/v2\/media\/15572"}],"wp:attachment":[{"href":"https:\/\/pen.eu\/ch\/wp-json\/wp\/v2\/media?parent=15381"}],"wp:term":[{"taxonomy":"product_brand","embeddable":true,"href":"https:\/\/pen.eu\/ch\/wp-json\/wp\/v2\/product_brand?post=15381"},{"taxonomy":"product_cat","embeddable":true,"href":"https:\/\/pen.eu\/ch\/wp-json\/wp\/v2\/product_cat?post=15381"},{"taxonomy":"product_tag","embeddable":true,"href":"https:\/\/pen.eu\/ch\/wp-json\/wp\/v2\/product_tag?post=15381"}],"curies":[{"name":"wp","href":"https:\/\/api.w.org\/{rel}","templated":true}]}}