{"id":15512,"date":"2025-07-29T07:45:25","date_gmt":"2025-07-29T05:45:25","guid":{"rendered":"https:\/\/v2.frank-pen.de\/?post_type=product&#038;p=15512"},"modified":"2025-09-30T14:55:24","modified_gmt":"2025-09-30T12:55:24","slug":"trinkflasche-bruno","status":"publish","type":"product","link":"https:\/\/pen.eu\/ch\/produkt\/trinkflasche-bruno\/","title":{"rendered":"Trinkflasche &#8220;Bruno&#8221;"},"content":{"rendered":"<p>Die Trinkflasche Bruno mit einem Fassungsverm\u00f6gen von 710 ml besteht aus recyceltem PET und \u00fcberzeugt durch ihr klares, einwandiges Design. Ausgestattet mit einem farblich abgestimmten, strukturierten Schraubverschluss sowie einer praktischen Handschlaufe, l\u00e4sst sie sich bequem transportieren. Die Flasche ist ideal f\u00fcr kalte Getr\u00e4nke geeignet, jedoch weder sp\u00fclmaschinen- noch mikrowellenfest. Eine robuste und alltagstaugliche L\u00f6sung f\u00fcr umweltbewusste Nutzer.<\/p>","protected":false},"excerpt":{"rendered":"<p>Die Trinkflasche Bruno mit einem Fassungsverm\u00f6gen von 710 ml besteht aus recyceltem PET und \u00fcberzeugt durch ihr klares, einwandiges Design. Ausgestattet mit einem farblich abgestimmten, strukturierten Schraubverschluss sowie einer praktischen Handschlaufe, l\u00e4sst sie sich bequem transportieren. Die Flasche ist ideal f\u00fcr kalte Getr\u00e4nke geeignet, jedoch weder sp\u00fclmaschinen- noch mikrowellenfest. Eine robuste und alltagstaugliche L\u00f6sung f\u00fcr [&hellip;]<\/p>\n","protected":false},"featured_media":15658,"comment_status":"open","ping_status":"closed","template":"","meta":[],"product_brand":[],"product_cat":[248],"product_tag":[682,848,689,824,715],"class_list":{"0":"post-15512","1":"product","2":"type-product","3":"status-publish","4":"has-post-thumbnail","6":"product_cat-trinkgefaesse","7":"product_tag-designbottle","8":"product_tag-left-52-5","9":"product_tag-slimsize","10":"product_tag-top-52","11":"product_tag-wfz","12":"pa_farbe-blau","13":"pa_farbe-gruen","14":"pa_farbe-rauch","15":"pa_farbe-transparent","16":"pa_material-kunststoff","17":"pa_material-pp","18":"pa_werbeanbringung-digitaldruck","19":"pa_werbeanbringung-siebdruck","21":"first","22":"instock","23":"taxable","24":"shipping-taxable","25":"purchasable","26":"product-type-variable","27":"add-to-wishlist-after_add_to_cart"},"yoast_head":"<!-- This site is optimized with the Yoast SEO plugin v27.4 - https:\/\/yoast.com\/product\/yoast-seo-wordpress\/ -->\n<title>Trinkflasche &quot;Bruno&quot; - PEN.EU<\/title>\n<meta name=\"robots\" content=\"index, follow, max-snippet:-1, max-image-preview:large, max-video-preview:-1\" \/>\n<link rel=\"canonical\" href=\"https:\/\/pen.eu\/ch\/produkt\/trinkflasche-bruno\/\" \/>\n<meta property=\"og:locale\" content=\"de_DE\" \/>\n<meta property=\"og:type\" content=\"article\" \/>\n<meta property=\"og:title\" content=\"Trinkflasche &quot;Bruno&quot; - PEN.EU\" \/>\n<meta property=\"og:description\" content=\"Die Trinkflasche Bruno mit einem Fassungsverm\u00f6gen von 710 ml besteht aus recyceltem PET und \u00fcberzeugt durch ihr klares, einwandiges Design. Ausgestattet mit einem farblich abgestimmten, strukturierten Schraubverschluss sowie einer praktischen Handschlaufe, l\u00e4sst sie sich bequem transportieren. Die Flasche ist ideal f\u00fcr kalte Getr\u00e4nke geeignet, jedoch weder sp\u00fclmaschinen- noch mikrowellenfest. Eine robuste und alltagstaugliche L\u00f6sung f\u00fcr [&hellip;]\" \/>\n<meta property=\"og:url\" content=\"https:\/\/pen.eu\/ch\/produkt\/trinkflasche-bruno\/\" \/>\n<meta property=\"og:site_name\" content=\"PEN.EU\" \/>\n<meta property=\"article:modified_time\" content=\"2025-09-30T12:55:24+00:00\" \/>\n<meta property=\"og:image\" content=\"https:\/\/pen.eu\/wp-content\/uploads\/2025\/07\/WFZ-blank-black.png\" \/>\n\t<meta property=\"og:image:width\" content=\"2000\" \/>\n\t<meta property=\"og:image:height\" content=\"2000\" \/>\n\t<meta property=\"og:image:type\" content=\"image\/png\" \/>\n<meta name=\"twitter:card\" content=\"summary_large_image\" \/>\n<script type=\"application\/ld+json\" class=\"yoast-schema-graph\">{\"@context\":\"https:\\\/\\\/schema.org\",\"@graph\":[{\"@type\":\"WebPage\",\"@id\":\"https:\\\/\\\/pen.eu\\\/produkt\\\/trinkflasche-bruno\\\/\",\"url\":\"https:\\\/\\\/pen.eu\\\/produkt\\\/trinkflasche-bruno\\\/\",\"name\":\"Trinkflasche \\\"Bruno\\\" - PEN.EU\",\"isPartOf\":{\"@id\":\"https:\\\/\\\/pen.eu\\\/#website\"},\"primaryImageOfPage\":{\"@id\":\"https:\\\/\\\/pen.eu\\\/produkt\\\/trinkflasche-bruno\\\/#primaryimage\"},\"image\":{\"@id\":\"https:\\\/\\\/pen.eu\\\/produkt\\\/trinkflasche-bruno\\\/#primaryimage\"},\"thumbnailUrl\":\"https:\\\/\\\/pen.eu\\\/wp-content\\\/uploads\\\/2025\\\/07\\\/WFZ-blank-black.png\",\"datePublished\":\"2025-07-29T05:45:25+00:00\",\"dateModified\":\"2025-09-30T12:55:24+00:00\",\"breadcrumb\":{\"@id\":\"https:\\\/\\\/pen.eu\\\/produkt\\\/trinkflasche-bruno\\\/#breadcrumb\"},\"inLanguage\":\"de-CH\",\"potentialAction\":[{\"@type\":\"ReadAction\",\"target\":[\"https:\\\/\\\/pen.eu\\\/produkt\\\/trinkflasche-bruno\\\/\"]}]},{\"@type\":\"ImageObject\",\"inLanguage\":\"de-CH\",\"@id\":\"https:\\\/\\\/pen.eu\\\/produkt\\\/trinkflasche-bruno\\\/#primaryimage\",\"url\":\"https:\\\/\\\/pen.eu\\\/wp-content\\\/uploads\\\/2025\\\/07\\\/WFZ-blank-black.png\",\"contentUrl\":\"https:\\\/\\\/pen.eu\\\/wp-content\\\/uploads\\\/2025\\\/07\\\/WFZ-blank-black.png\",\"width\":2000,\"height\":2000,\"caption\":\"WFZ-blank-black\"},{\"@type\":\"BreadcrumbList\",\"@id\":\"https:\\\/\\\/pen.eu\\\/produkt\\\/trinkflasche-bruno\\\/#breadcrumb\",\"itemListElement\":[{\"@type\":\"ListItem\",\"position\":1,\"name\":\"Home\",\"item\":\"https:\\\/\\\/pen.eu\\\/\"},{\"@type\":\"ListItem\",\"position\":2,\"name\":\"Shop\",\"item\":\"https:\\\/\\\/pen.eu\\\/ch\\\/shop\\\/\"},{\"@type\":\"ListItem\",\"position\":3,\"name\":\"Trinkflasche &#8220;Bruno&#8221;\"}]},{\"@type\":\"WebSite\",\"@id\":\"https:\\\/\\\/pen.eu\\\/#website\",\"url\":\"https:\\\/\\\/pen.eu\\\/\",\"name\":\"PEN.EU\",\"description\":\"Kugelschreiber bedrucken mit Logo | pen.eu\",\"potentialAction\":[{\"@type\":\"SearchAction\",\"target\":{\"@type\":\"EntryPoint\",\"urlTemplate\":\"https:\\\/\\\/pen.eu\\\/?s={search_term_string}\"},\"query-input\":{\"@type\":\"PropertyValueSpecification\",\"valueRequired\":true,\"valueName\":\"search_term_string\"}}],\"inLanguage\":\"de-CH\"}]}<\/script>\n<!-- \/ Yoast SEO plugin. -->","yoast_head_json":{"title":"Trinkflasche \"Bruno\" - PEN.EU","robots":{"index":"index","follow":"follow","max-snippet":"max-snippet:-1","max-image-preview":"max-image-preview:large","max-video-preview":"max-video-preview:-1"},"canonical":"https:\/\/pen.eu\/ch\/produkt\/trinkflasche-bruno\/","og_locale":"de_DE","og_type":"article","og_title":"Trinkflasche \"Bruno\" - PEN.EU","og_description":"Die Trinkflasche Bruno mit einem Fassungsverm\u00f6gen von 710 ml besteht aus recyceltem PET und \u00fcberzeugt durch ihr klares, einwandiges Design. Ausgestattet mit einem farblich abgestimmten, strukturierten Schraubverschluss sowie einer praktischen Handschlaufe, l\u00e4sst sie sich bequem transportieren. Die Flasche ist ideal f\u00fcr kalte Getr\u00e4nke geeignet, jedoch weder sp\u00fclmaschinen- noch mikrowellenfest. Eine robuste und alltagstaugliche L\u00f6sung f\u00fcr [&hellip;]","og_url":"https:\/\/pen.eu\/ch\/produkt\/trinkflasche-bruno\/","og_site_name":"PEN.EU","article_modified_time":"2025-09-30T12:55:24+00:00","og_image":[{"width":2000,"height":2000,"url":"https:\/\/pen.eu\/wp-content\/uploads\/2025\/07\/WFZ-blank-black.png","type":"image\/png"}],"twitter_card":"summary_large_image","schema":{"@context":"https:\/\/schema.org","@graph":[{"@type":"WebPage","@id":"https:\/\/pen.eu\/produkt\/trinkflasche-bruno\/","url":"https:\/\/pen.eu\/produkt\/trinkflasche-bruno\/","name":"Trinkflasche \"Bruno\" - PEN.EU","isPartOf":{"@id":"https:\/\/pen.eu\/#website"},"primaryImageOfPage":{"@id":"https:\/\/pen.eu\/produkt\/trinkflasche-bruno\/#primaryimage"},"image":{"@id":"https:\/\/pen.eu\/produkt\/trinkflasche-bruno\/#primaryimage"},"thumbnailUrl":"https:\/\/pen.eu\/wp-content\/uploads\/2025\/07\/WFZ-blank-black.png","datePublished":"2025-07-29T05:45:25+00:00","dateModified":"2025-09-30T12:55:24+00:00","breadcrumb":{"@id":"https:\/\/pen.eu\/produkt\/trinkflasche-bruno\/#breadcrumb"},"inLanguage":"de-CH","potentialAction":[{"@type":"ReadAction","target":["https:\/\/pen.eu\/produkt\/trinkflasche-bruno\/"]}]},{"@type":"ImageObject","inLanguage":"de-CH","@id":"https:\/\/pen.eu\/produkt\/trinkflasche-bruno\/#primaryimage","url":"https:\/\/pen.eu\/wp-content\/uploads\/2025\/07\/WFZ-blank-black.png","contentUrl":"https:\/\/pen.eu\/wp-content\/uploads\/2025\/07\/WFZ-blank-black.png","width":2000,"height":2000,"caption":"WFZ-blank-black"},{"@type":"BreadcrumbList","@id":"https:\/\/pen.eu\/produkt\/trinkflasche-bruno\/#breadcrumb","itemListElement":[{"@type":"ListItem","position":1,"name":"Home","item":"https:\/\/pen.eu\/"},{"@type":"ListItem","position":2,"name":"Shop","item":"https:\/\/pen.eu\/ch\/shop\/"},{"@type":"ListItem","position":3,"name":"Trinkflasche &#8220;Bruno&#8221;"}]},{"@type":"WebSite","@id":"https:\/\/pen.eu\/#website","url":"https:\/\/pen.eu\/","name":"PEN.EU","description":"Kugelschreiber bedrucken mit Logo | pen.eu","potentialAction":[{"@type":"SearchAction","target":{"@type":"EntryPoint","urlTemplate":"https:\/\/pen.eu\/?s={search_term_string}"},"query-input":{"@type":"PropertyValueSpecification","valueRequired":true,"valueName":"search_term_string"}}],"inLanguage":"de-CH"}]}},"_links":{"self":[{"href":"https:\/\/pen.eu\/ch\/wp-json\/wp\/v2\/product\/15512","targetHints":{"allow":["GET"]}}],"collection":[{"href":"https:\/\/pen.eu\/ch\/wp-json\/wp\/v2\/product"}],"about":[{"href":"https:\/\/pen.eu\/ch\/wp-json\/wp\/v2\/types\/product"}],"replies":[{"embeddable":true,"href":"https:\/\/pen.eu\/ch\/wp-json\/wp\/v2\/comments?post=15512"}],"wp:featuredmedia":[{"embeddable":true,"href":"https:\/\/pen.eu\/ch\/wp-json\/wp\/v2\/media\/15658"}],"wp:attachment":[{"href":"https:\/\/pen.eu\/ch\/wp-json\/wp\/v2\/media?parent=15512"}],"wp:term":[{"taxonomy":"product_brand","embeddable":true,"href":"https:\/\/pen.eu\/ch\/wp-json\/wp\/v2\/product_brand?post=15512"},{"taxonomy":"product_cat","embeddable":true,"href":"https:\/\/pen.eu\/ch\/wp-json\/wp\/v2\/product_cat?post=15512"},{"taxonomy":"product_tag","embeddable":true,"href":"https:\/\/pen.eu\/ch\/wp-json\/wp\/v2\/product_tag?post=15512"}],"curies":[{"name":"wp","href":"https:\/\/api.w.org\/{rel}","templated":true}]}}