{"id":15542,"date":"2025-07-29T08:50:45","date_gmt":"2025-07-29T06:50:45","guid":{"rendered":"https:\/\/v2.frank-pen.de\/?post_type=product&#038;p=15542"},"modified":"2025-09-22T15:54:45","modified_gmt":"2025-09-22T13:54:45","slug":"notizbuch-organizer","status":"publish","type":"product","link":"https:\/\/pen.eu\/ch\/produkt\/notizbuch-organizer\/","title":{"rendered":"Notizbuch &#8220;Organizer&#8221;"},"content":{"rendered":"<p>Das Organiser Notizbuch im Format A5 vereint nachhaltige Materialien mit funktionalem Design f\u00fcr den mobilen Alltag. Der Umschlag besteht aus robustem Repreve\u00ae 300D-Gewebe, kombiniert mit einer stabilen Kartonunterlage. Das Design \u00fcberzeugt mit den 25\u202fmm breitem Fischgr\u00e4tengewebe auf Vorder- und R\u00fcckseite sowie kontrastierenden N\u00e4hten \u2013 schwarz au\u00dfen, marineblau innen. Im Inneren bietet die linke Seite aus marineblauem Repreve\u00ae 210D-Gewebe ein 40\u202fmm breites schwarzes Gummiband mit aufgedrucktem Zellmotiv \u2013 ideal zur sicheren Befestigung eines Smartphones \u2013 sowie ein Netzfach f\u00fcr Kopfh\u00f6rer oder Kabel. Eine integrierte Stiftschlaufe auf der rechten Seite h\u00e4lt Ihr Schreibger\u00e4t stets griffbereit. Das herausnehmbare Notizbuch enth\u00e4lt 100 Blatt (200 Seiten) liniertes, elfenbeinfarbenes Papier (80\u202fg\/m\u00b2), das ein angenehmes Schreibgef\u00fchl bietet. Ein durchdachtes, nachhaltiges Organisationstalent \u2013 ideal f\u00fcr unterwegs, im B\u00fcro oder auf Reisen.<\/p>","protected":false},"excerpt":{"rendered":"<p>Das Organiser Notizbuch im Format A5 vereint nachhaltige Materialien mit funktionalem Design f\u00fcr den mobilen Alltag. Der Umschlag besteht aus robustem Repreve\u00ae 300D-Gewebe, kombiniert mit einer stabilen Kartonunterlage. Das Design \u00fcberzeugt mit den 25\u202fmm breitem Fischgr\u00e4tengewebe auf Vorder- und R\u00fcckseite sowie kontrastierenden N\u00e4hten \u2013 schwarz au\u00dfen, marineblau innen. Im Inneren bietet die linke Seite aus [&hellip;]<\/p>\n","protected":false},"featured_media":15705,"comment_status":"open","ping_status":"closed","template":"","meta":[],"product_brand":[],"product_cat":[311],"product_tag":[808,722],"class_list":{"0":"post-15542","1":"product","2":"type-product","3":"status-publish","4":"has-post-thumbnail","6":"product_cat-notizbuecher","7":"product_tag-left-51","8":"product_tag-nxt","9":"pa_material-papier","10":"pa_material-repreve","11":"pa_werbeanbringung-digitaldruck","13":"first","14":"instock","15":"taxable","16":"shipping-taxable","17":"purchasable","18":"product-type-variable","19":"add-to-wishlist-after_add_to_cart"},"yoast_head":"<!-- This site is optimized with the Yoast SEO plugin v27.4 - https:\/\/yoast.com\/product\/yoast-seo-wordpress\/ -->\n<title>Notizbuch &quot;Organizer&quot; - PEN.EU<\/title>\n<meta name=\"robots\" content=\"index, follow, max-snippet:-1, max-image-preview:large, max-video-preview:-1\" \/>\n<link rel=\"canonical\" href=\"https:\/\/pen.eu\/ch\/produkt\/notizbuch-organizer\/\" \/>\n<meta property=\"og:locale\" content=\"de_DE\" \/>\n<meta property=\"og:type\" content=\"article\" \/>\n<meta property=\"og:title\" content=\"Notizbuch &quot;Organizer&quot; - PEN.EU\" \/>\n<meta property=\"og:description\" content=\"Das Organiser Notizbuch im Format A5 vereint nachhaltige Materialien mit funktionalem Design f\u00fcr den mobilen Alltag. Der Umschlag besteht aus robustem Repreve\u00ae 300D-Gewebe, kombiniert mit einer stabilen Kartonunterlage. Das Design \u00fcberzeugt mit den 25\u202fmm breitem Fischgr\u00e4tengewebe auf Vorder- und R\u00fcckseite sowie kontrastierenden N\u00e4hten \u2013 schwarz au\u00dfen, marineblau innen. Im Inneren bietet die linke Seite aus [&hellip;]\" \/>\n<meta property=\"og:url\" content=\"https:\/\/pen.eu\/ch\/produkt\/notizbuch-organizer\/\" \/>\n<meta property=\"og:site_name\" content=\"PEN.EU\" \/>\n<meta property=\"article:modified_time\" content=\"2025-09-22T13:54:45+00:00\" \/>\n<meta property=\"og:image\" content=\"https:\/\/pen.eu\/wp-content\/uploads\/2025\/07\/NXT-blank-5-1024x1024.png\" \/>\n\t<meta property=\"og:image:width\" content=\"1024\" \/>\n\t<meta property=\"og:image:height\" content=\"1024\" \/>\n\t<meta property=\"og:image:type\" content=\"image\/png\" \/>\n<meta name=\"twitter:card\" content=\"summary_large_image\" \/>\n<meta name=\"twitter:label1\" content=\"Gesch\u00e4tzte Lesezeit\" \/>\n\t<meta name=\"twitter:data1\" content=\"1\u00a0Minute\" \/>\n<script type=\"application\/ld+json\" class=\"yoast-schema-graph\">{\"@context\":\"https:\\\/\\\/schema.org\",\"@graph\":[{\"@type\":\"WebPage\",\"@id\":\"https:\\\/\\\/pen.eu\\\/produkt\\\/notizbuch-organizer\\\/\",\"url\":\"https:\\\/\\\/pen.eu\\\/produkt\\\/notizbuch-organizer\\\/\",\"name\":\"Notizbuch \\\"Organizer\\\" - PEN.EU\",\"isPartOf\":{\"@id\":\"https:\\\/\\\/pen.eu\\\/#website\"},\"primaryImageOfPage\":{\"@id\":\"https:\\\/\\\/pen.eu\\\/produkt\\\/notizbuch-organizer\\\/#primaryimage\"},\"image\":{\"@id\":\"https:\\\/\\\/pen.eu\\\/produkt\\\/notizbuch-organizer\\\/#primaryimage\"},\"thumbnailUrl\":\"https:\\\/\\\/pen.eu\\\/wp-content\\\/uploads\\\/2025\\\/07\\\/NXT-blank-5.png\",\"datePublished\":\"2025-07-29T06:50:45+00:00\",\"dateModified\":\"2025-09-22T13:54:45+00:00\",\"breadcrumb\":{\"@id\":\"https:\\\/\\\/pen.eu\\\/produkt\\\/notizbuch-organizer\\\/#breadcrumb\"},\"inLanguage\":\"de-CH\",\"potentialAction\":[{\"@type\":\"ReadAction\",\"target\":[\"https:\\\/\\\/pen.eu\\\/produkt\\\/notizbuch-organizer\\\/\"]}]},{\"@type\":\"ImageObject\",\"inLanguage\":\"de-CH\",\"@id\":\"https:\\\/\\\/pen.eu\\\/produkt\\\/notizbuch-organizer\\\/#primaryimage\",\"url\":\"https:\\\/\\\/pen.eu\\\/wp-content\\\/uploads\\\/2025\\\/07\\\/NXT-blank-5.png\",\"contentUrl\":\"https:\\\/\\\/pen.eu\\\/wp-content\\\/uploads\\\/2025\\\/07\\\/NXT-blank-5.png\",\"width\":2000,\"height\":2000,\"caption\":\"NXT-blank\"},{\"@type\":\"BreadcrumbList\",\"@id\":\"https:\\\/\\\/pen.eu\\\/produkt\\\/notizbuch-organizer\\\/#breadcrumb\",\"itemListElement\":[{\"@type\":\"ListItem\",\"position\":1,\"name\":\"Home\",\"item\":\"https:\\\/\\\/pen.eu\\\/\"},{\"@type\":\"ListItem\",\"position\":2,\"name\":\"Shop\",\"item\":\"https:\\\/\\\/pen.eu\\\/ch\\\/shop\\\/\"},{\"@type\":\"ListItem\",\"position\":3,\"name\":\"Notizbuch &#8220;Organizer&#8221;\"}]},{\"@type\":\"WebSite\",\"@id\":\"https:\\\/\\\/pen.eu\\\/#website\",\"url\":\"https:\\\/\\\/pen.eu\\\/\",\"name\":\"PEN.EU\",\"description\":\"Kugelschreiber bedrucken mit Logo | pen.eu\",\"potentialAction\":[{\"@type\":\"SearchAction\",\"target\":{\"@type\":\"EntryPoint\",\"urlTemplate\":\"https:\\\/\\\/pen.eu\\\/?s={search_term_string}\"},\"query-input\":{\"@type\":\"PropertyValueSpecification\",\"valueRequired\":true,\"valueName\":\"search_term_string\"}}],\"inLanguage\":\"de-CH\"}]}<\/script>\n<!-- \/ Yoast SEO plugin. -->","yoast_head_json":{"title":"Notizbuch \"Organizer\" - PEN.EU","robots":{"index":"index","follow":"follow","max-snippet":"max-snippet:-1","max-image-preview":"max-image-preview:large","max-video-preview":"max-video-preview:-1"},"canonical":"https:\/\/pen.eu\/ch\/produkt\/notizbuch-organizer\/","og_locale":"de_DE","og_type":"article","og_title":"Notizbuch \"Organizer\" - PEN.EU","og_description":"Das Organiser Notizbuch im Format A5 vereint nachhaltige Materialien mit funktionalem Design f\u00fcr den mobilen Alltag. Der Umschlag besteht aus robustem Repreve\u00ae 300D-Gewebe, kombiniert mit einer stabilen Kartonunterlage. Das Design \u00fcberzeugt mit den 25\u202fmm breitem Fischgr\u00e4tengewebe auf Vorder- und R\u00fcckseite sowie kontrastierenden N\u00e4hten \u2013 schwarz au\u00dfen, marineblau innen. Im Inneren bietet die linke Seite aus [&hellip;]","og_url":"https:\/\/pen.eu\/ch\/produkt\/notizbuch-organizer\/","og_site_name":"PEN.EU","article_modified_time":"2025-09-22T13:54:45+00:00","og_image":[{"width":1024,"height":1024,"url":"https:\/\/pen.eu\/wp-content\/uploads\/2025\/07\/NXT-blank-5-1024x1024.png","type":"image\/png"}],"twitter_card":"summary_large_image","twitter_misc":{"Gesch\u00e4tzte Lesezeit":"1\u00a0Minute"},"schema":{"@context":"https:\/\/schema.org","@graph":[{"@type":"WebPage","@id":"https:\/\/pen.eu\/produkt\/notizbuch-organizer\/","url":"https:\/\/pen.eu\/produkt\/notizbuch-organizer\/","name":"Notizbuch \"Organizer\" - PEN.EU","isPartOf":{"@id":"https:\/\/pen.eu\/#website"},"primaryImageOfPage":{"@id":"https:\/\/pen.eu\/produkt\/notizbuch-organizer\/#primaryimage"},"image":{"@id":"https:\/\/pen.eu\/produkt\/notizbuch-organizer\/#primaryimage"},"thumbnailUrl":"https:\/\/pen.eu\/wp-content\/uploads\/2025\/07\/NXT-blank-5.png","datePublished":"2025-07-29T06:50:45+00:00","dateModified":"2025-09-22T13:54:45+00:00","breadcrumb":{"@id":"https:\/\/pen.eu\/produkt\/notizbuch-organizer\/#breadcrumb"},"inLanguage":"de-CH","potentialAction":[{"@type":"ReadAction","target":["https:\/\/pen.eu\/produkt\/notizbuch-organizer\/"]}]},{"@type":"ImageObject","inLanguage":"de-CH","@id":"https:\/\/pen.eu\/produkt\/notizbuch-organizer\/#primaryimage","url":"https:\/\/pen.eu\/wp-content\/uploads\/2025\/07\/NXT-blank-5.png","contentUrl":"https:\/\/pen.eu\/wp-content\/uploads\/2025\/07\/NXT-blank-5.png","width":2000,"height":2000,"caption":"NXT-blank"},{"@type":"BreadcrumbList","@id":"https:\/\/pen.eu\/produkt\/notizbuch-organizer\/#breadcrumb","itemListElement":[{"@type":"ListItem","position":1,"name":"Home","item":"https:\/\/pen.eu\/"},{"@type":"ListItem","position":2,"name":"Shop","item":"https:\/\/pen.eu\/ch\/shop\/"},{"@type":"ListItem","position":3,"name":"Notizbuch &#8220;Organizer&#8221;"}]},{"@type":"WebSite","@id":"https:\/\/pen.eu\/#website","url":"https:\/\/pen.eu\/","name":"PEN.EU","description":"Kugelschreiber bedrucken mit Logo | pen.eu","potentialAction":[{"@type":"SearchAction","target":{"@type":"EntryPoint","urlTemplate":"https:\/\/pen.eu\/?s={search_term_string}"},"query-input":{"@type":"PropertyValueSpecification","valueRequired":true,"valueName":"search_term_string"}}],"inLanguage":"de-CH"}]}},"_links":{"self":[{"href":"https:\/\/pen.eu\/ch\/wp-json\/wp\/v2\/product\/15542","targetHints":{"allow":["GET"]}}],"collection":[{"href":"https:\/\/pen.eu\/ch\/wp-json\/wp\/v2\/product"}],"about":[{"href":"https:\/\/pen.eu\/ch\/wp-json\/wp\/v2\/types\/product"}],"replies":[{"embeddable":true,"href":"https:\/\/pen.eu\/ch\/wp-json\/wp\/v2\/comments?post=15542"}],"wp:featuredmedia":[{"embeddable":true,"href":"https:\/\/pen.eu\/ch\/wp-json\/wp\/v2\/media\/15705"}],"wp:attachment":[{"href":"https:\/\/pen.eu\/ch\/wp-json\/wp\/v2\/media?parent=15542"}],"wp:term":[{"taxonomy":"product_brand","embeddable":true,"href":"https:\/\/pen.eu\/ch\/wp-json\/wp\/v2\/product_brand?post=15542"},{"taxonomy":"product_cat","embeddable":true,"href":"https:\/\/pen.eu\/ch\/wp-json\/wp\/v2\/product_cat?post=15542"},{"taxonomy":"product_tag","embeddable":true,"href":"https:\/\/pen.eu\/ch\/wp-json\/wp\/v2\/product_tag?post=15542"}],"curies":[{"name":"wp","href":"https:\/\/api.w.org\/{rel}","templated":true}]}}