{"id":15799,"date":"2025-07-30T07:45:28","date_gmt":"2025-07-30T05:45:28","guid":{"rendered":"https:\/\/v2.frank-pen.de\/?post_type=product&#038;p=15799"},"modified":"2025-09-29T15:19:58","modified_gmt":"2025-09-29T13:19:58","slug":"kugelschreiber-maria-gel","status":"publish","type":"product","link":"https:\/\/pen.eu\/ch\/produkt\/kugelschreiber-maria-gel\/","title":{"rendered":"Kugelschreiber &#8220;Maria Gel&#8221;"},"content":{"rendered":"<p>Der &#8220;Maria Gel&#8221; Soft-Touch Kugelschreiber mit Gel-Mine und Stylus ist ein modernes Werbegeschenk, das Funktionalit\u00e4t und Eleganz gekonnt vereint. Sein samtig weicher Gummischaft sorgt f\u00fcr ein angenehmes Schreibgef\u00fchl, w\u00e4hrend die farblich abgestimmte Kappe, die dezenten Verzierungen und der stromlinienf\u00f6rmige Griff das minimalistische Design unterstreichen. Ausgestattet mit einem Stylus-Tip f\u00fcr die komfortable Bedienung von Touchscreens und einer geschmeidig flie\u00dfenden Gel-Tinte, bietet der Stift ein rundum hochwertiges Schreiberlebnis. Veredelt mit Ihrem Logo im 1-farbigen Siebdruck oder mehrfarbigen Digitaldruck ist dieser Gelschreiber eine stilvolle M\u00f6glichkeit, Ihre Marke in den Alltag Ihrer Kunden zu integrieren.<\/p>","protected":false},"excerpt":{"rendered":"<p>Der &#8220;Maria Gel&#8221; Soft-Touch Kugelschreiber mit Gel-Mine und Stylus ist ein modernes Werbegeschenk, das Funktionalit\u00e4t und Eleganz gekonnt vereint. Sein samtig weicher Gummischaft sorgt f\u00fcr ein angenehmes Schreibgef\u00fchl, w\u00e4hrend die farblich abgestimmte Kappe, die dezenten Verzierungen und der stromlinienf\u00f6rmige Griff das minimalistische Design unterstreichen. Ausgestattet mit einem Stylus-Tip f\u00fcr die komfortable Bedienung von Touchscreens und [&hellip;]<\/p>\n","protected":false},"featured_media":15833,"comment_status":"open","ping_status":"closed","template":"","meta":[],"product_brand":[],"product_cat":[310,247],"product_tag":[730,782,657,781],"class_list":{"0":"post-15799","1":"product","2":"type-product","3":"status-publish","4":"has-post-thumbnail","6":"product_cat-kugelschreiber-aus-kunststoff","7":"product_cat-schreibgeraete","8":"product_tag-aho","9":"product_tag-left-63","10":"product_tag-shortpen","11":"product_tag-top-49","12":"pa_eigenschaft-gel-kugelschreiber","13":"pa_eigenschaft-monochrome","14":"pa_eigenschaft-soft-touch","15":"pa_eigenschaft-stylus","16":"pa_farbe-anthrazit","17":"pa_farbe-dunkelblau","18":"pa_farbe-dunkelgruen","19":"pa_farbe-dunkellila","20":"pa_farbe-dunkelrot","21":"pa_farbe-gelb","22":"pa_farbe-gruen","23":"pa_farbe-hellblau","24":"pa_farbe-marine","25":"pa_farbe-orange","26":"pa_farbe-pink","27":"pa_farbe-rot","28":"pa_farbe-schwarz","29":"pa_farbe-weiss","30":"pa_material-kunststoff","31":"pa_mindestmenge-24","32":"pa_werbeanbringung-digitaldruck","33":"pa_werbeanbringung-siebdruck","35":"first","36":"instock","37":"taxable","38":"shipping-taxable","39":"purchasable","40":"product-type-variable","41":"add-to-wishlist-after_add_to_cart"},"yoast_head":"<!-- This site is optimized with the Yoast SEO plugin v27.4 - https:\/\/yoast.com\/product\/yoast-seo-wordpress\/ -->\n<title>Kugelschreiber &quot;Maria Gel&quot; - PEN.EU<\/title>\n<meta name=\"robots\" content=\"index, follow, max-snippet:-1, max-image-preview:large, max-video-preview:-1\" \/>\n<link rel=\"canonical\" href=\"https:\/\/pen.eu\/ch\/produkt\/kugelschreiber-maria-gel\/\" \/>\n<meta property=\"og:locale\" content=\"de_DE\" \/>\n<meta property=\"og:type\" content=\"article\" \/>\n<meta property=\"og:title\" content=\"Kugelschreiber &quot;Maria Gel&quot; - PEN.EU\" \/>\n<meta property=\"og:description\" content=\"Der &#8220;Maria Gel&#8221; Soft-Touch Kugelschreiber mit Gel-Mine und Stylus ist ein modernes Werbegeschenk, das Funktionalit\u00e4t und Eleganz gekonnt vereint. Sein samtig weicher Gummischaft sorgt f\u00fcr ein angenehmes Schreibgef\u00fchl, w\u00e4hrend die farblich abgestimmte Kappe, die dezenten Verzierungen und der stromlinienf\u00f6rmige Griff das minimalistische Design unterstreichen. Ausgestattet mit einem Stylus-Tip f\u00fcr die komfortable Bedienung von Touchscreens und [&hellip;]\" \/>\n<meta property=\"og:url\" content=\"https:\/\/pen.eu\/ch\/produkt\/kugelschreiber-maria-gel\/\" \/>\n<meta property=\"og:site_name\" content=\"PEN.EU\" \/>\n<meta property=\"article:modified_time\" content=\"2025-09-29T13:19:58+00:00\" \/>\n<meta property=\"og:image\" content=\"https:\/\/pen.eu\/wp-content\/uploads\/2025\/07\/AHO-SS-GUNMETAL-5e5e5.jpg\" \/>\n\t<meta property=\"og:image:width\" content=\"1800\" \/>\n\t<meta property=\"og:image:height\" content=\"1800\" \/>\n\t<meta property=\"og:image:type\" content=\"image\/jpeg\" \/>\n<meta name=\"twitter:card\" content=\"summary_large_image\" \/>\n<script type=\"application\/ld+json\" class=\"yoast-schema-graph\">{\"@context\":\"https:\\\/\\\/schema.org\",\"@graph\":[{\"@type\":\"WebPage\",\"@id\":\"https:\\\/\\\/pen.eu\\\/produkt\\\/kugelschreiber-maria-gel\\\/\",\"url\":\"https:\\\/\\\/pen.eu\\\/produkt\\\/kugelschreiber-maria-gel\\\/\",\"name\":\"Kugelschreiber \\\"Maria Gel\\\" - PEN.EU\",\"isPartOf\":{\"@id\":\"https:\\\/\\\/pen.eu\\\/#website\"},\"primaryImageOfPage\":{\"@id\":\"https:\\\/\\\/pen.eu\\\/produkt\\\/kugelschreiber-maria-gel\\\/#primaryimage\"},\"image\":{\"@id\":\"https:\\\/\\\/pen.eu\\\/produkt\\\/kugelschreiber-maria-gel\\\/#primaryimage\"},\"thumbnailUrl\":\"https:\\\/\\\/pen.eu\\\/wp-content\\\/uploads\\\/2025\\\/07\\\/AHO-SS-GUNMETAL-5e5e5.jpg\",\"datePublished\":\"2025-07-30T05:45:28+00:00\",\"dateModified\":\"2025-09-29T13:19:58+00:00\",\"breadcrumb\":{\"@id\":\"https:\\\/\\\/pen.eu\\\/produkt\\\/kugelschreiber-maria-gel\\\/#breadcrumb\"},\"inLanguage\":\"de-CH\",\"potentialAction\":[{\"@type\":\"ReadAction\",\"target\":[\"https:\\\/\\\/pen.eu\\\/produkt\\\/kugelschreiber-maria-gel\\\/\"]}]},{\"@type\":\"ImageObject\",\"inLanguage\":\"de-CH\",\"@id\":\"https:\\\/\\\/pen.eu\\\/produkt\\\/kugelschreiber-maria-gel\\\/#primaryimage\",\"url\":\"https:\\\/\\\/pen.eu\\\/wp-content\\\/uploads\\\/2025\\\/07\\\/AHO-SS-GUNMETAL-5e5e5.jpg\",\"contentUrl\":\"https:\\\/\\\/pen.eu\\\/wp-content\\\/uploads\\\/2025\\\/07\\\/AHO-SS-GUNMETAL-5e5e5.jpg\",\"width\":1800,\"height\":1800,\"caption\":\"AHO-SS-GUNMETAL\"},{\"@type\":\"BreadcrumbList\",\"@id\":\"https:\\\/\\\/pen.eu\\\/produkt\\\/kugelschreiber-maria-gel\\\/#breadcrumb\",\"itemListElement\":[{\"@type\":\"ListItem\",\"position\":1,\"name\":\"Home\",\"item\":\"https:\\\/\\\/pen.eu\\\/\"},{\"@type\":\"ListItem\",\"position\":2,\"name\":\"Shop\",\"item\":\"https:\\\/\\\/pen.eu\\\/ch\\\/shop\\\/\"},{\"@type\":\"ListItem\",\"position\":3,\"name\":\"Kugelschreiber &#8220;Maria Gel&#8221;\"}]},{\"@type\":\"WebSite\",\"@id\":\"https:\\\/\\\/pen.eu\\\/#website\",\"url\":\"https:\\\/\\\/pen.eu\\\/\",\"name\":\"PEN.EU\",\"description\":\"Kugelschreiber bedrucken mit Logo | pen.eu\",\"potentialAction\":[{\"@type\":\"SearchAction\",\"target\":{\"@type\":\"EntryPoint\",\"urlTemplate\":\"https:\\\/\\\/pen.eu\\\/?s={search_term_string}\"},\"query-input\":{\"@type\":\"PropertyValueSpecification\",\"valueRequired\":true,\"valueName\":\"search_term_string\"}}],\"inLanguage\":\"de-CH\"}]}<\/script>\n<!-- \/ Yoast SEO plugin. -->","yoast_head_json":{"title":"Kugelschreiber \"Maria Gel\" - PEN.EU","robots":{"index":"index","follow":"follow","max-snippet":"max-snippet:-1","max-image-preview":"max-image-preview:large","max-video-preview":"max-video-preview:-1"},"canonical":"https:\/\/pen.eu\/ch\/produkt\/kugelschreiber-maria-gel\/","og_locale":"de_DE","og_type":"article","og_title":"Kugelschreiber \"Maria Gel\" - PEN.EU","og_description":"Der &#8220;Maria Gel&#8221; Soft-Touch Kugelschreiber mit Gel-Mine und Stylus ist ein modernes Werbegeschenk, das Funktionalit\u00e4t und Eleganz gekonnt vereint. Sein samtig weicher Gummischaft sorgt f\u00fcr ein angenehmes Schreibgef\u00fchl, w\u00e4hrend die farblich abgestimmte Kappe, die dezenten Verzierungen und der stromlinienf\u00f6rmige Griff das minimalistische Design unterstreichen. Ausgestattet mit einem Stylus-Tip f\u00fcr die komfortable Bedienung von Touchscreens und [&hellip;]","og_url":"https:\/\/pen.eu\/ch\/produkt\/kugelschreiber-maria-gel\/","og_site_name":"PEN.EU","article_modified_time":"2025-09-29T13:19:58+00:00","og_image":[{"width":1800,"height":1800,"url":"https:\/\/pen.eu\/wp-content\/uploads\/2025\/07\/AHO-SS-GUNMETAL-5e5e5.jpg","type":"image\/jpeg"}],"twitter_card":"summary_large_image","schema":{"@context":"https:\/\/schema.org","@graph":[{"@type":"WebPage","@id":"https:\/\/pen.eu\/produkt\/kugelschreiber-maria-gel\/","url":"https:\/\/pen.eu\/produkt\/kugelschreiber-maria-gel\/","name":"Kugelschreiber \"Maria Gel\" - PEN.EU","isPartOf":{"@id":"https:\/\/pen.eu\/#website"},"primaryImageOfPage":{"@id":"https:\/\/pen.eu\/produkt\/kugelschreiber-maria-gel\/#primaryimage"},"image":{"@id":"https:\/\/pen.eu\/produkt\/kugelschreiber-maria-gel\/#primaryimage"},"thumbnailUrl":"https:\/\/pen.eu\/wp-content\/uploads\/2025\/07\/AHO-SS-GUNMETAL-5e5e5.jpg","datePublished":"2025-07-30T05:45:28+00:00","dateModified":"2025-09-29T13:19:58+00:00","breadcrumb":{"@id":"https:\/\/pen.eu\/produkt\/kugelschreiber-maria-gel\/#breadcrumb"},"inLanguage":"de-CH","potentialAction":[{"@type":"ReadAction","target":["https:\/\/pen.eu\/produkt\/kugelschreiber-maria-gel\/"]}]},{"@type":"ImageObject","inLanguage":"de-CH","@id":"https:\/\/pen.eu\/produkt\/kugelschreiber-maria-gel\/#primaryimage","url":"https:\/\/pen.eu\/wp-content\/uploads\/2025\/07\/AHO-SS-GUNMETAL-5e5e5.jpg","contentUrl":"https:\/\/pen.eu\/wp-content\/uploads\/2025\/07\/AHO-SS-GUNMETAL-5e5e5.jpg","width":1800,"height":1800,"caption":"AHO-SS-GUNMETAL"},{"@type":"BreadcrumbList","@id":"https:\/\/pen.eu\/produkt\/kugelschreiber-maria-gel\/#breadcrumb","itemListElement":[{"@type":"ListItem","position":1,"name":"Home","item":"https:\/\/pen.eu\/"},{"@type":"ListItem","position":2,"name":"Shop","item":"https:\/\/pen.eu\/ch\/shop\/"},{"@type":"ListItem","position":3,"name":"Kugelschreiber &#8220;Maria Gel&#8221;"}]},{"@type":"WebSite","@id":"https:\/\/pen.eu\/#website","url":"https:\/\/pen.eu\/","name":"PEN.EU","description":"Kugelschreiber bedrucken mit Logo | pen.eu","potentialAction":[{"@type":"SearchAction","target":{"@type":"EntryPoint","urlTemplate":"https:\/\/pen.eu\/?s={search_term_string}"},"query-input":{"@type":"PropertyValueSpecification","valueRequired":true,"valueName":"search_term_string"}}],"inLanguage":"de-CH"}]}},"_links":{"self":[{"href":"https:\/\/pen.eu\/ch\/wp-json\/wp\/v2\/product\/15799","targetHints":{"allow":["GET"]}}],"collection":[{"href":"https:\/\/pen.eu\/ch\/wp-json\/wp\/v2\/product"}],"about":[{"href":"https:\/\/pen.eu\/ch\/wp-json\/wp\/v2\/types\/product"}],"replies":[{"embeddable":true,"href":"https:\/\/pen.eu\/ch\/wp-json\/wp\/v2\/comments?post=15799"}],"wp:featuredmedia":[{"embeddable":true,"href":"https:\/\/pen.eu\/ch\/wp-json\/wp\/v2\/media\/15833"}],"wp:attachment":[{"href":"https:\/\/pen.eu\/ch\/wp-json\/wp\/v2\/media?parent=15799"}],"wp:term":[{"taxonomy":"product_brand","embeddable":true,"href":"https:\/\/pen.eu\/ch\/wp-json\/wp\/v2\/product_brand?post=15799"},{"taxonomy":"product_cat","embeddable":true,"href":"https:\/\/pen.eu\/ch\/wp-json\/wp\/v2\/product_cat?post=15799"},{"taxonomy":"product_tag","embeddable":true,"href":"https:\/\/pen.eu\/ch\/wp-json\/wp\/v2\/product_tag?post=15799"}],"curies":[{"name":"wp","href":"https:\/\/api.w.org\/{rel}","templated":true}]}}