{"id":15800,"date":"2025-07-30T07:48:01","date_gmt":"2025-07-30T05:48:01","guid":{"rendered":"https:\/\/v2.frank-pen.de\/?post_type=product&#038;p=15800"},"modified":"2025-12-12T15:35:31","modified_gmt":"2025-12-12T14:35:31","slug":"kugelschreiber-margo","status":"publish","type":"product","link":"https:\/\/pen.eu\/ch\/produkt\/kugelschreiber-margo\/","title":{"rendered":"Kugelschreiber &#8220;Margo&#8221;"},"content":{"rendered":"<p>Der Kugelschreiber Margo aus recyceltem Aluminium ist ein preisgekr\u00f6ntes Beispiel f\u00fcr nachhaltige Innovation. Gefertigt aus recyceltem Aluminium, besitzt der Stift einen Dr\u00fccker aus erneuerbarem Bambus, einen bronzefarbenen Clip aus Edelstahl und eine transparente Umrandung aus recyceltem rPET-Kunststoff. Die 0,7 mm Spitze in Kombination mit der Parker-Hochleistungsmine mit dokumentenechter Tinte garantiert ein geschmeidiges Schreiberlebnis und eine Schreibleistung von bis zu 1800\u202fMetern. Dieser Kugelschreiber ist mehr als ein Werbemittel \u2013 er ist ein Statement f\u00fcr Nachhaltigkeit, Qualit\u00e4t und zeitgem\u00e4\u00dfes Design in der Markenkommunikation.<\/p>","protected":false},"excerpt":{"rendered":"<p>Der Kugelschreiber Margo aus recyceltem Aluminium ist ein preisgekr\u00f6ntes Beispiel f\u00fcr nachhaltige Innovation. Gefertigt aus recyceltem Aluminium, besitzt der Stift einen Dr\u00fccker aus erneuerbarem Bambus, einen bronzefarbenen Clip aus Edelstahl und eine transparente Umrandung aus recyceltem rPET-Kunststoff. Die 0,7 mm Spitze in Kombination mit der Parker-Hochleistungsmine mit dokumentenechter Tinte garantiert ein geschmeidiges Schreiberlebnis und eine [&hellip;]<\/p>\n","protected":false},"featured_media":15850,"comment_status":"open","ping_status":"closed","template":"","meta":[],"product_brand":[],"product_cat":[309,247],"product_tag":[658,731],"class_list":{"0":"post-15800","1":"product","2":"type-product","3":"status-publish","4":"has-post-thumbnail","6":"product_cat-kugelschreiber-aus-metall","7":"product_cat-schreibgeraete","8":"product_tag-longpen","9":"product_tag-mtr","10":"pa_eigenschaft-dokumentenecht","11":"pa_eigenschaft-eco-friendly","12":"pa_eigenschaft-soft-touch","13":"pa_farbe-anthrazit","14":"pa_farbe-dunkelblau","15":"pa_farbe-dunkelgruen","16":"pa_farbe-dunkellila","17":"pa_farbe-dunkelrot","18":"pa_farbe-gelb","19":"pa_farbe-gruen","20":"pa_farbe-hellblau","21":"pa_farbe-marine","22":"pa_farbe-orange","23":"pa_farbe-pink","24":"pa_farbe-rot","25":"pa_farbe-schwarz","26":"pa_farbe-weiss","27":"pa_material-aluminium","28":"pa_material-bambus","29":"pa_material-stahl","30":"pa_mindestmenge-24","31":"pa_werbeanbringung-digitaldruck","32":"pa_werbeanbringung-lasergravur","34":"first","35":"instock","36":"taxable","37":"shipping-taxable","38":"purchasable","39":"product-type-variable","40":"add-to-wishlist-after_add_to_cart"},"yoast_head":"<!-- This site is optimized with the Yoast SEO plugin v27.3 - https:\/\/yoast.com\/product\/yoast-seo-wordpress\/ -->\n<title>Kugelschreiber &quot;Margo&quot; - PEN.EU<\/title>\n<meta name=\"robots\" content=\"index, follow, max-snippet:-1, max-image-preview:large, max-video-preview:-1\" \/>\n<link rel=\"canonical\" href=\"https:\/\/pen.eu\/ch\/produkt\/kugelschreiber-margo\/\" \/>\n<meta property=\"og:locale\" content=\"de_DE\" \/>\n<meta property=\"og:type\" content=\"article\" \/>\n<meta property=\"og:title\" content=\"Kugelschreiber &quot;Margo&quot; - PEN.EU\" \/>\n<meta property=\"og:description\" content=\"Der Kugelschreiber Margo aus recyceltem Aluminium ist ein preisgekr\u00f6ntes Beispiel f\u00fcr nachhaltige Innovation. Gefertigt aus recyceltem Aluminium, besitzt der Stift einen Dr\u00fccker aus erneuerbarem Bambus, einen bronzefarbenen Clip aus Edelstahl und eine transparente Umrandung aus recyceltem rPET-Kunststoff. Die 0,7 mm Spitze in Kombination mit der Parker-Hochleistungsmine mit dokumentenechter Tinte garantiert ein geschmeidiges Schreiberlebnis und eine [&hellip;]\" \/>\n<meta property=\"og:url\" content=\"https:\/\/pen.eu\/ch\/produkt\/kugelschreiber-margo\/\" \/>\n<meta property=\"og:site_name\" content=\"PEN.EU\" \/>\n<meta property=\"article:modified_time\" content=\"2025-12-12T14:35:31+00:00\" \/>\n<meta property=\"og:image\" content=\"https:\/\/pen.eu\/wp-content\/uploads\/2025\/07\/MTR-Teal-L.jpg\" \/>\n\t<meta property=\"og:image:width\" content=\"1800\" \/>\n\t<meta property=\"og:image:height\" content=\"1800\" \/>\n\t<meta property=\"og:image:type\" content=\"image\/jpeg\" \/>\n<meta name=\"twitter:card\" content=\"summary_large_image\" \/>\n<script type=\"application\/ld+json\" class=\"yoast-schema-graph\">{\"@context\":\"https:\\\/\\\/schema.org\",\"@graph\":[{\"@type\":\"WebPage\",\"@id\":\"https:\\\/\\\/pen.eu\\\/produkt\\\/kugelschreiber-margo\\\/\",\"url\":\"https:\\\/\\\/pen.eu\\\/produkt\\\/kugelschreiber-margo\\\/\",\"name\":\"Kugelschreiber \\\"Margo\\\" - PEN.EU\",\"isPartOf\":{\"@id\":\"https:\\\/\\\/pen.eu\\\/#website\"},\"primaryImageOfPage\":{\"@id\":\"https:\\\/\\\/pen.eu\\\/produkt\\\/kugelschreiber-margo\\\/#primaryimage\"},\"image\":{\"@id\":\"https:\\\/\\\/pen.eu\\\/produkt\\\/kugelschreiber-margo\\\/#primaryimage\"},\"thumbnailUrl\":\"https:\\\/\\\/pen.eu\\\/wp-content\\\/uploads\\\/2025\\\/07\\\/MTR-Teal-L.jpg\",\"datePublished\":\"2025-07-30T05:48:01+00:00\",\"dateModified\":\"2025-12-12T14:35:31+00:00\",\"breadcrumb\":{\"@id\":\"https:\\\/\\\/pen.eu\\\/produkt\\\/kugelschreiber-margo\\\/#breadcrumb\"},\"inLanguage\":\"de-CH\",\"potentialAction\":[{\"@type\":\"ReadAction\",\"target\":[\"https:\\\/\\\/pen.eu\\\/produkt\\\/kugelschreiber-margo\\\/\"]}]},{\"@type\":\"ImageObject\",\"inLanguage\":\"de-CH\",\"@id\":\"https:\\\/\\\/pen.eu\\\/produkt\\\/kugelschreiber-margo\\\/#primaryimage\",\"url\":\"https:\\\/\\\/pen.eu\\\/wp-content\\\/uploads\\\/2025\\\/07\\\/MTR-Teal-L.jpg\",\"contentUrl\":\"https:\\\/\\\/pen.eu\\\/wp-content\\\/uploads\\\/2025\\\/07\\\/MTR-Teal-L.jpg\",\"width\":1800,\"height\":1800,\"caption\":\"MTR-Teal-L\"},{\"@type\":\"BreadcrumbList\",\"@id\":\"https:\\\/\\\/pen.eu\\\/produkt\\\/kugelschreiber-margo\\\/#breadcrumb\",\"itemListElement\":[{\"@type\":\"ListItem\",\"position\":1,\"name\":\"Home\",\"item\":\"https:\\\/\\\/pen.eu\\\/\"},{\"@type\":\"ListItem\",\"position\":2,\"name\":\"Shop\",\"item\":\"https:\\\/\\\/pen.eu\\\/ch\\\/shop\\\/\"},{\"@type\":\"ListItem\",\"position\":3,\"name\":\"Kugelschreiber &#8220;Margo&#8221;\"}]},{\"@type\":\"WebSite\",\"@id\":\"https:\\\/\\\/pen.eu\\\/#website\",\"url\":\"https:\\\/\\\/pen.eu\\\/\",\"name\":\"PEN.EU\",\"description\":\"Kugelschreiber bedrucken mit Logo | pen.eu\",\"potentialAction\":[{\"@type\":\"SearchAction\",\"target\":{\"@type\":\"EntryPoint\",\"urlTemplate\":\"https:\\\/\\\/pen.eu\\\/?s={search_term_string}\"},\"query-input\":{\"@type\":\"PropertyValueSpecification\",\"valueRequired\":true,\"valueName\":\"search_term_string\"}}],\"inLanguage\":\"de-CH\"}]}<\/script>\n<!-- \/ Yoast SEO plugin. -->","yoast_head_json":{"title":"Kugelschreiber \"Margo\" - PEN.EU","robots":{"index":"index","follow":"follow","max-snippet":"max-snippet:-1","max-image-preview":"max-image-preview:large","max-video-preview":"max-video-preview:-1"},"canonical":"https:\/\/pen.eu\/ch\/produkt\/kugelschreiber-margo\/","og_locale":"de_DE","og_type":"article","og_title":"Kugelschreiber \"Margo\" - PEN.EU","og_description":"Der Kugelschreiber Margo aus recyceltem Aluminium ist ein preisgekr\u00f6ntes Beispiel f\u00fcr nachhaltige Innovation. Gefertigt aus recyceltem Aluminium, besitzt der Stift einen Dr\u00fccker aus erneuerbarem Bambus, einen bronzefarbenen Clip aus Edelstahl und eine transparente Umrandung aus recyceltem rPET-Kunststoff. Die 0,7 mm Spitze in Kombination mit der Parker-Hochleistungsmine mit dokumentenechter Tinte garantiert ein geschmeidiges Schreiberlebnis und eine [&hellip;]","og_url":"https:\/\/pen.eu\/ch\/produkt\/kugelschreiber-margo\/","og_site_name":"PEN.EU","article_modified_time":"2025-12-12T14:35:31+00:00","og_image":[{"width":1800,"height":1800,"url":"https:\/\/pen.eu\/wp-content\/uploads\/2025\/07\/MTR-Teal-L.jpg","type":"image\/jpeg"}],"twitter_card":"summary_large_image","schema":{"@context":"https:\/\/schema.org","@graph":[{"@type":"WebPage","@id":"https:\/\/pen.eu\/produkt\/kugelschreiber-margo\/","url":"https:\/\/pen.eu\/produkt\/kugelschreiber-margo\/","name":"Kugelschreiber \"Margo\" - PEN.EU","isPartOf":{"@id":"https:\/\/pen.eu\/#website"},"primaryImageOfPage":{"@id":"https:\/\/pen.eu\/produkt\/kugelschreiber-margo\/#primaryimage"},"image":{"@id":"https:\/\/pen.eu\/produkt\/kugelschreiber-margo\/#primaryimage"},"thumbnailUrl":"https:\/\/pen.eu\/wp-content\/uploads\/2025\/07\/MTR-Teal-L.jpg","datePublished":"2025-07-30T05:48:01+00:00","dateModified":"2025-12-12T14:35:31+00:00","breadcrumb":{"@id":"https:\/\/pen.eu\/produkt\/kugelschreiber-margo\/#breadcrumb"},"inLanguage":"de-CH","potentialAction":[{"@type":"ReadAction","target":["https:\/\/pen.eu\/produkt\/kugelschreiber-margo\/"]}]},{"@type":"ImageObject","inLanguage":"de-CH","@id":"https:\/\/pen.eu\/produkt\/kugelschreiber-margo\/#primaryimage","url":"https:\/\/pen.eu\/wp-content\/uploads\/2025\/07\/MTR-Teal-L.jpg","contentUrl":"https:\/\/pen.eu\/wp-content\/uploads\/2025\/07\/MTR-Teal-L.jpg","width":1800,"height":1800,"caption":"MTR-Teal-L"},{"@type":"BreadcrumbList","@id":"https:\/\/pen.eu\/produkt\/kugelschreiber-margo\/#breadcrumb","itemListElement":[{"@type":"ListItem","position":1,"name":"Home","item":"https:\/\/pen.eu\/"},{"@type":"ListItem","position":2,"name":"Shop","item":"https:\/\/pen.eu\/ch\/shop\/"},{"@type":"ListItem","position":3,"name":"Kugelschreiber &#8220;Margo&#8221;"}]},{"@type":"WebSite","@id":"https:\/\/pen.eu\/#website","url":"https:\/\/pen.eu\/","name":"PEN.EU","description":"Kugelschreiber bedrucken mit Logo | pen.eu","potentialAction":[{"@type":"SearchAction","target":{"@type":"EntryPoint","urlTemplate":"https:\/\/pen.eu\/?s={search_term_string}"},"query-input":{"@type":"PropertyValueSpecification","valueRequired":true,"valueName":"search_term_string"}}],"inLanguage":"de-CH"}]}},"_links":{"self":[{"href":"https:\/\/pen.eu\/ch\/wp-json\/wp\/v2\/product\/15800","targetHints":{"allow":["GET"]}}],"collection":[{"href":"https:\/\/pen.eu\/ch\/wp-json\/wp\/v2\/product"}],"about":[{"href":"https:\/\/pen.eu\/ch\/wp-json\/wp\/v2\/types\/product"}],"replies":[{"embeddable":true,"href":"https:\/\/pen.eu\/ch\/wp-json\/wp\/v2\/comments?post=15800"}],"wp:featuredmedia":[{"embeddable":true,"href":"https:\/\/pen.eu\/ch\/wp-json\/wp\/v2\/media\/15850"}],"wp:attachment":[{"href":"https:\/\/pen.eu\/ch\/wp-json\/wp\/v2\/media?parent=15800"}],"wp:term":[{"taxonomy":"product_brand","embeddable":true,"href":"https:\/\/pen.eu\/ch\/wp-json\/wp\/v2\/product_brand?post=15800"},{"taxonomy":"product_cat","embeddable":true,"href":"https:\/\/pen.eu\/ch\/wp-json\/wp\/v2\/product_cat?post=15800"},{"taxonomy":"product_tag","embeddable":true,"href":"https:\/\/pen.eu\/ch\/wp-json\/wp\/v2\/product_tag?post=15800"}],"curies":[{"name":"wp","href":"https:\/\/api.w.org\/{rel}","templated":true}]}}