{"id":15808,"date":"2025-07-30T08:05:40","date_gmt":"2025-07-30T06:05:40","guid":{"rendered":"https:\/\/v2.frank-pen.de\/?post_type=product&#038;p=15808"},"modified":"2025-09-29T15:19:58","modified_gmt":"2025-09-29T13:19:58","slug":"kugelschreiber-arlington-bamboo","status":"publish","type":"product","link":"https:\/\/pen.eu\/ch\/produkt\/kugelschreiber-arlington-bamboo\/","title":{"rendered":"Kugelschreiber &#8220;Arlington Bamboo&#8221;"},"content":{"rendered":"<p>Dieser besondere Werbekugelschreiber besticht durch seinen edlen Gunmetal-Look und den nat\u00fcrlichen Schaft aus 100\u202f% Bambus. Ihr Logo wird per Lasergravur oder mehrfarbigen Digitaldruck pr\u00e4zise und dauerhaft auf dem Bambus angebracht und sorgt so f\u00fcr eine stilvolle Markenpr\u00e4senz. Als Neuzugang in der erfolgreichen Arlington-Kollektion verbindet dieser Stift Nachhaltigkeit mit modernem Design und bietet eine umweltbewusste, zugleich hochwertige Werbem\u00f6glichkeit. Mit seiner ausgewogenen Form und der eleganten Farbgebung ist er ein attraktives Werbemittel, das Eindruck hinterl\u00e4sst \u2013 \u00f6kologisch verantwortungsvoll und visuell \u00fcberzeugend.<\/p>","protected":false},"excerpt":{"rendered":"<p>Dieser besondere Werbekugelschreiber besticht durch seinen edlen Gunmetal-Look und den nat\u00fcrlichen Schaft aus 100\u202f% Bambus. Ihr Logo wird per Lasergravur oder mehrfarbigen Digitaldruck pr\u00e4zise und dauerhaft auf dem Bambus angebracht und sorgt so f\u00fcr eine stilvolle Markenpr\u00e4senz. Als Neuzugang in der erfolgreichen Arlington-Kollektion verbindet dieser Stift Nachhaltigkeit mit modernem Design und bietet eine umweltbewusste, zugleich [&hellip;]<\/p>\n","protected":false},"featured_media":15921,"comment_status":"open","ping_status":"closed","template":"","meta":[],"product_brand":[],"product_cat":[309,247],"product_tag":[787,658,739,788,781],"class_list":{"0":"post-15808","1":"product","2":"type-product","3":"status-publish","4":"has-post-thumbnail","6":"product_cat-kugelschreiber-aus-metall","7":"product_cat-schreibgeraete","8":"product_tag-left-53","9":"product_tag-longpen","10":"product_tag-mqc","11":"product_tag-mtop-42","12":"product_tag-top-49","13":"pa_eigenschaft-dokumentenecht","14":"pa_eigenschaft-eco-friendly","15":"pa_farbe-anthrazit","16":"pa_farbe-dunkelblau","17":"pa_farbe-dunkelgruen","18":"pa_farbe-dunkellila","19":"pa_farbe-dunkelrot","20":"pa_farbe-gelb","21":"pa_farbe-gruen","22":"pa_farbe-hellblau","23":"pa_farbe-marine","24":"pa_farbe-orange","25":"pa_farbe-pink","26":"pa_farbe-rot","27":"pa_farbe-schwarz","28":"pa_farbe-weiss","29":"pa_material-bambus","30":"pa_mindestmenge-24","31":"pa_werbeanbringung-digitaldruck","32":"pa_werbeanbringung-lasergravur","34":"first","35":"instock","36":"taxable","37":"shipping-taxable","38":"purchasable","39":"product-type-variable","40":"add-to-wishlist-after_add_to_cart"},"yoast_head":"<!-- This site is optimized with the Yoast SEO plugin v27.3 - https:\/\/yoast.com\/product\/yoast-seo-wordpress\/ -->\n<title>Kugelschreiber &quot;Arlington Bamboo&quot; - PEN.EU<\/title>\n<meta name=\"robots\" content=\"index, follow, max-snippet:-1, max-image-preview:large, max-video-preview:-1\" \/>\n<link rel=\"canonical\" href=\"https:\/\/pen.eu\/ch\/produkt\/kugelschreiber-arlington-bamboo\/\" \/>\n<meta property=\"og:locale\" content=\"de_DE\" \/>\n<meta property=\"og:type\" content=\"article\" \/>\n<meta property=\"og:title\" content=\"Kugelschreiber &quot;Arlington Bamboo&quot; - PEN.EU\" \/>\n<meta property=\"og:description\" content=\"Dieser besondere Werbekugelschreiber besticht durch seinen edlen Gunmetal-Look und den nat\u00fcrlichen Schaft aus 100\u202f% Bambus. Ihr Logo wird per Lasergravur oder mehrfarbigen Digitaldruck pr\u00e4zise und dauerhaft auf dem Bambus angebracht und sorgt so f\u00fcr eine stilvolle Markenpr\u00e4senz. Als Neuzugang in der erfolgreichen Arlington-Kollektion verbindet dieser Stift Nachhaltigkeit mit modernem Design und bietet eine umweltbewusste, zugleich [&hellip;]\" \/>\n<meta property=\"og:url\" content=\"https:\/\/pen.eu\/ch\/produkt\/kugelschreiber-arlington-bamboo\/\" \/>\n<meta property=\"og:site_name\" content=\"PEN.EU\" \/>\n<meta property=\"article:modified_time\" content=\"2025-09-29T13:19:58+00:00\" \/>\n<meta property=\"og:image\" content=\"https:\/\/pen.eu\/wp-content\/uploads\/2025\/07\/MQC-L-BAMBOO-SIDE1-c59d72.jpg\" \/>\n\t<meta property=\"og:image:width\" content=\"1800\" \/>\n\t<meta property=\"og:image:height\" content=\"1800\" \/>\n\t<meta property=\"og:image:type\" content=\"image\/jpeg\" \/>\n<meta name=\"twitter:card\" content=\"summary_large_image\" \/>\n<script type=\"application\/ld+json\" class=\"yoast-schema-graph\">{\"@context\":\"https:\\\/\\\/schema.org\",\"@graph\":[{\"@type\":\"WebPage\",\"@id\":\"https:\\\/\\\/pen.eu\\\/produkt\\\/kugelschreiber-arlington-bamboo\\\/\",\"url\":\"https:\\\/\\\/pen.eu\\\/produkt\\\/kugelschreiber-arlington-bamboo\\\/\",\"name\":\"Kugelschreiber \\\"Arlington Bamboo\\\" - PEN.EU\",\"isPartOf\":{\"@id\":\"https:\\\/\\\/pen.eu\\\/#website\"},\"primaryImageOfPage\":{\"@id\":\"https:\\\/\\\/pen.eu\\\/produkt\\\/kugelschreiber-arlington-bamboo\\\/#primaryimage\"},\"image\":{\"@id\":\"https:\\\/\\\/pen.eu\\\/produkt\\\/kugelschreiber-arlington-bamboo\\\/#primaryimage\"},\"thumbnailUrl\":\"https:\\\/\\\/pen.eu\\\/wp-content\\\/uploads\\\/2025\\\/07\\\/MQC-L-BAMBOO-SIDE1-c59d72.jpg\",\"datePublished\":\"2025-07-30T06:05:40+00:00\",\"dateModified\":\"2025-09-29T13:19:58+00:00\",\"breadcrumb\":{\"@id\":\"https:\\\/\\\/pen.eu\\\/produkt\\\/kugelschreiber-arlington-bamboo\\\/#breadcrumb\"},\"inLanguage\":\"de-CH\",\"potentialAction\":[{\"@type\":\"ReadAction\",\"target\":[\"https:\\\/\\\/pen.eu\\\/produkt\\\/kugelschreiber-arlington-bamboo\\\/\"]}]},{\"@type\":\"ImageObject\",\"inLanguage\":\"de-CH\",\"@id\":\"https:\\\/\\\/pen.eu\\\/produkt\\\/kugelschreiber-arlington-bamboo\\\/#primaryimage\",\"url\":\"https:\\\/\\\/pen.eu\\\/wp-content\\\/uploads\\\/2025\\\/07\\\/MQC-L-BAMBOO-SIDE1-c59d72.jpg\",\"contentUrl\":\"https:\\\/\\\/pen.eu\\\/wp-content\\\/uploads\\\/2025\\\/07\\\/MQC-L-BAMBOO-SIDE1-c59d72.jpg\",\"width\":1800,\"height\":1800,\"caption\":\"MQC-L-BAMBOO SIDE\"},{\"@type\":\"BreadcrumbList\",\"@id\":\"https:\\\/\\\/pen.eu\\\/produkt\\\/kugelschreiber-arlington-bamboo\\\/#breadcrumb\",\"itemListElement\":[{\"@type\":\"ListItem\",\"position\":1,\"name\":\"Home\",\"item\":\"https:\\\/\\\/pen.eu\\\/\"},{\"@type\":\"ListItem\",\"position\":2,\"name\":\"Shop\",\"item\":\"https:\\\/\\\/pen.eu\\\/ch\\\/shop\\\/\"},{\"@type\":\"ListItem\",\"position\":3,\"name\":\"Kugelschreiber &#8220;Arlington Bamboo&#8221;\"}]},{\"@type\":\"WebSite\",\"@id\":\"https:\\\/\\\/pen.eu\\\/#website\",\"url\":\"https:\\\/\\\/pen.eu\\\/\",\"name\":\"PEN.EU\",\"description\":\"Kugelschreiber bedrucken mit Logo | pen.eu\",\"potentialAction\":[{\"@type\":\"SearchAction\",\"target\":{\"@type\":\"EntryPoint\",\"urlTemplate\":\"https:\\\/\\\/pen.eu\\\/?s={search_term_string}\"},\"query-input\":{\"@type\":\"PropertyValueSpecification\",\"valueRequired\":true,\"valueName\":\"search_term_string\"}}],\"inLanguage\":\"de-CH\"}]}<\/script>\n<!-- \/ Yoast SEO plugin. -->","yoast_head_json":{"title":"Kugelschreiber \"Arlington Bamboo\" - PEN.EU","robots":{"index":"index","follow":"follow","max-snippet":"max-snippet:-1","max-image-preview":"max-image-preview:large","max-video-preview":"max-video-preview:-1"},"canonical":"https:\/\/pen.eu\/ch\/produkt\/kugelschreiber-arlington-bamboo\/","og_locale":"de_DE","og_type":"article","og_title":"Kugelschreiber \"Arlington Bamboo\" - PEN.EU","og_description":"Dieser besondere Werbekugelschreiber besticht durch seinen edlen Gunmetal-Look und den nat\u00fcrlichen Schaft aus 100\u202f% Bambus. Ihr Logo wird per Lasergravur oder mehrfarbigen Digitaldruck pr\u00e4zise und dauerhaft auf dem Bambus angebracht und sorgt so f\u00fcr eine stilvolle Markenpr\u00e4senz. Als Neuzugang in der erfolgreichen Arlington-Kollektion verbindet dieser Stift Nachhaltigkeit mit modernem Design und bietet eine umweltbewusste, zugleich [&hellip;]","og_url":"https:\/\/pen.eu\/ch\/produkt\/kugelschreiber-arlington-bamboo\/","og_site_name":"PEN.EU","article_modified_time":"2025-09-29T13:19:58+00:00","og_image":[{"width":1800,"height":1800,"url":"https:\/\/pen.eu\/wp-content\/uploads\/2025\/07\/MQC-L-BAMBOO-SIDE1-c59d72.jpg","type":"image\/jpeg"}],"twitter_card":"summary_large_image","schema":{"@context":"https:\/\/schema.org","@graph":[{"@type":"WebPage","@id":"https:\/\/pen.eu\/produkt\/kugelschreiber-arlington-bamboo\/","url":"https:\/\/pen.eu\/produkt\/kugelschreiber-arlington-bamboo\/","name":"Kugelschreiber \"Arlington Bamboo\" - PEN.EU","isPartOf":{"@id":"https:\/\/pen.eu\/#website"},"primaryImageOfPage":{"@id":"https:\/\/pen.eu\/produkt\/kugelschreiber-arlington-bamboo\/#primaryimage"},"image":{"@id":"https:\/\/pen.eu\/produkt\/kugelschreiber-arlington-bamboo\/#primaryimage"},"thumbnailUrl":"https:\/\/pen.eu\/wp-content\/uploads\/2025\/07\/MQC-L-BAMBOO-SIDE1-c59d72.jpg","datePublished":"2025-07-30T06:05:40+00:00","dateModified":"2025-09-29T13:19:58+00:00","breadcrumb":{"@id":"https:\/\/pen.eu\/produkt\/kugelschreiber-arlington-bamboo\/#breadcrumb"},"inLanguage":"de-CH","potentialAction":[{"@type":"ReadAction","target":["https:\/\/pen.eu\/produkt\/kugelschreiber-arlington-bamboo\/"]}]},{"@type":"ImageObject","inLanguage":"de-CH","@id":"https:\/\/pen.eu\/produkt\/kugelschreiber-arlington-bamboo\/#primaryimage","url":"https:\/\/pen.eu\/wp-content\/uploads\/2025\/07\/MQC-L-BAMBOO-SIDE1-c59d72.jpg","contentUrl":"https:\/\/pen.eu\/wp-content\/uploads\/2025\/07\/MQC-L-BAMBOO-SIDE1-c59d72.jpg","width":1800,"height":1800,"caption":"MQC-L-BAMBOO SIDE"},{"@type":"BreadcrumbList","@id":"https:\/\/pen.eu\/produkt\/kugelschreiber-arlington-bamboo\/#breadcrumb","itemListElement":[{"@type":"ListItem","position":1,"name":"Home","item":"https:\/\/pen.eu\/"},{"@type":"ListItem","position":2,"name":"Shop","item":"https:\/\/pen.eu\/ch\/shop\/"},{"@type":"ListItem","position":3,"name":"Kugelschreiber &#8220;Arlington Bamboo&#8221;"}]},{"@type":"WebSite","@id":"https:\/\/pen.eu\/#website","url":"https:\/\/pen.eu\/","name":"PEN.EU","description":"Kugelschreiber bedrucken mit Logo | pen.eu","potentialAction":[{"@type":"SearchAction","target":{"@type":"EntryPoint","urlTemplate":"https:\/\/pen.eu\/?s={search_term_string}"},"query-input":{"@type":"PropertyValueSpecification","valueRequired":true,"valueName":"search_term_string"}}],"inLanguage":"de-CH"}]}},"_links":{"self":[{"href":"https:\/\/pen.eu\/ch\/wp-json\/wp\/v2\/product\/15808","targetHints":{"allow":["GET"]}}],"collection":[{"href":"https:\/\/pen.eu\/ch\/wp-json\/wp\/v2\/product"}],"about":[{"href":"https:\/\/pen.eu\/ch\/wp-json\/wp\/v2\/types\/product"}],"replies":[{"embeddable":true,"href":"https:\/\/pen.eu\/ch\/wp-json\/wp\/v2\/comments?post=15808"}],"wp:featuredmedia":[{"embeddable":true,"href":"https:\/\/pen.eu\/ch\/wp-json\/wp\/v2\/media\/15921"}],"wp:attachment":[{"href":"https:\/\/pen.eu\/ch\/wp-json\/wp\/v2\/media?parent=15808"}],"wp:term":[{"taxonomy":"product_brand","embeddable":true,"href":"https:\/\/pen.eu\/ch\/wp-json\/wp\/v2\/product_brand?post=15808"},{"taxonomy":"product_cat","embeddable":true,"href":"https:\/\/pen.eu\/ch\/wp-json\/wp\/v2\/product_cat?post=15808"},{"taxonomy":"product_tag","embeddable":true,"href":"https:\/\/pen.eu\/ch\/wp-json\/wp\/v2\/product_tag?post=15808"}],"curies":[{"name":"wp","href":"https:\/\/api.w.org\/{rel}","templated":true}]}}