{"id":15960,"date":"2025-07-30T11:46:23","date_gmt":"2025-07-30T09:46:23","guid":{"rendered":"https:\/\/v2.frank-pen.de\/?post_type=product&#038;p=15960"},"modified":"2025-11-04T08:29:37","modified_gmt":"2025-11-04T07:29:37","slug":"kugelschreiber-elton","status":"publish","type":"product","link":"https:\/\/pen.eu\/ch\/produkt\/kugelschreiber-elton\/","title":{"rendered":"Kugelschreiber &#8220;Elton&#8221;"},"content":{"rendered":"<p>Der Kugelschreiber &#8220;Elton&#8221; \u00fcberzeugt durch sein modernes, hochwertiges Design und den Einsatz recycelter Materialien. Das Oberteil und der Clip bestehen aus elegantem, rauchfarbenem rPET, w\u00e4hrend Unterteil und Dr\u00fccker aus robustem receycelten Kunststoff (RABS) gefertigt sind. Diese Materialkombination verleiht dem Stift nicht nur eine zeitgem\u00e4\u00dfe Optik, sondern unterstreicht auch den nachhaltigen Anspruch. Ausgestattet mit einer schlanken Mine und Dokumental-Tinte sorgt die 1,0\u202fmm Spitze f\u00fcr ein gleichm\u00e4\u00dfiges, fl\u00fcssiges Schreiberlebnis mit einer Reichweite von bis zu 550\u202fMetern. Der Elton ist damit die ideale Wahl f\u00fcr alle, die Funktion, Stil und Umweltbewusstsein in einem Werbemittel vereinen m\u00f6chten.<\/p>","protected":false},"excerpt":{"rendered":"<p>Der Kugelschreiber &#8220;Elton&#8221; \u00fcberzeugt durch sein modernes, hochwertiges Design und den Einsatz recycelter Materialien. Das Oberteil und der Clip bestehen aus elegantem, rauchfarbenem rPET, w\u00e4hrend Unterteil und Dr\u00fccker aus robustem receycelten Kunststoff (RABS) gefertigt sind. Diese Materialkombination verleiht dem Stift nicht nur eine zeitgem\u00e4\u00dfe Optik, sondern unterstreicht auch den nachhaltigen Anspruch. Ausgestattet mit einer schlanken [&hellip;]<\/p>\n","protected":false},"featured_media":16002,"comment_status":"open","ping_status":"closed","template":"","meta":[],"product_brand":[],"product_cat":[310,247],"product_tag":[743,784,885,793,781],"class_list":{"0":"post-15960","1":"product","2":"type-product","3":"status-publish","4":"has-post-thumbnail","6":"product_cat-kugelschreiber-aus-kunststoff","7":"product_cat-schreibgeraete","8":"product_tag-aku","9":"product_tag-left-40","10":"product_tag-left-shortpen","11":"product_tag-mtop-40","12":"product_tag-top-49","13":"pa_eigenschaft-eco-friendly","14":"pa_farbe-grau","15":"pa_farbe-rosegold","16":"pa_farbe-rot","17":"pa_material-kunststoff","18":"pa_mindestmenge-24","19":"pa_werbeanbringung-digitaldruck","20":"pa_werbeanbringung-siebdruck","22":"first","23":"instock","24":"taxable","25":"shipping-taxable","26":"purchasable","27":"product-type-variable","28":"add-to-wishlist-after_add_to_cart"},"yoast_head":"<!-- This site is optimized with the Yoast SEO plugin v27.2 - https:\/\/yoast.com\/product\/yoast-seo-wordpress\/ -->\n<title>Kugelschreiber &quot;Elton&quot; - PEN.EU<\/title>\n<meta name=\"robots\" content=\"index, follow, max-snippet:-1, max-image-preview:large, max-video-preview:-1\" \/>\n<link rel=\"canonical\" href=\"https:\/\/pen.eu\/ch\/produkt\/kugelschreiber-elton\/\" \/>\n<meta property=\"og:locale\" content=\"de_DE\" \/>\n<meta property=\"og:type\" content=\"article\" \/>\n<meta property=\"og:title\" content=\"Kugelschreiber &quot;Elton&quot; - PEN.EU\" \/>\n<meta property=\"og:description\" content=\"Der Kugelschreiber &#8220;Elton&#8221; \u00fcberzeugt durch sein modernes, hochwertiges Design und den Einsatz recycelter Materialien. Das Oberteil und der Clip bestehen aus elegantem, rauchfarbenem rPET, w\u00e4hrend Unterteil und Dr\u00fccker aus robustem receycelten Kunststoff (RABS) gefertigt sind. Diese Materialkombination verleiht dem Stift nicht nur eine zeitgem\u00e4\u00dfe Optik, sondern unterstreicht auch den nachhaltigen Anspruch. Ausgestattet mit einer schlanken [&hellip;]\" \/>\n<meta property=\"og:url\" content=\"https:\/\/pen.eu\/ch\/produkt\/kugelschreiber-elton\/\" \/>\n<meta property=\"og:site_name\" content=\"PEN.EU\" \/>\n<meta property=\"article:modified_time\" content=\"2025-11-04T07:29:37+00:00\" \/>\n<meta property=\"og:image\" content=\"https:\/\/pen.eu\/wp-content\/uploads\/2025\/07\/AKU-blank-navyblue.png\" \/>\n\t<meta property=\"og:image:width\" content=\"2000\" \/>\n\t<meta property=\"og:image:height\" content=\"2000\" \/>\n\t<meta property=\"og:image:type\" content=\"image\/png\" \/>\n<meta name=\"twitter:card\" content=\"summary_large_image\" \/>\n<meta name=\"twitter:label1\" content=\"Gesch\u00e4tzte Lesezeit\" \/>\n\t<meta name=\"twitter:data1\" content=\"1\u00a0Minute\" \/>\n<script type=\"application\/ld+json\" class=\"yoast-schema-graph\">{\"@context\":\"https:\/\/schema.org\",\"@graph\":[{\"@type\":\"WebPage\",\"@id\":\"https:\/\/pen.eu\/produkt\/kugelschreiber-elton\/\",\"url\":\"https:\/\/pen.eu\/produkt\/kugelschreiber-elton\/\",\"name\":\"Kugelschreiber \\\"Elton\\\" - PEN.EU\",\"isPartOf\":{\"@id\":\"https:\/\/pen.eu\/#website\"},\"primaryImageOfPage\":{\"@id\":\"https:\/\/pen.eu\/produkt\/kugelschreiber-elton\/#primaryimage\"},\"image\":{\"@id\":\"https:\/\/pen.eu\/produkt\/kugelschreiber-elton\/#primaryimage\"},\"thumbnailUrl\":\"https:\/\/pen.eu\/wp-content\/uploads\/2025\/07\/AKU-blank-navyblue.png\",\"datePublished\":\"2025-07-30T09:46:23+00:00\",\"dateModified\":\"2025-11-04T07:29:37+00:00\",\"breadcrumb\":{\"@id\":\"https:\/\/pen.eu\/produkt\/kugelschreiber-elton\/#breadcrumb\"},\"inLanguage\":\"de-CH\",\"potentialAction\":[{\"@type\":\"ReadAction\",\"target\":[\"https:\/\/pen.eu\/produkt\/kugelschreiber-elton\/\"]}]},{\"@type\":\"ImageObject\",\"inLanguage\":\"de-CH\",\"@id\":\"https:\/\/pen.eu\/produkt\/kugelschreiber-elton\/#primaryimage\",\"url\":\"https:\/\/pen.eu\/wp-content\/uploads\/2025\/07\/AKU-blank-navyblue.png\",\"contentUrl\":\"https:\/\/pen.eu\/wp-content\/uploads\/2025\/07\/AKU-blank-navyblue.png\",\"width\":2000,\"height\":2000,\"caption\":\"AKU-blank-navyblue\"},{\"@type\":\"BreadcrumbList\",\"@id\":\"https:\/\/pen.eu\/produkt\/kugelschreiber-elton\/#breadcrumb\",\"itemListElement\":[{\"@type\":\"ListItem\",\"position\":1,\"name\":\"Home\",\"item\":\"https:\/\/pen.eu\/\"},{\"@type\":\"ListItem\",\"position\":2,\"name\":\"Shop\",\"item\":\"https:\/\/pen.eu\/ch\/shop\/\"},{\"@type\":\"ListItem\",\"position\":3,\"name\":\"Kugelschreiber &#8220;Elton&#8221;\"}]},{\"@type\":\"WebSite\",\"@id\":\"https:\/\/pen.eu\/#website\",\"url\":\"https:\/\/pen.eu\/\",\"name\":\"PEN.EU\",\"description\":\"Kugelschreiber bedrucken mit Logo | pen.eu\",\"potentialAction\":[{\"@type\":\"SearchAction\",\"target\":{\"@type\":\"EntryPoint\",\"urlTemplate\":\"https:\/\/pen.eu\/?s={search_term_string}\"},\"query-input\":{\"@type\":\"PropertyValueSpecification\",\"valueRequired\":true,\"valueName\":\"search_term_string\"}}],\"inLanguage\":\"de-CH\"}]}<\/script>\n<!-- \/ Yoast SEO plugin. -->","yoast_head_json":{"title":"Kugelschreiber \"Elton\" - PEN.EU","robots":{"index":"index","follow":"follow","max-snippet":"max-snippet:-1","max-image-preview":"max-image-preview:large","max-video-preview":"max-video-preview:-1"},"canonical":"https:\/\/pen.eu\/ch\/produkt\/kugelschreiber-elton\/","og_locale":"de_DE","og_type":"article","og_title":"Kugelschreiber \"Elton\" - PEN.EU","og_description":"Der Kugelschreiber &#8220;Elton&#8221; \u00fcberzeugt durch sein modernes, hochwertiges Design und den Einsatz recycelter Materialien. Das Oberteil und der Clip bestehen aus elegantem, rauchfarbenem rPET, w\u00e4hrend Unterteil und Dr\u00fccker aus robustem receycelten Kunststoff (RABS) gefertigt sind. Diese Materialkombination verleiht dem Stift nicht nur eine zeitgem\u00e4\u00dfe Optik, sondern unterstreicht auch den nachhaltigen Anspruch. Ausgestattet mit einer schlanken [&hellip;]","og_url":"https:\/\/pen.eu\/ch\/produkt\/kugelschreiber-elton\/","og_site_name":"PEN.EU","article_modified_time":"2025-11-04T07:29:37+00:00","og_image":[{"width":2000,"height":2000,"url":"https:\/\/pen.eu\/wp-content\/uploads\/2025\/07\/AKU-blank-navyblue.png","type":"image\/png"}],"twitter_card":"summary_large_image","twitter_misc":{"Gesch\u00e4tzte Lesezeit":"1\u00a0Minute"},"schema":{"@context":"https:\/\/schema.org","@graph":[{"@type":"WebPage","@id":"https:\/\/pen.eu\/produkt\/kugelschreiber-elton\/","url":"https:\/\/pen.eu\/produkt\/kugelschreiber-elton\/","name":"Kugelschreiber \"Elton\" - PEN.EU","isPartOf":{"@id":"https:\/\/pen.eu\/#website"},"primaryImageOfPage":{"@id":"https:\/\/pen.eu\/produkt\/kugelschreiber-elton\/#primaryimage"},"image":{"@id":"https:\/\/pen.eu\/produkt\/kugelschreiber-elton\/#primaryimage"},"thumbnailUrl":"https:\/\/pen.eu\/wp-content\/uploads\/2025\/07\/AKU-blank-navyblue.png","datePublished":"2025-07-30T09:46:23+00:00","dateModified":"2025-11-04T07:29:37+00:00","breadcrumb":{"@id":"https:\/\/pen.eu\/produkt\/kugelschreiber-elton\/#breadcrumb"},"inLanguage":"de-CH","potentialAction":[{"@type":"ReadAction","target":["https:\/\/pen.eu\/produkt\/kugelschreiber-elton\/"]}]},{"@type":"ImageObject","inLanguage":"de-CH","@id":"https:\/\/pen.eu\/produkt\/kugelschreiber-elton\/#primaryimage","url":"https:\/\/pen.eu\/wp-content\/uploads\/2025\/07\/AKU-blank-navyblue.png","contentUrl":"https:\/\/pen.eu\/wp-content\/uploads\/2025\/07\/AKU-blank-navyblue.png","width":2000,"height":2000,"caption":"AKU-blank-navyblue"},{"@type":"BreadcrumbList","@id":"https:\/\/pen.eu\/produkt\/kugelschreiber-elton\/#breadcrumb","itemListElement":[{"@type":"ListItem","position":1,"name":"Home","item":"https:\/\/pen.eu\/"},{"@type":"ListItem","position":2,"name":"Shop","item":"https:\/\/pen.eu\/ch\/shop\/"},{"@type":"ListItem","position":3,"name":"Kugelschreiber &#8220;Elton&#8221;"}]},{"@type":"WebSite","@id":"https:\/\/pen.eu\/#website","url":"https:\/\/pen.eu\/","name":"PEN.EU","description":"Kugelschreiber bedrucken mit Logo | pen.eu","potentialAction":[{"@type":"SearchAction","target":{"@type":"EntryPoint","urlTemplate":"https:\/\/pen.eu\/?s={search_term_string}"},"query-input":{"@type":"PropertyValueSpecification","valueRequired":true,"valueName":"search_term_string"}}],"inLanguage":"de-CH"}]}},"_links":{"self":[{"href":"https:\/\/pen.eu\/ch\/wp-json\/wp\/v2\/product\/15960","targetHints":{"allow":["GET"]}}],"collection":[{"href":"https:\/\/pen.eu\/ch\/wp-json\/wp\/v2\/product"}],"about":[{"href":"https:\/\/pen.eu\/ch\/wp-json\/wp\/v2\/types\/product"}],"replies":[{"embeddable":true,"href":"https:\/\/pen.eu\/ch\/wp-json\/wp\/v2\/comments?post=15960"}],"wp:featuredmedia":[{"embeddable":true,"href":"https:\/\/pen.eu\/ch\/wp-json\/wp\/v2\/media\/16002"}],"wp:attachment":[{"href":"https:\/\/pen.eu\/ch\/wp-json\/wp\/v2\/media?parent=15960"}],"wp:term":[{"taxonomy":"product_brand","embeddable":true,"href":"https:\/\/pen.eu\/ch\/wp-json\/wp\/v2\/product_brand?post=15960"},{"taxonomy":"product_cat","embeddable":true,"href":"https:\/\/pen.eu\/ch\/wp-json\/wp\/v2\/product_cat?post=15960"},{"taxonomy":"product_tag","embeddable":true,"href":"https:\/\/pen.eu\/ch\/wp-json\/wp\/v2\/product_tag?post=15960"}],"curies":[{"name":"wp","href":"https:\/\/api.w.org\/{rel}","templated":true}]}}