{"id":15963,"date":"2025-07-30T11:48:53","date_gmt":"2025-07-30T09:48:53","guid":{"rendered":"https:\/\/v2.frank-pen.de\/?post_type=product&#038;p=15963"},"modified":"2025-11-06T12:39:45","modified_gmt":"2025-11-06T11:39:45","slug":"kugelschreiber-zeke","status":"publish","type":"product","link":"https:\/\/pen.eu\/ch\/produkt\/kugelschreiber-zeke\/","title":{"rendered":"Kugelschreiber &#8220;Zeke&#8221;"},"content":{"rendered":"<p>Der Zeke Drehkugelschreiber kombiniert ein angenehmes Schreibgef\u00fchl mit durchdachter Funktionalit\u00e4t. Sein Geh\u00e4use aus hochwertigem RABS-Kunststoff besitzt eine samtige Soft-Touch-Oberfl\u00e4che, die durch matte bronzefarbene ABS-Details elegant betont wird. Ein fein gearbeitetes Diamantmuster an Griff und Drehmechanismus sorgt f\u00fcr Struktur und sicheren Halt, w\u00e4hrend das integrierte Kugellager ein sanftes, leises Drehen erm\u00f6glicht \u2013 perfekt als dezentes Entspannungselement im Alltag. Der schwarze Gummistylus am Dr\u00fccker reagiert pr\u00e4zise auf alle g\u00e4ngigen Touchscreens, und der Clip mit beweglicher Edelstahlkugel setzt ein raffiniertes optisches Detail. Mit seiner 1,0 mm Dokumental-Tintenmine liefert der Stift ein gleichm\u00e4\u00dfiges, flie\u00dfendes Schriftbild \u2013 ideal f\u00fcr den t\u00e4glichen Gebrauch.<\/p>","protected":false},"excerpt":{"rendered":"<p>Der Zeke Drehkugelschreiber kombiniert ein angenehmes Schreibgef\u00fchl mit durchdachter Funktionalit\u00e4t. Sein Geh\u00e4use aus hochwertigem RABS-Kunststoff besitzt eine samtige Soft-Touch-Oberfl\u00e4che, die durch matte bronzefarbene ABS-Details elegant betont wird. Ein fein gearbeitetes Diamantmuster an Griff und Drehmechanismus sorgt f\u00fcr Struktur und sicheren Halt, w\u00e4hrend das integrierte Kugellager ein sanftes, leises Drehen erm\u00f6glicht \u2013 perfekt als dezentes Entspannungselement [&hellip;]<\/p>\n","protected":false},"featured_media":16699,"comment_status":"open","ping_status":"closed","template":"","meta":[],"product_brand":[],"product_cat":[310,247],"product_tag":[746,658],"class_list":{"0":"post-15963","1":"product","2":"type-product","3":"status-publish","4":"has-post-thumbnail","6":"product_cat-kugelschreiber-aus-kunststoff","7":"product_cat-schreibgeraete","8":"product_tag-alh","9":"product_tag-longpen","10":"pa_farbe-grau","11":"pa_farbe-rosegold","12":"pa_farbe-rot","13":"pa_material-metall","14":"pa_mindestmenge-24","15":"pa_werbeanbringung-digitaldruck","16":"pa_werbeanbringung-digitaldruck-2-seitiger-aufdruck","17":"pa_werbeanbringung-lasergravur","18":"pa_werbeanbringung-lasergravur-2-seitiger-aufdruck","20":"first","21":"instock","22":"taxable","23":"shipping-taxable","24":"purchasable","25":"product-type-variable","26":"add-to-wishlist-after_add_to_cart"},"yoast_head":"<!-- This site is optimized with the Yoast SEO plugin v27.4 - https:\/\/yoast.com\/product\/yoast-seo-wordpress\/ -->\n<title>Kugelschreiber &quot;Zeke&quot; - PEN.EU<\/title>\n<meta name=\"robots\" content=\"index, follow, max-snippet:-1, max-image-preview:large, max-video-preview:-1\" \/>\n<link rel=\"canonical\" href=\"https:\/\/pen.eu\/ch\/produkt\/kugelschreiber-zeke\/\" \/>\n<meta property=\"og:locale\" content=\"de_DE\" \/>\n<meta property=\"og:type\" content=\"article\" \/>\n<meta property=\"og:title\" content=\"Kugelschreiber &quot;Zeke&quot; - PEN.EU\" \/>\n<meta property=\"og:description\" content=\"Der Zeke Drehkugelschreiber kombiniert ein angenehmes Schreibgef\u00fchl mit durchdachter Funktionalit\u00e4t. Sein Geh\u00e4use aus hochwertigem RABS-Kunststoff besitzt eine samtige Soft-Touch-Oberfl\u00e4che, die durch matte bronzefarbene ABS-Details elegant betont wird. Ein fein gearbeitetes Diamantmuster an Griff und Drehmechanismus sorgt f\u00fcr Struktur und sicheren Halt, w\u00e4hrend das integrierte Kugellager ein sanftes, leises Drehen erm\u00f6glicht \u2013 perfekt als dezentes Entspannungselement [&hellip;]\" \/>\n<meta property=\"og:url\" content=\"https:\/\/pen.eu\/ch\/produkt\/kugelschreiber-zeke\/\" \/>\n<meta property=\"og:site_name\" content=\"PEN.EU\" \/>\n<meta property=\"article:modified_time\" content=\"2025-11-06T11:39:45+00:00\" \/>\n<meta property=\"og:image\" content=\"https:\/\/pen.eu\/wp-content\/uploads\/2025\/07\/alh-black.jpg\" \/>\n\t<meta property=\"og:image:width\" content=\"2000\" \/>\n\t<meta property=\"og:image:height\" content=\"2000\" \/>\n\t<meta property=\"og:image:type\" content=\"image\/jpeg\" \/>\n<meta name=\"twitter:card\" content=\"summary_large_image\" \/>\n<meta name=\"twitter:label1\" content=\"Gesch\u00e4tzte Lesezeit\" \/>\n\t<meta name=\"twitter:data1\" content=\"1\u00a0Minute\" \/>\n<script type=\"application\/ld+json\" class=\"yoast-schema-graph\">{\"@context\":\"https:\\\/\\\/schema.org\",\"@graph\":[{\"@type\":\"WebPage\",\"@id\":\"https:\\\/\\\/pen.eu\\\/produkt\\\/kugelschreiber-zeke\\\/\",\"url\":\"https:\\\/\\\/pen.eu\\\/produkt\\\/kugelschreiber-zeke\\\/\",\"name\":\"Kugelschreiber \\\"Zeke\\\" - PEN.EU\",\"isPartOf\":{\"@id\":\"https:\\\/\\\/pen.eu\\\/#website\"},\"primaryImageOfPage\":{\"@id\":\"https:\\\/\\\/pen.eu\\\/produkt\\\/kugelschreiber-zeke\\\/#primaryimage\"},\"image\":{\"@id\":\"https:\\\/\\\/pen.eu\\\/produkt\\\/kugelschreiber-zeke\\\/#primaryimage\"},\"thumbnailUrl\":\"https:\\\/\\\/pen.eu\\\/wp-content\\\/uploads\\\/2025\\\/07\\\/alh-black.jpg\",\"datePublished\":\"2025-07-30T09:48:53+00:00\",\"dateModified\":\"2025-11-06T11:39:45+00:00\",\"breadcrumb\":{\"@id\":\"https:\\\/\\\/pen.eu\\\/produkt\\\/kugelschreiber-zeke\\\/#breadcrumb\"},\"inLanguage\":\"de-CH\",\"potentialAction\":[{\"@type\":\"ReadAction\",\"target\":[\"https:\\\/\\\/pen.eu\\\/produkt\\\/kugelschreiber-zeke\\\/\"]}]},{\"@type\":\"ImageObject\",\"inLanguage\":\"de-CH\",\"@id\":\"https:\\\/\\\/pen.eu\\\/produkt\\\/kugelschreiber-zeke\\\/#primaryimage\",\"url\":\"https:\\\/\\\/pen.eu\\\/wp-content\\\/uploads\\\/2025\\\/07\\\/alh-black.jpg\",\"contentUrl\":\"https:\\\/\\\/pen.eu\\\/wp-content\\\/uploads\\\/2025\\\/07\\\/alh-black.jpg\",\"width\":2000,\"height\":2000,\"caption\":\"alh-black\"},{\"@type\":\"BreadcrumbList\",\"@id\":\"https:\\\/\\\/pen.eu\\\/produkt\\\/kugelschreiber-zeke\\\/#breadcrumb\",\"itemListElement\":[{\"@type\":\"ListItem\",\"position\":1,\"name\":\"Home\",\"item\":\"https:\\\/\\\/pen.eu\\\/\"},{\"@type\":\"ListItem\",\"position\":2,\"name\":\"Shop\",\"item\":\"https:\\\/\\\/pen.eu\\\/ch\\\/shop\\\/\"},{\"@type\":\"ListItem\",\"position\":3,\"name\":\"Kugelschreiber &#8220;Zeke&#8221;\"}]},{\"@type\":\"WebSite\",\"@id\":\"https:\\\/\\\/pen.eu\\\/#website\",\"url\":\"https:\\\/\\\/pen.eu\\\/\",\"name\":\"PEN.EU\",\"description\":\"Kugelschreiber bedrucken mit Logo | pen.eu\",\"potentialAction\":[{\"@type\":\"SearchAction\",\"target\":{\"@type\":\"EntryPoint\",\"urlTemplate\":\"https:\\\/\\\/pen.eu\\\/?s={search_term_string}\"},\"query-input\":{\"@type\":\"PropertyValueSpecification\",\"valueRequired\":true,\"valueName\":\"search_term_string\"}}],\"inLanguage\":\"de-CH\"}]}<\/script>\n<!-- \/ Yoast SEO plugin. -->","yoast_head_json":{"title":"Kugelschreiber \"Zeke\" - PEN.EU","robots":{"index":"index","follow":"follow","max-snippet":"max-snippet:-1","max-image-preview":"max-image-preview:large","max-video-preview":"max-video-preview:-1"},"canonical":"https:\/\/pen.eu\/ch\/produkt\/kugelschreiber-zeke\/","og_locale":"de_DE","og_type":"article","og_title":"Kugelschreiber \"Zeke\" - PEN.EU","og_description":"Der Zeke Drehkugelschreiber kombiniert ein angenehmes Schreibgef\u00fchl mit durchdachter Funktionalit\u00e4t. Sein Geh\u00e4use aus hochwertigem RABS-Kunststoff besitzt eine samtige Soft-Touch-Oberfl\u00e4che, die durch matte bronzefarbene ABS-Details elegant betont wird. Ein fein gearbeitetes Diamantmuster an Griff und Drehmechanismus sorgt f\u00fcr Struktur und sicheren Halt, w\u00e4hrend das integrierte Kugellager ein sanftes, leises Drehen erm\u00f6glicht \u2013 perfekt als dezentes Entspannungselement [&hellip;]","og_url":"https:\/\/pen.eu\/ch\/produkt\/kugelschreiber-zeke\/","og_site_name":"PEN.EU","article_modified_time":"2025-11-06T11:39:45+00:00","og_image":[{"width":2000,"height":2000,"url":"https:\/\/pen.eu\/wp-content\/uploads\/2025\/07\/alh-black.jpg","type":"image\/jpeg"}],"twitter_card":"summary_large_image","twitter_misc":{"Gesch\u00e4tzte Lesezeit":"1\u00a0Minute"},"schema":{"@context":"https:\/\/schema.org","@graph":[{"@type":"WebPage","@id":"https:\/\/pen.eu\/produkt\/kugelschreiber-zeke\/","url":"https:\/\/pen.eu\/produkt\/kugelschreiber-zeke\/","name":"Kugelschreiber \"Zeke\" - PEN.EU","isPartOf":{"@id":"https:\/\/pen.eu\/#website"},"primaryImageOfPage":{"@id":"https:\/\/pen.eu\/produkt\/kugelschreiber-zeke\/#primaryimage"},"image":{"@id":"https:\/\/pen.eu\/produkt\/kugelschreiber-zeke\/#primaryimage"},"thumbnailUrl":"https:\/\/pen.eu\/wp-content\/uploads\/2025\/07\/alh-black.jpg","datePublished":"2025-07-30T09:48:53+00:00","dateModified":"2025-11-06T11:39:45+00:00","breadcrumb":{"@id":"https:\/\/pen.eu\/produkt\/kugelschreiber-zeke\/#breadcrumb"},"inLanguage":"de-CH","potentialAction":[{"@type":"ReadAction","target":["https:\/\/pen.eu\/produkt\/kugelschreiber-zeke\/"]}]},{"@type":"ImageObject","inLanguage":"de-CH","@id":"https:\/\/pen.eu\/produkt\/kugelschreiber-zeke\/#primaryimage","url":"https:\/\/pen.eu\/wp-content\/uploads\/2025\/07\/alh-black.jpg","contentUrl":"https:\/\/pen.eu\/wp-content\/uploads\/2025\/07\/alh-black.jpg","width":2000,"height":2000,"caption":"alh-black"},{"@type":"BreadcrumbList","@id":"https:\/\/pen.eu\/produkt\/kugelschreiber-zeke\/#breadcrumb","itemListElement":[{"@type":"ListItem","position":1,"name":"Home","item":"https:\/\/pen.eu\/"},{"@type":"ListItem","position":2,"name":"Shop","item":"https:\/\/pen.eu\/ch\/shop\/"},{"@type":"ListItem","position":3,"name":"Kugelschreiber &#8220;Zeke&#8221;"}]},{"@type":"WebSite","@id":"https:\/\/pen.eu\/#website","url":"https:\/\/pen.eu\/","name":"PEN.EU","description":"Kugelschreiber bedrucken mit Logo | pen.eu","potentialAction":[{"@type":"SearchAction","target":{"@type":"EntryPoint","urlTemplate":"https:\/\/pen.eu\/?s={search_term_string}"},"query-input":{"@type":"PropertyValueSpecification","valueRequired":true,"valueName":"search_term_string"}}],"inLanguage":"de-CH"}]}},"_links":{"self":[{"href":"https:\/\/pen.eu\/ch\/wp-json\/wp\/v2\/product\/15963","targetHints":{"allow":["GET"]}}],"collection":[{"href":"https:\/\/pen.eu\/ch\/wp-json\/wp\/v2\/product"}],"about":[{"href":"https:\/\/pen.eu\/ch\/wp-json\/wp\/v2\/types\/product"}],"replies":[{"embeddable":true,"href":"https:\/\/pen.eu\/ch\/wp-json\/wp\/v2\/comments?post=15963"}],"wp:featuredmedia":[{"embeddable":true,"href":"https:\/\/pen.eu\/ch\/wp-json\/wp\/v2\/media\/16699"}],"wp:attachment":[{"href":"https:\/\/pen.eu\/ch\/wp-json\/wp\/v2\/media?parent=15963"}],"wp:term":[{"taxonomy":"product_brand","embeddable":true,"href":"https:\/\/pen.eu\/ch\/wp-json\/wp\/v2\/product_brand?post=15963"},{"taxonomy":"product_cat","embeddable":true,"href":"https:\/\/pen.eu\/ch\/wp-json\/wp\/v2\/product_cat?post=15963"},{"taxonomy":"product_tag","embeddable":true,"href":"https:\/\/pen.eu\/ch\/wp-json\/wp\/v2\/product_tag?post=15963"}],"curies":[{"name":"wp","href":"https:\/\/api.w.org\/{rel}","templated":true}]}}