{"id":16859,"date":"2025-09-19T13:22:14","date_gmt":"2025-09-19T11:22:14","guid":{"rendered":"https:\/\/v2.frank-pen.de\/?post_type=product&#038;p=16859"},"modified":"2026-01-22T10:30:43","modified_gmt":"2026-01-22T09:30:43","slug":"tasse-palacio","status":"publish","type":"product","link":"https:\/\/pen.eu\/ch\/produkt\/tasse-palacio\/","title":{"rendered":"Tasse \u201cPalacio\u201d"},"content":{"rendered":"<p data-prosemirror-content-type=\"node\" data-prosemirror-node-name=\"paragraph\" data-prosemirror-node-block=\"true\" data-pm-slice=\"1 1 []\">Die Palacio Tasse macht jeden Schluck zu einem besonderen Erlebnis \u2013 sie vereint modernes Design mit langlebiger Alltagstauglichkeit. Mehr als nur ein einfacher Becher, pr\u00e4sentiert sie sich als stilvolles Statement aus widerstandsf\u00e4higem Steingut und markantem Farbblock-Design. Der matte Sockel setzt einen spannenden Kontrast zur gl\u00e4nzenden, farbenfrohen Oberseite und verleiht der Tasse ihre besondere Optik. Mit einem gro\u00dfz\u00fcgigen Volumen von 445 ml eignet sie sich perfekt f\u00fcr hei\u00dfen Kaffee, aromatischen Tee oder erfrischende Kaltgetr\u00e4nke. BPA-frei und FDA-zertifiziert, wurde die Tasse Palacio f\u00fcr sicheren, zuverl\u00e4ssigen Gebrauch im t\u00e4glichen Leben konzipiert \u2013 und verbindet so praktische Funktion mit zeitloser Eleganz. Nur Handw\u00e4sche empfohlen.<\/p>","protected":false},"excerpt":{"rendered":"<p>Die Palacio Tasse macht jeden Schluck zu einem besonderen Erlebnis \u2013 sie vereint modernes Design mit langlebiger Alltagstauglichkeit. Mehr als nur ein einfacher Becher, pr\u00e4sentiert sie sich als stilvolles Statement aus widerstandsf\u00e4higem Steingut und markantem Farbblock-Design. Der matte Sockel setzt einen spannenden Kontrast zur gl\u00e4nzenden, farbenfrohen Oberseite und verleiht der Tasse ihre besondere Optik. Mit [&hellip;]<\/p>\n","protected":false},"featured_media":16865,"comment_status":"open","ping_status":"closed","template":"","meta":[],"product_brand":[],"product_cat":[248],"product_tag":[399,681,687,795,859,684,685],"class_list":{"0":"post-16859","1":"product","2":"type-product","3":"status-publish","4":"has-post-thumbnail","6":"product_cat-trinkgefaesse","7":"product_tag-beach","8":"product_tag-designmug","9":"product_tag-logomiddle","10":"product_tag-mtop-50","11":"product_tag-mvl","12":"product_tag-widesize","13":"product_tag-withhandle","14":"pa_eigenschaft-bestseller","15":"pa_farbe-creme","16":"pa_farbe-dunkelgrau","17":"pa_farbe-hellblau","18":"pa_farbe-schwarz","19":"pa_farbe-weiss","20":"pa_material-keramik","21":"pa_mindestmenge-369","22":"pa_werbeanbringung-siebdruck","24":"first","25":"instock","26":"taxable","27":"shipping-taxable","28":"purchasable","29":"product-type-variable","30":"add-to-wishlist-after_add_to_cart"},"yoast_head":"<!-- This site is optimized with the Yoast SEO plugin v27.4 - https:\/\/yoast.com\/product\/yoast-seo-wordpress\/ -->\n<title>Tasse &quot;Palacio&quot; - PEN.EU<\/title>\n<meta name=\"robots\" content=\"index, follow, max-snippet:-1, max-image-preview:large, max-video-preview:-1\" \/>\n<link rel=\"canonical\" href=\"https:\/\/pen.eu\/ch\/produkt\/tasse-palacio\/\" \/>\n<meta property=\"og:locale\" content=\"de_DE\" \/>\n<meta property=\"og:type\" content=\"article\" \/>\n<meta property=\"og:title\" content=\"Tasse &quot;Palacio&quot; - PEN.EU\" \/>\n<meta property=\"og:description\" content=\"Die Palacio Tasse macht jeden Schluck zu einem besonderen Erlebnis \u2013 sie vereint modernes Design mit langlebiger Alltagstauglichkeit. Mehr als nur ein einfacher Becher, pr\u00e4sentiert sie sich als stilvolles Statement aus widerstandsf\u00e4higem Steingut und markantem Farbblock-Design. Der matte Sockel setzt einen spannenden Kontrast zur gl\u00e4nzenden, farbenfrohen Oberseite und verleiht der Tasse ihre besondere Optik. Mit [&hellip;]\" \/>\n<meta property=\"og:url\" content=\"https:\/\/pen.eu\/ch\/produkt\/tasse-palacio\/\" \/>\n<meta property=\"og:site_name\" content=\"PEN.EU\" \/>\n<meta property=\"article:modified_time\" content=\"2026-01-22T09:30:43+00:00\" \/>\n<meta property=\"og:image\" content=\"https:\/\/pen.eu\/wp-content\/uploads\/2025\/09\/productpage1.png\" \/>\n\t<meta property=\"og:image:width\" content=\"2000\" \/>\n\t<meta property=\"og:image:height\" content=\"2000\" \/>\n\t<meta property=\"og:image:type\" content=\"image\/png\" \/>\n<meta name=\"twitter:card\" content=\"summary_large_image\" \/>\n<meta name=\"twitter:label1\" content=\"Gesch\u00e4tzte Lesezeit\" \/>\n\t<meta name=\"twitter:data1\" content=\"1\u00a0Minute\" \/>\n<script type=\"application\/ld+json\" class=\"yoast-schema-graph\">{\"@context\":\"https:\\\/\\\/schema.org\",\"@graph\":[{\"@type\":\"WebPage\",\"@id\":\"https:\\\/\\\/pen.eu\\\/produkt\\\/tasse-palacio\\\/\",\"url\":\"https:\\\/\\\/pen.eu\\\/produkt\\\/tasse-palacio\\\/\",\"name\":\"Tasse \\\"Palacio\\\" - PEN.EU\",\"isPartOf\":{\"@id\":\"https:\\\/\\\/pen.eu\\\/#website\"},\"primaryImageOfPage\":{\"@id\":\"https:\\\/\\\/pen.eu\\\/produkt\\\/tasse-palacio\\\/#primaryimage\"},\"image\":{\"@id\":\"https:\\\/\\\/pen.eu\\\/produkt\\\/tasse-palacio\\\/#primaryimage\"},\"thumbnailUrl\":\"https:\\\/\\\/pen.eu\\\/wp-content\\\/uploads\\\/2025\\\/09\\\/productpage1.png\",\"datePublished\":\"2025-09-19T11:22:14+00:00\",\"dateModified\":\"2026-01-22T09:30:43+00:00\",\"breadcrumb\":{\"@id\":\"https:\\\/\\\/pen.eu\\\/produkt\\\/tasse-palacio\\\/#breadcrumb\"},\"inLanguage\":\"de-CH\",\"potentialAction\":[{\"@type\":\"ReadAction\",\"target\":[\"https:\\\/\\\/pen.eu\\\/produkt\\\/tasse-palacio\\\/\"]}]},{\"@type\":\"ImageObject\",\"inLanguage\":\"de-CH\",\"@id\":\"https:\\\/\\\/pen.eu\\\/produkt\\\/tasse-palacio\\\/#primaryimage\",\"url\":\"https:\\\/\\\/pen.eu\\\/wp-content\\\/uploads\\\/2025\\\/09\\\/productpage1.png\",\"contentUrl\":\"https:\\\/\\\/pen.eu\\\/wp-content\\\/uploads\\\/2025\\\/09\\\/productpage1.png\",\"width\":2000,\"height\":2000,\"caption\":\"two-toned ceramic mug\"},{\"@type\":\"BreadcrumbList\",\"@id\":\"https:\\\/\\\/pen.eu\\\/produkt\\\/tasse-palacio\\\/#breadcrumb\",\"itemListElement\":[{\"@type\":\"ListItem\",\"position\":1,\"name\":\"Home\",\"item\":\"https:\\\/\\\/pen.eu\\\/\"},{\"@type\":\"ListItem\",\"position\":2,\"name\":\"Shop\",\"item\":\"https:\\\/\\\/pen.eu\\\/ch\\\/shop\\\/\"},{\"@type\":\"ListItem\",\"position\":3,\"name\":\"Tasse &#8220;Palacio&#8221;\"}]},{\"@type\":\"WebSite\",\"@id\":\"https:\\\/\\\/pen.eu\\\/#website\",\"url\":\"https:\\\/\\\/pen.eu\\\/\",\"name\":\"PEN.EU\",\"description\":\"Kugelschreiber bedrucken mit Logo | pen.eu\",\"potentialAction\":[{\"@type\":\"SearchAction\",\"target\":{\"@type\":\"EntryPoint\",\"urlTemplate\":\"https:\\\/\\\/pen.eu\\\/?s={search_term_string}\"},\"query-input\":{\"@type\":\"PropertyValueSpecification\",\"valueRequired\":true,\"valueName\":\"search_term_string\"}}],\"inLanguage\":\"de-CH\"}]}<\/script>\n<!-- \/ Yoast SEO plugin. -->","yoast_head_json":{"title":"Tasse \"Palacio\" - PEN.EU","robots":{"index":"index","follow":"follow","max-snippet":"max-snippet:-1","max-image-preview":"max-image-preview:large","max-video-preview":"max-video-preview:-1"},"canonical":"https:\/\/pen.eu\/ch\/produkt\/tasse-palacio\/","og_locale":"de_DE","og_type":"article","og_title":"Tasse \"Palacio\" - PEN.EU","og_description":"Die Palacio Tasse macht jeden Schluck zu einem besonderen Erlebnis \u2013 sie vereint modernes Design mit langlebiger Alltagstauglichkeit. Mehr als nur ein einfacher Becher, pr\u00e4sentiert sie sich als stilvolles Statement aus widerstandsf\u00e4higem Steingut und markantem Farbblock-Design. Der matte Sockel setzt einen spannenden Kontrast zur gl\u00e4nzenden, farbenfrohen Oberseite und verleiht der Tasse ihre besondere Optik. Mit [&hellip;]","og_url":"https:\/\/pen.eu\/ch\/produkt\/tasse-palacio\/","og_site_name":"PEN.EU","article_modified_time":"2026-01-22T09:30:43+00:00","og_image":[{"width":2000,"height":2000,"url":"https:\/\/pen.eu\/wp-content\/uploads\/2025\/09\/productpage1.png","type":"image\/png"}],"twitter_card":"summary_large_image","twitter_misc":{"Gesch\u00e4tzte Lesezeit":"1\u00a0Minute"},"schema":{"@context":"https:\/\/schema.org","@graph":[{"@type":"WebPage","@id":"https:\/\/pen.eu\/produkt\/tasse-palacio\/","url":"https:\/\/pen.eu\/produkt\/tasse-palacio\/","name":"Tasse \"Palacio\" - PEN.EU","isPartOf":{"@id":"https:\/\/pen.eu\/#website"},"primaryImageOfPage":{"@id":"https:\/\/pen.eu\/produkt\/tasse-palacio\/#primaryimage"},"image":{"@id":"https:\/\/pen.eu\/produkt\/tasse-palacio\/#primaryimage"},"thumbnailUrl":"https:\/\/pen.eu\/wp-content\/uploads\/2025\/09\/productpage1.png","datePublished":"2025-09-19T11:22:14+00:00","dateModified":"2026-01-22T09:30:43+00:00","breadcrumb":{"@id":"https:\/\/pen.eu\/produkt\/tasse-palacio\/#breadcrumb"},"inLanguage":"de-CH","potentialAction":[{"@type":"ReadAction","target":["https:\/\/pen.eu\/produkt\/tasse-palacio\/"]}]},{"@type":"ImageObject","inLanguage":"de-CH","@id":"https:\/\/pen.eu\/produkt\/tasse-palacio\/#primaryimage","url":"https:\/\/pen.eu\/wp-content\/uploads\/2025\/09\/productpage1.png","contentUrl":"https:\/\/pen.eu\/wp-content\/uploads\/2025\/09\/productpage1.png","width":2000,"height":2000,"caption":"two-toned ceramic mug"},{"@type":"BreadcrumbList","@id":"https:\/\/pen.eu\/produkt\/tasse-palacio\/#breadcrumb","itemListElement":[{"@type":"ListItem","position":1,"name":"Home","item":"https:\/\/pen.eu\/"},{"@type":"ListItem","position":2,"name":"Shop","item":"https:\/\/pen.eu\/ch\/shop\/"},{"@type":"ListItem","position":3,"name":"Tasse &#8220;Palacio&#8221;"}]},{"@type":"WebSite","@id":"https:\/\/pen.eu\/#website","url":"https:\/\/pen.eu\/","name":"PEN.EU","description":"Kugelschreiber bedrucken mit Logo | pen.eu","potentialAction":[{"@type":"SearchAction","target":{"@type":"EntryPoint","urlTemplate":"https:\/\/pen.eu\/?s={search_term_string}"},"query-input":{"@type":"PropertyValueSpecification","valueRequired":true,"valueName":"search_term_string"}}],"inLanguage":"de-CH"}]}},"_links":{"self":[{"href":"https:\/\/pen.eu\/ch\/wp-json\/wp\/v2\/product\/16859","targetHints":{"allow":["GET"]}}],"collection":[{"href":"https:\/\/pen.eu\/ch\/wp-json\/wp\/v2\/product"}],"about":[{"href":"https:\/\/pen.eu\/ch\/wp-json\/wp\/v2\/types\/product"}],"replies":[{"embeddable":true,"href":"https:\/\/pen.eu\/ch\/wp-json\/wp\/v2\/comments?post=16859"}],"wp:featuredmedia":[{"embeddable":true,"href":"https:\/\/pen.eu\/ch\/wp-json\/wp\/v2\/media\/16865"}],"wp:attachment":[{"href":"https:\/\/pen.eu\/ch\/wp-json\/wp\/v2\/media?parent=16859"}],"wp:term":[{"taxonomy":"product_brand","embeddable":true,"href":"https:\/\/pen.eu\/ch\/wp-json\/wp\/v2\/product_brand?post=16859"},{"taxonomy":"product_cat","embeddable":true,"href":"https:\/\/pen.eu\/ch\/wp-json\/wp\/v2\/product_cat?post=16859"},{"taxonomy":"product_tag","embeddable":true,"href":"https:\/\/pen.eu\/ch\/wp-json\/wp\/v2\/product_tag?post=16859"}],"curies":[{"name":"wp","href":"https:\/\/api.w.org\/{rel}","templated":true}]}}