{"id":7462,"date":"2024-09-30T16:31:18","date_gmt":"2024-09-30T14:31:18","guid":{"rendered":"https:\/\/v2.frank-pen.de\/?post_type=product&#038;p=7462"},"modified":"2025-09-30T14:55:21","modified_gmt":"2025-09-30T12:55:21","slug":"isolierflasche-firth","status":"publish","type":"product","link":"https:\/\/pen.eu\/ch\/produkt\/isolierflasche-firth\/","title":{"rendered":"Isolierflasche &#8220;Firth&#8221;"},"content":{"rendered":"<p>Die Isolierflasche &#8220;Firth&#8221; ist der ideale Begleiter f\u00fcr unterwegs. Dank ihres eleganten Designs und der hochwertigen Verarbeitung h\u00e4lt sie Getr\u00e4nke bis zu 12 Stunden warm oder kalt. Ob beim Wandern, im B\u00fcro oder beim Sport \u2013 die &#8220;Firth&#8221; bietet stets optimalen Trinkgenuss. Mit dem praktischen Tragegriff und dem auslaufsicheren Deckel ist sie besonders handlich und sicher im Gebrauch. Genie\u00dfen Sie Ihre Lieblingsgetr\u00e4nke jederzeit und \u00fcberall. Die Flasche ist BPA-frei und sollte ausschlie\u00dflich per Hand gereinigt werden. Jede Flasche wird in einer individuell gestalteten Geschenkbox geliefert.<\/p>","protected":false},"excerpt":{"rendered":"<p>Die Isolierflasche &#8220;Firth&#8221; ist der ideale Begleiter f\u00fcr unterwegs. Dank ihres eleganten Designs und der hochwertigen Verarbeitung h\u00e4lt sie Getr\u00e4nke bis zu 12 Stunden warm oder kalt. Ob beim Wandern, im B\u00fcro oder beim Sport \u2013 die &#8220;Firth&#8221; bietet stets optimalen Trinkgenuss. Mit dem praktischen Tragegriff und dem auslaufsicheren Deckel ist sie besonders handlich und [&hellip;]<\/p>\n","protected":false},"featured_media":7498,"comment_status":"open","ping_status":"closed","template":"","meta":[],"product_brand":[],"product_cat":[248],"product_tag":[682,333,689,332],"class_list":{"0":"post-7462","1":"product","2":"type-product","3":"status-publish","4":"has-post-thumbnail","6":"product_cat-trinkgefaesse","7":"product_tag-designbottle","8":"product_tag-firth","9":"product_tag-slimsize","10":"product_tag-wci","11":"pa_eigenschaft-bestseller","12":"pa_eigenschaft-doppelwandig","13":"pa_farbe-schwarz","14":"pa_farbe-silber","15":"pa_farbe-weiss","16":"pa_material-edelstahl","17":"pa_mindestmenge-315","18":"pa_werbeanbringung-digitaldruck","19":"pa_werbeanbringung-lasergravur","20":"pa_werbeanbringung-siebdruck","22":"first","23":"instock","24":"taxable","25":"shipping-taxable","26":"purchasable","27":"product-type-variable","28":"add-to-wishlist-after_add_to_cart"},"yoast_head":"<!-- This site is optimized with the Yoast SEO plugin v27.4 - https:\/\/yoast.com\/product\/yoast-seo-wordpress\/ -->\n<title>Isolierflasche &quot;Firth&quot; - PEN.EU<\/title>\n<meta name=\"robots\" content=\"index, follow, max-snippet:-1, max-image-preview:large, max-video-preview:-1\" \/>\n<link rel=\"canonical\" href=\"https:\/\/pen.eu\/ch\/produkt\/isolierflasche-firth\/\" \/>\n<meta property=\"og:locale\" content=\"de_DE\" \/>\n<meta property=\"og:type\" content=\"article\" \/>\n<meta property=\"og:title\" content=\"Isolierflasche &quot;Firth&quot; - PEN.EU\" \/>\n<meta property=\"og:description\" content=\"Die Isolierflasche &#8220;Firth&#8221; ist der ideale Begleiter f\u00fcr unterwegs. Dank ihres eleganten Designs und der hochwertigen Verarbeitung h\u00e4lt sie Getr\u00e4nke bis zu 12 Stunden warm oder kalt. Ob beim Wandern, im B\u00fcro oder beim Sport \u2013 die &#8220;Firth&#8221; bietet stets optimalen Trinkgenuss. Mit dem praktischen Tragegriff und dem auslaufsicheren Deckel ist sie besonders handlich und [&hellip;]\" \/>\n<meta property=\"og:url\" content=\"https:\/\/pen.eu\/ch\/produkt\/isolierflasche-firth\/\" \/>\n<meta property=\"og:site_name\" content=\"PEN.EU\" \/>\n<meta property=\"article:modified_time\" content=\"2025-09-30T12:55:21+00:00\" \/>\n<meta property=\"og:image\" content=\"https:\/\/pen.eu\/wp-content\/uploads\/2024\/09\/0513010-03-GL.jpg\" \/>\n\t<meta property=\"og:image:width\" content=\"1800\" \/>\n\t<meta property=\"og:image:height\" content=\"1800\" \/>\n\t<meta property=\"og:image:type\" content=\"image\/jpeg\" \/>\n<meta name=\"twitter:card\" content=\"summary_large_image\" \/>\n<script type=\"application\/ld+json\" class=\"yoast-schema-graph\">{\"@context\":\"https:\\\/\\\/schema.org\",\"@graph\":[{\"@type\":\"WebPage\",\"@id\":\"https:\\\/\\\/pen.eu\\\/produkt\\\/isolierflasche-firth\\\/\",\"url\":\"https:\\\/\\\/pen.eu\\\/produkt\\\/isolierflasche-firth\\\/\",\"name\":\"Isolierflasche \\\"Firth\\\" - PEN.EU\",\"isPartOf\":{\"@id\":\"https:\\\/\\\/pen.eu\\\/#website\"},\"primaryImageOfPage\":{\"@id\":\"https:\\\/\\\/pen.eu\\\/produkt\\\/isolierflasche-firth\\\/#primaryimage\"},\"image\":{\"@id\":\"https:\\\/\\\/pen.eu\\\/produkt\\\/isolierflasche-firth\\\/#primaryimage\"},\"thumbnailUrl\":\"https:\\\/\\\/pen.eu\\\/wp-content\\\/uploads\\\/2024\\\/09\\\/0513010-03-GL.jpg\",\"datePublished\":\"2024-09-30T14:31:18+00:00\",\"dateModified\":\"2025-09-30T12:55:21+00:00\",\"breadcrumb\":{\"@id\":\"https:\\\/\\\/pen.eu\\\/produkt\\\/isolierflasche-firth\\\/#breadcrumb\"},\"inLanguage\":\"de-CH\",\"potentialAction\":[{\"@type\":\"ReadAction\",\"target\":[\"https:\\\/\\\/pen.eu\\\/produkt\\\/isolierflasche-firth\\\/\"]}]},{\"@type\":\"ImageObject\",\"inLanguage\":\"de-CH\",\"@id\":\"https:\\\/\\\/pen.eu\\\/produkt\\\/isolierflasche-firth\\\/#primaryimage\",\"url\":\"https:\\\/\\\/pen.eu\\\/wp-content\\\/uploads\\\/2024\\\/09\\\/0513010-03-GL.jpg\",\"contentUrl\":\"https:\\\/\\\/pen.eu\\\/wp-content\\\/uploads\\\/2024\\\/09\\\/0513010-03-GL.jpg\",\"width\":1800,\"height\":1800},{\"@type\":\"BreadcrumbList\",\"@id\":\"https:\\\/\\\/pen.eu\\\/produkt\\\/isolierflasche-firth\\\/#breadcrumb\",\"itemListElement\":[{\"@type\":\"ListItem\",\"position\":1,\"name\":\"Home\",\"item\":\"https:\\\/\\\/pen.eu\\\/\"},{\"@type\":\"ListItem\",\"position\":2,\"name\":\"Shop\",\"item\":\"https:\\\/\\\/pen.eu\\\/ch\\\/shop\\\/\"},{\"@type\":\"ListItem\",\"position\":3,\"name\":\"Isolierflasche &#8220;Firth&#8221;\"}]},{\"@type\":\"WebSite\",\"@id\":\"https:\\\/\\\/pen.eu\\\/#website\",\"url\":\"https:\\\/\\\/pen.eu\\\/\",\"name\":\"PEN.EU\",\"description\":\"Kugelschreiber bedrucken mit Logo | pen.eu\",\"potentialAction\":[{\"@type\":\"SearchAction\",\"target\":{\"@type\":\"EntryPoint\",\"urlTemplate\":\"https:\\\/\\\/pen.eu\\\/?s={search_term_string}\"},\"query-input\":{\"@type\":\"PropertyValueSpecification\",\"valueRequired\":true,\"valueName\":\"search_term_string\"}}],\"inLanguage\":\"de-CH\"}]}<\/script>\n<!-- \/ Yoast SEO plugin. -->","yoast_head_json":{"title":"Isolierflasche \"Firth\" - PEN.EU","robots":{"index":"index","follow":"follow","max-snippet":"max-snippet:-1","max-image-preview":"max-image-preview:large","max-video-preview":"max-video-preview:-1"},"canonical":"https:\/\/pen.eu\/ch\/produkt\/isolierflasche-firth\/","og_locale":"de_DE","og_type":"article","og_title":"Isolierflasche \"Firth\" - PEN.EU","og_description":"Die Isolierflasche &#8220;Firth&#8221; ist der ideale Begleiter f\u00fcr unterwegs. Dank ihres eleganten Designs und der hochwertigen Verarbeitung h\u00e4lt sie Getr\u00e4nke bis zu 12 Stunden warm oder kalt. Ob beim Wandern, im B\u00fcro oder beim Sport \u2013 die &#8220;Firth&#8221; bietet stets optimalen Trinkgenuss. Mit dem praktischen Tragegriff und dem auslaufsicheren Deckel ist sie besonders handlich und [&hellip;]","og_url":"https:\/\/pen.eu\/ch\/produkt\/isolierflasche-firth\/","og_site_name":"PEN.EU","article_modified_time":"2025-09-30T12:55:21+00:00","og_image":[{"width":1800,"height":1800,"url":"https:\/\/pen.eu\/wp-content\/uploads\/2024\/09\/0513010-03-GL.jpg","type":"image\/jpeg"}],"twitter_card":"summary_large_image","schema":{"@context":"https:\/\/schema.org","@graph":[{"@type":"WebPage","@id":"https:\/\/pen.eu\/produkt\/isolierflasche-firth\/","url":"https:\/\/pen.eu\/produkt\/isolierflasche-firth\/","name":"Isolierflasche \"Firth\" - PEN.EU","isPartOf":{"@id":"https:\/\/pen.eu\/#website"},"primaryImageOfPage":{"@id":"https:\/\/pen.eu\/produkt\/isolierflasche-firth\/#primaryimage"},"image":{"@id":"https:\/\/pen.eu\/produkt\/isolierflasche-firth\/#primaryimage"},"thumbnailUrl":"https:\/\/pen.eu\/wp-content\/uploads\/2024\/09\/0513010-03-GL.jpg","datePublished":"2024-09-30T14:31:18+00:00","dateModified":"2025-09-30T12:55:21+00:00","breadcrumb":{"@id":"https:\/\/pen.eu\/produkt\/isolierflasche-firth\/#breadcrumb"},"inLanguage":"de-CH","potentialAction":[{"@type":"ReadAction","target":["https:\/\/pen.eu\/produkt\/isolierflasche-firth\/"]}]},{"@type":"ImageObject","inLanguage":"de-CH","@id":"https:\/\/pen.eu\/produkt\/isolierflasche-firth\/#primaryimage","url":"https:\/\/pen.eu\/wp-content\/uploads\/2024\/09\/0513010-03-GL.jpg","contentUrl":"https:\/\/pen.eu\/wp-content\/uploads\/2024\/09\/0513010-03-GL.jpg","width":1800,"height":1800},{"@type":"BreadcrumbList","@id":"https:\/\/pen.eu\/produkt\/isolierflasche-firth\/#breadcrumb","itemListElement":[{"@type":"ListItem","position":1,"name":"Home","item":"https:\/\/pen.eu\/"},{"@type":"ListItem","position":2,"name":"Shop","item":"https:\/\/pen.eu\/ch\/shop\/"},{"@type":"ListItem","position":3,"name":"Isolierflasche &#8220;Firth&#8221;"}]},{"@type":"WebSite","@id":"https:\/\/pen.eu\/#website","url":"https:\/\/pen.eu\/","name":"PEN.EU","description":"Kugelschreiber bedrucken mit Logo | pen.eu","potentialAction":[{"@type":"SearchAction","target":{"@type":"EntryPoint","urlTemplate":"https:\/\/pen.eu\/?s={search_term_string}"},"query-input":{"@type":"PropertyValueSpecification","valueRequired":true,"valueName":"search_term_string"}}],"inLanguage":"de-CH"}]}},"_links":{"self":[{"href":"https:\/\/pen.eu\/ch\/wp-json\/wp\/v2\/product\/7462","targetHints":{"allow":["GET"]}}],"collection":[{"href":"https:\/\/pen.eu\/ch\/wp-json\/wp\/v2\/product"}],"about":[{"href":"https:\/\/pen.eu\/ch\/wp-json\/wp\/v2\/types\/product"}],"replies":[{"embeddable":true,"href":"https:\/\/pen.eu\/ch\/wp-json\/wp\/v2\/comments?post=7462"}],"wp:featuredmedia":[{"embeddable":true,"href":"https:\/\/pen.eu\/ch\/wp-json\/wp\/v2\/media\/7498"}],"wp:attachment":[{"href":"https:\/\/pen.eu\/ch\/wp-json\/wp\/v2\/media?parent=7462"}],"wp:term":[{"taxonomy":"product_brand","embeddable":true,"href":"https:\/\/pen.eu\/ch\/wp-json\/wp\/v2\/product_brand?post=7462"},{"taxonomy":"product_cat","embeddable":true,"href":"https:\/\/pen.eu\/ch\/wp-json\/wp\/v2\/product_cat?post=7462"},{"taxonomy":"product_tag","embeddable":true,"href":"https:\/\/pen.eu\/ch\/wp-json\/wp\/v2\/product_tag?post=7462"}],"curies":[{"name":"wp","href":"https:\/\/api.w.org\/{rel}","templated":true}]}}