{"id":7971,"date":"2024-10-23T19:09:05","date_gmt":"2024-10-23T17:09:05","guid":{"rendered":"https:\/\/v2.frank-pen.de\/?post_type=product&#038;p=7971"},"modified":"2025-09-30T14:55:21","modified_gmt":"2025-09-30T12:55:21","slug":"trinkflasche-isola","status":"publish","type":"product","link":"https:\/\/pen.eu\/ch\/produkt\/trinkflasche-isola\/","title":{"rendered":"Trinkflasche &#8220;Isola&#8221;"},"content":{"rendered":"<p>Lernen Sie die Isola kennen \u2013 530 ml Edelstahlflasche mit stilvollem Natur-Touch. Diese hochwertige, doppelwandige Isolierflasche aus 304er Edelstahl h\u00e4lt Ihre Getr\u00e4nke zuverl\u00e4ssig auf Temperatur: bis zu 12 Stunden hei\u00df oder bis zu 24 Stunden kalt. Die matte Oberfl\u00e4che verleiht ihr eine moderne Optik, w\u00e4hrend der Bambusdeckel mit praktischem Tragegriff im edlen Gunmetal-Look f\u00fcr einen nat\u00fcrlichen und zugleich eleganten Akzent sorgt. Mit 530 ml Fassungsverm\u00f6gen ist sie der ideale Begleiter im Alltag \u2013 ob im B\u00fcro, unterwegs oder zu Hause. Nicht sp\u00fclmaschinen- oder mikrowellengeeignet.<\/p>","protected":false},"excerpt":{"rendered":"<p>Lernen Sie die Isola kennen \u2013 530 ml Edelstahlflasche mit stilvollem Natur-Touch. Diese hochwertige, doppelwandige Isolierflasche aus 304er Edelstahl h\u00e4lt Ihre Getr\u00e4nke zuverl\u00e4ssig auf Temperatur: bis zu 12 Stunden hei\u00df oder bis zu 24 Stunden kalt. Die matte Oberfl\u00e4che verleiht ihr eine moderne Optik, w\u00e4hrend der Bambusdeckel mit praktischem Tragegriff im edlen Gunmetal-Look f\u00fcr einen [&hellip;]<\/p>\n","protected":false},"featured_media":7986,"comment_status":"open","ping_status":"closed","template":"","meta":[],"product_brand":[],"product_cat":[248],"product_tag":[682,365,366,684],"class_list":{"0":"post-7971","1":"product","2":"type-product","3":"status-publish","4":"has-post-thumbnail","6":"product_cat-trinkgefaesse","7":"product_tag-designbottle","8":"product_tag-julius","9":"product_tag-wfl","10":"product_tag-widesize","11":"pa_farbe-marine","12":"pa_farbe-schwarz","13":"pa_farbe-tuerkis","14":"pa_farbe-weiss","15":"pa_material-bambus","16":"pa_material-recyceltes-edelstahl","17":"pa_mindestmenge-357","18":"pa_werbeanbringung-digitaldruck","19":"pa_werbeanbringung-lasergravur","20":"pa_werbeanbringung-siebdruck","22":"first","23":"instock","24":"taxable","25":"shipping-taxable","26":"purchasable","27":"product-type-variable","28":"add-to-wishlist-after_add_to_cart"},"yoast_head":"<!-- This site is optimized with the Yoast SEO plugin v27.4 - https:\/\/yoast.com\/product\/yoast-seo-wordpress\/ -->\n<title>Trinkflasche &quot;Isola&quot; - PEN.EU<\/title>\n<meta name=\"robots\" content=\"index, follow, max-snippet:-1, max-image-preview:large, max-video-preview:-1\" \/>\n<link rel=\"canonical\" href=\"https:\/\/pen.eu\/ch\/produkt\/trinkflasche-isola\/\" \/>\n<meta property=\"og:locale\" content=\"de_DE\" \/>\n<meta property=\"og:type\" content=\"article\" \/>\n<meta property=\"og:title\" content=\"Trinkflasche &quot;Isola&quot; - PEN.EU\" \/>\n<meta property=\"og:description\" content=\"Lernen Sie die Isola kennen \u2013 530 ml Edelstahlflasche mit stilvollem Natur-Touch. Diese hochwertige, doppelwandige Isolierflasche aus 304er Edelstahl h\u00e4lt Ihre Getr\u00e4nke zuverl\u00e4ssig auf Temperatur: bis zu 12 Stunden hei\u00df oder bis zu 24 Stunden kalt. Die matte Oberfl\u00e4che verleiht ihr eine moderne Optik, w\u00e4hrend der Bambusdeckel mit praktischem Tragegriff im edlen Gunmetal-Look f\u00fcr einen [&hellip;]\" \/>\n<meta property=\"og:url\" content=\"https:\/\/pen.eu\/ch\/produkt\/trinkflasche-isola\/\" \/>\n<meta property=\"og:site_name\" content=\"PEN.EU\" \/>\n<meta property=\"article:modified_time\" content=\"2025-09-30T12:55:21+00:00\" \/>\n<meta property=\"og:image\" content=\"https:\/\/pen.eu\/wp-content\/uploads\/2024\/10\/0513023113-GDD.jpg\" \/>\n\t<meta property=\"og:image:width\" content=\"2000\" \/>\n\t<meta property=\"og:image:height\" content=\"2000\" \/>\n\t<meta property=\"og:image:type\" content=\"image\/jpeg\" \/>\n<meta name=\"twitter:card\" content=\"summary_large_image\" \/>\n<script type=\"application\/ld+json\" class=\"yoast-schema-graph\">{\"@context\":\"https:\\\/\\\/schema.org\",\"@graph\":[{\"@type\":\"WebPage\",\"@id\":\"https:\\\/\\\/pen.eu\\\/produkt\\\/trinkflasche-isola\\\/\",\"url\":\"https:\\\/\\\/pen.eu\\\/produkt\\\/trinkflasche-isola\\\/\",\"name\":\"Trinkflasche \\\"Isola\\\" - PEN.EU\",\"isPartOf\":{\"@id\":\"https:\\\/\\\/pen.eu\\\/#website\"},\"primaryImageOfPage\":{\"@id\":\"https:\\\/\\\/pen.eu\\\/produkt\\\/trinkflasche-isola\\\/#primaryimage\"},\"image\":{\"@id\":\"https:\\\/\\\/pen.eu\\\/produkt\\\/trinkflasche-isola\\\/#primaryimage\"},\"thumbnailUrl\":\"https:\\\/\\\/pen.eu\\\/wp-content\\\/uploads\\\/2024\\\/10\\\/0513023113-GDD.jpg\",\"datePublished\":\"2024-10-23T17:09:05+00:00\",\"dateModified\":\"2025-09-30T12:55:21+00:00\",\"breadcrumb\":{\"@id\":\"https:\\\/\\\/pen.eu\\\/produkt\\\/trinkflasche-isola\\\/#breadcrumb\"},\"inLanguage\":\"de-CH\",\"potentialAction\":[{\"@type\":\"ReadAction\",\"target\":[\"https:\\\/\\\/pen.eu\\\/produkt\\\/trinkflasche-isola\\\/\"]}]},{\"@type\":\"ImageObject\",\"inLanguage\":\"de-CH\",\"@id\":\"https:\\\/\\\/pen.eu\\\/produkt\\\/trinkflasche-isola\\\/#primaryimage\",\"url\":\"https:\\\/\\\/pen.eu\\\/wp-content\\\/uploads\\\/2024\\\/10\\\/0513023113-GDD.jpg\",\"contentUrl\":\"https:\\\/\\\/pen.eu\\\/wp-content\\\/uploads\\\/2024\\\/10\\\/0513023113-GDD.jpg\",\"width\":2000,\"height\":2000},{\"@type\":\"BreadcrumbList\",\"@id\":\"https:\\\/\\\/pen.eu\\\/produkt\\\/trinkflasche-isola\\\/#breadcrumb\",\"itemListElement\":[{\"@type\":\"ListItem\",\"position\":1,\"name\":\"Home\",\"item\":\"https:\\\/\\\/pen.eu\\\/\"},{\"@type\":\"ListItem\",\"position\":2,\"name\":\"Shop\",\"item\":\"https:\\\/\\\/pen.eu\\\/ch\\\/shop\\\/\"},{\"@type\":\"ListItem\",\"position\":3,\"name\":\"Trinkflasche &#8220;Isola&#8221;\"}]},{\"@type\":\"WebSite\",\"@id\":\"https:\\\/\\\/pen.eu\\\/#website\",\"url\":\"https:\\\/\\\/pen.eu\\\/\",\"name\":\"PEN.EU\",\"description\":\"Kugelschreiber bedrucken mit Logo | pen.eu\",\"potentialAction\":[{\"@type\":\"SearchAction\",\"target\":{\"@type\":\"EntryPoint\",\"urlTemplate\":\"https:\\\/\\\/pen.eu\\\/?s={search_term_string}\"},\"query-input\":{\"@type\":\"PropertyValueSpecification\",\"valueRequired\":true,\"valueName\":\"search_term_string\"}}],\"inLanguage\":\"de-CH\"}]}<\/script>\n<!-- \/ Yoast SEO plugin. -->","yoast_head_json":{"title":"Trinkflasche \"Isola\" - PEN.EU","robots":{"index":"index","follow":"follow","max-snippet":"max-snippet:-1","max-image-preview":"max-image-preview:large","max-video-preview":"max-video-preview:-1"},"canonical":"https:\/\/pen.eu\/ch\/produkt\/trinkflasche-isola\/","og_locale":"de_DE","og_type":"article","og_title":"Trinkflasche \"Isola\" - PEN.EU","og_description":"Lernen Sie die Isola kennen \u2013 530 ml Edelstahlflasche mit stilvollem Natur-Touch. Diese hochwertige, doppelwandige Isolierflasche aus 304er Edelstahl h\u00e4lt Ihre Getr\u00e4nke zuverl\u00e4ssig auf Temperatur: bis zu 12 Stunden hei\u00df oder bis zu 24 Stunden kalt. Die matte Oberfl\u00e4che verleiht ihr eine moderne Optik, w\u00e4hrend der Bambusdeckel mit praktischem Tragegriff im edlen Gunmetal-Look f\u00fcr einen [&hellip;]","og_url":"https:\/\/pen.eu\/ch\/produkt\/trinkflasche-isola\/","og_site_name":"PEN.EU","article_modified_time":"2025-09-30T12:55:21+00:00","og_image":[{"width":2000,"height":2000,"url":"https:\/\/pen.eu\/wp-content\/uploads\/2024\/10\/0513023113-GDD.jpg","type":"image\/jpeg"}],"twitter_card":"summary_large_image","schema":{"@context":"https:\/\/schema.org","@graph":[{"@type":"WebPage","@id":"https:\/\/pen.eu\/produkt\/trinkflasche-isola\/","url":"https:\/\/pen.eu\/produkt\/trinkflasche-isola\/","name":"Trinkflasche \"Isola\" - PEN.EU","isPartOf":{"@id":"https:\/\/pen.eu\/#website"},"primaryImageOfPage":{"@id":"https:\/\/pen.eu\/produkt\/trinkflasche-isola\/#primaryimage"},"image":{"@id":"https:\/\/pen.eu\/produkt\/trinkflasche-isola\/#primaryimage"},"thumbnailUrl":"https:\/\/pen.eu\/wp-content\/uploads\/2024\/10\/0513023113-GDD.jpg","datePublished":"2024-10-23T17:09:05+00:00","dateModified":"2025-09-30T12:55:21+00:00","breadcrumb":{"@id":"https:\/\/pen.eu\/produkt\/trinkflasche-isola\/#breadcrumb"},"inLanguage":"de-CH","potentialAction":[{"@type":"ReadAction","target":["https:\/\/pen.eu\/produkt\/trinkflasche-isola\/"]}]},{"@type":"ImageObject","inLanguage":"de-CH","@id":"https:\/\/pen.eu\/produkt\/trinkflasche-isola\/#primaryimage","url":"https:\/\/pen.eu\/wp-content\/uploads\/2024\/10\/0513023113-GDD.jpg","contentUrl":"https:\/\/pen.eu\/wp-content\/uploads\/2024\/10\/0513023113-GDD.jpg","width":2000,"height":2000},{"@type":"BreadcrumbList","@id":"https:\/\/pen.eu\/produkt\/trinkflasche-isola\/#breadcrumb","itemListElement":[{"@type":"ListItem","position":1,"name":"Home","item":"https:\/\/pen.eu\/"},{"@type":"ListItem","position":2,"name":"Shop","item":"https:\/\/pen.eu\/ch\/shop\/"},{"@type":"ListItem","position":3,"name":"Trinkflasche &#8220;Isola&#8221;"}]},{"@type":"WebSite","@id":"https:\/\/pen.eu\/#website","url":"https:\/\/pen.eu\/","name":"PEN.EU","description":"Kugelschreiber bedrucken mit Logo | pen.eu","potentialAction":[{"@type":"SearchAction","target":{"@type":"EntryPoint","urlTemplate":"https:\/\/pen.eu\/?s={search_term_string}"},"query-input":{"@type":"PropertyValueSpecification","valueRequired":true,"valueName":"search_term_string"}}],"inLanguage":"de-CH"}]}},"_links":{"self":[{"href":"https:\/\/pen.eu\/ch\/wp-json\/wp\/v2\/product\/7971","targetHints":{"allow":["GET"]}}],"collection":[{"href":"https:\/\/pen.eu\/ch\/wp-json\/wp\/v2\/product"}],"about":[{"href":"https:\/\/pen.eu\/ch\/wp-json\/wp\/v2\/types\/product"}],"replies":[{"embeddable":true,"href":"https:\/\/pen.eu\/ch\/wp-json\/wp\/v2\/comments?post=7971"}],"wp:featuredmedia":[{"embeddable":true,"href":"https:\/\/pen.eu\/ch\/wp-json\/wp\/v2\/media\/7986"}],"wp:attachment":[{"href":"https:\/\/pen.eu\/ch\/wp-json\/wp\/v2\/media?parent=7971"}],"wp:term":[{"taxonomy":"product_brand","embeddable":true,"href":"https:\/\/pen.eu\/ch\/wp-json\/wp\/v2\/product_brand?post=7971"},{"taxonomy":"product_cat","embeddable":true,"href":"https:\/\/pen.eu\/ch\/wp-json\/wp\/v2\/product_cat?post=7971"},{"taxonomy":"product_tag","embeddable":true,"href":"https:\/\/pen.eu\/ch\/wp-json\/wp\/v2\/product_tag?post=7971"}],"curies":[{"name":"wp","href":"https:\/\/api.w.org\/{rel}","templated":true}]}}