{"id":8103,"date":"2024-10-24T11:11:03","date_gmt":"2024-10-24T09:11:03","guid":{"rendered":"https:\/\/v2.frank-pen.de\/?post_type=product&#038;p=8103"},"modified":"2025-10-23T06:12:02","modified_gmt":"2025-10-23T04:12:02","slug":"trinkbecher-sienna","status":"publish","type":"product","link":"https:\/\/pen.eu\/ch\/produkt\/trinkbecher-sienna\/","title":{"rendered":"Trinkbecher &#8220;Sienna&#8221;"},"content":{"rendered":"<p>Ein echter Hingucker \u2013 der Sienne 415 ml Isolierbecher aus recyceltem Edelstahl. Hergestellt aus innovativen Recyclingmaterialien, vereint dieser doppelwandige, vakuumisolierte Becher Nachhaltigkeit mit Stil und Funktion. Er ist auslaufsicher, ideal f\u00fcr unterwegs und bietet eine langlebige B\u00fchne f\u00fcr Ihre Marke. Erh\u00e4ltlich in markanten Farben \u2013 perfekt, um Ihr Logo wirkungsvoll in Szene zu setzen. Ob bei Sportevents, Messen oder Konferenzen: Dieses praktische Werbegeschenk zieht alle Blicke auf sich. Nur Handw\u00e4sche. Geliefert in einer individuell gestalteten Geschenkbox.<\/p>","protected":false},"excerpt":{"rendered":"<p>Ein echter Hingucker \u2013 der Sienne 415 ml Isolierbecher aus recyceltem Edelstahl. Hergestellt aus innovativen Recyclingmaterialien, vereint dieser doppelwandige, vakuumisolierte Becher Nachhaltigkeit mit Stil und Funktion. Er ist auslaufsicher, ideal f\u00fcr unterwegs und bietet eine langlebige B\u00fchne f\u00fcr Ihre Marke. Erh\u00e4ltlich in markanten Farben \u2013 perfekt, um Ihr Logo wirkungsvoll in Szene zu setzen. Ob [&hellip;]<\/p>\n","protected":false},"featured_media":8129,"comment_status":"open","ping_status":"closed","template":"","meta":[],"product_brand":[],"product_cat":[767,248],"product_tag":[374,682,823,375,684],"class_list":{"0":"post-8103","1":"product","2":"type-product","3":"status-publish","4":"has-post-thumbnail","6":"product_cat-trinkbecher","7":"product_cat-trinkgefaesse","8":"product_tag-avalon","9":"product_tag-designbottle","10":"product_tag-top-44","11":"product_tag-wdq","12":"product_tag-widesize","13":"pa_eigenschaft-bestseller","14":"pa_farbe-blau","15":"pa_farbe-gruen","16":"pa_farbe-schwarz","17":"pa_farbe-weiss","18":"pa_material-edelstahl","19":"pa_material-pp","20":"pa_mindestmenge-361","21":"pa_werbeanbringung-digitaldruck","22":"pa_werbeanbringung-lasergravur","23":"pa_werbeanbringung-siebdruck","25":"first","26":"instock","27":"taxable","28":"shipping-taxable","29":"purchasable","30":"product-type-variable","31":"add-to-wishlist-after_add_to_cart"},"yoast_head":"<!-- This site is optimized with the Yoast SEO plugin v27.4 - https:\/\/yoast.com\/product\/yoast-seo-wordpress\/ -->\n<title>Trinkbecher &quot;Sienna&quot; - PEN.EU<\/title>\n<meta name=\"robots\" content=\"index, follow, max-snippet:-1, max-image-preview:large, max-video-preview:-1\" \/>\n<link rel=\"canonical\" href=\"https:\/\/pen.eu\/ch\/produkt\/trinkbecher-sienna\/\" \/>\n<meta property=\"og:locale\" content=\"de_DE\" \/>\n<meta property=\"og:type\" content=\"article\" \/>\n<meta property=\"og:title\" content=\"Trinkbecher &quot;Sienna&quot; - PEN.EU\" \/>\n<meta property=\"og:description\" content=\"Ein echter Hingucker \u2013 der Sienne 415 ml Isolierbecher aus recyceltem Edelstahl. Hergestellt aus innovativen Recyclingmaterialien, vereint dieser doppelwandige, vakuumisolierte Becher Nachhaltigkeit mit Stil und Funktion. Er ist auslaufsicher, ideal f\u00fcr unterwegs und bietet eine langlebige B\u00fchne f\u00fcr Ihre Marke. Erh\u00e4ltlich in markanten Farben \u2013 perfekt, um Ihr Logo wirkungsvoll in Szene zu setzen. Ob [&hellip;]\" \/>\n<meta property=\"og:url\" content=\"https:\/\/pen.eu\/ch\/produkt\/trinkbecher-sienna\/\" \/>\n<meta property=\"og:site_name\" content=\"PEN.EU\" \/>\n<meta property=\"article:modified_time\" content=\"2025-10-23T04:12:02+00:00\" \/>\n<meta property=\"og:image\" content=\"https:\/\/pen.eu\/wp-content\/uploads\/2024\/10\/051302711-GDD-1-1024x1024.jpg\" \/>\n\t<meta property=\"og:image:width\" content=\"1024\" \/>\n\t<meta property=\"og:image:height\" content=\"1024\" \/>\n\t<meta property=\"og:image:type\" content=\"image\/jpeg\" \/>\n<meta name=\"twitter:card\" content=\"summary_large_image\" \/>\n<script type=\"application\/ld+json\" class=\"yoast-schema-graph\">{\"@context\":\"https:\\\/\\\/schema.org\",\"@graph\":[{\"@type\":\"WebPage\",\"@id\":\"https:\\\/\\\/pen.eu\\\/produkt\\\/trinkbecher-sienna\\\/\",\"url\":\"https:\\\/\\\/pen.eu\\\/produkt\\\/trinkbecher-sienna\\\/\",\"name\":\"Trinkbecher \\\"Sienna\\\" - PEN.EU\",\"isPartOf\":{\"@id\":\"https:\\\/\\\/pen.eu\\\/#website\"},\"primaryImageOfPage\":{\"@id\":\"https:\\\/\\\/pen.eu\\\/produkt\\\/trinkbecher-sienna\\\/#primaryimage\"},\"image\":{\"@id\":\"https:\\\/\\\/pen.eu\\\/produkt\\\/trinkbecher-sienna\\\/#primaryimage\"},\"thumbnailUrl\":\"https:\\\/\\\/pen.eu\\\/wp-content\\\/uploads\\\/2024\\\/10\\\/051302711-GDD-1.jpg\",\"datePublished\":\"2024-10-24T09:11:03+00:00\",\"dateModified\":\"2025-10-23T04:12:02+00:00\",\"breadcrumb\":{\"@id\":\"https:\\\/\\\/pen.eu\\\/produkt\\\/trinkbecher-sienna\\\/#breadcrumb\"},\"inLanguage\":\"de-CH\",\"potentialAction\":[{\"@type\":\"ReadAction\",\"target\":[\"https:\\\/\\\/pen.eu\\\/produkt\\\/trinkbecher-sienna\\\/\"]}]},{\"@type\":\"ImageObject\",\"inLanguage\":\"de-CH\",\"@id\":\"https:\\\/\\\/pen.eu\\\/produkt\\\/trinkbecher-sienna\\\/#primaryimage\",\"url\":\"https:\\\/\\\/pen.eu\\\/wp-content\\\/uploads\\\/2024\\\/10\\\/051302711-GDD-1.jpg\",\"contentUrl\":\"https:\\\/\\\/pen.eu\\\/wp-content\\\/uploads\\\/2024\\\/10\\\/051302711-GDD-1.jpg\",\"width\":1800,\"height\":1800},{\"@type\":\"BreadcrumbList\",\"@id\":\"https:\\\/\\\/pen.eu\\\/produkt\\\/trinkbecher-sienna\\\/#breadcrumb\",\"itemListElement\":[{\"@type\":\"ListItem\",\"position\":1,\"name\":\"Home\",\"item\":\"https:\\\/\\\/pen.eu\\\/\"},{\"@type\":\"ListItem\",\"position\":2,\"name\":\"Shop\",\"item\":\"https:\\\/\\\/pen.eu\\\/ch\\\/shop\\\/\"},{\"@type\":\"ListItem\",\"position\":3,\"name\":\"Trinkbecher &#8220;Sienna&#8221;\"}]},{\"@type\":\"WebSite\",\"@id\":\"https:\\\/\\\/pen.eu\\\/#website\",\"url\":\"https:\\\/\\\/pen.eu\\\/\",\"name\":\"PEN.EU\",\"description\":\"Kugelschreiber bedrucken mit Logo | pen.eu\",\"potentialAction\":[{\"@type\":\"SearchAction\",\"target\":{\"@type\":\"EntryPoint\",\"urlTemplate\":\"https:\\\/\\\/pen.eu\\\/?s={search_term_string}\"},\"query-input\":{\"@type\":\"PropertyValueSpecification\",\"valueRequired\":true,\"valueName\":\"search_term_string\"}}],\"inLanguage\":\"de-CH\"}]}<\/script>\n<!-- \/ Yoast SEO plugin. -->","yoast_head_json":{"title":"Trinkbecher \"Sienna\" - PEN.EU","robots":{"index":"index","follow":"follow","max-snippet":"max-snippet:-1","max-image-preview":"max-image-preview:large","max-video-preview":"max-video-preview:-1"},"canonical":"https:\/\/pen.eu\/ch\/produkt\/trinkbecher-sienna\/","og_locale":"de_DE","og_type":"article","og_title":"Trinkbecher \"Sienna\" - PEN.EU","og_description":"Ein echter Hingucker \u2013 der Sienne 415 ml Isolierbecher aus recyceltem Edelstahl. Hergestellt aus innovativen Recyclingmaterialien, vereint dieser doppelwandige, vakuumisolierte Becher Nachhaltigkeit mit Stil und Funktion. Er ist auslaufsicher, ideal f\u00fcr unterwegs und bietet eine langlebige B\u00fchne f\u00fcr Ihre Marke. Erh\u00e4ltlich in markanten Farben \u2013 perfekt, um Ihr Logo wirkungsvoll in Szene zu setzen. Ob [&hellip;]","og_url":"https:\/\/pen.eu\/ch\/produkt\/trinkbecher-sienna\/","og_site_name":"PEN.EU","article_modified_time":"2025-10-23T04:12:02+00:00","og_image":[{"width":1024,"height":1024,"url":"https:\/\/pen.eu\/wp-content\/uploads\/2024\/10\/051302711-GDD-1-1024x1024.jpg","type":"image\/jpeg"}],"twitter_card":"summary_large_image","schema":{"@context":"https:\/\/schema.org","@graph":[{"@type":"WebPage","@id":"https:\/\/pen.eu\/produkt\/trinkbecher-sienna\/","url":"https:\/\/pen.eu\/produkt\/trinkbecher-sienna\/","name":"Trinkbecher \"Sienna\" - PEN.EU","isPartOf":{"@id":"https:\/\/pen.eu\/#website"},"primaryImageOfPage":{"@id":"https:\/\/pen.eu\/produkt\/trinkbecher-sienna\/#primaryimage"},"image":{"@id":"https:\/\/pen.eu\/produkt\/trinkbecher-sienna\/#primaryimage"},"thumbnailUrl":"https:\/\/pen.eu\/wp-content\/uploads\/2024\/10\/051302711-GDD-1.jpg","datePublished":"2024-10-24T09:11:03+00:00","dateModified":"2025-10-23T04:12:02+00:00","breadcrumb":{"@id":"https:\/\/pen.eu\/produkt\/trinkbecher-sienna\/#breadcrumb"},"inLanguage":"de-CH","potentialAction":[{"@type":"ReadAction","target":["https:\/\/pen.eu\/produkt\/trinkbecher-sienna\/"]}]},{"@type":"ImageObject","inLanguage":"de-CH","@id":"https:\/\/pen.eu\/produkt\/trinkbecher-sienna\/#primaryimage","url":"https:\/\/pen.eu\/wp-content\/uploads\/2024\/10\/051302711-GDD-1.jpg","contentUrl":"https:\/\/pen.eu\/wp-content\/uploads\/2024\/10\/051302711-GDD-1.jpg","width":1800,"height":1800},{"@type":"BreadcrumbList","@id":"https:\/\/pen.eu\/produkt\/trinkbecher-sienna\/#breadcrumb","itemListElement":[{"@type":"ListItem","position":1,"name":"Home","item":"https:\/\/pen.eu\/"},{"@type":"ListItem","position":2,"name":"Shop","item":"https:\/\/pen.eu\/ch\/shop\/"},{"@type":"ListItem","position":3,"name":"Trinkbecher &#8220;Sienna&#8221;"}]},{"@type":"WebSite","@id":"https:\/\/pen.eu\/#website","url":"https:\/\/pen.eu\/","name":"PEN.EU","description":"Kugelschreiber bedrucken mit Logo | pen.eu","potentialAction":[{"@type":"SearchAction","target":{"@type":"EntryPoint","urlTemplate":"https:\/\/pen.eu\/?s={search_term_string}"},"query-input":{"@type":"PropertyValueSpecification","valueRequired":true,"valueName":"search_term_string"}}],"inLanguage":"de-CH"}]}},"_links":{"self":[{"href":"https:\/\/pen.eu\/ch\/wp-json\/wp\/v2\/product\/8103","targetHints":{"allow":["GET"]}}],"collection":[{"href":"https:\/\/pen.eu\/ch\/wp-json\/wp\/v2\/product"}],"about":[{"href":"https:\/\/pen.eu\/ch\/wp-json\/wp\/v2\/types\/product"}],"replies":[{"embeddable":true,"href":"https:\/\/pen.eu\/ch\/wp-json\/wp\/v2\/comments?post=8103"}],"wp:featuredmedia":[{"embeddable":true,"href":"https:\/\/pen.eu\/ch\/wp-json\/wp\/v2\/media\/8129"}],"wp:attachment":[{"href":"https:\/\/pen.eu\/ch\/wp-json\/wp\/v2\/media?parent=8103"}],"wp:term":[{"taxonomy":"product_brand","embeddable":true,"href":"https:\/\/pen.eu\/ch\/wp-json\/wp\/v2\/product_brand?post=8103"},{"taxonomy":"product_cat","embeddable":true,"href":"https:\/\/pen.eu\/ch\/wp-json\/wp\/v2\/product_cat?post=8103"},{"taxonomy":"product_tag","embeddable":true,"href":"https:\/\/pen.eu\/ch\/wp-json\/wp\/v2\/product_tag?post=8103"}],"curies":[{"name":"wp","href":"https:\/\/api.w.org\/{rel}","templated":true}]}}