{"id":8178,"date":"2024-10-24T19:04:41","date_gmt":"2024-10-24T17:04:41","guid":{"rendered":"https:\/\/v2.frank-pen.de\/?post_type=product&#038;p=8178"},"modified":"2025-10-23T06:11:56","modified_gmt":"2025-10-23T04:11:56","slug":"trinkbecher-cielo","status":"publish","type":"product","link":"https:\/\/pen.eu\/ch\/produkt\/trinkbecher-cielo\/","title":{"rendered":"Trinkbecher &#8220;Cielo&#8221;"},"content":{"rendered":"<p>Der Cielo \u2013 355 ml Keramikbecher mit recyceltem Kunststoffgeh\u00e4use. Dieser moderne Becher vereint ein hochwertiges Keramikinnere mit einer Au\u00dfenwand und einem Deckel aus recyceltem Kunststoff \u2013 ideal f\u00fcr umweltbewusste Markenauftritte. Der praktische Daumenschieber sorgt f\u00fcr komfortables Trinken unterwegs. Verpackt in einer umweltfreundlichen Kraft-Geschenkbox mit recycelbarer Polypropylen-T\u00fcte \u2013 perfekt zum Verschenken oder f\u00fcr den t\u00e4glichen Gebrauch. Individuell veredelbar per 1-farbigem Siebdruck oder vollfarbigen Digitaldruck f\u00fcr eine starke Markenpr\u00e4senz. Nicht f\u00fcr Mikrowelle oder Sp\u00fclmaschine geeignet.<\/p>","protected":false},"excerpt":{"rendered":"<p>Der Cielo \u2013 355 ml Keramikbecher mit recyceltem Kunststoffgeh\u00e4use. Dieser moderne Becher vereint ein hochwertiges Keramikinnere mit einer Au\u00dfenwand und einem Deckel aus recyceltem Kunststoff \u2013 ideal f\u00fcr umweltbewusste Markenauftritte. Der praktische Daumenschieber sorgt f\u00fcr komfortables Trinken unterwegs. Verpackt in einer umweltfreundlichen Kraft-Geschenkbox mit recycelbarer Polypropylen-T\u00fcte \u2013 perfekt zum Verschenken oder f\u00fcr den t\u00e4glichen Gebrauch. [&hellip;]<\/p>\n","protected":false},"featured_media":8194,"comment_status":"open","ping_status":"closed","template":"","meta":[],"product_brand":[],"product_cat":[767,248],"product_tag":[682,792,379,824,380,684],"class_list":{"0":"post-8178","1":"product","2":"type-product","3":"status-publish","4":"has-post-thumbnail","6":"product_cat-trinkbecher","7":"product_cat-trinkgefaesse","8":"product_tag-designbottle","9":"product_tag-left-49","10":"product_tag-mailand","11":"product_tag-top-52","12":"product_tag-wdz","13":"product_tag-widesize","14":"pa_farbe-creme","15":"pa_farbe-marine","16":"pa_farbe-schwarz","17":"pa_material-keramik","18":"pa_material-pp","19":"pa_mindestmenge-369","20":"pa_werbeanbringung-digitaldruck","21":"pa_werbeanbringung-siebdruck","23":"first","24":"instock","25":"taxable","26":"shipping-taxable","27":"purchasable","28":"product-type-variable","29":"add-to-wishlist-after_add_to_cart"},"yoast_head":"<!-- This site is optimized with the Yoast SEO plugin v27.4 - https:\/\/yoast.com\/product\/yoast-seo-wordpress\/ -->\n<title>Trinkbecher &quot;Cielo&quot; - PEN.EU<\/title>\n<meta name=\"robots\" content=\"index, follow, max-snippet:-1, max-image-preview:large, max-video-preview:-1\" \/>\n<link rel=\"canonical\" href=\"https:\/\/pen.eu\/ch\/produkt\/trinkbecher-cielo\/\" \/>\n<meta property=\"og:locale\" content=\"de_DE\" \/>\n<meta property=\"og:type\" content=\"article\" \/>\n<meta property=\"og:title\" content=\"Trinkbecher &quot;Cielo&quot; - PEN.EU\" \/>\n<meta property=\"og:description\" content=\"Der Cielo \u2013 355 ml Keramikbecher mit recyceltem Kunststoffgeh\u00e4use. Dieser moderne Becher vereint ein hochwertiges Keramikinnere mit einer Au\u00dfenwand und einem Deckel aus recyceltem Kunststoff \u2013 ideal f\u00fcr umweltbewusste Markenauftritte. Der praktische Daumenschieber sorgt f\u00fcr komfortables Trinken unterwegs. Verpackt in einer umweltfreundlichen Kraft-Geschenkbox mit recycelbarer Polypropylen-T\u00fcte \u2013 perfekt zum Verschenken oder f\u00fcr den t\u00e4glichen Gebrauch. [&hellip;]\" \/>\n<meta property=\"og:url\" content=\"https:\/\/pen.eu\/ch\/produkt\/trinkbecher-cielo\/\" \/>\n<meta property=\"og:site_name\" content=\"PEN.EU\" \/>\n<meta property=\"article:modified_time\" content=\"2025-10-23T04:11:56+00:00\" \/>\n<meta property=\"og:image\" content=\"https:\/\/pen.eu\/wp-content\/uploads\/2024\/10\/0513029113-GDD.jpg\" \/>\n\t<meta property=\"og:image:width\" content=\"1800\" \/>\n\t<meta property=\"og:image:height\" content=\"1800\" \/>\n\t<meta property=\"og:image:type\" content=\"image\/jpeg\" \/>\n<meta name=\"twitter:card\" content=\"summary_large_image\" \/>\n<script type=\"application\/ld+json\" class=\"yoast-schema-graph\">{\"@context\":\"https:\\\/\\\/schema.org\",\"@graph\":[{\"@type\":\"WebPage\",\"@id\":\"https:\\\/\\\/pen.eu\\\/produkt\\\/trinkbecher-cielo\\\/\",\"url\":\"https:\\\/\\\/pen.eu\\\/produkt\\\/trinkbecher-cielo\\\/\",\"name\":\"Trinkbecher \\\"Cielo\\\" - PEN.EU\",\"isPartOf\":{\"@id\":\"https:\\\/\\\/pen.eu\\\/#website\"},\"primaryImageOfPage\":{\"@id\":\"https:\\\/\\\/pen.eu\\\/produkt\\\/trinkbecher-cielo\\\/#primaryimage\"},\"image\":{\"@id\":\"https:\\\/\\\/pen.eu\\\/produkt\\\/trinkbecher-cielo\\\/#primaryimage\"},\"thumbnailUrl\":\"https:\\\/\\\/pen.eu\\\/wp-content\\\/uploads\\\/2024\\\/10\\\/0513029113-GDD.jpg\",\"datePublished\":\"2024-10-24T17:04:41+00:00\",\"dateModified\":\"2025-10-23T04:11:56+00:00\",\"breadcrumb\":{\"@id\":\"https:\\\/\\\/pen.eu\\\/produkt\\\/trinkbecher-cielo\\\/#breadcrumb\"},\"inLanguage\":\"de-CH\",\"potentialAction\":[{\"@type\":\"ReadAction\",\"target\":[\"https:\\\/\\\/pen.eu\\\/produkt\\\/trinkbecher-cielo\\\/\"]}]},{\"@type\":\"ImageObject\",\"inLanguage\":\"de-CH\",\"@id\":\"https:\\\/\\\/pen.eu\\\/produkt\\\/trinkbecher-cielo\\\/#primaryimage\",\"url\":\"https:\\\/\\\/pen.eu\\\/wp-content\\\/uploads\\\/2024\\\/10\\\/0513029113-GDD.jpg\",\"contentUrl\":\"https:\\\/\\\/pen.eu\\\/wp-content\\\/uploads\\\/2024\\\/10\\\/0513029113-GDD.jpg\",\"width\":1800,\"height\":1800},{\"@type\":\"BreadcrumbList\",\"@id\":\"https:\\\/\\\/pen.eu\\\/produkt\\\/trinkbecher-cielo\\\/#breadcrumb\",\"itemListElement\":[{\"@type\":\"ListItem\",\"position\":1,\"name\":\"Home\",\"item\":\"https:\\\/\\\/pen.eu\\\/\"},{\"@type\":\"ListItem\",\"position\":2,\"name\":\"Shop\",\"item\":\"https:\\\/\\\/pen.eu\\\/ch\\\/shop\\\/\"},{\"@type\":\"ListItem\",\"position\":3,\"name\":\"Trinkbecher &#8220;Cielo&#8221;\"}]},{\"@type\":\"WebSite\",\"@id\":\"https:\\\/\\\/pen.eu\\\/#website\",\"url\":\"https:\\\/\\\/pen.eu\\\/\",\"name\":\"PEN.EU\",\"description\":\"Kugelschreiber bedrucken mit Logo | pen.eu\",\"potentialAction\":[{\"@type\":\"SearchAction\",\"target\":{\"@type\":\"EntryPoint\",\"urlTemplate\":\"https:\\\/\\\/pen.eu\\\/?s={search_term_string}\"},\"query-input\":{\"@type\":\"PropertyValueSpecification\",\"valueRequired\":true,\"valueName\":\"search_term_string\"}}],\"inLanguage\":\"de-CH\"}]}<\/script>\n<!-- \/ Yoast SEO plugin. -->","yoast_head_json":{"title":"Trinkbecher \"Cielo\" - PEN.EU","robots":{"index":"index","follow":"follow","max-snippet":"max-snippet:-1","max-image-preview":"max-image-preview:large","max-video-preview":"max-video-preview:-1"},"canonical":"https:\/\/pen.eu\/ch\/produkt\/trinkbecher-cielo\/","og_locale":"de_DE","og_type":"article","og_title":"Trinkbecher \"Cielo\" - PEN.EU","og_description":"Der Cielo \u2013 355 ml Keramikbecher mit recyceltem Kunststoffgeh\u00e4use. Dieser moderne Becher vereint ein hochwertiges Keramikinnere mit einer Au\u00dfenwand und einem Deckel aus recyceltem Kunststoff \u2013 ideal f\u00fcr umweltbewusste Markenauftritte. Der praktische Daumenschieber sorgt f\u00fcr komfortables Trinken unterwegs. Verpackt in einer umweltfreundlichen Kraft-Geschenkbox mit recycelbarer Polypropylen-T\u00fcte \u2013 perfekt zum Verschenken oder f\u00fcr den t\u00e4glichen Gebrauch. [&hellip;]","og_url":"https:\/\/pen.eu\/ch\/produkt\/trinkbecher-cielo\/","og_site_name":"PEN.EU","article_modified_time":"2025-10-23T04:11:56+00:00","og_image":[{"width":1800,"height":1800,"url":"https:\/\/pen.eu\/wp-content\/uploads\/2024\/10\/0513029113-GDD.jpg","type":"image\/jpeg"}],"twitter_card":"summary_large_image","schema":{"@context":"https:\/\/schema.org","@graph":[{"@type":"WebPage","@id":"https:\/\/pen.eu\/produkt\/trinkbecher-cielo\/","url":"https:\/\/pen.eu\/produkt\/trinkbecher-cielo\/","name":"Trinkbecher \"Cielo\" - PEN.EU","isPartOf":{"@id":"https:\/\/pen.eu\/#website"},"primaryImageOfPage":{"@id":"https:\/\/pen.eu\/produkt\/trinkbecher-cielo\/#primaryimage"},"image":{"@id":"https:\/\/pen.eu\/produkt\/trinkbecher-cielo\/#primaryimage"},"thumbnailUrl":"https:\/\/pen.eu\/wp-content\/uploads\/2024\/10\/0513029113-GDD.jpg","datePublished":"2024-10-24T17:04:41+00:00","dateModified":"2025-10-23T04:11:56+00:00","breadcrumb":{"@id":"https:\/\/pen.eu\/produkt\/trinkbecher-cielo\/#breadcrumb"},"inLanguage":"de-CH","potentialAction":[{"@type":"ReadAction","target":["https:\/\/pen.eu\/produkt\/trinkbecher-cielo\/"]}]},{"@type":"ImageObject","inLanguage":"de-CH","@id":"https:\/\/pen.eu\/produkt\/trinkbecher-cielo\/#primaryimage","url":"https:\/\/pen.eu\/wp-content\/uploads\/2024\/10\/0513029113-GDD.jpg","contentUrl":"https:\/\/pen.eu\/wp-content\/uploads\/2024\/10\/0513029113-GDD.jpg","width":1800,"height":1800},{"@type":"BreadcrumbList","@id":"https:\/\/pen.eu\/produkt\/trinkbecher-cielo\/#breadcrumb","itemListElement":[{"@type":"ListItem","position":1,"name":"Home","item":"https:\/\/pen.eu\/"},{"@type":"ListItem","position":2,"name":"Shop","item":"https:\/\/pen.eu\/ch\/shop\/"},{"@type":"ListItem","position":3,"name":"Trinkbecher &#8220;Cielo&#8221;"}]},{"@type":"WebSite","@id":"https:\/\/pen.eu\/#website","url":"https:\/\/pen.eu\/","name":"PEN.EU","description":"Kugelschreiber bedrucken mit Logo | pen.eu","potentialAction":[{"@type":"SearchAction","target":{"@type":"EntryPoint","urlTemplate":"https:\/\/pen.eu\/?s={search_term_string}"},"query-input":{"@type":"PropertyValueSpecification","valueRequired":true,"valueName":"search_term_string"}}],"inLanguage":"de-CH"}]}},"_links":{"self":[{"href":"https:\/\/pen.eu\/ch\/wp-json\/wp\/v2\/product\/8178","targetHints":{"allow":["GET"]}}],"collection":[{"href":"https:\/\/pen.eu\/ch\/wp-json\/wp\/v2\/product"}],"about":[{"href":"https:\/\/pen.eu\/ch\/wp-json\/wp\/v2\/types\/product"}],"replies":[{"embeddable":true,"href":"https:\/\/pen.eu\/ch\/wp-json\/wp\/v2\/comments?post=8178"}],"wp:featuredmedia":[{"embeddable":true,"href":"https:\/\/pen.eu\/ch\/wp-json\/wp\/v2\/media\/8194"}],"wp:attachment":[{"href":"https:\/\/pen.eu\/ch\/wp-json\/wp\/v2\/media?parent=8178"}],"wp:term":[{"taxonomy":"product_brand","embeddable":true,"href":"https:\/\/pen.eu\/ch\/wp-json\/wp\/v2\/product_brand?post=8178"},{"taxonomy":"product_cat","embeddable":true,"href":"https:\/\/pen.eu\/ch\/wp-json\/wp\/v2\/product_cat?post=8178"},{"taxonomy":"product_tag","embeddable":true,"href":"https:\/\/pen.eu\/ch\/wp-json\/wp\/v2\/product_tag?post=8178"}],"curies":[{"name":"wp","href":"https:\/\/api.w.org\/{rel}","templated":true}]}}