{"id":8202,"date":"2024-10-24T19:31:11","date_gmt":"2024-10-24T17:31:11","guid":{"rendered":"https:\/\/v2.frank-pen.de\/?post_type=product&#038;p=8202"},"modified":"2025-10-23T06:50:16","modified_gmt":"2025-10-23T04:50:16","slug":"trinkbecher-lana","status":"publish","type":"product","link":"https:\/\/pen.eu\/ch\/produkt\/trinkbecher-lana\/","title":{"rendered":"Trinkbecher &#8220;Lana&#8221;"},"content":{"rendered":"<p>Der Lana \u2013 475 ml Isolierbecher aus recyceltem Edelstahl \u2013 nachhaltig, stilvoll, alltagstauglich. Dieser doppelwandige Becher ist komplett aus recyceltem 304er Edelstahl gefertigt \u2013 innen wie au\u00dfen \u2013 und bietet eine langlebige, umweltfreundliche L\u00f6sung f\u00fcr unterwegs. Die glatte, matte Pulverbeschichtung verleiht ihm ein modernes Finish, w\u00e4hrend der auslaufsichere Flip-Deckel aus AS und PP f\u00fcr komfortables Trinken sorgt. Mit einem Fassungsverm\u00f6gen von 475 ml h\u00e4lt der Becher hei\u00dfe Getr\u00e4nke bis zu 6 Stunden warm und kalte Getr\u00e4nke bis zu 24 Stunden angenehm k\u00fchl. Das ergonomische Design liegt gut in der Hand \u2013 auch ohne Griff \u2013 und die \u00d6ffnung ist kompatibel mit Strohhalmen f\u00fcr maximale Flexibilit\u00e4t. Nicht f\u00fcr Sp\u00fclmaschine oder Mikrowelle geeignet \u2013 Handw\u00e4sche empfohlen. Perfekt f\u00fcr Pendler, B\u00fcro, Reisen und den t\u00e4glichen Einsatz.<\/p>","protected":false},"excerpt":{"rendered":"<p>Der Lana \u2013 475 ml Isolierbecher aus recyceltem Edelstahl \u2013 nachhaltig, stilvoll, alltagstauglich. Dieser doppelwandige Becher ist komplett aus recyceltem 304er Edelstahl gefertigt \u2013 innen wie au\u00dfen \u2013 und bietet eine langlebige, umweltfreundliche L\u00f6sung f\u00fcr unterwegs. Die glatte, matte Pulverbeschichtung verleiht ihm ein modernes Finish, w\u00e4hrend der auslaufsichere Flip-Deckel aus AS und PP f\u00fcr komfortables [&hellip;]<\/p>\n","protected":false},"featured_media":8224,"comment_status":"open","ping_status":"closed","template":"","meta":[],"product_brand":[],"product_cat":[767,248],"product_tag":[683,383,687,689,382],"class_list":{"0":"post-8202","1":"product","2":"type-product","3":"status-publish","4":"has-post-thumbnail","6":"product_cat-trinkbecher","7":"product_cat-trinkgefaesse","8":"product_tag-designcup","9":"product_tag-lana","10":"product_tag-logomiddle","11":"product_tag-slimsize","12":"product_tag-wfh","13":"pa_eigenschaft-eco-friendly","14":"pa_farbe-creme","15":"pa_farbe-marine","16":"pa_farbe-schwarz","17":"pa_material-edelstahl","18":"pa_material-pp","19":"pa_material-recyceltes-edelstahl","20":"pa_mindestmenge-381","21":"pa_werbeanbringung-digitaldruck","22":"pa_werbeanbringung-lasergravur","23":"pa_werbeanbringung-siebdruck","25":"first","26":"instock","27":"taxable","28":"shipping-taxable","29":"purchasable","30":"product-type-variable","31":"add-to-wishlist-after_add_to_cart"},"yoast_head":"<!-- This site is optimized with the Yoast SEO plugin v27.4 - https:\/\/yoast.com\/product\/yoast-seo-wordpress\/ -->\n<title>Trinkbecher &quot;Lana&quot; - PEN.EU<\/title>\n<meta name=\"robots\" content=\"index, follow, max-snippet:-1, max-image-preview:large, max-video-preview:-1\" \/>\n<link rel=\"canonical\" href=\"https:\/\/pen.eu\/ch\/produkt\/trinkbecher-lana\/\" \/>\n<meta property=\"og:locale\" content=\"de_DE\" \/>\n<meta property=\"og:type\" content=\"article\" \/>\n<meta property=\"og:title\" content=\"Trinkbecher &quot;Lana&quot; - PEN.EU\" \/>\n<meta property=\"og:description\" content=\"Der Lana \u2013 475 ml Isolierbecher aus recyceltem Edelstahl \u2013 nachhaltig, stilvoll, alltagstauglich. Dieser doppelwandige Becher ist komplett aus recyceltem 304er Edelstahl gefertigt \u2013 innen wie au\u00dfen \u2013 und bietet eine langlebige, umweltfreundliche L\u00f6sung f\u00fcr unterwegs. Die glatte, matte Pulverbeschichtung verleiht ihm ein modernes Finish, w\u00e4hrend der auslaufsichere Flip-Deckel aus AS und PP f\u00fcr komfortables [&hellip;]\" \/>\n<meta property=\"og:url\" content=\"https:\/\/pen.eu\/ch\/produkt\/trinkbecher-lana\/\" \/>\n<meta property=\"og:site_name\" content=\"PEN.EU\" \/>\n<meta property=\"article:modified_time\" content=\"2025-10-23T04:50:16+00:00\" \/>\n<meta property=\"og:image\" content=\"https:\/\/pen.eu\/wp-content\/uploads\/2024\/10\/0513030113-GDD.jpg\" \/>\n\t<meta property=\"og:image:width\" content=\"2000\" \/>\n\t<meta property=\"og:image:height\" content=\"2000\" \/>\n\t<meta property=\"og:image:type\" content=\"image\/jpeg\" \/>\n<meta name=\"twitter:card\" content=\"summary_large_image\" \/>\n<meta name=\"twitter:label1\" content=\"Gesch\u00e4tzte Lesezeit\" \/>\n\t<meta name=\"twitter:data1\" content=\"1\u00a0Minute\" \/>\n<script type=\"application\/ld+json\" class=\"yoast-schema-graph\">{\"@context\":\"https:\\\/\\\/schema.org\",\"@graph\":[{\"@type\":\"WebPage\",\"@id\":\"https:\\\/\\\/pen.eu\\\/produkt\\\/trinkbecher-lana\\\/\",\"url\":\"https:\\\/\\\/pen.eu\\\/produkt\\\/trinkbecher-lana\\\/\",\"name\":\"Trinkbecher \\\"Lana\\\" - PEN.EU\",\"isPartOf\":{\"@id\":\"https:\\\/\\\/pen.eu\\\/#website\"},\"primaryImageOfPage\":{\"@id\":\"https:\\\/\\\/pen.eu\\\/produkt\\\/trinkbecher-lana\\\/#primaryimage\"},\"image\":{\"@id\":\"https:\\\/\\\/pen.eu\\\/produkt\\\/trinkbecher-lana\\\/#primaryimage\"},\"thumbnailUrl\":\"https:\\\/\\\/pen.eu\\\/wp-content\\\/uploads\\\/2024\\\/10\\\/0513030113-GDD.jpg\",\"datePublished\":\"2024-10-24T17:31:11+00:00\",\"dateModified\":\"2025-10-23T04:50:16+00:00\",\"breadcrumb\":{\"@id\":\"https:\\\/\\\/pen.eu\\\/produkt\\\/trinkbecher-lana\\\/#breadcrumb\"},\"inLanguage\":\"de-CH\",\"potentialAction\":[{\"@type\":\"ReadAction\",\"target\":[\"https:\\\/\\\/pen.eu\\\/produkt\\\/trinkbecher-lana\\\/\"]}]},{\"@type\":\"ImageObject\",\"inLanguage\":\"de-CH\",\"@id\":\"https:\\\/\\\/pen.eu\\\/produkt\\\/trinkbecher-lana\\\/#primaryimage\",\"url\":\"https:\\\/\\\/pen.eu\\\/wp-content\\\/uploads\\\/2024\\\/10\\\/0513030113-GDD.jpg\",\"contentUrl\":\"https:\\\/\\\/pen.eu\\\/wp-content\\\/uploads\\\/2024\\\/10\\\/0513030113-GDD.jpg\",\"width\":2000,\"height\":2000},{\"@type\":\"BreadcrumbList\",\"@id\":\"https:\\\/\\\/pen.eu\\\/produkt\\\/trinkbecher-lana\\\/#breadcrumb\",\"itemListElement\":[{\"@type\":\"ListItem\",\"position\":1,\"name\":\"Home\",\"item\":\"https:\\\/\\\/pen.eu\\\/\"},{\"@type\":\"ListItem\",\"position\":2,\"name\":\"Shop\",\"item\":\"https:\\\/\\\/pen.eu\\\/ch\\\/shop\\\/\"},{\"@type\":\"ListItem\",\"position\":3,\"name\":\"Trinkbecher &#8220;Lana&#8221;\"}]},{\"@type\":\"WebSite\",\"@id\":\"https:\\\/\\\/pen.eu\\\/#website\",\"url\":\"https:\\\/\\\/pen.eu\\\/\",\"name\":\"PEN.EU\",\"description\":\"Kugelschreiber bedrucken mit Logo | pen.eu\",\"potentialAction\":[{\"@type\":\"SearchAction\",\"target\":{\"@type\":\"EntryPoint\",\"urlTemplate\":\"https:\\\/\\\/pen.eu\\\/?s={search_term_string}\"},\"query-input\":{\"@type\":\"PropertyValueSpecification\",\"valueRequired\":true,\"valueName\":\"search_term_string\"}}],\"inLanguage\":\"de-CH\"}]}<\/script>\n<!-- \/ Yoast SEO plugin. -->","yoast_head_json":{"title":"Trinkbecher \"Lana\" - PEN.EU","robots":{"index":"index","follow":"follow","max-snippet":"max-snippet:-1","max-image-preview":"max-image-preview:large","max-video-preview":"max-video-preview:-1"},"canonical":"https:\/\/pen.eu\/ch\/produkt\/trinkbecher-lana\/","og_locale":"de_DE","og_type":"article","og_title":"Trinkbecher \"Lana\" - PEN.EU","og_description":"Der Lana \u2013 475 ml Isolierbecher aus recyceltem Edelstahl \u2013 nachhaltig, stilvoll, alltagstauglich. Dieser doppelwandige Becher ist komplett aus recyceltem 304er Edelstahl gefertigt \u2013 innen wie au\u00dfen \u2013 und bietet eine langlebige, umweltfreundliche L\u00f6sung f\u00fcr unterwegs. Die glatte, matte Pulverbeschichtung verleiht ihm ein modernes Finish, w\u00e4hrend der auslaufsichere Flip-Deckel aus AS und PP f\u00fcr komfortables [&hellip;]","og_url":"https:\/\/pen.eu\/ch\/produkt\/trinkbecher-lana\/","og_site_name":"PEN.EU","article_modified_time":"2025-10-23T04:50:16+00:00","og_image":[{"width":2000,"height":2000,"url":"https:\/\/pen.eu\/wp-content\/uploads\/2024\/10\/0513030113-GDD.jpg","type":"image\/jpeg"}],"twitter_card":"summary_large_image","twitter_misc":{"Gesch\u00e4tzte Lesezeit":"1\u00a0Minute"},"schema":{"@context":"https:\/\/schema.org","@graph":[{"@type":"WebPage","@id":"https:\/\/pen.eu\/produkt\/trinkbecher-lana\/","url":"https:\/\/pen.eu\/produkt\/trinkbecher-lana\/","name":"Trinkbecher \"Lana\" - PEN.EU","isPartOf":{"@id":"https:\/\/pen.eu\/#website"},"primaryImageOfPage":{"@id":"https:\/\/pen.eu\/produkt\/trinkbecher-lana\/#primaryimage"},"image":{"@id":"https:\/\/pen.eu\/produkt\/trinkbecher-lana\/#primaryimage"},"thumbnailUrl":"https:\/\/pen.eu\/wp-content\/uploads\/2024\/10\/0513030113-GDD.jpg","datePublished":"2024-10-24T17:31:11+00:00","dateModified":"2025-10-23T04:50:16+00:00","breadcrumb":{"@id":"https:\/\/pen.eu\/produkt\/trinkbecher-lana\/#breadcrumb"},"inLanguage":"de-CH","potentialAction":[{"@type":"ReadAction","target":["https:\/\/pen.eu\/produkt\/trinkbecher-lana\/"]}]},{"@type":"ImageObject","inLanguage":"de-CH","@id":"https:\/\/pen.eu\/produkt\/trinkbecher-lana\/#primaryimage","url":"https:\/\/pen.eu\/wp-content\/uploads\/2024\/10\/0513030113-GDD.jpg","contentUrl":"https:\/\/pen.eu\/wp-content\/uploads\/2024\/10\/0513030113-GDD.jpg","width":2000,"height":2000},{"@type":"BreadcrumbList","@id":"https:\/\/pen.eu\/produkt\/trinkbecher-lana\/#breadcrumb","itemListElement":[{"@type":"ListItem","position":1,"name":"Home","item":"https:\/\/pen.eu\/"},{"@type":"ListItem","position":2,"name":"Shop","item":"https:\/\/pen.eu\/ch\/shop\/"},{"@type":"ListItem","position":3,"name":"Trinkbecher &#8220;Lana&#8221;"}]},{"@type":"WebSite","@id":"https:\/\/pen.eu\/#website","url":"https:\/\/pen.eu\/","name":"PEN.EU","description":"Kugelschreiber bedrucken mit Logo | pen.eu","potentialAction":[{"@type":"SearchAction","target":{"@type":"EntryPoint","urlTemplate":"https:\/\/pen.eu\/?s={search_term_string}"},"query-input":{"@type":"PropertyValueSpecification","valueRequired":true,"valueName":"search_term_string"}}],"inLanguage":"de-CH"}]}},"_links":{"self":[{"href":"https:\/\/pen.eu\/ch\/wp-json\/wp\/v2\/product\/8202","targetHints":{"allow":["GET"]}}],"collection":[{"href":"https:\/\/pen.eu\/ch\/wp-json\/wp\/v2\/product"}],"about":[{"href":"https:\/\/pen.eu\/ch\/wp-json\/wp\/v2\/types\/product"}],"replies":[{"embeddable":true,"href":"https:\/\/pen.eu\/ch\/wp-json\/wp\/v2\/comments?post=8202"}],"wp:featuredmedia":[{"embeddable":true,"href":"https:\/\/pen.eu\/ch\/wp-json\/wp\/v2\/media\/8224"}],"wp:attachment":[{"href":"https:\/\/pen.eu\/ch\/wp-json\/wp\/v2\/media?parent=8202"}],"wp:term":[{"taxonomy":"product_brand","embeddable":true,"href":"https:\/\/pen.eu\/ch\/wp-json\/wp\/v2\/product_brand?post=8202"},{"taxonomy":"product_cat","embeddable":true,"href":"https:\/\/pen.eu\/ch\/wp-json\/wp\/v2\/product_cat?post=8202"},{"taxonomy":"product_tag","embeddable":true,"href":"https:\/\/pen.eu\/ch\/wp-json\/wp\/v2\/product_tag?post=8202"}],"curies":[{"name":"wp","href":"https:\/\/api.w.org\/{rel}","templated":true}]}}