{"id":8294,"date":"2024-10-25T12:31:56","date_gmt":"2024-10-25T10:31:56","guid":{"rendered":"https:\/\/v2.frank-pen.de\/?post_type=product&#038;p=8294"},"modified":"2025-10-23T06:52:14","modified_gmt":"2025-10-23T04:52:14","slug":"trinkbecher-mauro","status":"publish","type":"product","link":"https:\/\/pen.eu\/ch\/produkt\/trinkbecher-mauro\/","title":{"rendered":"Trinkbecher &#8220;Mauro&#8221;"},"content":{"rendered":"<p>Der Mauro \u2013 590 ml Thermobecher mit Keramik-Innenbeschichtung \u2013 stilvoll, funktional, geschmacksneutral. Dieser hochwertige Tumbler aus recyceltem 304er Edelstahl vereint modernes Design mit durchdachter Technik. Die doppelwandige Vakuumisolierung h\u00e4lt Getr\u00e4nke bis zu 6 Stunden hei\u00df und bis zu 12 Stunden kalt \u2013 perfekt f\u00fcr den Alltag. Das keramisch beschichtete Innenleben sorgt f\u00fcr ein unverf\u00e4lschtes Geschmackserlebnis ohne metallischen Nachgeschmack. Au\u00dfen \u00fcberzeugt der Becher mit einem eleganten, matten Finish und einem gl\u00e4nzenden Metallakzent im oberen Bereich. Der transparente AS-Deckel mit sicherem Aufdruckmechanismus sch\u00fctzt zuverl\u00e4ssig vor dem Auslaufen und macht den Becher ideal f\u00fcr unterwegs \u2013 ob im B\u00fcro, auf Reisen oder zu Hause. Nicht sp\u00fclmaschinen- oder mikrowellengeeignet.<\/p>","protected":false},"excerpt":{"rendered":"<p>Der Mauro \u2013 590 ml Thermobecher mit Keramik-Innenbeschichtung \u2013 stilvoll, funktional, geschmacksneutral. Dieser hochwertige Tumbler aus recyceltem 304er Edelstahl vereint modernes Design mit durchdachter Technik. Die doppelwandige Vakuumisolierung h\u00e4lt Getr\u00e4nke bis zu 6 Stunden hei\u00df und bis zu 12 Stunden kalt \u2013 perfekt f\u00fcr den Alltag. Das keramisch beschichtete Innenleben sorgt f\u00fcr ein unverf\u00e4lschtes Geschmackserlebnis [&hellip;]<\/p>\n","protected":false},"featured_media":8316,"comment_status":"open","ping_status":"closed","template":"","meta":[],"product_brand":[],"product_cat":[767,248],"product_tag":[683,792,686,392,828,827,689,826,391,825],"class_list":{"0":"post-8294","1":"product","2":"type-product","3":"status-publish","4":"has-post-thumbnail","6":"product_cat-trinkbecher","7":"product_cat-trinkgefaesse","8":"product_tag-designcup","9":"product_tag-left-49","10":"product_tag-logotop","11":"product_tag-mauro","12":"product_tag-mtop-22","13":"product_tag-mwidth-12","14":"product_tag-slimsize","15":"product_tag-top-17","16":"product_tag-wfo","17":"product_tag-width-29","18":"pa_eigenschaft-eco-friendly","19":"pa_farbe-marine","20":"pa_farbe-schwarz","21":"pa_farbe-weiss","22":"pa_material-edelstahl","23":"pa_material-recycelter-edelstahl","24":"pa_mindestmenge-369","25":"pa_werbeanbringung-digitaldruck","26":"pa_werbeanbringung-lasergravur","27":"pa_werbeanbringung-siebdruck","29":"first","30":"instock","31":"taxable","32":"shipping-taxable","33":"purchasable","34":"product-type-variable","35":"add-to-wishlist-after_add_to_cart"},"yoast_head":"<!-- This site is optimized with the Yoast SEO plugin v27.4 - https:\/\/yoast.com\/product\/yoast-seo-wordpress\/ -->\n<title>Trinkbecher &quot;Mauro&quot; - PEN.EU<\/title>\n<meta name=\"robots\" content=\"index, follow, max-snippet:-1, max-image-preview:large, max-video-preview:-1\" \/>\n<link rel=\"canonical\" href=\"https:\/\/pen.eu\/ch\/produkt\/trinkbecher-mauro\/\" \/>\n<meta property=\"og:locale\" content=\"de_DE\" \/>\n<meta property=\"og:type\" content=\"article\" \/>\n<meta property=\"og:title\" content=\"Trinkbecher &quot;Mauro&quot; - PEN.EU\" \/>\n<meta property=\"og:description\" content=\"Der Mauro \u2013 590 ml Thermobecher mit Keramik-Innenbeschichtung \u2013 stilvoll, funktional, geschmacksneutral. Dieser hochwertige Tumbler aus recyceltem 304er Edelstahl vereint modernes Design mit durchdachter Technik. Die doppelwandige Vakuumisolierung h\u00e4lt Getr\u00e4nke bis zu 6 Stunden hei\u00df und bis zu 12 Stunden kalt \u2013 perfekt f\u00fcr den Alltag. Das keramisch beschichtete Innenleben sorgt f\u00fcr ein unverf\u00e4lschtes Geschmackserlebnis [&hellip;]\" \/>\n<meta property=\"og:url\" content=\"https:\/\/pen.eu\/ch\/produkt\/trinkbecher-mauro\/\" \/>\n<meta property=\"og:site_name\" content=\"PEN.EU\" \/>\n<meta property=\"article:modified_time\" content=\"2025-10-23T04:52:14+00:00\" \/>\n<meta property=\"og:image\" content=\"https:\/\/pen.eu\/wp-content\/uploads\/2024\/10\/0513033113-GDD.jpg\" \/>\n\t<meta property=\"og:image:width\" content=\"2000\" \/>\n\t<meta property=\"og:image:height\" content=\"2000\" \/>\n\t<meta property=\"og:image:type\" content=\"image\/jpeg\" \/>\n<meta name=\"twitter:card\" content=\"summary_large_image\" \/>\n<meta name=\"twitter:label1\" content=\"Gesch\u00e4tzte Lesezeit\" \/>\n\t<meta name=\"twitter:data1\" content=\"1\u00a0Minute\" \/>\n<script type=\"application\/ld+json\" class=\"yoast-schema-graph\">{\"@context\":\"https:\\\/\\\/schema.org\",\"@graph\":[{\"@type\":\"WebPage\",\"@id\":\"https:\\\/\\\/pen.eu\\\/produkt\\\/trinkbecher-mauro\\\/\",\"url\":\"https:\\\/\\\/pen.eu\\\/produkt\\\/trinkbecher-mauro\\\/\",\"name\":\"Trinkbecher \\\"Mauro\\\" - PEN.EU\",\"isPartOf\":{\"@id\":\"https:\\\/\\\/pen.eu\\\/#website\"},\"primaryImageOfPage\":{\"@id\":\"https:\\\/\\\/pen.eu\\\/produkt\\\/trinkbecher-mauro\\\/#primaryimage\"},\"image\":{\"@id\":\"https:\\\/\\\/pen.eu\\\/produkt\\\/trinkbecher-mauro\\\/#primaryimage\"},\"thumbnailUrl\":\"https:\\\/\\\/pen.eu\\\/wp-content\\\/uploads\\\/2024\\\/10\\\/0513033113-GDD.jpg\",\"datePublished\":\"2024-10-25T10:31:56+00:00\",\"dateModified\":\"2025-10-23T04:52:14+00:00\",\"breadcrumb\":{\"@id\":\"https:\\\/\\\/pen.eu\\\/produkt\\\/trinkbecher-mauro\\\/#breadcrumb\"},\"inLanguage\":\"de-CH\",\"potentialAction\":[{\"@type\":\"ReadAction\",\"target\":[\"https:\\\/\\\/pen.eu\\\/produkt\\\/trinkbecher-mauro\\\/\"]}]},{\"@type\":\"ImageObject\",\"inLanguage\":\"de-CH\",\"@id\":\"https:\\\/\\\/pen.eu\\\/produkt\\\/trinkbecher-mauro\\\/#primaryimage\",\"url\":\"https:\\\/\\\/pen.eu\\\/wp-content\\\/uploads\\\/2024\\\/10\\\/0513033113-GDD.jpg\",\"contentUrl\":\"https:\\\/\\\/pen.eu\\\/wp-content\\\/uploads\\\/2024\\\/10\\\/0513033113-GDD.jpg\",\"width\":2000,\"height\":2000},{\"@type\":\"BreadcrumbList\",\"@id\":\"https:\\\/\\\/pen.eu\\\/produkt\\\/trinkbecher-mauro\\\/#breadcrumb\",\"itemListElement\":[{\"@type\":\"ListItem\",\"position\":1,\"name\":\"Home\",\"item\":\"https:\\\/\\\/pen.eu\\\/\"},{\"@type\":\"ListItem\",\"position\":2,\"name\":\"Shop\",\"item\":\"https:\\\/\\\/pen.eu\\\/ch\\\/shop\\\/\"},{\"@type\":\"ListItem\",\"position\":3,\"name\":\"Trinkbecher &#8220;Mauro&#8221;\"}]},{\"@type\":\"WebSite\",\"@id\":\"https:\\\/\\\/pen.eu\\\/#website\",\"url\":\"https:\\\/\\\/pen.eu\\\/\",\"name\":\"PEN.EU\",\"description\":\"Kugelschreiber bedrucken mit Logo | pen.eu\",\"potentialAction\":[{\"@type\":\"SearchAction\",\"target\":{\"@type\":\"EntryPoint\",\"urlTemplate\":\"https:\\\/\\\/pen.eu\\\/?s={search_term_string}\"},\"query-input\":{\"@type\":\"PropertyValueSpecification\",\"valueRequired\":true,\"valueName\":\"search_term_string\"}}],\"inLanguage\":\"de-CH\"}]}<\/script>\n<!-- \/ Yoast SEO plugin. -->","yoast_head_json":{"title":"Trinkbecher \"Mauro\" - PEN.EU","robots":{"index":"index","follow":"follow","max-snippet":"max-snippet:-1","max-image-preview":"max-image-preview:large","max-video-preview":"max-video-preview:-1"},"canonical":"https:\/\/pen.eu\/ch\/produkt\/trinkbecher-mauro\/","og_locale":"de_DE","og_type":"article","og_title":"Trinkbecher \"Mauro\" - PEN.EU","og_description":"Der Mauro \u2013 590 ml Thermobecher mit Keramik-Innenbeschichtung \u2013 stilvoll, funktional, geschmacksneutral. Dieser hochwertige Tumbler aus recyceltem 304er Edelstahl vereint modernes Design mit durchdachter Technik. Die doppelwandige Vakuumisolierung h\u00e4lt Getr\u00e4nke bis zu 6 Stunden hei\u00df und bis zu 12 Stunden kalt \u2013 perfekt f\u00fcr den Alltag. Das keramisch beschichtete Innenleben sorgt f\u00fcr ein unverf\u00e4lschtes Geschmackserlebnis [&hellip;]","og_url":"https:\/\/pen.eu\/ch\/produkt\/trinkbecher-mauro\/","og_site_name":"PEN.EU","article_modified_time":"2025-10-23T04:52:14+00:00","og_image":[{"width":2000,"height":2000,"url":"https:\/\/pen.eu\/wp-content\/uploads\/2024\/10\/0513033113-GDD.jpg","type":"image\/jpeg"}],"twitter_card":"summary_large_image","twitter_misc":{"Gesch\u00e4tzte Lesezeit":"1\u00a0Minute"},"schema":{"@context":"https:\/\/schema.org","@graph":[{"@type":"WebPage","@id":"https:\/\/pen.eu\/produkt\/trinkbecher-mauro\/","url":"https:\/\/pen.eu\/produkt\/trinkbecher-mauro\/","name":"Trinkbecher \"Mauro\" - PEN.EU","isPartOf":{"@id":"https:\/\/pen.eu\/#website"},"primaryImageOfPage":{"@id":"https:\/\/pen.eu\/produkt\/trinkbecher-mauro\/#primaryimage"},"image":{"@id":"https:\/\/pen.eu\/produkt\/trinkbecher-mauro\/#primaryimage"},"thumbnailUrl":"https:\/\/pen.eu\/wp-content\/uploads\/2024\/10\/0513033113-GDD.jpg","datePublished":"2024-10-25T10:31:56+00:00","dateModified":"2025-10-23T04:52:14+00:00","breadcrumb":{"@id":"https:\/\/pen.eu\/produkt\/trinkbecher-mauro\/#breadcrumb"},"inLanguage":"de-CH","potentialAction":[{"@type":"ReadAction","target":["https:\/\/pen.eu\/produkt\/trinkbecher-mauro\/"]}]},{"@type":"ImageObject","inLanguage":"de-CH","@id":"https:\/\/pen.eu\/produkt\/trinkbecher-mauro\/#primaryimage","url":"https:\/\/pen.eu\/wp-content\/uploads\/2024\/10\/0513033113-GDD.jpg","contentUrl":"https:\/\/pen.eu\/wp-content\/uploads\/2024\/10\/0513033113-GDD.jpg","width":2000,"height":2000},{"@type":"BreadcrumbList","@id":"https:\/\/pen.eu\/produkt\/trinkbecher-mauro\/#breadcrumb","itemListElement":[{"@type":"ListItem","position":1,"name":"Home","item":"https:\/\/pen.eu\/"},{"@type":"ListItem","position":2,"name":"Shop","item":"https:\/\/pen.eu\/ch\/shop\/"},{"@type":"ListItem","position":3,"name":"Trinkbecher &#8220;Mauro&#8221;"}]},{"@type":"WebSite","@id":"https:\/\/pen.eu\/#website","url":"https:\/\/pen.eu\/","name":"PEN.EU","description":"Kugelschreiber bedrucken mit Logo | pen.eu","potentialAction":[{"@type":"SearchAction","target":{"@type":"EntryPoint","urlTemplate":"https:\/\/pen.eu\/?s={search_term_string}"},"query-input":{"@type":"PropertyValueSpecification","valueRequired":true,"valueName":"search_term_string"}}],"inLanguage":"de-CH"}]}},"_links":{"self":[{"href":"https:\/\/pen.eu\/ch\/wp-json\/wp\/v2\/product\/8294","targetHints":{"allow":["GET"]}}],"collection":[{"href":"https:\/\/pen.eu\/ch\/wp-json\/wp\/v2\/product"}],"about":[{"href":"https:\/\/pen.eu\/ch\/wp-json\/wp\/v2\/types\/product"}],"replies":[{"embeddable":true,"href":"https:\/\/pen.eu\/ch\/wp-json\/wp\/v2\/comments?post=8294"}],"wp:featuredmedia":[{"embeddable":true,"href":"https:\/\/pen.eu\/ch\/wp-json\/wp\/v2\/media\/8316"}],"wp:attachment":[{"href":"https:\/\/pen.eu\/ch\/wp-json\/wp\/v2\/media?parent=8294"}],"wp:term":[{"taxonomy":"product_brand","embeddable":true,"href":"https:\/\/pen.eu\/ch\/wp-json\/wp\/v2\/product_brand?post=8294"},{"taxonomy":"product_cat","embeddable":true,"href":"https:\/\/pen.eu\/ch\/wp-json\/wp\/v2\/product_cat?post=8294"},{"taxonomy":"product_tag","embeddable":true,"href":"https:\/\/pen.eu\/ch\/wp-json\/wp\/v2\/product_tag?post=8294"}],"curies":[{"name":"wp","href":"https:\/\/api.w.org\/{rel}","templated":true}]}}