{"id":8327,"date":"2024-10-25T19:43:39","date_gmt":"2024-10-25T17:43:39","guid":{"rendered":"https:\/\/v2.frank-pen.de\/?post_type=product&#038;p=8327"},"modified":"2025-09-30T14:55:22","modified_gmt":"2025-09-30T12:55:22","slug":"tasse-rustic","status":"publish","type":"product","link":"https:\/\/pen.eu\/ch\/produkt\/tasse-rustic\/","title":{"rendered":"Tasse &#8220;Rustic&#8221;"},"content":{"rendered":"<p>Die Rustic \u2013 350 ml Keramiktasse mit nat\u00fcrlicher Tonbasis \u2013 schlicht, modern, wirkungsvoll. Diese einwandige Keramiktasse besticht durch ihr mattes Finish und den charakteristischen Naturtonboden, der jedem Getr\u00e4nk einen Hauch von Handwerkskunst verleiht. Ideal f\u00fcr kreative Markenbotschaften im Werbemarketing \u2013 auff\u00e4llig, stilvoll und \u00fcberall einsetzbar. Mikrowellengeeignet, jedoch nicht f\u00fcr die Sp\u00fclmaschine gedacht!<\/p>","protected":false},"excerpt":{"rendered":"<p>Die Rustic \u2013 350 ml Keramiktasse mit nat\u00fcrlicher Tonbasis \u2013 schlicht, modern, wirkungsvoll. Diese einwandige Keramiktasse besticht durch ihr mattes Finish und den charakteristischen Naturtonboden, der jedem Getr\u00e4nk einen Hauch von Handwerkskunst verleiht. Ideal f\u00fcr kreative Markenbotschaften im Werbemarketing \u2013 auff\u00e4llig, stilvoll und \u00fcberall einsetzbar. Mikrowellengeeignet, jedoch nicht f\u00fcr die Sp\u00fclmaschine gedacht!<\/p>","protected":false},"featured_media":8339,"comment_status":"open","ping_status":"closed","template":"","meta":[],"product_brand":[],"product_cat":[248],"product_tag":[683,687,797,394,393,689,829,685],"class_list":{"0":"post-8327","1":"product","2":"type-product","3":"status-publish","4":"has-post-thumbnail","6":"product_cat-trinkgefaesse","7":"product_tag-designcup","8":"product_tag-logomiddle","9":"product_tag-mtop-48","10":"product_tag-muu","11":"product_tag-pascal","12":"product_tag-slimsize","13":"product_tag-top-39","14":"product_tag-withhandle","15":"pa_farbe-grau","16":"pa_farbe-schwarz","17":"pa_farbe-weiss","18":"pa_material-keramik","19":"pa_mindestmenge-369","20":"pa_werbeanbringung-siebdruck","22":"first","23":"instock","24":"taxable","25":"shipping-taxable","26":"purchasable","27":"product-type-variable","28":"add-to-wishlist-after_add_to_cart"},"yoast_head":"<!-- This site is optimized with the Yoast SEO plugin v27.4 - https:\/\/yoast.com\/product\/yoast-seo-wordpress\/ -->\n<title>Tasse &quot;Rustic&quot; - PEN.EU<\/title>\n<meta name=\"robots\" content=\"index, follow, max-snippet:-1, max-image-preview:large, max-video-preview:-1\" \/>\n<link rel=\"canonical\" href=\"https:\/\/pen.eu\/ch\/produkt\/tasse-rustic\/\" \/>\n<meta property=\"og:locale\" content=\"de_DE\" \/>\n<meta property=\"og:type\" content=\"article\" \/>\n<meta property=\"og:title\" content=\"Tasse &quot;Rustic&quot; - PEN.EU\" \/>\n<meta property=\"og:description\" content=\"Die Rustic \u2013 350 ml Keramiktasse mit nat\u00fcrlicher Tonbasis \u2013 schlicht, modern, wirkungsvoll. Diese einwandige Keramiktasse besticht durch ihr mattes Finish und den charakteristischen Naturtonboden, der jedem Getr\u00e4nk einen Hauch von Handwerkskunst verleiht. Ideal f\u00fcr kreative Markenbotschaften im Werbemarketing \u2013 auff\u00e4llig, stilvoll und \u00fcberall einsetzbar. Mikrowellengeeignet, jedoch nicht f\u00fcr die Sp\u00fclmaschine gedacht!\" \/>\n<meta property=\"og:url\" content=\"https:\/\/pen.eu\/ch\/produkt\/tasse-rustic\/\" \/>\n<meta property=\"og:site_name\" content=\"PEN.EU\" \/>\n<meta property=\"article:modified_time\" content=\"2025-09-30T12:55:22+00:00\" \/>\n<meta property=\"og:image\" content=\"https:\/\/pen.eu\/wp-content\/uploads\/2024\/10\/051303419-GS.jpg\" \/>\n\t<meta property=\"og:image:width\" content=\"1800\" \/>\n\t<meta property=\"og:image:height\" content=\"1800\" \/>\n\t<meta property=\"og:image:type\" content=\"image\/jpeg\" \/>\n<meta name=\"twitter:card\" content=\"summary_large_image\" \/>\n<script type=\"application\/ld+json\" class=\"yoast-schema-graph\">{\"@context\":\"https:\\\/\\\/schema.org\",\"@graph\":[{\"@type\":\"WebPage\",\"@id\":\"https:\\\/\\\/pen.eu\\\/produkt\\\/tasse-rustic\\\/\",\"url\":\"https:\\\/\\\/pen.eu\\\/produkt\\\/tasse-rustic\\\/\",\"name\":\"Tasse \\\"Rustic\\\" - PEN.EU\",\"isPartOf\":{\"@id\":\"https:\\\/\\\/pen.eu\\\/#website\"},\"primaryImageOfPage\":{\"@id\":\"https:\\\/\\\/pen.eu\\\/produkt\\\/tasse-rustic\\\/#primaryimage\"},\"image\":{\"@id\":\"https:\\\/\\\/pen.eu\\\/produkt\\\/tasse-rustic\\\/#primaryimage\"},\"thumbnailUrl\":\"https:\\\/\\\/pen.eu\\\/wp-content\\\/uploads\\\/2024\\\/10\\\/051303419-GS.jpg\",\"datePublished\":\"2024-10-25T17:43:39+00:00\",\"dateModified\":\"2025-09-30T12:55:22+00:00\",\"breadcrumb\":{\"@id\":\"https:\\\/\\\/pen.eu\\\/produkt\\\/tasse-rustic\\\/#breadcrumb\"},\"inLanguage\":\"de-CH\",\"potentialAction\":[{\"@type\":\"ReadAction\",\"target\":[\"https:\\\/\\\/pen.eu\\\/produkt\\\/tasse-rustic\\\/\"]}]},{\"@type\":\"ImageObject\",\"inLanguage\":\"de-CH\",\"@id\":\"https:\\\/\\\/pen.eu\\\/produkt\\\/tasse-rustic\\\/#primaryimage\",\"url\":\"https:\\\/\\\/pen.eu\\\/wp-content\\\/uploads\\\/2024\\\/10\\\/051303419-GS.jpg\",\"contentUrl\":\"https:\\\/\\\/pen.eu\\\/wp-content\\\/uploads\\\/2024\\\/10\\\/051303419-GS.jpg\",\"width\":1800,\"height\":1800},{\"@type\":\"BreadcrumbList\",\"@id\":\"https:\\\/\\\/pen.eu\\\/produkt\\\/tasse-rustic\\\/#breadcrumb\",\"itemListElement\":[{\"@type\":\"ListItem\",\"position\":1,\"name\":\"Home\",\"item\":\"https:\\\/\\\/pen.eu\\\/\"},{\"@type\":\"ListItem\",\"position\":2,\"name\":\"Shop\",\"item\":\"https:\\\/\\\/pen.eu\\\/ch\\\/shop\\\/\"},{\"@type\":\"ListItem\",\"position\":3,\"name\":\"Tasse &#8220;Rustic&#8221;\"}]},{\"@type\":\"WebSite\",\"@id\":\"https:\\\/\\\/pen.eu\\\/#website\",\"url\":\"https:\\\/\\\/pen.eu\\\/\",\"name\":\"PEN.EU\",\"description\":\"Kugelschreiber bedrucken mit Logo | pen.eu\",\"potentialAction\":[{\"@type\":\"SearchAction\",\"target\":{\"@type\":\"EntryPoint\",\"urlTemplate\":\"https:\\\/\\\/pen.eu\\\/?s={search_term_string}\"},\"query-input\":{\"@type\":\"PropertyValueSpecification\",\"valueRequired\":true,\"valueName\":\"search_term_string\"}}],\"inLanguage\":\"de-CH\"}]}<\/script>\n<!-- \/ Yoast SEO plugin. -->","yoast_head_json":{"title":"Tasse \"Rustic\" - PEN.EU","robots":{"index":"index","follow":"follow","max-snippet":"max-snippet:-1","max-image-preview":"max-image-preview:large","max-video-preview":"max-video-preview:-1"},"canonical":"https:\/\/pen.eu\/ch\/produkt\/tasse-rustic\/","og_locale":"de_DE","og_type":"article","og_title":"Tasse \"Rustic\" - PEN.EU","og_description":"Die Rustic \u2013 350 ml Keramiktasse mit nat\u00fcrlicher Tonbasis \u2013 schlicht, modern, wirkungsvoll. Diese einwandige Keramiktasse besticht durch ihr mattes Finish und den charakteristischen Naturtonboden, der jedem Getr\u00e4nk einen Hauch von Handwerkskunst verleiht. Ideal f\u00fcr kreative Markenbotschaften im Werbemarketing \u2013 auff\u00e4llig, stilvoll und \u00fcberall einsetzbar. Mikrowellengeeignet, jedoch nicht f\u00fcr die Sp\u00fclmaschine gedacht!","og_url":"https:\/\/pen.eu\/ch\/produkt\/tasse-rustic\/","og_site_name":"PEN.EU","article_modified_time":"2025-09-30T12:55:22+00:00","og_image":[{"width":1800,"height":1800,"url":"https:\/\/pen.eu\/wp-content\/uploads\/2024\/10\/051303419-GS.jpg","type":"image\/jpeg"}],"twitter_card":"summary_large_image","schema":{"@context":"https:\/\/schema.org","@graph":[{"@type":"WebPage","@id":"https:\/\/pen.eu\/produkt\/tasse-rustic\/","url":"https:\/\/pen.eu\/produkt\/tasse-rustic\/","name":"Tasse \"Rustic\" - PEN.EU","isPartOf":{"@id":"https:\/\/pen.eu\/#website"},"primaryImageOfPage":{"@id":"https:\/\/pen.eu\/produkt\/tasse-rustic\/#primaryimage"},"image":{"@id":"https:\/\/pen.eu\/produkt\/tasse-rustic\/#primaryimage"},"thumbnailUrl":"https:\/\/pen.eu\/wp-content\/uploads\/2024\/10\/051303419-GS.jpg","datePublished":"2024-10-25T17:43:39+00:00","dateModified":"2025-09-30T12:55:22+00:00","breadcrumb":{"@id":"https:\/\/pen.eu\/produkt\/tasse-rustic\/#breadcrumb"},"inLanguage":"de-CH","potentialAction":[{"@type":"ReadAction","target":["https:\/\/pen.eu\/produkt\/tasse-rustic\/"]}]},{"@type":"ImageObject","inLanguage":"de-CH","@id":"https:\/\/pen.eu\/produkt\/tasse-rustic\/#primaryimage","url":"https:\/\/pen.eu\/wp-content\/uploads\/2024\/10\/051303419-GS.jpg","contentUrl":"https:\/\/pen.eu\/wp-content\/uploads\/2024\/10\/051303419-GS.jpg","width":1800,"height":1800},{"@type":"BreadcrumbList","@id":"https:\/\/pen.eu\/produkt\/tasse-rustic\/#breadcrumb","itemListElement":[{"@type":"ListItem","position":1,"name":"Home","item":"https:\/\/pen.eu\/"},{"@type":"ListItem","position":2,"name":"Shop","item":"https:\/\/pen.eu\/ch\/shop\/"},{"@type":"ListItem","position":3,"name":"Tasse &#8220;Rustic&#8221;"}]},{"@type":"WebSite","@id":"https:\/\/pen.eu\/#website","url":"https:\/\/pen.eu\/","name":"PEN.EU","description":"Kugelschreiber bedrucken mit Logo | pen.eu","potentialAction":[{"@type":"SearchAction","target":{"@type":"EntryPoint","urlTemplate":"https:\/\/pen.eu\/?s={search_term_string}"},"query-input":{"@type":"PropertyValueSpecification","valueRequired":true,"valueName":"search_term_string"}}],"inLanguage":"de-CH"}]}},"_links":{"self":[{"href":"https:\/\/pen.eu\/ch\/wp-json\/wp\/v2\/product\/8327","targetHints":{"allow":["GET"]}}],"collection":[{"href":"https:\/\/pen.eu\/ch\/wp-json\/wp\/v2\/product"}],"about":[{"href":"https:\/\/pen.eu\/ch\/wp-json\/wp\/v2\/types\/product"}],"replies":[{"embeddable":true,"href":"https:\/\/pen.eu\/ch\/wp-json\/wp\/v2\/comments?post=8327"}],"wp:featuredmedia":[{"embeddable":true,"href":"https:\/\/pen.eu\/ch\/wp-json\/wp\/v2\/media\/8339"}],"wp:attachment":[{"href":"https:\/\/pen.eu\/ch\/wp-json\/wp\/v2\/media?parent=8327"}],"wp:term":[{"taxonomy":"product_brand","embeddable":true,"href":"https:\/\/pen.eu\/ch\/wp-json\/wp\/v2\/product_brand?post=8327"},{"taxonomy":"product_cat","embeddable":true,"href":"https:\/\/pen.eu\/ch\/wp-json\/wp\/v2\/product_cat?post=8327"},{"taxonomy":"product_tag","embeddable":true,"href":"https:\/\/pen.eu\/ch\/wp-json\/wp\/v2\/product_tag?post=8327"}],"curies":[{"name":"wp","href":"https:\/\/api.w.org\/{rel}","templated":true}]}}