{"id":8356,"date":"2024-10-26T11:30:50","date_gmt":"2024-10-26T09:30:50","guid":{"rendered":"https:\/\/v2.frank-pen.de\/?post_type=product&#038;p=8356"},"modified":"2025-09-30T14:55:22","modified_gmt":"2025-09-30T12:55:22","slug":"tasse-wiesbaden","status":"publish","type":"product","link":"https:\/\/pen.eu\/ch\/produkt\/tasse-wiesbaden\/","title":{"rendered":"Tasse &#8220;Wiesbaden&#8221;"},"content":{"rendered":"<p>Unsere Wiesbaden Keramiktasse \u2013 355 ml in klassischem Wei\u00df \u2013 wird garantiert zum Favoriten Ihrer Kunden! Dank des hochwertigen Siebdruckverfahrens kommt Ihr Firmenname, Logo oder Ihre Werbebotschaft besonders eindrucksvoll zur Geltung. Die Tasse ist zudem mikrowellengeeignet \u2013 ideal f\u00fcr den t\u00e4glichen Gebrauch im B\u00fcro oder Zuhause. Wir empfehlen Handw\u00e4sche!<\/p>","protected":false},"excerpt":{"rendered":"<p>Unsere Wiesbaden Keramiktasse \u2013 355 ml in klassischem Wei\u00df \u2013 wird garantiert zum Favoriten Ihrer Kunden! Dank des hochwertigen Siebdruckverfahrens kommt Ihr Firmenname, Logo oder Ihre Werbebotschaft besonders eindrucksvoll zur Geltung. Die Tasse ist zudem mikrowellengeeignet \u2013 ideal f\u00fcr den t\u00e4glichen Gebrauch im B\u00fcro oder Zuhause. Wir empfehlen Handw\u00e4sche!<\/p>","protected":false},"featured_media":8362,"comment_status":"open","ping_status":"closed","template":"","meta":[],"product_brand":[],"product_cat":[248],"product_tag":[683,830,398,818,684,397,685],"class_list":{"0":"post-8356","1":"product","2":"type-product","3":"status-publish","4":"has-post-thumbnail","6":"product_cat-trinkgefaesse","7":"product_tag-designcup","8":"product_tag-mtop-52","9":"product_tag-mus","10":"product_tag-top-48","11":"product_tag-widesize","12":"product_tag-wiesbaden","13":"product_tag-withhandle","14":"pa_farbe-weiss","15":"pa_material-keramik","16":"pa_mindestmenge-361","17":"pa_werbeanbringung-siebdruck","19":"first","20":"instock","21":"taxable","22":"shipping-taxable","23":"purchasable","24":"product-type-variable","25":"add-to-wishlist-after_add_to_cart"},"yoast_head":"<!-- This site is optimized with the Yoast SEO plugin v27.2 - https:\/\/yoast.com\/product\/yoast-seo-wordpress\/ -->\n<title>Tasse &quot;Wiesbaden&quot; - PEN.EU<\/title>\n<meta name=\"robots\" content=\"index, follow, max-snippet:-1, max-image-preview:large, max-video-preview:-1\" \/>\n<link rel=\"canonical\" href=\"https:\/\/pen.eu\/ch\/produkt\/tasse-wiesbaden\/\" \/>\n<meta property=\"og:locale\" content=\"de_DE\" \/>\n<meta property=\"og:type\" content=\"article\" \/>\n<meta property=\"og:title\" content=\"Tasse &quot;Wiesbaden&quot; - PEN.EU\" \/>\n<meta property=\"og:description\" content=\"Unsere Wiesbaden Keramiktasse \u2013 355 ml in klassischem Wei\u00df \u2013 wird garantiert zum Favoriten Ihrer Kunden! Dank des hochwertigen Siebdruckverfahrens kommt Ihr Firmenname, Logo oder Ihre Werbebotschaft besonders eindrucksvoll zur Geltung. Die Tasse ist zudem mikrowellengeeignet \u2013 ideal f\u00fcr den t\u00e4glichen Gebrauch im B\u00fcro oder Zuhause. Wir empfehlen Handw\u00e4sche!\" \/>\n<meta property=\"og:url\" content=\"https:\/\/pen.eu\/ch\/produkt\/tasse-wiesbaden\/\" \/>\n<meta property=\"og:site_name\" content=\"PEN.EU\" \/>\n<meta property=\"article:modified_time\" content=\"2025-09-30T12:55:22+00:00\" \/>\n<meta property=\"og:image\" content=\"https:\/\/pen.eu\/wp-content\/uploads\/2024\/10\/051303602-GS.jpg\" \/>\n\t<meta property=\"og:image:width\" content=\"1800\" \/>\n\t<meta property=\"og:image:height\" content=\"1800\" \/>\n\t<meta property=\"og:image:type\" content=\"image\/jpeg\" \/>\n<meta name=\"twitter:card\" content=\"summary_large_image\" \/>\n<script type=\"application\/ld+json\" class=\"yoast-schema-graph\">{\"@context\":\"https:\/\/schema.org\",\"@graph\":[{\"@type\":\"WebPage\",\"@id\":\"https:\/\/pen.eu\/produkt\/tasse-wiesbaden\/\",\"url\":\"https:\/\/pen.eu\/produkt\/tasse-wiesbaden\/\",\"name\":\"Tasse \\\"Wiesbaden\\\" - PEN.EU\",\"isPartOf\":{\"@id\":\"https:\/\/pen.eu\/#website\"},\"primaryImageOfPage\":{\"@id\":\"https:\/\/pen.eu\/produkt\/tasse-wiesbaden\/#primaryimage\"},\"image\":{\"@id\":\"https:\/\/pen.eu\/produkt\/tasse-wiesbaden\/#primaryimage\"},\"thumbnailUrl\":\"https:\/\/pen.eu\/wp-content\/uploads\/2024\/10\/051303602-GS.jpg\",\"datePublished\":\"2024-10-26T09:30:50+00:00\",\"dateModified\":\"2025-09-30T12:55:22+00:00\",\"breadcrumb\":{\"@id\":\"https:\/\/pen.eu\/produkt\/tasse-wiesbaden\/#breadcrumb\"},\"inLanguage\":\"de-CH\",\"potentialAction\":[{\"@type\":\"ReadAction\",\"target\":[\"https:\/\/pen.eu\/produkt\/tasse-wiesbaden\/\"]}]},{\"@type\":\"ImageObject\",\"inLanguage\":\"de-CH\",\"@id\":\"https:\/\/pen.eu\/produkt\/tasse-wiesbaden\/#primaryimage\",\"url\":\"https:\/\/pen.eu\/wp-content\/uploads\/2024\/10\/051303602-GS.jpg\",\"contentUrl\":\"https:\/\/pen.eu\/wp-content\/uploads\/2024\/10\/051303602-GS.jpg\",\"width\":1800,\"height\":1800},{\"@type\":\"BreadcrumbList\",\"@id\":\"https:\/\/pen.eu\/produkt\/tasse-wiesbaden\/#breadcrumb\",\"itemListElement\":[{\"@type\":\"ListItem\",\"position\":1,\"name\":\"Home\",\"item\":\"https:\/\/pen.eu\/\"},{\"@type\":\"ListItem\",\"position\":2,\"name\":\"Shop\",\"item\":\"https:\/\/pen.eu\/ch\/shop\/\"},{\"@type\":\"ListItem\",\"position\":3,\"name\":\"Tasse &#8220;Wiesbaden&#8221;\"}]},{\"@type\":\"WebSite\",\"@id\":\"https:\/\/pen.eu\/#website\",\"url\":\"https:\/\/pen.eu\/\",\"name\":\"PEN.EU\",\"description\":\"Kugelschreiber bedrucken mit Logo | pen.eu\",\"potentialAction\":[{\"@type\":\"SearchAction\",\"target\":{\"@type\":\"EntryPoint\",\"urlTemplate\":\"https:\/\/pen.eu\/?s={search_term_string}\"},\"query-input\":{\"@type\":\"PropertyValueSpecification\",\"valueRequired\":true,\"valueName\":\"search_term_string\"}}],\"inLanguage\":\"de-CH\"}]}<\/script>\n<!-- \/ Yoast SEO plugin. -->","yoast_head_json":{"title":"Tasse \"Wiesbaden\" - PEN.EU","robots":{"index":"index","follow":"follow","max-snippet":"max-snippet:-1","max-image-preview":"max-image-preview:large","max-video-preview":"max-video-preview:-1"},"canonical":"https:\/\/pen.eu\/ch\/produkt\/tasse-wiesbaden\/","og_locale":"de_DE","og_type":"article","og_title":"Tasse \"Wiesbaden\" - PEN.EU","og_description":"Unsere Wiesbaden Keramiktasse \u2013 355 ml in klassischem Wei\u00df \u2013 wird garantiert zum Favoriten Ihrer Kunden! Dank des hochwertigen Siebdruckverfahrens kommt Ihr Firmenname, Logo oder Ihre Werbebotschaft besonders eindrucksvoll zur Geltung. Die Tasse ist zudem mikrowellengeeignet \u2013 ideal f\u00fcr den t\u00e4glichen Gebrauch im B\u00fcro oder Zuhause. Wir empfehlen Handw\u00e4sche!","og_url":"https:\/\/pen.eu\/ch\/produkt\/tasse-wiesbaden\/","og_site_name":"PEN.EU","article_modified_time":"2025-09-30T12:55:22+00:00","og_image":[{"width":1800,"height":1800,"url":"https:\/\/pen.eu\/wp-content\/uploads\/2024\/10\/051303602-GS.jpg","type":"image\/jpeg"}],"twitter_card":"summary_large_image","schema":{"@context":"https:\/\/schema.org","@graph":[{"@type":"WebPage","@id":"https:\/\/pen.eu\/produkt\/tasse-wiesbaden\/","url":"https:\/\/pen.eu\/produkt\/tasse-wiesbaden\/","name":"Tasse \"Wiesbaden\" - PEN.EU","isPartOf":{"@id":"https:\/\/pen.eu\/#website"},"primaryImageOfPage":{"@id":"https:\/\/pen.eu\/produkt\/tasse-wiesbaden\/#primaryimage"},"image":{"@id":"https:\/\/pen.eu\/produkt\/tasse-wiesbaden\/#primaryimage"},"thumbnailUrl":"https:\/\/pen.eu\/wp-content\/uploads\/2024\/10\/051303602-GS.jpg","datePublished":"2024-10-26T09:30:50+00:00","dateModified":"2025-09-30T12:55:22+00:00","breadcrumb":{"@id":"https:\/\/pen.eu\/produkt\/tasse-wiesbaden\/#breadcrumb"},"inLanguage":"de-CH","potentialAction":[{"@type":"ReadAction","target":["https:\/\/pen.eu\/produkt\/tasse-wiesbaden\/"]}]},{"@type":"ImageObject","inLanguage":"de-CH","@id":"https:\/\/pen.eu\/produkt\/tasse-wiesbaden\/#primaryimage","url":"https:\/\/pen.eu\/wp-content\/uploads\/2024\/10\/051303602-GS.jpg","contentUrl":"https:\/\/pen.eu\/wp-content\/uploads\/2024\/10\/051303602-GS.jpg","width":1800,"height":1800},{"@type":"BreadcrumbList","@id":"https:\/\/pen.eu\/produkt\/tasse-wiesbaden\/#breadcrumb","itemListElement":[{"@type":"ListItem","position":1,"name":"Home","item":"https:\/\/pen.eu\/"},{"@type":"ListItem","position":2,"name":"Shop","item":"https:\/\/pen.eu\/ch\/shop\/"},{"@type":"ListItem","position":3,"name":"Tasse &#8220;Wiesbaden&#8221;"}]},{"@type":"WebSite","@id":"https:\/\/pen.eu\/#website","url":"https:\/\/pen.eu\/","name":"PEN.EU","description":"Kugelschreiber bedrucken mit Logo | pen.eu","potentialAction":[{"@type":"SearchAction","target":{"@type":"EntryPoint","urlTemplate":"https:\/\/pen.eu\/?s={search_term_string}"},"query-input":{"@type":"PropertyValueSpecification","valueRequired":true,"valueName":"search_term_string"}}],"inLanguage":"de-CH"}]}},"_links":{"self":[{"href":"https:\/\/pen.eu\/ch\/wp-json\/wp\/v2\/product\/8356","targetHints":{"allow":["GET"]}}],"collection":[{"href":"https:\/\/pen.eu\/ch\/wp-json\/wp\/v2\/product"}],"about":[{"href":"https:\/\/pen.eu\/ch\/wp-json\/wp\/v2\/types\/product"}],"replies":[{"embeddable":true,"href":"https:\/\/pen.eu\/ch\/wp-json\/wp\/v2\/comments?post=8356"}],"wp:featuredmedia":[{"embeddable":true,"href":"https:\/\/pen.eu\/ch\/wp-json\/wp\/v2\/media\/8362"}],"wp:attachment":[{"href":"https:\/\/pen.eu\/ch\/wp-json\/wp\/v2\/media?parent=8356"}],"wp:term":[{"taxonomy":"product_brand","embeddable":true,"href":"https:\/\/pen.eu\/ch\/wp-json\/wp\/v2\/product_brand?post=8356"},{"taxonomy":"product_cat","embeddable":true,"href":"https:\/\/pen.eu\/ch\/wp-json\/wp\/v2\/product_cat?post=8356"},{"taxonomy":"product_tag","embeddable":true,"href":"https:\/\/pen.eu\/ch\/wp-json\/wp\/v2\/product_tag?post=8356"}],"curies":[{"name":"wp","href":"https:\/\/api.w.org\/{rel}","templated":true}]}}