{"id":8364,"date":"2024-10-26T12:31:33","date_gmt":"2024-10-26T10:31:33","guid":{"rendered":"https:\/\/v2.frank-pen.de\/?post_type=product&#038;p=8364"},"modified":"2025-09-30T14:55:22","modified_gmt":"2025-09-30T12:55:22","slug":"tasse-cabin","status":"publish","type":"product","link":"https:\/\/pen.eu\/ch\/produkt\/tasse-cabin\/","title":{"rendered":"Tasse &#8220;Cabin&#8221;"},"content":{"rendered":"<p>Erleben Sie stilvollen Trinkgenuss mit unserer Cabin Keramiktasse \u2013 355 ml mit matter Glasur. Gefertigt aus hochwertigem Steingut, h\u00e4lt sie Ihre Hei\u00dfgetr\u00e4nke l\u00e4nger warm und sorgt f\u00fcr ein angenehmes Trinkerlebnis. Die matte, sanft schimmernde Oberfl\u00e4che verleiht der Tasse eine beruhigende \u00c4sthetik \u2013 ideal f\u00fcr entspannte Momente mit Kaffee, Tee &amp; Co. Wir empfehlen Handw\u00e4sche!<\/p>","protected":false},"excerpt":{"rendered":"<p>Erleben Sie stilvollen Trinkgenuss mit unserer Cabin Keramiktasse \u2013 355 ml mit matter Glasur. Gefertigt aus hochwertigem Steingut, h\u00e4lt sie Ihre Hei\u00dfgetr\u00e4nke l\u00e4nger warm und sorgt f\u00fcr ein angenehmes Trinkerlebnis. Die matte, sanft schimmernde Oberfl\u00e4che verleiht der Tasse eine beruhigende \u00c4sthetik \u2013 ideal f\u00fcr entspannte Momente mit Kaffee, Tee &amp; Co. Wir empfehlen Handw\u00e4sche!<\/p>","protected":false},"featured_media":8379,"comment_status":"open","ping_status":"closed","template":"","meta":[],"product_brand":[],"product_cat":[248],"product_tag":[399,681,687,795,400,684,685],"class_list":{"0":"post-8364","1":"product","2":"type-product","3":"status-publish","4":"has-post-thumbnail","6":"product_cat-trinkgefaesse","7":"product_tag-beach","8":"product_tag-designmug","9":"product_tag-logomiddle","10":"product_tag-mtop-50","11":"product_tag-wem","12":"product_tag-widesize","13":"product_tag-withhandle","14":"pa_eigenschaft-bestseller","15":"pa_farbe-creme","16":"pa_farbe-dunkelgrau","17":"pa_farbe-hellblau","18":"pa_farbe-schwarz","19":"pa_farbe-weiss","20":"pa_material-keramik","21":"pa_mindestmenge-369","22":"pa_werbeanbringung-siebdruck","24":"first","25":"instock","26":"taxable","27":"shipping-taxable","28":"purchasable","29":"product-type-variable","30":"add-to-wishlist-after_add_to_cart"},"yoast_head":"<!-- This site is optimized with the Yoast SEO plugin v27.4 - https:\/\/yoast.com\/product\/yoast-seo-wordpress\/ -->\n<title>Tasse &quot;Cabin&quot; - PEN.EU<\/title>\n<meta name=\"robots\" content=\"index, follow, max-snippet:-1, max-image-preview:large, max-video-preview:-1\" \/>\n<link rel=\"canonical\" href=\"https:\/\/pen.eu\/ch\/produkt\/tasse-cabin\/\" \/>\n<meta property=\"og:locale\" content=\"de_DE\" \/>\n<meta property=\"og:type\" content=\"article\" \/>\n<meta property=\"og:title\" content=\"Tasse &quot;Cabin&quot; - PEN.EU\" \/>\n<meta property=\"og:description\" content=\"Erleben Sie stilvollen Trinkgenuss mit unserer Cabin Keramiktasse \u2013 355 ml mit matter Glasur. Gefertigt aus hochwertigem Steingut, h\u00e4lt sie Ihre Hei\u00dfgetr\u00e4nke l\u00e4nger warm und sorgt f\u00fcr ein angenehmes Trinkerlebnis. Die matte, sanft schimmernde Oberfl\u00e4che verleiht der Tasse eine beruhigende \u00c4sthetik \u2013 ideal f\u00fcr entspannte Momente mit Kaffee, Tee &amp; Co. Wir empfehlen Handw\u00e4sche!\" \/>\n<meta property=\"og:url\" content=\"https:\/\/pen.eu\/ch\/produkt\/tasse-cabin\/\" \/>\n<meta property=\"og:site_name\" content=\"PEN.EU\" \/>\n<meta property=\"article:modified_time\" content=\"2025-09-30T12:55:22+00:00\" \/>\n<meta property=\"og:image\" content=\"https:\/\/pen.eu\/wp-content\/uploads\/2024\/10\/0513037124-GS.jpg\" \/>\n\t<meta property=\"og:image:width\" content=\"1800\" \/>\n\t<meta property=\"og:image:height\" content=\"1800\" \/>\n\t<meta property=\"og:image:type\" content=\"image\/jpeg\" \/>\n<meta name=\"twitter:card\" content=\"summary_large_image\" \/>\n<script type=\"application\/ld+json\" class=\"yoast-schema-graph\">{\"@context\":\"https:\\\/\\\/schema.org\",\"@graph\":[{\"@type\":\"WebPage\",\"@id\":\"https:\\\/\\\/pen.eu\\\/produkt\\\/tasse-cabin\\\/\",\"url\":\"https:\\\/\\\/pen.eu\\\/produkt\\\/tasse-cabin\\\/\",\"name\":\"Tasse \\\"Cabin\\\" - PEN.EU\",\"isPartOf\":{\"@id\":\"https:\\\/\\\/pen.eu\\\/#website\"},\"primaryImageOfPage\":{\"@id\":\"https:\\\/\\\/pen.eu\\\/produkt\\\/tasse-cabin\\\/#primaryimage\"},\"image\":{\"@id\":\"https:\\\/\\\/pen.eu\\\/produkt\\\/tasse-cabin\\\/#primaryimage\"},\"thumbnailUrl\":\"https:\\\/\\\/pen.eu\\\/wp-content\\\/uploads\\\/2024\\\/10\\\/0513037124-GS.jpg\",\"datePublished\":\"2024-10-26T10:31:33+00:00\",\"dateModified\":\"2025-09-30T12:55:22+00:00\",\"breadcrumb\":{\"@id\":\"https:\\\/\\\/pen.eu\\\/produkt\\\/tasse-cabin\\\/#breadcrumb\"},\"inLanguage\":\"de-CH\",\"potentialAction\":[{\"@type\":\"ReadAction\",\"target\":[\"https:\\\/\\\/pen.eu\\\/produkt\\\/tasse-cabin\\\/\"]}]},{\"@type\":\"ImageObject\",\"inLanguage\":\"de-CH\",\"@id\":\"https:\\\/\\\/pen.eu\\\/produkt\\\/tasse-cabin\\\/#primaryimage\",\"url\":\"https:\\\/\\\/pen.eu\\\/wp-content\\\/uploads\\\/2024\\\/10\\\/0513037124-GS.jpg\",\"contentUrl\":\"https:\\\/\\\/pen.eu\\\/wp-content\\\/uploads\\\/2024\\\/10\\\/0513037124-GS.jpg\",\"width\":1800,\"height\":1800},{\"@type\":\"BreadcrumbList\",\"@id\":\"https:\\\/\\\/pen.eu\\\/produkt\\\/tasse-cabin\\\/#breadcrumb\",\"itemListElement\":[{\"@type\":\"ListItem\",\"position\":1,\"name\":\"Home\",\"item\":\"https:\\\/\\\/pen.eu\\\/\"},{\"@type\":\"ListItem\",\"position\":2,\"name\":\"Shop\",\"item\":\"https:\\\/\\\/pen.eu\\\/ch\\\/shop\\\/\"},{\"@type\":\"ListItem\",\"position\":3,\"name\":\"Tasse &#8220;Cabin&#8221;\"}]},{\"@type\":\"WebSite\",\"@id\":\"https:\\\/\\\/pen.eu\\\/#website\",\"url\":\"https:\\\/\\\/pen.eu\\\/\",\"name\":\"PEN.EU\",\"description\":\"Kugelschreiber bedrucken mit Logo | pen.eu\",\"potentialAction\":[{\"@type\":\"SearchAction\",\"target\":{\"@type\":\"EntryPoint\",\"urlTemplate\":\"https:\\\/\\\/pen.eu\\\/?s={search_term_string}\"},\"query-input\":{\"@type\":\"PropertyValueSpecification\",\"valueRequired\":true,\"valueName\":\"search_term_string\"}}],\"inLanguage\":\"de-CH\"}]}<\/script>\n<!-- \/ Yoast SEO plugin. -->","yoast_head_json":{"title":"Tasse \"Cabin\" - PEN.EU","robots":{"index":"index","follow":"follow","max-snippet":"max-snippet:-1","max-image-preview":"max-image-preview:large","max-video-preview":"max-video-preview:-1"},"canonical":"https:\/\/pen.eu\/ch\/produkt\/tasse-cabin\/","og_locale":"de_DE","og_type":"article","og_title":"Tasse \"Cabin\" - PEN.EU","og_description":"Erleben Sie stilvollen Trinkgenuss mit unserer Cabin Keramiktasse \u2013 355 ml mit matter Glasur. Gefertigt aus hochwertigem Steingut, h\u00e4lt sie Ihre Hei\u00dfgetr\u00e4nke l\u00e4nger warm und sorgt f\u00fcr ein angenehmes Trinkerlebnis. Die matte, sanft schimmernde Oberfl\u00e4che verleiht der Tasse eine beruhigende \u00c4sthetik \u2013 ideal f\u00fcr entspannte Momente mit Kaffee, Tee &amp; Co. Wir empfehlen Handw\u00e4sche!","og_url":"https:\/\/pen.eu\/ch\/produkt\/tasse-cabin\/","og_site_name":"PEN.EU","article_modified_time":"2025-09-30T12:55:22+00:00","og_image":[{"width":1800,"height":1800,"url":"https:\/\/pen.eu\/wp-content\/uploads\/2024\/10\/0513037124-GS.jpg","type":"image\/jpeg"}],"twitter_card":"summary_large_image","schema":{"@context":"https:\/\/schema.org","@graph":[{"@type":"WebPage","@id":"https:\/\/pen.eu\/produkt\/tasse-cabin\/","url":"https:\/\/pen.eu\/produkt\/tasse-cabin\/","name":"Tasse \"Cabin\" - PEN.EU","isPartOf":{"@id":"https:\/\/pen.eu\/#website"},"primaryImageOfPage":{"@id":"https:\/\/pen.eu\/produkt\/tasse-cabin\/#primaryimage"},"image":{"@id":"https:\/\/pen.eu\/produkt\/tasse-cabin\/#primaryimage"},"thumbnailUrl":"https:\/\/pen.eu\/wp-content\/uploads\/2024\/10\/0513037124-GS.jpg","datePublished":"2024-10-26T10:31:33+00:00","dateModified":"2025-09-30T12:55:22+00:00","breadcrumb":{"@id":"https:\/\/pen.eu\/produkt\/tasse-cabin\/#breadcrumb"},"inLanguage":"de-CH","potentialAction":[{"@type":"ReadAction","target":["https:\/\/pen.eu\/produkt\/tasse-cabin\/"]}]},{"@type":"ImageObject","inLanguage":"de-CH","@id":"https:\/\/pen.eu\/produkt\/tasse-cabin\/#primaryimage","url":"https:\/\/pen.eu\/wp-content\/uploads\/2024\/10\/0513037124-GS.jpg","contentUrl":"https:\/\/pen.eu\/wp-content\/uploads\/2024\/10\/0513037124-GS.jpg","width":1800,"height":1800},{"@type":"BreadcrumbList","@id":"https:\/\/pen.eu\/produkt\/tasse-cabin\/#breadcrumb","itemListElement":[{"@type":"ListItem","position":1,"name":"Home","item":"https:\/\/pen.eu\/"},{"@type":"ListItem","position":2,"name":"Shop","item":"https:\/\/pen.eu\/ch\/shop\/"},{"@type":"ListItem","position":3,"name":"Tasse &#8220;Cabin&#8221;"}]},{"@type":"WebSite","@id":"https:\/\/pen.eu\/#website","url":"https:\/\/pen.eu\/","name":"PEN.EU","description":"Kugelschreiber bedrucken mit Logo | pen.eu","potentialAction":[{"@type":"SearchAction","target":{"@type":"EntryPoint","urlTemplate":"https:\/\/pen.eu\/?s={search_term_string}"},"query-input":{"@type":"PropertyValueSpecification","valueRequired":true,"valueName":"search_term_string"}}],"inLanguage":"de-CH"}]}},"_links":{"self":[{"href":"https:\/\/pen.eu\/ch\/wp-json\/wp\/v2\/product\/8364","targetHints":{"allow":["GET"]}}],"collection":[{"href":"https:\/\/pen.eu\/ch\/wp-json\/wp\/v2\/product"}],"about":[{"href":"https:\/\/pen.eu\/ch\/wp-json\/wp\/v2\/types\/product"}],"replies":[{"embeddable":true,"href":"https:\/\/pen.eu\/ch\/wp-json\/wp\/v2\/comments?post=8364"}],"wp:featuredmedia":[{"embeddable":true,"href":"https:\/\/pen.eu\/ch\/wp-json\/wp\/v2\/media\/8379"}],"wp:attachment":[{"href":"https:\/\/pen.eu\/ch\/wp-json\/wp\/v2\/media?parent=8364"}],"wp:term":[{"taxonomy":"product_brand","embeddable":true,"href":"https:\/\/pen.eu\/ch\/wp-json\/wp\/v2\/product_brand?post=8364"},{"taxonomy":"product_cat","embeddable":true,"href":"https:\/\/pen.eu\/ch\/wp-json\/wp\/v2\/product_cat?post=8364"},{"taxonomy":"product_tag","embeddable":true,"href":"https:\/\/pen.eu\/ch\/wp-json\/wp\/v2\/product_tag?post=8364"}],"curies":[{"name":"wp","href":"https:\/\/api.w.org\/{rel}","templated":true}]}}