{"id":8411,"date":"2024-10-26T19:32:19","date_gmt":"2024-10-26T17:32:19","guid":{"rendered":"https:\/\/v2.frank-pen.de\/?post_type=product&#038;p=8411"},"modified":"2025-09-30T14:55:22","modified_gmt":"2025-09-30T12:55:22","slug":"tassen-set-cafe","status":"publish","type":"product","link":"https:\/\/pen.eu\/ch\/produkt\/tassen-set-cafe\/","title":{"rendered":"Tassen-Set &#8220;Cafe&#8221;"},"content":{"rendered":"<p>Erleben Sie stilvollen Genuss mit dem Caf\u00e9 Set \u2013 bestehend aus einem 325 ml Keramikbecher und einem edlen Bambusbrett. Der Becher \u00fcberzeugt mit matter Au\u00dfenseite, gl\u00e4nzendem Innenleben und bietet Raum f\u00fcr eine individuelle Siebdruck-Veredelung. Das Bambusbrett bringt nat\u00fcrlichen Flair auf den Tisch und eignet sich ideal zum Servieren kleiner Leckereien. F\u00fcr eine pers\u00f6nliche Note kann es per Lasergravur mit Ihrem Logo versehen werden. W\u00e4hlen Sie Ihre bevorzugte Dekorationsvariante \u2013 auf dem Becher ODER dem Brett \u2013 und machen Sie dieses Set zu einem echten Unikat. Der Becher ist mikrowellengeeignet (ohne Brett). Eine harmonische Verbindung aus Funktionalit\u00e4t und Design \u2013 perfekt f\u00fcr den Alltag oder als stilvolles Geschenk. Nur f\u00fcr Handw\u00e4sche geeignet.<\/p>","protected":false},"excerpt":{"rendered":"<p>Erleben Sie stilvollen Genuss mit dem Caf\u00e9 Set \u2013 bestehend aus einem 325 ml Keramikbecher und einem edlen Bambusbrett. Der Becher \u00fcberzeugt mit matter Au\u00dfenseite, gl\u00e4nzendem Innenleben und bietet Raum f\u00fcr eine individuelle Siebdruck-Veredelung. Das Bambusbrett bringt nat\u00fcrlichen Flair auf den Tisch und eignet sich ideal zum Servieren kleiner Leckereien. F\u00fcr eine pers\u00f6nliche Note kann [&hellip;]<\/p>\n","protected":false},"featured_media":8422,"comment_status":"open","ping_status":"closed","template":"","meta":[],"product_brand":[],"product_cat":[248],"product_tag":[406,683,858,687,795,407,684,685],"class_list":{"0":"post-8411","1":"product","2":"type-product","3":"status-publish","4":"has-post-thumbnail","6":"product_cat-trinkgefaesse","7":"product_tag-cafe","8":"product_tag-designcup","9":"product_tag-designstripe","10":"product_tag-logomiddle","11":"product_tag-mtop-50","12":"product_tag-mvj","13":"product_tag-widesize","14":"product_tag-withhandle","15":"pa_farbe-creme","16":"pa_farbe-schwarz","17":"pa_material-bambus","18":"pa_material-keramik","19":"pa_mindestmenge-403","20":"pa_werbeanbringung-lasergravur","21":"pa_werbeanbringung-siebdruck","23":"first","24":"instock","25":"taxable","26":"shipping-taxable","27":"purchasable","28":"product-type-variable","29":"add-to-wishlist-after_add_to_cart"},"yoast_head":"<!-- This site is optimized with the Yoast SEO plugin v27.4 - https:\/\/yoast.com\/product\/yoast-seo-wordpress\/ -->\n<title>Tassen-Set &quot;Cafe&quot; - PEN.EU<\/title>\n<meta name=\"robots\" content=\"index, follow, max-snippet:-1, max-image-preview:large, max-video-preview:-1\" \/>\n<link rel=\"canonical\" href=\"https:\/\/pen.eu\/ch\/produkt\/tassen-set-cafe\/\" \/>\n<meta property=\"og:locale\" content=\"de_DE\" \/>\n<meta property=\"og:type\" content=\"article\" \/>\n<meta property=\"og:title\" content=\"Tassen-Set &quot;Cafe&quot; - PEN.EU\" \/>\n<meta property=\"og:description\" content=\"Erleben Sie stilvollen Genuss mit dem Caf\u00e9 Set \u2013 bestehend aus einem 325 ml Keramikbecher und einem edlen Bambusbrett. Der Becher \u00fcberzeugt mit matter Au\u00dfenseite, gl\u00e4nzendem Innenleben und bietet Raum f\u00fcr eine individuelle Siebdruck-Veredelung. Das Bambusbrett bringt nat\u00fcrlichen Flair auf den Tisch und eignet sich ideal zum Servieren kleiner Leckereien. F\u00fcr eine pers\u00f6nliche Note kann [&hellip;]\" \/>\n<meta property=\"og:url\" content=\"https:\/\/pen.eu\/ch\/produkt\/tassen-set-cafe\/\" \/>\n<meta property=\"og:site_name\" content=\"PEN.EU\" \/>\n<meta property=\"article:modified_time\" content=\"2025-09-30T12:55:22+00:00\" \/>\n<meta property=\"og:image\" content=\"https:\/\/pen.eu\/wp-content\/uploads\/2024\/10\/051304003-GS.jpg\" \/>\n\t<meta property=\"og:image:width\" content=\"2000\" \/>\n\t<meta property=\"og:image:height\" content=\"2000\" \/>\n\t<meta property=\"og:image:type\" content=\"image\/jpeg\" \/>\n<meta name=\"twitter:card\" content=\"summary_large_image\" \/>\n<meta name=\"twitter:label1\" content=\"Gesch\u00e4tzte Lesezeit\" \/>\n\t<meta name=\"twitter:data1\" content=\"1\u00a0Minute\" \/>\n<script type=\"application\/ld+json\" class=\"yoast-schema-graph\">{\"@context\":\"https:\\\/\\\/schema.org\",\"@graph\":[{\"@type\":\"WebPage\",\"@id\":\"https:\\\/\\\/pen.eu\\\/produkt\\\/tassen-set-cafe\\\/\",\"url\":\"https:\\\/\\\/pen.eu\\\/produkt\\\/tassen-set-cafe\\\/\",\"name\":\"Tassen-Set \\\"Cafe\\\" - PEN.EU\",\"isPartOf\":{\"@id\":\"https:\\\/\\\/pen.eu\\\/#website\"},\"primaryImageOfPage\":{\"@id\":\"https:\\\/\\\/pen.eu\\\/produkt\\\/tassen-set-cafe\\\/#primaryimage\"},\"image\":{\"@id\":\"https:\\\/\\\/pen.eu\\\/produkt\\\/tassen-set-cafe\\\/#primaryimage\"},\"thumbnailUrl\":\"https:\\\/\\\/pen.eu\\\/wp-content\\\/uploads\\\/2024\\\/10\\\/051304003-GS.jpg\",\"datePublished\":\"2024-10-26T17:32:19+00:00\",\"dateModified\":\"2025-09-30T12:55:22+00:00\",\"breadcrumb\":{\"@id\":\"https:\\\/\\\/pen.eu\\\/produkt\\\/tassen-set-cafe\\\/#breadcrumb\"},\"inLanguage\":\"de-CH\",\"potentialAction\":[{\"@type\":\"ReadAction\",\"target\":[\"https:\\\/\\\/pen.eu\\\/produkt\\\/tassen-set-cafe\\\/\"]}]},{\"@type\":\"ImageObject\",\"inLanguage\":\"de-CH\",\"@id\":\"https:\\\/\\\/pen.eu\\\/produkt\\\/tassen-set-cafe\\\/#primaryimage\",\"url\":\"https:\\\/\\\/pen.eu\\\/wp-content\\\/uploads\\\/2024\\\/10\\\/051304003-GS.jpg\",\"contentUrl\":\"https:\\\/\\\/pen.eu\\\/wp-content\\\/uploads\\\/2024\\\/10\\\/051304003-GS.jpg\",\"width\":2000,\"height\":2000},{\"@type\":\"BreadcrumbList\",\"@id\":\"https:\\\/\\\/pen.eu\\\/produkt\\\/tassen-set-cafe\\\/#breadcrumb\",\"itemListElement\":[{\"@type\":\"ListItem\",\"position\":1,\"name\":\"Home\",\"item\":\"https:\\\/\\\/pen.eu\\\/\"},{\"@type\":\"ListItem\",\"position\":2,\"name\":\"Shop\",\"item\":\"https:\\\/\\\/pen.eu\\\/ch\\\/shop\\\/\"},{\"@type\":\"ListItem\",\"position\":3,\"name\":\"Tassen-Set &#8220;Cafe&#8221;\"}]},{\"@type\":\"WebSite\",\"@id\":\"https:\\\/\\\/pen.eu\\\/#website\",\"url\":\"https:\\\/\\\/pen.eu\\\/\",\"name\":\"PEN.EU\",\"description\":\"Kugelschreiber bedrucken mit Logo | pen.eu\",\"potentialAction\":[{\"@type\":\"SearchAction\",\"target\":{\"@type\":\"EntryPoint\",\"urlTemplate\":\"https:\\\/\\\/pen.eu\\\/?s={search_term_string}\"},\"query-input\":{\"@type\":\"PropertyValueSpecification\",\"valueRequired\":true,\"valueName\":\"search_term_string\"}}],\"inLanguage\":\"de-CH\"}]}<\/script>\n<!-- \/ Yoast SEO plugin. -->","yoast_head_json":{"title":"Tassen-Set \"Cafe\" - PEN.EU","robots":{"index":"index","follow":"follow","max-snippet":"max-snippet:-1","max-image-preview":"max-image-preview:large","max-video-preview":"max-video-preview:-1"},"canonical":"https:\/\/pen.eu\/ch\/produkt\/tassen-set-cafe\/","og_locale":"de_DE","og_type":"article","og_title":"Tassen-Set \"Cafe\" - PEN.EU","og_description":"Erleben Sie stilvollen Genuss mit dem Caf\u00e9 Set \u2013 bestehend aus einem 325 ml Keramikbecher und einem edlen Bambusbrett. Der Becher \u00fcberzeugt mit matter Au\u00dfenseite, gl\u00e4nzendem Innenleben und bietet Raum f\u00fcr eine individuelle Siebdruck-Veredelung. Das Bambusbrett bringt nat\u00fcrlichen Flair auf den Tisch und eignet sich ideal zum Servieren kleiner Leckereien. F\u00fcr eine pers\u00f6nliche Note kann [&hellip;]","og_url":"https:\/\/pen.eu\/ch\/produkt\/tassen-set-cafe\/","og_site_name":"PEN.EU","article_modified_time":"2025-09-30T12:55:22+00:00","og_image":[{"width":2000,"height":2000,"url":"https:\/\/pen.eu\/wp-content\/uploads\/2024\/10\/051304003-GS.jpg","type":"image\/jpeg"}],"twitter_card":"summary_large_image","twitter_misc":{"Gesch\u00e4tzte Lesezeit":"1\u00a0Minute"},"schema":{"@context":"https:\/\/schema.org","@graph":[{"@type":"WebPage","@id":"https:\/\/pen.eu\/produkt\/tassen-set-cafe\/","url":"https:\/\/pen.eu\/produkt\/tassen-set-cafe\/","name":"Tassen-Set \"Cafe\" - PEN.EU","isPartOf":{"@id":"https:\/\/pen.eu\/#website"},"primaryImageOfPage":{"@id":"https:\/\/pen.eu\/produkt\/tassen-set-cafe\/#primaryimage"},"image":{"@id":"https:\/\/pen.eu\/produkt\/tassen-set-cafe\/#primaryimage"},"thumbnailUrl":"https:\/\/pen.eu\/wp-content\/uploads\/2024\/10\/051304003-GS.jpg","datePublished":"2024-10-26T17:32:19+00:00","dateModified":"2025-09-30T12:55:22+00:00","breadcrumb":{"@id":"https:\/\/pen.eu\/produkt\/tassen-set-cafe\/#breadcrumb"},"inLanguage":"de-CH","potentialAction":[{"@type":"ReadAction","target":["https:\/\/pen.eu\/produkt\/tassen-set-cafe\/"]}]},{"@type":"ImageObject","inLanguage":"de-CH","@id":"https:\/\/pen.eu\/produkt\/tassen-set-cafe\/#primaryimage","url":"https:\/\/pen.eu\/wp-content\/uploads\/2024\/10\/051304003-GS.jpg","contentUrl":"https:\/\/pen.eu\/wp-content\/uploads\/2024\/10\/051304003-GS.jpg","width":2000,"height":2000},{"@type":"BreadcrumbList","@id":"https:\/\/pen.eu\/produkt\/tassen-set-cafe\/#breadcrumb","itemListElement":[{"@type":"ListItem","position":1,"name":"Home","item":"https:\/\/pen.eu\/"},{"@type":"ListItem","position":2,"name":"Shop","item":"https:\/\/pen.eu\/ch\/shop\/"},{"@type":"ListItem","position":3,"name":"Tassen-Set &#8220;Cafe&#8221;"}]},{"@type":"WebSite","@id":"https:\/\/pen.eu\/#website","url":"https:\/\/pen.eu\/","name":"PEN.EU","description":"Kugelschreiber bedrucken mit Logo | pen.eu","potentialAction":[{"@type":"SearchAction","target":{"@type":"EntryPoint","urlTemplate":"https:\/\/pen.eu\/?s={search_term_string}"},"query-input":{"@type":"PropertyValueSpecification","valueRequired":true,"valueName":"search_term_string"}}],"inLanguage":"de-CH"}]}},"_links":{"self":[{"href":"https:\/\/pen.eu\/ch\/wp-json\/wp\/v2\/product\/8411","targetHints":{"allow":["GET"]}}],"collection":[{"href":"https:\/\/pen.eu\/ch\/wp-json\/wp\/v2\/product"}],"about":[{"href":"https:\/\/pen.eu\/ch\/wp-json\/wp\/v2\/types\/product"}],"replies":[{"embeddable":true,"href":"https:\/\/pen.eu\/ch\/wp-json\/wp\/v2\/comments?post=8411"}],"wp:featuredmedia":[{"embeddable":true,"href":"https:\/\/pen.eu\/ch\/wp-json\/wp\/v2\/media\/8422"}],"wp:attachment":[{"href":"https:\/\/pen.eu\/ch\/wp-json\/wp\/v2\/media?parent=8411"}],"wp:term":[{"taxonomy":"product_brand","embeddable":true,"href":"https:\/\/pen.eu\/ch\/wp-json\/wp\/v2\/product_brand?post=8411"},{"taxonomy":"product_cat","embeddable":true,"href":"https:\/\/pen.eu\/ch\/wp-json\/wp\/v2\/product_cat?post=8411"},{"taxonomy":"product_tag","embeddable":true,"href":"https:\/\/pen.eu\/ch\/wp-json\/wp\/v2\/product_tag?post=8411"}],"curies":[{"name":"wp","href":"https:\/\/api.w.org\/{rel}","templated":true}]}}