{"id":8427,"date":"2024-10-27T10:14:52","date_gmt":"2024-10-27T09:14:52","guid":{"rendered":"https:\/\/v2.frank-pen.de\/?post_type=product&#038;p=8427"},"modified":"2025-12-15T08:06:42","modified_gmt":"2025-12-15T07:06:42","slug":"tasse-florida","status":"publish","type":"product","link":"https:\/\/pen.eu\/ch\/produkt\/tasse-florida\/","title":{"rendered":"Tasse &#8220;Florida&#8221;"},"content":{"rendered":"<p>Lernen Sie die Tasse Florida kennen \u2013 ein elegantes und funktionales Highlight f\u00fcr jede K\u00fcche oder jedes B\u00fcro. Der 385 ml Becher aus hochwertiger Keramik \u00fcberzeugt durch sein mattes \u00c4u\u00dferes in Kombination mit einem gl\u00e4nzenden Innenleben, das f\u00fcr ein edles Erscheinungsbild sorgt. Das moderne Chevron-Muster am unteren Rand wird in brillanter UV-Drucktechnik umgesetzt und verleiht dem Becher eine trendige, zeitgem\u00e4\u00dfe Ausstrahlung. Dank des komfortablen Henkels eignet sich die Tasse ideal f\u00fcr hei\u00dfe wie kalte Getr\u00e4nke. Mikrowellengeeignet (ohne Einschr\u00e4nkungen) und perfekt f\u00fcr den t\u00e4glichen Gebrauch \u2013 der Caf\u00e9 Chalet Becher verbindet Stil, Komfort und Vielseitigkeit in einem. Aufgrund der Beschaffenheit darf die Tassen nur per Hand gesp\u00fchlt werden (Geschirrsp\u00fcler vermeiden).<\/p>","protected":false},"excerpt":{"rendered":"<p>Lernen Sie die Tasse Florida kennen \u2013 ein elegantes und funktionales Highlight f\u00fcr jede K\u00fcche oder jedes B\u00fcro. Der 385 ml Becher aus hochwertiger Keramik \u00fcberzeugt durch sein mattes \u00c4u\u00dferes in Kombination mit einem gl\u00e4nzenden Innenleben, das f\u00fcr ein edles Erscheinungsbild sorgt. Das moderne Chevron-Muster am unteren Rand wird in brillanter UV-Drucktechnik umgesetzt und verleiht [&hellip;]<\/p>\n","protected":false},"featured_media":8435,"comment_status":"open","ping_status":"closed","template":"","meta":[],"product_brand":[],"product_cat":[248],"product_tag":[683,409,833,834,408,689,832,685],"class_list":{"0":"post-8427","1":"product","2":"type-product","3":"status-publish","4":"has-post-thumbnail","6":"product_cat-trinkgefaesse","7":"product_tag-designcup","8":"product_tag-florida","9":"product_tag-left-39","10":"product_tag-mtop-28","11":"product_tag-mvh","12":"product_tag-slimsize","13":"product_tag-top-20","14":"product_tag-withhandle","15":"pa_farbe-blau","16":"pa_farbe-creme","17":"pa_farbe-dunkelgrau","18":"pa_material-keramik","19":"pa_mindestmenge-357","20":"pa_werbeanbringung-siebdruck","22":"first","23":"instock","24":"taxable","25":"shipping-taxable","26":"purchasable","27":"product-type-variable","28":"add-to-wishlist-after_add_to_cart"},"yoast_head":"<!-- This site is optimized with the Yoast SEO plugin v27.3 - https:\/\/yoast.com\/product\/yoast-seo-wordpress\/ -->\n<title>Tasse &quot;Florida&quot; - PEN.EU<\/title>\n<meta name=\"robots\" content=\"index, follow, max-snippet:-1, max-image-preview:large, max-video-preview:-1\" \/>\n<link rel=\"canonical\" href=\"https:\/\/pen.eu\/ch\/produkt\/tasse-florida\/\" \/>\n<meta property=\"og:locale\" content=\"de_DE\" \/>\n<meta property=\"og:type\" content=\"article\" \/>\n<meta property=\"og:title\" content=\"Tasse &quot;Florida&quot; - PEN.EU\" \/>\n<meta property=\"og:description\" content=\"Lernen Sie die Tasse Florida kennen \u2013 ein elegantes und funktionales Highlight f\u00fcr jede K\u00fcche oder jedes B\u00fcro. Der 385 ml Becher aus hochwertiger Keramik \u00fcberzeugt durch sein mattes \u00c4u\u00dferes in Kombination mit einem gl\u00e4nzenden Innenleben, das f\u00fcr ein edles Erscheinungsbild sorgt. Das moderne Chevron-Muster am unteren Rand wird in brillanter UV-Drucktechnik umgesetzt und verleiht [&hellip;]\" \/>\n<meta property=\"og:url\" content=\"https:\/\/pen.eu\/ch\/produkt\/tasse-florida\/\" \/>\n<meta property=\"og:site_name\" content=\"PEN.EU\" \/>\n<meta property=\"article:modified_time\" content=\"2025-12-15T07:06:42+00:00\" \/>\n<meta property=\"og:image\" content=\"https:\/\/pen.eu\/wp-content\/uploads\/2024\/10\/051304111-GS.jpg\" \/>\n\t<meta property=\"og:image:width\" content=\"2000\" \/>\n\t<meta property=\"og:image:height\" content=\"2000\" \/>\n\t<meta property=\"og:image:type\" content=\"image\/jpeg\" \/>\n<meta name=\"twitter:card\" content=\"summary_large_image\" \/>\n<meta name=\"twitter:label1\" content=\"Gesch\u00e4tzte Lesezeit\" \/>\n\t<meta name=\"twitter:data1\" content=\"1\u00a0Minute\" \/>\n<script type=\"application\/ld+json\" class=\"yoast-schema-graph\">{\"@context\":\"https:\\\/\\\/schema.org\",\"@graph\":[{\"@type\":\"WebPage\",\"@id\":\"https:\\\/\\\/pen.eu\\\/produkt\\\/tasse-florida\\\/\",\"url\":\"https:\\\/\\\/pen.eu\\\/produkt\\\/tasse-florida\\\/\",\"name\":\"Tasse \\\"Florida\\\" - PEN.EU\",\"isPartOf\":{\"@id\":\"https:\\\/\\\/pen.eu\\\/#website\"},\"primaryImageOfPage\":{\"@id\":\"https:\\\/\\\/pen.eu\\\/produkt\\\/tasse-florida\\\/#primaryimage\"},\"image\":{\"@id\":\"https:\\\/\\\/pen.eu\\\/produkt\\\/tasse-florida\\\/#primaryimage\"},\"thumbnailUrl\":\"https:\\\/\\\/pen.eu\\\/wp-content\\\/uploads\\\/2024\\\/10\\\/051304111-GS.jpg\",\"datePublished\":\"2024-10-27T09:14:52+00:00\",\"dateModified\":\"2025-12-15T07:06:42+00:00\",\"breadcrumb\":{\"@id\":\"https:\\\/\\\/pen.eu\\\/produkt\\\/tasse-florida\\\/#breadcrumb\"},\"inLanguage\":\"de-CH\",\"potentialAction\":[{\"@type\":\"ReadAction\",\"target\":[\"https:\\\/\\\/pen.eu\\\/produkt\\\/tasse-florida\\\/\"]}]},{\"@type\":\"ImageObject\",\"inLanguage\":\"de-CH\",\"@id\":\"https:\\\/\\\/pen.eu\\\/produkt\\\/tasse-florida\\\/#primaryimage\",\"url\":\"https:\\\/\\\/pen.eu\\\/wp-content\\\/uploads\\\/2024\\\/10\\\/051304111-GS.jpg\",\"contentUrl\":\"https:\\\/\\\/pen.eu\\\/wp-content\\\/uploads\\\/2024\\\/10\\\/051304111-GS.jpg\",\"width\":2000,\"height\":2000},{\"@type\":\"BreadcrumbList\",\"@id\":\"https:\\\/\\\/pen.eu\\\/produkt\\\/tasse-florida\\\/#breadcrumb\",\"itemListElement\":[{\"@type\":\"ListItem\",\"position\":1,\"name\":\"Home\",\"item\":\"https:\\\/\\\/pen.eu\\\/\"},{\"@type\":\"ListItem\",\"position\":2,\"name\":\"Shop\",\"item\":\"https:\\\/\\\/pen.eu\\\/ch\\\/shop\\\/\"},{\"@type\":\"ListItem\",\"position\":3,\"name\":\"Tasse &#8220;Florida&#8221;\"}]},{\"@type\":\"WebSite\",\"@id\":\"https:\\\/\\\/pen.eu\\\/#website\",\"url\":\"https:\\\/\\\/pen.eu\\\/\",\"name\":\"PEN.EU\",\"description\":\"Kugelschreiber bedrucken mit Logo | pen.eu\",\"potentialAction\":[{\"@type\":\"SearchAction\",\"target\":{\"@type\":\"EntryPoint\",\"urlTemplate\":\"https:\\\/\\\/pen.eu\\\/?s={search_term_string}\"},\"query-input\":{\"@type\":\"PropertyValueSpecification\",\"valueRequired\":true,\"valueName\":\"search_term_string\"}}],\"inLanguage\":\"de-CH\"}]}<\/script>\n<!-- \/ Yoast SEO plugin. -->","yoast_head_json":{"title":"Tasse \"Florida\" - PEN.EU","robots":{"index":"index","follow":"follow","max-snippet":"max-snippet:-1","max-image-preview":"max-image-preview:large","max-video-preview":"max-video-preview:-1"},"canonical":"https:\/\/pen.eu\/ch\/produkt\/tasse-florida\/","og_locale":"de_DE","og_type":"article","og_title":"Tasse \"Florida\" - PEN.EU","og_description":"Lernen Sie die Tasse Florida kennen \u2013 ein elegantes und funktionales Highlight f\u00fcr jede K\u00fcche oder jedes B\u00fcro. Der 385 ml Becher aus hochwertiger Keramik \u00fcberzeugt durch sein mattes \u00c4u\u00dferes in Kombination mit einem gl\u00e4nzenden Innenleben, das f\u00fcr ein edles Erscheinungsbild sorgt. Das moderne Chevron-Muster am unteren Rand wird in brillanter UV-Drucktechnik umgesetzt und verleiht [&hellip;]","og_url":"https:\/\/pen.eu\/ch\/produkt\/tasse-florida\/","og_site_name":"PEN.EU","article_modified_time":"2025-12-15T07:06:42+00:00","og_image":[{"width":2000,"height":2000,"url":"https:\/\/pen.eu\/wp-content\/uploads\/2024\/10\/051304111-GS.jpg","type":"image\/jpeg"}],"twitter_card":"summary_large_image","twitter_misc":{"Gesch\u00e4tzte Lesezeit":"1\u00a0Minute"},"schema":{"@context":"https:\/\/schema.org","@graph":[{"@type":"WebPage","@id":"https:\/\/pen.eu\/produkt\/tasse-florida\/","url":"https:\/\/pen.eu\/produkt\/tasse-florida\/","name":"Tasse \"Florida\" - PEN.EU","isPartOf":{"@id":"https:\/\/pen.eu\/#website"},"primaryImageOfPage":{"@id":"https:\/\/pen.eu\/produkt\/tasse-florida\/#primaryimage"},"image":{"@id":"https:\/\/pen.eu\/produkt\/tasse-florida\/#primaryimage"},"thumbnailUrl":"https:\/\/pen.eu\/wp-content\/uploads\/2024\/10\/051304111-GS.jpg","datePublished":"2024-10-27T09:14:52+00:00","dateModified":"2025-12-15T07:06:42+00:00","breadcrumb":{"@id":"https:\/\/pen.eu\/produkt\/tasse-florida\/#breadcrumb"},"inLanguage":"de-CH","potentialAction":[{"@type":"ReadAction","target":["https:\/\/pen.eu\/produkt\/tasse-florida\/"]}]},{"@type":"ImageObject","inLanguage":"de-CH","@id":"https:\/\/pen.eu\/produkt\/tasse-florida\/#primaryimage","url":"https:\/\/pen.eu\/wp-content\/uploads\/2024\/10\/051304111-GS.jpg","contentUrl":"https:\/\/pen.eu\/wp-content\/uploads\/2024\/10\/051304111-GS.jpg","width":2000,"height":2000},{"@type":"BreadcrumbList","@id":"https:\/\/pen.eu\/produkt\/tasse-florida\/#breadcrumb","itemListElement":[{"@type":"ListItem","position":1,"name":"Home","item":"https:\/\/pen.eu\/"},{"@type":"ListItem","position":2,"name":"Shop","item":"https:\/\/pen.eu\/ch\/shop\/"},{"@type":"ListItem","position":3,"name":"Tasse &#8220;Florida&#8221;"}]},{"@type":"WebSite","@id":"https:\/\/pen.eu\/#website","url":"https:\/\/pen.eu\/","name":"PEN.EU","description":"Kugelschreiber bedrucken mit Logo | pen.eu","potentialAction":[{"@type":"SearchAction","target":{"@type":"EntryPoint","urlTemplate":"https:\/\/pen.eu\/?s={search_term_string}"},"query-input":{"@type":"PropertyValueSpecification","valueRequired":true,"valueName":"search_term_string"}}],"inLanguage":"de-CH"}]}},"_links":{"self":[{"href":"https:\/\/pen.eu\/ch\/wp-json\/wp\/v2\/product\/8427","targetHints":{"allow":["GET"]}}],"collection":[{"href":"https:\/\/pen.eu\/ch\/wp-json\/wp\/v2\/product"}],"about":[{"href":"https:\/\/pen.eu\/ch\/wp-json\/wp\/v2\/types\/product"}],"replies":[{"embeddable":true,"href":"https:\/\/pen.eu\/ch\/wp-json\/wp\/v2\/comments?post=8427"}],"wp:featuredmedia":[{"embeddable":true,"href":"https:\/\/pen.eu\/ch\/wp-json\/wp\/v2\/media\/8435"}],"wp:attachment":[{"href":"https:\/\/pen.eu\/ch\/wp-json\/wp\/v2\/media?parent=8427"}],"wp:term":[{"taxonomy":"product_brand","embeddable":true,"href":"https:\/\/pen.eu\/ch\/wp-json\/wp\/v2\/product_brand?post=8427"},{"taxonomy":"product_cat","embeddable":true,"href":"https:\/\/pen.eu\/ch\/wp-json\/wp\/v2\/product_cat?post=8427"},{"taxonomy":"product_tag","embeddable":true,"href":"https:\/\/pen.eu\/ch\/wp-json\/wp\/v2\/product_tag?post=8427"}],"curies":[{"name":"wp","href":"https:\/\/api.w.org\/{rel}","templated":true}]}}