{"id":8441,"date":"2024-10-27T16:34:37","date_gmt":"2024-10-27T15:34:37","guid":{"rendered":"https:\/\/v2.frank-pen.de\/?post_type=product&#038;p=8441"},"modified":"2025-09-30T14:55:22","modified_gmt":"2025-09-30T12:55:22","slug":"kaffeebecher-florenz","status":"publish","type":"product","link":"https:\/\/pen.eu\/ch\/produkt\/kaffeebecher-florenz\/","title":{"rendered":"Kaffeebecher &#8220;Florenz&#8221;"},"content":{"rendered":"<p>Lassen Sie Ihre Marke leuchten \u2013 mit unserer 355 ml Keramiktasse mit klassischem C-Henkel und brillantem Digitaldruck! Die wei\u00dfe Tasse bietet die perfekte Leinwand f\u00fcr Ihr Logo, Ihren Firmennamen oder Ihre Werbebotschaft \u2013 gestochen scharf und in leuchtenden Vollfarben umgesetzt. Der ergonomische Griff sorgt f\u00fcr angenehmes Halten, w\u00e4hrend die hochwertige Verarbeitung eine langanhaltende Markenpr\u00e4senz garantiert. Sp\u00fclmaschinen- und mikrowellengeeignet, ist sie ideal f\u00fcr den t\u00e4glichen Einsatz zu Hause oder im B\u00fcro. Ein praktischer, stilvoller Werbeartikel, der Eindruck hinterl\u00e4sst.<\/p>","protected":false},"excerpt":{"rendered":"<p>Lassen Sie Ihre Marke leuchten \u2013 mit unserer 355 ml Keramiktasse mit klassischem C-Henkel und brillantem Digitaldruck! Die wei\u00dfe Tasse bietet die perfekte Leinwand f\u00fcr Ihr Logo, Ihren Firmennamen oder Ihre Werbebotschaft \u2013 gestochen scharf und in leuchtenden Vollfarben umgesetzt. Der ergonomische Griff sorgt f\u00fcr angenehmes Halten, w\u00e4hrend die hochwertige Verarbeitung eine langanhaltende Markenpr\u00e4senz garantiert. [&hellip;]<\/p>\n","protected":false},"featured_media":8448,"comment_status":"open","ping_status":"closed","template":"","meta":[],"product_brand":[],"product_cat":[248],"product_tag":[411,687,795,412,684,685],"class_list":{"0":"post-8441","1":"product","2":"type-product","3":"status-publish","4":"has-post-thumbnail","6":"product_cat-trinkgefaesse","7":"product_tag-florenz","8":"product_tag-logomiddle","9":"product_tag-mtop-50","10":"product_tag-mug","11":"product_tag-widesize","12":"product_tag-withhandle","13":"pa_farbe-weiss","14":"pa_material-keramik","15":"pa_mindestmenge-361","16":"pa_werbeanbringung-sublimationsdruck","18":"first","19":"instock","20":"taxable","21":"shipping-taxable","22":"purchasable","23":"product-type-variable","24":"add-to-wishlist-after_add_to_cart"},"yoast_head":"<!-- This site is optimized with the Yoast SEO plugin v27.4 - https:\/\/yoast.com\/product\/yoast-seo-wordpress\/ -->\n<title>Kaffeebecher &quot;Florenz&quot; - PEN.EU<\/title>\n<meta name=\"robots\" content=\"index, follow, max-snippet:-1, max-image-preview:large, max-video-preview:-1\" \/>\n<link rel=\"canonical\" href=\"https:\/\/pen.eu\/ch\/produkt\/kaffeebecher-florenz\/\" \/>\n<meta property=\"og:locale\" content=\"de_DE\" \/>\n<meta property=\"og:type\" content=\"article\" \/>\n<meta property=\"og:title\" content=\"Kaffeebecher &quot;Florenz&quot; - PEN.EU\" \/>\n<meta property=\"og:description\" content=\"Lassen Sie Ihre Marke leuchten \u2013 mit unserer 355 ml Keramiktasse mit klassischem C-Henkel und brillantem Digitaldruck! Die wei\u00dfe Tasse bietet die perfekte Leinwand f\u00fcr Ihr Logo, Ihren Firmennamen oder Ihre Werbebotschaft \u2013 gestochen scharf und in leuchtenden Vollfarben umgesetzt. Der ergonomische Griff sorgt f\u00fcr angenehmes Halten, w\u00e4hrend die hochwertige Verarbeitung eine langanhaltende Markenpr\u00e4senz garantiert. [&hellip;]\" \/>\n<meta property=\"og:url\" content=\"https:\/\/pen.eu\/ch\/produkt\/kaffeebecher-florenz\/\" \/>\n<meta property=\"og:site_name\" content=\"PEN.EU\" \/>\n<meta property=\"article:modified_time\" content=\"2025-09-30T12:55:22+00:00\" \/>\n<meta property=\"og:image\" content=\"https:\/\/pen.eu\/wp-content\/uploads\/2024\/10\/051304202-GS.jpg\" \/>\n\t<meta property=\"og:image:width\" content=\"1800\" \/>\n\t<meta property=\"og:image:height\" content=\"1800\" \/>\n\t<meta property=\"og:image:type\" content=\"image\/jpeg\" \/>\n<meta name=\"twitter:card\" content=\"summary_large_image\" \/>\n<script type=\"application\/ld+json\" class=\"yoast-schema-graph\">{\"@context\":\"https:\\\/\\\/schema.org\",\"@graph\":[{\"@type\":\"WebPage\",\"@id\":\"https:\\\/\\\/pen.eu\\\/produkt\\\/kaffeebecher-florenz\\\/\",\"url\":\"https:\\\/\\\/pen.eu\\\/produkt\\\/kaffeebecher-florenz\\\/\",\"name\":\"Kaffeebecher \\\"Florenz\\\" - PEN.EU\",\"isPartOf\":{\"@id\":\"https:\\\/\\\/pen.eu\\\/#website\"},\"primaryImageOfPage\":{\"@id\":\"https:\\\/\\\/pen.eu\\\/produkt\\\/kaffeebecher-florenz\\\/#primaryimage\"},\"image\":{\"@id\":\"https:\\\/\\\/pen.eu\\\/produkt\\\/kaffeebecher-florenz\\\/#primaryimage\"},\"thumbnailUrl\":\"https:\\\/\\\/pen.eu\\\/wp-content\\\/uploads\\\/2024\\\/10\\\/051304202-GS.jpg\",\"datePublished\":\"2024-10-27T15:34:37+00:00\",\"dateModified\":\"2025-09-30T12:55:22+00:00\",\"breadcrumb\":{\"@id\":\"https:\\\/\\\/pen.eu\\\/produkt\\\/kaffeebecher-florenz\\\/#breadcrumb\"},\"inLanguage\":\"de-CH\",\"potentialAction\":[{\"@type\":\"ReadAction\",\"target\":[\"https:\\\/\\\/pen.eu\\\/produkt\\\/kaffeebecher-florenz\\\/\"]}]},{\"@type\":\"ImageObject\",\"inLanguage\":\"de-CH\",\"@id\":\"https:\\\/\\\/pen.eu\\\/produkt\\\/kaffeebecher-florenz\\\/#primaryimage\",\"url\":\"https:\\\/\\\/pen.eu\\\/wp-content\\\/uploads\\\/2024\\\/10\\\/051304202-GS.jpg\",\"contentUrl\":\"https:\\\/\\\/pen.eu\\\/wp-content\\\/uploads\\\/2024\\\/10\\\/051304202-GS.jpg\",\"width\":1800,\"height\":1800},{\"@type\":\"BreadcrumbList\",\"@id\":\"https:\\\/\\\/pen.eu\\\/produkt\\\/kaffeebecher-florenz\\\/#breadcrumb\",\"itemListElement\":[{\"@type\":\"ListItem\",\"position\":1,\"name\":\"Home\",\"item\":\"https:\\\/\\\/pen.eu\\\/\"},{\"@type\":\"ListItem\",\"position\":2,\"name\":\"Shop\",\"item\":\"https:\\\/\\\/pen.eu\\\/ch\\\/shop\\\/\"},{\"@type\":\"ListItem\",\"position\":3,\"name\":\"Kaffeebecher &#8220;Florenz&#8221;\"}]},{\"@type\":\"WebSite\",\"@id\":\"https:\\\/\\\/pen.eu\\\/#website\",\"url\":\"https:\\\/\\\/pen.eu\\\/\",\"name\":\"PEN.EU\",\"description\":\"Kugelschreiber bedrucken mit Logo | pen.eu\",\"potentialAction\":[{\"@type\":\"SearchAction\",\"target\":{\"@type\":\"EntryPoint\",\"urlTemplate\":\"https:\\\/\\\/pen.eu\\\/?s={search_term_string}\"},\"query-input\":{\"@type\":\"PropertyValueSpecification\",\"valueRequired\":true,\"valueName\":\"search_term_string\"}}],\"inLanguage\":\"de-CH\"}]}<\/script>\n<!-- \/ Yoast SEO plugin. -->","yoast_head_json":{"title":"Kaffeebecher \"Florenz\" - PEN.EU","robots":{"index":"index","follow":"follow","max-snippet":"max-snippet:-1","max-image-preview":"max-image-preview:large","max-video-preview":"max-video-preview:-1"},"canonical":"https:\/\/pen.eu\/ch\/produkt\/kaffeebecher-florenz\/","og_locale":"de_DE","og_type":"article","og_title":"Kaffeebecher \"Florenz\" - PEN.EU","og_description":"Lassen Sie Ihre Marke leuchten \u2013 mit unserer 355 ml Keramiktasse mit klassischem C-Henkel und brillantem Digitaldruck! Die wei\u00dfe Tasse bietet die perfekte Leinwand f\u00fcr Ihr Logo, Ihren Firmennamen oder Ihre Werbebotschaft \u2013 gestochen scharf und in leuchtenden Vollfarben umgesetzt. Der ergonomische Griff sorgt f\u00fcr angenehmes Halten, w\u00e4hrend die hochwertige Verarbeitung eine langanhaltende Markenpr\u00e4senz garantiert. [&hellip;]","og_url":"https:\/\/pen.eu\/ch\/produkt\/kaffeebecher-florenz\/","og_site_name":"PEN.EU","article_modified_time":"2025-09-30T12:55:22+00:00","og_image":[{"width":1800,"height":1800,"url":"https:\/\/pen.eu\/wp-content\/uploads\/2024\/10\/051304202-GS.jpg","type":"image\/jpeg"}],"twitter_card":"summary_large_image","schema":{"@context":"https:\/\/schema.org","@graph":[{"@type":"WebPage","@id":"https:\/\/pen.eu\/produkt\/kaffeebecher-florenz\/","url":"https:\/\/pen.eu\/produkt\/kaffeebecher-florenz\/","name":"Kaffeebecher \"Florenz\" - PEN.EU","isPartOf":{"@id":"https:\/\/pen.eu\/#website"},"primaryImageOfPage":{"@id":"https:\/\/pen.eu\/produkt\/kaffeebecher-florenz\/#primaryimage"},"image":{"@id":"https:\/\/pen.eu\/produkt\/kaffeebecher-florenz\/#primaryimage"},"thumbnailUrl":"https:\/\/pen.eu\/wp-content\/uploads\/2024\/10\/051304202-GS.jpg","datePublished":"2024-10-27T15:34:37+00:00","dateModified":"2025-09-30T12:55:22+00:00","breadcrumb":{"@id":"https:\/\/pen.eu\/produkt\/kaffeebecher-florenz\/#breadcrumb"},"inLanguage":"de-CH","potentialAction":[{"@type":"ReadAction","target":["https:\/\/pen.eu\/produkt\/kaffeebecher-florenz\/"]}]},{"@type":"ImageObject","inLanguage":"de-CH","@id":"https:\/\/pen.eu\/produkt\/kaffeebecher-florenz\/#primaryimage","url":"https:\/\/pen.eu\/wp-content\/uploads\/2024\/10\/051304202-GS.jpg","contentUrl":"https:\/\/pen.eu\/wp-content\/uploads\/2024\/10\/051304202-GS.jpg","width":1800,"height":1800},{"@type":"BreadcrumbList","@id":"https:\/\/pen.eu\/produkt\/kaffeebecher-florenz\/#breadcrumb","itemListElement":[{"@type":"ListItem","position":1,"name":"Home","item":"https:\/\/pen.eu\/"},{"@type":"ListItem","position":2,"name":"Shop","item":"https:\/\/pen.eu\/ch\/shop\/"},{"@type":"ListItem","position":3,"name":"Kaffeebecher &#8220;Florenz&#8221;"}]},{"@type":"WebSite","@id":"https:\/\/pen.eu\/#website","url":"https:\/\/pen.eu\/","name":"PEN.EU","description":"Kugelschreiber bedrucken mit Logo | pen.eu","potentialAction":[{"@type":"SearchAction","target":{"@type":"EntryPoint","urlTemplate":"https:\/\/pen.eu\/?s={search_term_string}"},"query-input":{"@type":"PropertyValueSpecification","valueRequired":true,"valueName":"search_term_string"}}],"inLanguage":"de-CH"}]}},"_links":{"self":[{"href":"https:\/\/pen.eu\/ch\/wp-json\/wp\/v2\/product\/8441","targetHints":{"allow":["GET"]}}],"collection":[{"href":"https:\/\/pen.eu\/ch\/wp-json\/wp\/v2\/product"}],"about":[{"href":"https:\/\/pen.eu\/ch\/wp-json\/wp\/v2\/types\/product"}],"replies":[{"embeddable":true,"href":"https:\/\/pen.eu\/ch\/wp-json\/wp\/v2\/comments?post=8441"}],"wp:featuredmedia":[{"embeddable":true,"href":"https:\/\/pen.eu\/ch\/wp-json\/wp\/v2\/media\/8448"}],"wp:attachment":[{"href":"https:\/\/pen.eu\/ch\/wp-json\/wp\/v2\/media?parent=8441"}],"wp:term":[{"taxonomy":"product_brand","embeddable":true,"href":"https:\/\/pen.eu\/ch\/wp-json\/wp\/v2\/product_brand?post=8441"},{"taxonomy":"product_cat","embeddable":true,"href":"https:\/\/pen.eu\/ch\/wp-json\/wp\/v2\/product_cat?post=8441"},{"taxonomy":"product_tag","embeddable":true,"href":"https:\/\/pen.eu\/ch\/wp-json\/wp\/v2\/product_tag?post=8441"}],"curies":[{"name":"wp","href":"https:\/\/api.w.org\/{rel}","templated":true}]}}