{"id":8449,"date":"2024-10-27T17:44:33","date_gmt":"2024-10-27T16:44:33","guid":{"rendered":"https:\/\/v2.frank-pen.de\/?post_type=product&#038;p=8449"},"modified":"2025-10-29T06:37:25","modified_gmt":"2025-10-29T05:37:25","slug":"kaffeebecher-tilley","status":"publish","type":"product","link":"https:\/\/pen.eu\/ch\/produkt\/kaffeebecher-tilley\/","title":{"rendered":"Kaffeebecher &#8220;Tilley&#8221;"},"content":{"rendered":"<p>Diese klassische 355 ml Tilley Keramiktasse mit ColourPop-Design \u00fcberzeugt durch ihre raffinierte Farbakzentuierung im Inneren \u2013 hochgl\u00e4nzend und aufmerksamkeitsstark. Ideal, um Ihre Firmenbotschaft oder Ihr Logo eindrucksvoll in Szene zu setzen. W\u00e4hlen Sie eine Akzentfarbe, die perfekt zu Ihrer Marke passt, und schaffen Sie so ein rundum stimmiges Werbegeschenk. Dank gro\u00dfz\u00fcgiger Druckfl\u00e4che wirkt Ihr Branding besonders lebendig und pr\u00e4sent. Mit ihrer idealen Gr\u00f6\u00dfe ist diese Tasse ein vielseitiger Begleiter im Alltag \u2013 und ein echter Blickfang auf jedem Schreibtisch. Nur Handw\u00e4sche empfohlen. Mikrowellengeeignet.<\/p>","protected":false},"excerpt":{"rendered":"<p>Diese klassische 355 ml Tilley Keramiktasse mit ColourPop-Design \u00fcberzeugt durch ihre raffinierte Farbakzentuierung im Inneren \u2013 hochgl\u00e4nzend und aufmerksamkeitsstark. Ideal, um Ihre Firmenbotschaft oder Ihr Logo eindrucksvoll in Szene zu setzen. W\u00e4hlen Sie eine Akzentfarbe, die perfekt zu Ihrer Marke passt, und schaffen Sie so ein rundum stimmiges Werbegeschenk. Dank gro\u00dfz\u00fcgiger Druckfl\u00e4che wirkt Ihr Branding [&hellip;]<\/p>\n","protected":false},"featured_media":8455,"comment_status":"open","ping_status":"closed","template":"","meta":[],"product_brand":[],"product_cat":[248],"product_tag":[858,413,791,831,414,654,684,685],"class_list":{"0":"post-8449","1":"product","2":"type-product","3":"status-publish","4":"has-post-thumbnail","6":"product_cat-trinkgefaesse","7":"product_tag-designstripe","8":"product_tag-genf","9":"product_tag-mtop-46","10":"product_tag-mtop-56","11":"product_tag-muy","12":"product_tag-tasse","13":"product_tag-widesize","14":"product_tag-withhandle","15":"pa_farbe-blau","16":"pa_farbe-hellgruen","17":"pa_farbe-rot","18":"pa_farbe-schwarz","19":"pa_material-keramik","20":"pa_mindestmenge-403","21":"pa_werbeanbringung-sublimationsdruck","23":"first","24":"instock","25":"taxable","26":"shipping-taxable","27":"purchasable","28":"product-type-variable","29":"add-to-wishlist-after_add_to_cart"},"yoast_head":"<!-- This site is optimized with the Yoast SEO plugin v27.4 - https:\/\/yoast.com\/product\/yoast-seo-wordpress\/ -->\n<title>Kaffeebecher &quot;Tilley&quot; - PEN.EU<\/title>\n<meta name=\"robots\" content=\"index, follow, max-snippet:-1, max-image-preview:large, max-video-preview:-1\" \/>\n<link rel=\"canonical\" href=\"https:\/\/pen.eu\/ch\/produkt\/kaffeebecher-tilley\/\" \/>\n<meta property=\"og:locale\" content=\"de_DE\" \/>\n<meta property=\"og:type\" content=\"article\" \/>\n<meta property=\"og:title\" content=\"Kaffeebecher &quot;Tilley&quot; - PEN.EU\" \/>\n<meta property=\"og:description\" content=\"Diese klassische 355 ml Tilley Keramiktasse mit ColourPop-Design \u00fcberzeugt durch ihre raffinierte Farbakzentuierung im Inneren \u2013 hochgl\u00e4nzend und aufmerksamkeitsstark. Ideal, um Ihre Firmenbotschaft oder Ihr Logo eindrucksvoll in Szene zu setzen. W\u00e4hlen Sie eine Akzentfarbe, die perfekt zu Ihrer Marke passt, und schaffen Sie so ein rundum stimmiges Werbegeschenk. Dank gro\u00dfz\u00fcgiger Druckfl\u00e4che wirkt Ihr Branding [&hellip;]\" \/>\n<meta property=\"og:url\" content=\"https:\/\/pen.eu\/ch\/produkt\/kaffeebecher-tilley\/\" \/>\n<meta property=\"og:site_name\" content=\"PEN.EU\" \/>\n<meta property=\"article:modified_time\" content=\"2025-10-29T05:37:25+00:00\" \/>\n<meta property=\"og:image\" content=\"https:\/\/pen.eu\/wp-content\/uploads\/2024\/10\/051304311-GS.jpg\" \/>\n\t<meta property=\"og:image:width\" content=\"1800\" \/>\n\t<meta property=\"og:image:height\" content=\"1800\" \/>\n\t<meta property=\"og:image:type\" content=\"image\/jpeg\" \/>\n<meta name=\"twitter:card\" content=\"summary_large_image\" \/>\n<meta name=\"twitter:label1\" content=\"Gesch\u00e4tzte Lesezeit\" \/>\n\t<meta name=\"twitter:data1\" content=\"1\u00a0Minute\" \/>\n<script type=\"application\/ld+json\" class=\"yoast-schema-graph\">{\"@context\":\"https:\\\/\\\/schema.org\",\"@graph\":[{\"@type\":\"WebPage\",\"@id\":\"https:\\\/\\\/pen.eu\\\/produkt\\\/kaffeebecher-tilley\\\/\",\"url\":\"https:\\\/\\\/pen.eu\\\/produkt\\\/kaffeebecher-tilley\\\/\",\"name\":\"Kaffeebecher \\\"Tilley\\\" - PEN.EU\",\"isPartOf\":{\"@id\":\"https:\\\/\\\/pen.eu\\\/#website\"},\"primaryImageOfPage\":{\"@id\":\"https:\\\/\\\/pen.eu\\\/produkt\\\/kaffeebecher-tilley\\\/#primaryimage\"},\"image\":{\"@id\":\"https:\\\/\\\/pen.eu\\\/produkt\\\/kaffeebecher-tilley\\\/#primaryimage\"},\"thumbnailUrl\":\"https:\\\/\\\/pen.eu\\\/wp-content\\\/uploads\\\/2024\\\/10\\\/051304311-GS.jpg\",\"datePublished\":\"2024-10-27T16:44:33+00:00\",\"dateModified\":\"2025-10-29T05:37:25+00:00\",\"breadcrumb\":{\"@id\":\"https:\\\/\\\/pen.eu\\\/produkt\\\/kaffeebecher-tilley\\\/#breadcrumb\"},\"inLanguage\":\"de-CH\",\"potentialAction\":[{\"@type\":\"ReadAction\",\"target\":[\"https:\\\/\\\/pen.eu\\\/produkt\\\/kaffeebecher-tilley\\\/\"]}]},{\"@type\":\"ImageObject\",\"inLanguage\":\"de-CH\",\"@id\":\"https:\\\/\\\/pen.eu\\\/produkt\\\/kaffeebecher-tilley\\\/#primaryimage\",\"url\":\"https:\\\/\\\/pen.eu\\\/wp-content\\\/uploads\\\/2024\\\/10\\\/051304311-GS.jpg\",\"contentUrl\":\"https:\\\/\\\/pen.eu\\\/wp-content\\\/uploads\\\/2024\\\/10\\\/051304311-GS.jpg\",\"width\":1800,\"height\":1800},{\"@type\":\"BreadcrumbList\",\"@id\":\"https:\\\/\\\/pen.eu\\\/produkt\\\/kaffeebecher-tilley\\\/#breadcrumb\",\"itemListElement\":[{\"@type\":\"ListItem\",\"position\":1,\"name\":\"Home\",\"item\":\"https:\\\/\\\/pen.eu\\\/\"},{\"@type\":\"ListItem\",\"position\":2,\"name\":\"Shop\",\"item\":\"https:\\\/\\\/pen.eu\\\/ch\\\/shop\\\/\"},{\"@type\":\"ListItem\",\"position\":3,\"name\":\"Kaffeebecher &#8220;Tilley&#8221;\"}]},{\"@type\":\"WebSite\",\"@id\":\"https:\\\/\\\/pen.eu\\\/#website\",\"url\":\"https:\\\/\\\/pen.eu\\\/\",\"name\":\"PEN.EU\",\"description\":\"Kugelschreiber bedrucken mit Logo | pen.eu\",\"potentialAction\":[{\"@type\":\"SearchAction\",\"target\":{\"@type\":\"EntryPoint\",\"urlTemplate\":\"https:\\\/\\\/pen.eu\\\/?s={search_term_string}\"},\"query-input\":{\"@type\":\"PropertyValueSpecification\",\"valueRequired\":true,\"valueName\":\"search_term_string\"}}],\"inLanguage\":\"de-CH\"}]}<\/script>\n<!-- \/ Yoast SEO plugin. -->","yoast_head_json":{"title":"Kaffeebecher \"Tilley\" - PEN.EU","robots":{"index":"index","follow":"follow","max-snippet":"max-snippet:-1","max-image-preview":"max-image-preview:large","max-video-preview":"max-video-preview:-1"},"canonical":"https:\/\/pen.eu\/ch\/produkt\/kaffeebecher-tilley\/","og_locale":"de_DE","og_type":"article","og_title":"Kaffeebecher \"Tilley\" - PEN.EU","og_description":"Diese klassische 355 ml Tilley Keramiktasse mit ColourPop-Design \u00fcberzeugt durch ihre raffinierte Farbakzentuierung im Inneren \u2013 hochgl\u00e4nzend und aufmerksamkeitsstark. Ideal, um Ihre Firmenbotschaft oder Ihr Logo eindrucksvoll in Szene zu setzen. W\u00e4hlen Sie eine Akzentfarbe, die perfekt zu Ihrer Marke passt, und schaffen Sie so ein rundum stimmiges Werbegeschenk. Dank gro\u00dfz\u00fcgiger Druckfl\u00e4che wirkt Ihr Branding [&hellip;]","og_url":"https:\/\/pen.eu\/ch\/produkt\/kaffeebecher-tilley\/","og_site_name":"PEN.EU","article_modified_time":"2025-10-29T05:37:25+00:00","og_image":[{"width":1800,"height":1800,"url":"https:\/\/pen.eu\/wp-content\/uploads\/2024\/10\/051304311-GS.jpg","type":"image\/jpeg"}],"twitter_card":"summary_large_image","twitter_misc":{"Gesch\u00e4tzte Lesezeit":"1\u00a0Minute"},"schema":{"@context":"https:\/\/schema.org","@graph":[{"@type":"WebPage","@id":"https:\/\/pen.eu\/produkt\/kaffeebecher-tilley\/","url":"https:\/\/pen.eu\/produkt\/kaffeebecher-tilley\/","name":"Kaffeebecher \"Tilley\" - PEN.EU","isPartOf":{"@id":"https:\/\/pen.eu\/#website"},"primaryImageOfPage":{"@id":"https:\/\/pen.eu\/produkt\/kaffeebecher-tilley\/#primaryimage"},"image":{"@id":"https:\/\/pen.eu\/produkt\/kaffeebecher-tilley\/#primaryimage"},"thumbnailUrl":"https:\/\/pen.eu\/wp-content\/uploads\/2024\/10\/051304311-GS.jpg","datePublished":"2024-10-27T16:44:33+00:00","dateModified":"2025-10-29T05:37:25+00:00","breadcrumb":{"@id":"https:\/\/pen.eu\/produkt\/kaffeebecher-tilley\/#breadcrumb"},"inLanguage":"de-CH","potentialAction":[{"@type":"ReadAction","target":["https:\/\/pen.eu\/produkt\/kaffeebecher-tilley\/"]}]},{"@type":"ImageObject","inLanguage":"de-CH","@id":"https:\/\/pen.eu\/produkt\/kaffeebecher-tilley\/#primaryimage","url":"https:\/\/pen.eu\/wp-content\/uploads\/2024\/10\/051304311-GS.jpg","contentUrl":"https:\/\/pen.eu\/wp-content\/uploads\/2024\/10\/051304311-GS.jpg","width":1800,"height":1800},{"@type":"BreadcrumbList","@id":"https:\/\/pen.eu\/produkt\/kaffeebecher-tilley\/#breadcrumb","itemListElement":[{"@type":"ListItem","position":1,"name":"Home","item":"https:\/\/pen.eu\/"},{"@type":"ListItem","position":2,"name":"Shop","item":"https:\/\/pen.eu\/ch\/shop\/"},{"@type":"ListItem","position":3,"name":"Kaffeebecher &#8220;Tilley&#8221;"}]},{"@type":"WebSite","@id":"https:\/\/pen.eu\/#website","url":"https:\/\/pen.eu\/","name":"PEN.EU","description":"Kugelschreiber bedrucken mit Logo | pen.eu","potentialAction":[{"@type":"SearchAction","target":{"@type":"EntryPoint","urlTemplate":"https:\/\/pen.eu\/?s={search_term_string}"},"query-input":{"@type":"PropertyValueSpecification","valueRequired":true,"valueName":"search_term_string"}}],"inLanguage":"de-CH"}]}},"_links":{"self":[{"href":"https:\/\/pen.eu\/ch\/wp-json\/wp\/v2\/product\/8449","targetHints":{"allow":["GET"]}}],"collection":[{"href":"https:\/\/pen.eu\/ch\/wp-json\/wp\/v2\/product"}],"about":[{"href":"https:\/\/pen.eu\/ch\/wp-json\/wp\/v2\/types\/product"}],"replies":[{"embeddable":true,"href":"https:\/\/pen.eu\/ch\/wp-json\/wp\/v2\/comments?post=8449"}],"wp:featuredmedia":[{"embeddable":true,"href":"https:\/\/pen.eu\/ch\/wp-json\/wp\/v2\/media\/8455"}],"wp:attachment":[{"href":"https:\/\/pen.eu\/ch\/wp-json\/wp\/v2\/media?parent=8449"}],"wp:term":[{"taxonomy":"product_brand","embeddable":true,"href":"https:\/\/pen.eu\/ch\/wp-json\/wp\/v2\/product_brand?post=8449"},{"taxonomy":"product_cat","embeddable":true,"href":"https:\/\/pen.eu\/ch\/wp-json\/wp\/v2\/product_cat?post=8449"},{"taxonomy":"product_tag","embeddable":true,"href":"https:\/\/pen.eu\/ch\/wp-json\/wp\/v2\/product_tag?post=8449"}],"curies":[{"name":"wp","href":"https:\/\/api.w.org\/{rel}","templated":true}]}}