{"id":8499,"date":"2024-10-28T18:41:29","date_gmt":"2024-10-28T17:41:29","guid":{"rendered":"https:\/\/v2.frank-pen.de\/?post_type=product&#038;p=8499"},"modified":"2025-09-30T14:55:23","modified_gmt":"2025-09-30T12:55:23","slug":"trinkflasche-granada","status":"publish","type":"product","link":"https:\/\/pen.eu\/ch\/produkt\/trinkflasche-granada\/","title":{"rendered":"Trinkflasche &#8220;Granada&#8221;"},"content":{"rendered":"<p>Modernes Design trifft auf umweltbewusstes Trinken \u2013 die Grenada Glasflasche mit 500 ml Fassungsverm\u00f6gen vereint stilvolle Optik mit nachhaltigen Materialien. Ihr schlankes, elegantes Format macht sie zur perfekten Wahl f\u00fcr Marken, die ihr Logo und ihre Botschaft wirkungsvoll in Szene setzen m\u00f6chten. Gefertigt aus hochwertigem Kalkmilchglas bietet sie eine plastikfreie Alternative f\u00fcr den Alltag. Der auslaufsichere Bambusdeckel unterstreicht den nat\u00fcrlichen Charakter der Flasche und sorgt daf\u00fcr, dass sie unterwegs zuverl\u00e4ssig dicht h\u00e4lt. Veredelt mit einem einfarbigen Siebdruck Ihres Logos wird sie zum nachhaltigen Werbetr\u00e4ger mit hohem Wiedererkennungswert. Nicht f\u00fcr die Sp\u00fclmaschine geeignet.<\/p>","protected":false},"excerpt":{"rendered":"<p>Modernes Design trifft auf umweltbewusstes Trinken \u2013 die Grenada Glasflasche mit 500 ml Fassungsverm\u00f6gen vereint stilvolle Optik mit nachhaltigen Materialien. Ihr schlankes, elegantes Format macht sie zur perfekten Wahl f\u00fcr Marken, die ihr Logo und ihre Botschaft wirkungsvoll in Szene setzen m\u00f6chten. Gefertigt aus hochwertigem Kalkmilchglas bietet sie eine plastikfreie Alternative f\u00fcr den Alltag. Der [&hellip;]<\/p>\n","protected":false},"featured_media":8512,"comment_status":"open","ping_status":"closed","template":"","meta":[],"product_brand":[],"product_cat":[248],"product_tag":[682,424,689,423],"class_list":{"0":"post-8499","1":"product","2":"type-product","3":"status-publish","4":"has-post-thumbnail","6":"product_cat-trinkgefaesse","7":"product_tag-designbottle","8":"product_tag-granada","9":"product_tag-slimsize","10":"product_tag-wdm","11":"pa_farbe-gruen","12":"pa_farbe-hellblau","13":"pa_farbe-transparent","14":"pa_material-bambus","15":"pa_material-glas","16":"pa_mindestmenge-361","17":"pa_werbeanbringung-siebdruck","19":"first","20":"instock","21":"taxable","22":"shipping-taxable","23":"purchasable","24":"product-type-variable","25":"add-to-wishlist-after_add_to_cart"},"yoast_head":"<!-- This site is optimized with the Yoast SEO plugin v27.4 - https:\/\/yoast.com\/product\/yoast-seo-wordpress\/ -->\n<title>Trinkflasche &quot;Granada&quot; - PEN.EU<\/title>\n<meta name=\"robots\" content=\"index, follow, max-snippet:-1, max-image-preview:large, max-video-preview:-1\" \/>\n<link rel=\"canonical\" href=\"https:\/\/pen.eu\/ch\/produkt\/trinkflasche-granada\/\" \/>\n<meta property=\"og:locale\" content=\"de_DE\" \/>\n<meta property=\"og:type\" content=\"article\" \/>\n<meta property=\"og:title\" content=\"Trinkflasche &quot;Granada&quot; - PEN.EU\" \/>\n<meta property=\"og:description\" content=\"Modernes Design trifft auf umweltbewusstes Trinken \u2013 die Grenada Glasflasche mit 500 ml Fassungsverm\u00f6gen vereint stilvolle Optik mit nachhaltigen Materialien. Ihr schlankes, elegantes Format macht sie zur perfekten Wahl f\u00fcr Marken, die ihr Logo und ihre Botschaft wirkungsvoll in Szene setzen m\u00f6chten. Gefertigt aus hochwertigem Kalkmilchglas bietet sie eine plastikfreie Alternative f\u00fcr den Alltag. Der [&hellip;]\" \/>\n<meta property=\"og:url\" content=\"https:\/\/pen.eu\/ch\/produkt\/trinkflasche-granada\/\" \/>\n<meta property=\"og:site_name\" content=\"PEN.EU\" \/>\n<meta property=\"article:modified_time\" content=\"2025-09-30T12:55:23+00:00\" \/>\n<meta property=\"og:image\" content=\"https:\/\/pen.eu\/wp-content\/uploads\/2024\/10\/051304606-GS.jpg\" \/>\n\t<meta property=\"og:image:width\" content=\"1800\" \/>\n\t<meta property=\"og:image:height\" content=\"1800\" \/>\n\t<meta property=\"og:image:type\" content=\"image\/jpeg\" \/>\n<meta name=\"twitter:card\" content=\"summary_large_image\" \/>\n<meta name=\"twitter:label1\" content=\"Gesch\u00e4tzte Lesezeit\" \/>\n\t<meta name=\"twitter:data1\" content=\"1\u00a0Minute\" \/>\n<script type=\"application\/ld+json\" class=\"yoast-schema-graph\">{\"@context\":\"https:\\\/\\\/schema.org\",\"@graph\":[{\"@type\":\"WebPage\",\"@id\":\"https:\\\/\\\/pen.eu\\\/produkt\\\/trinkflasche-granada\\\/\",\"url\":\"https:\\\/\\\/pen.eu\\\/produkt\\\/trinkflasche-granada\\\/\",\"name\":\"Trinkflasche \\\"Granada\\\" - PEN.EU\",\"isPartOf\":{\"@id\":\"https:\\\/\\\/pen.eu\\\/#website\"},\"primaryImageOfPage\":{\"@id\":\"https:\\\/\\\/pen.eu\\\/produkt\\\/trinkflasche-granada\\\/#primaryimage\"},\"image\":{\"@id\":\"https:\\\/\\\/pen.eu\\\/produkt\\\/trinkflasche-granada\\\/#primaryimage\"},\"thumbnailUrl\":\"https:\\\/\\\/pen.eu\\\/wp-content\\\/uploads\\\/2024\\\/10\\\/051304606-GS.jpg\",\"datePublished\":\"2024-10-28T17:41:29+00:00\",\"dateModified\":\"2025-09-30T12:55:23+00:00\",\"breadcrumb\":{\"@id\":\"https:\\\/\\\/pen.eu\\\/produkt\\\/trinkflasche-granada\\\/#breadcrumb\"},\"inLanguage\":\"de-CH\",\"potentialAction\":[{\"@type\":\"ReadAction\",\"target\":[\"https:\\\/\\\/pen.eu\\\/produkt\\\/trinkflasche-granada\\\/\"]}]},{\"@type\":\"ImageObject\",\"inLanguage\":\"de-CH\",\"@id\":\"https:\\\/\\\/pen.eu\\\/produkt\\\/trinkflasche-granada\\\/#primaryimage\",\"url\":\"https:\\\/\\\/pen.eu\\\/wp-content\\\/uploads\\\/2024\\\/10\\\/051304606-GS.jpg\",\"contentUrl\":\"https:\\\/\\\/pen.eu\\\/wp-content\\\/uploads\\\/2024\\\/10\\\/051304606-GS.jpg\",\"width\":1800,\"height\":1800},{\"@type\":\"BreadcrumbList\",\"@id\":\"https:\\\/\\\/pen.eu\\\/produkt\\\/trinkflasche-granada\\\/#breadcrumb\",\"itemListElement\":[{\"@type\":\"ListItem\",\"position\":1,\"name\":\"Home\",\"item\":\"https:\\\/\\\/pen.eu\\\/\"},{\"@type\":\"ListItem\",\"position\":2,\"name\":\"Shop\",\"item\":\"https:\\\/\\\/pen.eu\\\/ch\\\/shop\\\/\"},{\"@type\":\"ListItem\",\"position\":3,\"name\":\"Trinkflasche &#8220;Granada&#8221;\"}]},{\"@type\":\"WebSite\",\"@id\":\"https:\\\/\\\/pen.eu\\\/#website\",\"url\":\"https:\\\/\\\/pen.eu\\\/\",\"name\":\"PEN.EU\",\"description\":\"Kugelschreiber bedrucken mit Logo | pen.eu\",\"potentialAction\":[{\"@type\":\"SearchAction\",\"target\":{\"@type\":\"EntryPoint\",\"urlTemplate\":\"https:\\\/\\\/pen.eu\\\/?s={search_term_string}\"},\"query-input\":{\"@type\":\"PropertyValueSpecification\",\"valueRequired\":true,\"valueName\":\"search_term_string\"}}],\"inLanguage\":\"de-CH\"}]}<\/script>\n<!-- \/ Yoast SEO plugin. -->","yoast_head_json":{"title":"Trinkflasche \"Granada\" - PEN.EU","robots":{"index":"index","follow":"follow","max-snippet":"max-snippet:-1","max-image-preview":"max-image-preview:large","max-video-preview":"max-video-preview:-1"},"canonical":"https:\/\/pen.eu\/ch\/produkt\/trinkflasche-granada\/","og_locale":"de_DE","og_type":"article","og_title":"Trinkflasche \"Granada\" - PEN.EU","og_description":"Modernes Design trifft auf umweltbewusstes Trinken \u2013 die Grenada Glasflasche mit 500 ml Fassungsverm\u00f6gen vereint stilvolle Optik mit nachhaltigen Materialien. Ihr schlankes, elegantes Format macht sie zur perfekten Wahl f\u00fcr Marken, die ihr Logo und ihre Botschaft wirkungsvoll in Szene setzen m\u00f6chten. Gefertigt aus hochwertigem Kalkmilchglas bietet sie eine plastikfreie Alternative f\u00fcr den Alltag. Der [&hellip;]","og_url":"https:\/\/pen.eu\/ch\/produkt\/trinkflasche-granada\/","og_site_name":"PEN.EU","article_modified_time":"2025-09-30T12:55:23+00:00","og_image":[{"width":1800,"height":1800,"url":"https:\/\/pen.eu\/wp-content\/uploads\/2024\/10\/051304606-GS.jpg","type":"image\/jpeg"}],"twitter_card":"summary_large_image","twitter_misc":{"Gesch\u00e4tzte Lesezeit":"1\u00a0Minute"},"schema":{"@context":"https:\/\/schema.org","@graph":[{"@type":"WebPage","@id":"https:\/\/pen.eu\/produkt\/trinkflasche-granada\/","url":"https:\/\/pen.eu\/produkt\/trinkflasche-granada\/","name":"Trinkflasche \"Granada\" - PEN.EU","isPartOf":{"@id":"https:\/\/pen.eu\/#website"},"primaryImageOfPage":{"@id":"https:\/\/pen.eu\/produkt\/trinkflasche-granada\/#primaryimage"},"image":{"@id":"https:\/\/pen.eu\/produkt\/trinkflasche-granada\/#primaryimage"},"thumbnailUrl":"https:\/\/pen.eu\/wp-content\/uploads\/2024\/10\/051304606-GS.jpg","datePublished":"2024-10-28T17:41:29+00:00","dateModified":"2025-09-30T12:55:23+00:00","breadcrumb":{"@id":"https:\/\/pen.eu\/produkt\/trinkflasche-granada\/#breadcrumb"},"inLanguage":"de-CH","potentialAction":[{"@type":"ReadAction","target":["https:\/\/pen.eu\/produkt\/trinkflasche-granada\/"]}]},{"@type":"ImageObject","inLanguage":"de-CH","@id":"https:\/\/pen.eu\/produkt\/trinkflasche-granada\/#primaryimage","url":"https:\/\/pen.eu\/wp-content\/uploads\/2024\/10\/051304606-GS.jpg","contentUrl":"https:\/\/pen.eu\/wp-content\/uploads\/2024\/10\/051304606-GS.jpg","width":1800,"height":1800},{"@type":"BreadcrumbList","@id":"https:\/\/pen.eu\/produkt\/trinkflasche-granada\/#breadcrumb","itemListElement":[{"@type":"ListItem","position":1,"name":"Home","item":"https:\/\/pen.eu\/"},{"@type":"ListItem","position":2,"name":"Shop","item":"https:\/\/pen.eu\/ch\/shop\/"},{"@type":"ListItem","position":3,"name":"Trinkflasche &#8220;Granada&#8221;"}]},{"@type":"WebSite","@id":"https:\/\/pen.eu\/#website","url":"https:\/\/pen.eu\/","name":"PEN.EU","description":"Kugelschreiber bedrucken mit Logo | pen.eu","potentialAction":[{"@type":"SearchAction","target":{"@type":"EntryPoint","urlTemplate":"https:\/\/pen.eu\/?s={search_term_string}"},"query-input":{"@type":"PropertyValueSpecification","valueRequired":true,"valueName":"search_term_string"}}],"inLanguage":"de-CH"}]}},"_links":{"self":[{"href":"https:\/\/pen.eu\/ch\/wp-json\/wp\/v2\/product\/8499","targetHints":{"allow":["GET"]}}],"collection":[{"href":"https:\/\/pen.eu\/ch\/wp-json\/wp\/v2\/product"}],"about":[{"href":"https:\/\/pen.eu\/ch\/wp-json\/wp\/v2\/types\/product"}],"replies":[{"embeddable":true,"href":"https:\/\/pen.eu\/ch\/wp-json\/wp\/v2\/comments?post=8499"}],"wp:featuredmedia":[{"embeddable":true,"href":"https:\/\/pen.eu\/ch\/wp-json\/wp\/v2\/media\/8512"}],"wp:attachment":[{"href":"https:\/\/pen.eu\/ch\/wp-json\/wp\/v2\/media?parent=8499"}],"wp:term":[{"taxonomy":"product_brand","embeddable":true,"href":"https:\/\/pen.eu\/ch\/wp-json\/wp\/v2\/product_brand?post=8499"},{"taxonomy":"product_cat","embeddable":true,"href":"https:\/\/pen.eu\/ch\/wp-json\/wp\/v2\/product_cat?post=8499"},{"taxonomy":"product_tag","embeddable":true,"href":"https:\/\/pen.eu\/ch\/wp-json\/wp\/v2\/product_tag?post=8499"}],"curies":[{"name":"wp","href":"https:\/\/api.w.org\/{rel}","templated":true}]}}