{"id":8856,"date":"2024-11-05T09:04:07","date_gmt":"2024-11-05T08:04:07","guid":{"rendered":"https:\/\/v2.frank-pen.de\/?post_type=product&#038;p=8856"},"modified":"2025-10-06T12:54:12","modified_gmt":"2025-10-06T10:54:12","slug":"baumwolltasche-organic","status":"publish","type":"product","link":"https:\/\/pen.eu\/ch\/produkt\/baumwolltasche-organic\/","title":{"rendered":"Baumwolltasche &#8220;Organic&#8221;"},"content":{"rendered":"<p data-start=\"117\" data-end=\"390\">Diese Tragetasche aus Bio-Baumwolle (140 g\/m\u00b2) steht f\u00fcr elegantes Design mit gutem Gewissen. Gefertigt aus naturfarbener Bio-Baumwolle, verbindet sie Umweltbewusstsein mit einem modernen, reduzierten Look. Dank ihrer langen Henkel l\u00e4sst sie sich angenehm \u00fcber der Schulter tragen \u2013 ideal f\u00fcr den Alltag, Events oder bewusste Shoppingtouren. Mit einem Fassungsverm\u00f6gen von 9 Litern bietet sie ausreichend Platz f\u00fcr alle wichtigen Dinge des Tages. Ein stilvoller Begleiter f\u00fcr alle, die heute schon an morgen denken.<\/p>","protected":false},"excerpt":{"rendered":"<p>Diese Tragetasche aus Bio-Baumwolle (140 g\/m\u00b2) steht f\u00fcr elegantes Design mit gutem Gewissen. Gefertigt aus naturfarbener Bio-Baumwolle, verbindet sie Umweltbewusstsein mit einem modernen, reduzierten Look. Dank ihrer langen Henkel l\u00e4sst sie sich angenehm \u00fcber der Schulter tragen \u2013 ideal f\u00fcr den Alltag, Events oder bewusste Shoppingtouren. Mit einem Fassungsverm\u00f6gen von 9 Litern bietet sie ausreichend [&hellip;]<\/p>\n","protected":false},"featured_media":8866,"comment_status":"open","ping_status":"closed","template":"","meta":[],"product_brand":[],"product_cat":[249],"product_tag":[465,799,802,464],"class_list":{"0":"post-8856","1":"product","2":"type-product","3":"status-publish","4":"has-post-thumbnail","6":"product_cat-taschen","7":"product_tag-organic","8":"product_tag-slimlogo","9":"product_tag-top-62","10":"product_tag-ujb","11":"pa_farbe-natuerlich","12":"pa_material-baumwolle","13":"pa_mindestmenge-24","14":"pa_werbeanbringung-siebdruck","16":"first","17":"instock","18":"taxable","19":"shipping-taxable","20":"purchasable","21":"product-type-variable","22":"add-to-wishlist-after_add_to_cart"},"yoast_head":"<!-- This site is optimized with the Yoast SEO plugin v27.4 - https:\/\/yoast.com\/product\/yoast-seo-wordpress\/ -->\n<title>Baumwolltasche &quot;Organic&quot; - PEN.EU<\/title>\n<meta name=\"robots\" content=\"index, follow, max-snippet:-1, max-image-preview:large, max-video-preview:-1\" \/>\n<link rel=\"canonical\" href=\"https:\/\/pen.eu\/ch\/produkt\/baumwolltasche-organic\/\" \/>\n<meta property=\"og:locale\" content=\"de_DE\" \/>\n<meta property=\"og:type\" content=\"article\" \/>\n<meta property=\"og:title\" content=\"Baumwolltasche &quot;Organic&quot; - PEN.EU\" \/>\n<meta property=\"og:description\" content=\"Diese Tragetasche aus Bio-Baumwolle (140 g\/m\u00b2) steht f\u00fcr elegantes Design mit gutem Gewissen. Gefertigt aus naturfarbener Bio-Baumwolle, verbindet sie Umweltbewusstsein mit einem modernen, reduzierten Look. Dank ihrer langen Henkel l\u00e4sst sie sich angenehm \u00fcber der Schulter tragen \u2013 ideal f\u00fcr den Alltag, Events oder bewusste Shoppingtouren. Mit einem Fassungsverm\u00f6gen von 9 Litern bietet sie ausreichend [&hellip;]\" \/>\n<meta property=\"og:url\" content=\"https:\/\/pen.eu\/ch\/produkt\/baumwolltasche-organic\/\" \/>\n<meta property=\"og:site_name\" content=\"PEN.EU\" \/>\n<meta property=\"article:modified_time\" content=\"2025-10-06T10:54:12+00:00\" \/>\n<meta property=\"og:image\" content=\"https:\/\/pen.eu\/wp-content\/uploads\/2024\/11\/0514031141-GS.jpg\" \/>\n\t<meta property=\"og:image:width\" content=\"2000\" \/>\n\t<meta property=\"og:image:height\" content=\"2000\" \/>\n\t<meta property=\"og:image:type\" content=\"image\/jpeg\" \/>\n<meta name=\"twitter:card\" content=\"summary_large_image\" \/>\n<script type=\"application\/ld+json\" class=\"yoast-schema-graph\">{\"@context\":\"https:\\\/\\\/schema.org\",\"@graph\":[{\"@type\":\"WebPage\",\"@id\":\"https:\\\/\\\/pen.eu\\\/fr\\\/produkt\\\/baumwolltasche-organic\\\/\",\"url\":\"https:\\\/\\\/pen.eu\\\/fr\\\/produkt\\\/baumwolltasche-organic\\\/\",\"name\":\"Baumwolltasche \\\"Organic\\\" - PEN.EU\",\"isPartOf\":{\"@id\":\"https:\\\/\\\/pen.eu\\\/#website\"},\"primaryImageOfPage\":{\"@id\":\"https:\\\/\\\/pen.eu\\\/fr\\\/produkt\\\/baumwolltasche-organic\\\/#primaryimage\"},\"image\":{\"@id\":\"https:\\\/\\\/pen.eu\\\/fr\\\/produkt\\\/baumwolltasche-organic\\\/#primaryimage\"},\"thumbnailUrl\":\"https:\\\/\\\/pen.eu\\\/wp-content\\\/uploads\\\/2024\\\/11\\\/0514031141-GS.jpg\",\"datePublished\":\"2024-11-05T08:04:07+00:00\",\"dateModified\":\"2025-10-06T10:54:12+00:00\",\"breadcrumb\":{\"@id\":\"https:\\\/\\\/pen.eu\\\/fr\\\/produkt\\\/baumwolltasche-organic\\\/#breadcrumb\"},\"inLanguage\":\"de-CH\",\"potentialAction\":[{\"@type\":\"ReadAction\",\"target\":[\"https:\\\/\\\/pen.eu\\\/fr\\\/produkt\\\/baumwolltasche-organic\\\/\"]}]},{\"@type\":\"ImageObject\",\"inLanguage\":\"de-CH\",\"@id\":\"https:\\\/\\\/pen.eu\\\/fr\\\/produkt\\\/baumwolltasche-organic\\\/#primaryimage\",\"url\":\"https:\\\/\\\/pen.eu\\\/wp-content\\\/uploads\\\/2024\\\/11\\\/0514031141-GS.jpg\",\"contentUrl\":\"https:\\\/\\\/pen.eu\\\/wp-content\\\/uploads\\\/2024\\\/11\\\/0514031141-GS.jpg\",\"width\":2000,\"height\":2000},{\"@type\":\"BreadcrumbList\",\"@id\":\"https:\\\/\\\/pen.eu\\\/fr\\\/produkt\\\/baumwolltasche-organic\\\/#breadcrumb\",\"itemListElement\":[{\"@type\":\"ListItem\",\"position\":1,\"name\":\"Home\",\"item\":\"https:\\\/\\\/pen.eu\\\/\"},{\"@type\":\"ListItem\",\"position\":2,\"name\":\"Shop\",\"item\":\"https:\\\/\\\/pen.eu\\\/ch\\\/shop\\\/\"},{\"@type\":\"ListItem\",\"position\":3,\"name\":\"Baumwolltasche &#8220;Organic&#8221;\"}]},{\"@type\":\"WebSite\",\"@id\":\"https:\\\/\\\/pen.eu\\\/#website\",\"url\":\"https:\\\/\\\/pen.eu\\\/\",\"name\":\"PEN.EU\",\"description\":\"Kugelschreiber bedrucken mit Logo | pen.eu\",\"potentialAction\":[{\"@type\":\"SearchAction\",\"target\":{\"@type\":\"EntryPoint\",\"urlTemplate\":\"https:\\\/\\\/pen.eu\\\/?s={search_term_string}\"},\"query-input\":{\"@type\":\"PropertyValueSpecification\",\"valueRequired\":true,\"valueName\":\"search_term_string\"}}],\"inLanguage\":\"de-CH\"}]}<\/script>\n<!-- \/ Yoast SEO plugin. -->","yoast_head_json":{"title":"Baumwolltasche \"Organic\" - PEN.EU","robots":{"index":"index","follow":"follow","max-snippet":"max-snippet:-1","max-image-preview":"max-image-preview:large","max-video-preview":"max-video-preview:-1"},"canonical":"https:\/\/pen.eu\/ch\/produkt\/baumwolltasche-organic\/","og_locale":"de_DE","og_type":"article","og_title":"Baumwolltasche \"Organic\" - PEN.EU","og_description":"Diese Tragetasche aus Bio-Baumwolle (140 g\/m\u00b2) steht f\u00fcr elegantes Design mit gutem Gewissen. Gefertigt aus naturfarbener Bio-Baumwolle, verbindet sie Umweltbewusstsein mit einem modernen, reduzierten Look. Dank ihrer langen Henkel l\u00e4sst sie sich angenehm \u00fcber der Schulter tragen \u2013 ideal f\u00fcr den Alltag, Events oder bewusste Shoppingtouren. Mit einem Fassungsverm\u00f6gen von 9 Litern bietet sie ausreichend [&hellip;]","og_url":"https:\/\/pen.eu\/ch\/produkt\/baumwolltasche-organic\/","og_site_name":"PEN.EU","article_modified_time":"2025-10-06T10:54:12+00:00","og_image":[{"width":2000,"height":2000,"url":"https:\/\/pen.eu\/wp-content\/uploads\/2024\/11\/0514031141-GS.jpg","type":"image\/jpeg"}],"twitter_card":"summary_large_image","schema":{"@context":"https:\/\/schema.org","@graph":[{"@type":"WebPage","@id":"https:\/\/pen.eu\/fr\/produkt\/baumwolltasche-organic\/","url":"https:\/\/pen.eu\/fr\/produkt\/baumwolltasche-organic\/","name":"Baumwolltasche \"Organic\" - PEN.EU","isPartOf":{"@id":"https:\/\/pen.eu\/#website"},"primaryImageOfPage":{"@id":"https:\/\/pen.eu\/fr\/produkt\/baumwolltasche-organic\/#primaryimage"},"image":{"@id":"https:\/\/pen.eu\/fr\/produkt\/baumwolltasche-organic\/#primaryimage"},"thumbnailUrl":"https:\/\/pen.eu\/wp-content\/uploads\/2024\/11\/0514031141-GS.jpg","datePublished":"2024-11-05T08:04:07+00:00","dateModified":"2025-10-06T10:54:12+00:00","breadcrumb":{"@id":"https:\/\/pen.eu\/fr\/produkt\/baumwolltasche-organic\/#breadcrumb"},"inLanguage":"de-CH","potentialAction":[{"@type":"ReadAction","target":["https:\/\/pen.eu\/fr\/produkt\/baumwolltasche-organic\/"]}]},{"@type":"ImageObject","inLanguage":"de-CH","@id":"https:\/\/pen.eu\/fr\/produkt\/baumwolltasche-organic\/#primaryimage","url":"https:\/\/pen.eu\/wp-content\/uploads\/2024\/11\/0514031141-GS.jpg","contentUrl":"https:\/\/pen.eu\/wp-content\/uploads\/2024\/11\/0514031141-GS.jpg","width":2000,"height":2000},{"@type":"BreadcrumbList","@id":"https:\/\/pen.eu\/fr\/produkt\/baumwolltasche-organic\/#breadcrumb","itemListElement":[{"@type":"ListItem","position":1,"name":"Home","item":"https:\/\/pen.eu\/"},{"@type":"ListItem","position":2,"name":"Shop","item":"https:\/\/pen.eu\/ch\/shop\/"},{"@type":"ListItem","position":3,"name":"Baumwolltasche &#8220;Organic&#8221;"}]},{"@type":"WebSite","@id":"https:\/\/pen.eu\/#website","url":"https:\/\/pen.eu\/","name":"PEN.EU","description":"Kugelschreiber bedrucken mit Logo | pen.eu","potentialAction":[{"@type":"SearchAction","target":{"@type":"EntryPoint","urlTemplate":"https:\/\/pen.eu\/?s={search_term_string}"},"query-input":{"@type":"PropertyValueSpecification","valueRequired":true,"valueName":"search_term_string"}}],"inLanguage":"de-CH"}]}},"_links":{"self":[{"href":"https:\/\/pen.eu\/ch\/wp-json\/wp\/v2\/product\/8856","targetHints":{"allow":["GET"]}}],"collection":[{"href":"https:\/\/pen.eu\/ch\/wp-json\/wp\/v2\/product"}],"about":[{"href":"https:\/\/pen.eu\/ch\/wp-json\/wp\/v2\/types\/product"}],"replies":[{"embeddable":true,"href":"https:\/\/pen.eu\/ch\/wp-json\/wp\/v2\/comments?post=8856"}],"wp:featuredmedia":[{"embeddable":true,"href":"https:\/\/pen.eu\/ch\/wp-json\/wp\/v2\/media\/8866"}],"wp:attachment":[{"href":"https:\/\/pen.eu\/ch\/wp-json\/wp\/v2\/media?parent=8856"}],"wp:term":[{"taxonomy":"product_brand","embeddable":true,"href":"https:\/\/pen.eu\/ch\/wp-json\/wp\/v2\/product_brand?post=8856"},{"taxonomy":"product_cat","embeddable":true,"href":"https:\/\/pen.eu\/ch\/wp-json\/wp\/v2\/product_cat?post=8856"},{"taxonomy":"product_tag","embeddable":true,"href":"https:\/\/pen.eu\/ch\/wp-json\/wp\/v2\/product_tag?post=8856"}],"curies":[{"name":"wp","href":"https:\/\/api.w.org\/{rel}","templated":true}]}}