{"id":8867,"date":"2024-11-05T09:15:23","date_gmt":"2024-11-05T08:15:23","guid":{"rendered":"https:\/\/v2.frank-pen.de\/?post_type=product&#038;p=8867"},"modified":"2025-10-22T21:22:36","modified_gmt":"2025-10-22T19:22:36","slug":"baumwolltasche-wine","status":"publish","type":"product","link":"https:\/\/pen.eu\/ch\/produkt\/baumwolltasche-wine\/","title":{"rendered":"Baumwolltasche &#8220;Wine&#8221;"},"content":{"rendered":"<p>Unsere Weintasche &#8220;Wine&#8221; aus recycelter Baumwolle (225 g\/m\u00b2) vereint stilvolles Design mit nachhaltigem Denken. Gefertigt aus umweltfreundlichem Material, bietet sie nicht nur einen eleganten Auftritt, sondern sch\u00fctzt durch die praktische Mitteltrennwand auch zwei Weinflaschen zuverl\u00e4ssig vor dem Aneinandersto\u00dfen. Ideal f\u00fcr besondere Anl\u00e4sse oder als durchdachtes Geschenk \u2013 diese Duo-Tasche steht f\u00fcr mehr als nur Transport: Sie verk\u00f6rpert ein Bekenntnis zu verantwortungsvollem Konsum und sozialem Engagement.<\/p>","protected":false},"excerpt":{"rendered":"<p>Unsere Weintasche &#8220;Wine&#8221; aus recycelter Baumwolle (225 g\/m\u00b2) vereint stilvolles Design mit nachhaltigem Denken. Gefertigt aus umweltfreundlichem Material, bietet sie nicht nur einen eleganten Auftritt, sondern sch\u00fctzt durch die praktische Mitteltrennwand auch zwei Weinflaschen zuverl\u00e4ssig vor dem Aneinandersto\u00dfen. Ideal f\u00fcr besondere Anl\u00e4sse oder als durchdachtes Geschenk \u2013 diese Duo-Tasche steht f\u00fcr mehr als nur Transport: [&hellip;]<\/p>\n","protected":false},"featured_media":8890,"comment_status":"open","ping_status":"closed","template":"","meta":[],"product_brand":[],"product_cat":[249],"product_tag":[805,799,804,466,467],"class_list":{"0":"post-8867","1":"product","2":"type-product","3":"status-publish","4":"has-post-thumbnail","6":"product_cat-taschen","7":"product_tag-left-48","8":"product_tag-slimlogo","9":"product_tag-top-66","10":"product_tag-ujc","11":"product_tag-wine","12":"pa_eigenschaft-rco","13":"pa_farbe-natuerlich","14":"pa_material-baumwolle","15":"pa_material-polyester","16":"pa_mindestmenge-24","17":"pa_werbeanbringung-siebdruck","18":"pa_werbeanbringung-thermische-transferdruck","20":"first","21":"instock","22":"taxable","23":"shipping-taxable","24":"purchasable","25":"product-type-variable","26":"add-to-wishlist-after_add_to_cart"},"yoast_head":"<!-- This site is optimized with the Yoast SEO plugin v27.4 - https:\/\/yoast.com\/product\/yoast-seo-wordpress\/ -->\n<title>Baumwolltasche &quot;Wine&quot; - PEN.EU<\/title>\n<meta name=\"robots\" content=\"index, follow, max-snippet:-1, max-image-preview:large, max-video-preview:-1\" \/>\n<link rel=\"canonical\" href=\"https:\/\/pen.eu\/ch\/produkt\/baumwolltasche-wine\/\" \/>\n<meta property=\"og:locale\" content=\"de_DE\" \/>\n<meta property=\"og:type\" content=\"article\" \/>\n<meta property=\"og:title\" content=\"Baumwolltasche &quot;Wine&quot; - PEN.EU\" \/>\n<meta property=\"og:description\" content=\"Unsere Weintasche &#8220;Wine&#8221; aus recycelter Baumwolle (225 g\/m\u00b2) vereint stilvolles Design mit nachhaltigem Denken. Gefertigt aus umweltfreundlichem Material, bietet sie nicht nur einen eleganten Auftritt, sondern sch\u00fctzt durch die praktische Mitteltrennwand auch zwei Weinflaschen zuverl\u00e4ssig vor dem Aneinandersto\u00dfen. Ideal f\u00fcr besondere Anl\u00e4sse oder als durchdachtes Geschenk \u2013 diese Duo-Tasche steht f\u00fcr mehr als nur Transport: [&hellip;]\" \/>\n<meta property=\"og:url\" content=\"https:\/\/pen.eu\/ch\/produkt\/baumwolltasche-wine\/\" \/>\n<meta property=\"og:site_name\" content=\"PEN.EU\" \/>\n<meta property=\"article:modified_time\" content=\"2025-10-22T19:22:36+00:00\" \/>\n<meta property=\"og:image\" content=\"https:\/\/pen.eu\/wp-content\/uploads\/2024\/11\/0514032141-GS.jpg\" \/>\n\t<meta property=\"og:image:width\" content=\"2000\" \/>\n\t<meta property=\"og:image:height\" content=\"2000\" \/>\n\t<meta property=\"og:image:type\" content=\"image\/jpeg\" \/>\n<meta name=\"twitter:card\" content=\"summary_large_image\" \/>\n<script type=\"application\/ld+json\" class=\"yoast-schema-graph\">{\"@context\":\"https:\\\/\\\/schema.org\",\"@graph\":[{\"@type\":\"WebPage\",\"@id\":\"https:\\\/\\\/pen.eu\\\/produkt\\\/baumwolltasche-wine\\\/\",\"url\":\"https:\\\/\\\/pen.eu\\\/produkt\\\/baumwolltasche-wine\\\/\",\"name\":\"Baumwolltasche \\\"Wine\\\" - PEN.EU\",\"isPartOf\":{\"@id\":\"https:\\\/\\\/pen.eu\\\/#website\"},\"primaryImageOfPage\":{\"@id\":\"https:\\\/\\\/pen.eu\\\/produkt\\\/baumwolltasche-wine\\\/#primaryimage\"},\"image\":{\"@id\":\"https:\\\/\\\/pen.eu\\\/produkt\\\/baumwolltasche-wine\\\/#primaryimage\"},\"thumbnailUrl\":\"https:\\\/\\\/pen.eu\\\/wp-content\\\/uploads\\\/2024\\\/11\\\/0514032141-GS.jpg\",\"datePublished\":\"2024-11-05T08:15:23+00:00\",\"dateModified\":\"2025-10-22T19:22:36+00:00\",\"breadcrumb\":{\"@id\":\"https:\\\/\\\/pen.eu\\\/produkt\\\/baumwolltasche-wine\\\/#breadcrumb\"},\"inLanguage\":\"de-CH\",\"potentialAction\":[{\"@type\":\"ReadAction\",\"target\":[\"https:\\\/\\\/pen.eu\\\/produkt\\\/baumwolltasche-wine\\\/\"]}]},{\"@type\":\"ImageObject\",\"inLanguage\":\"de-CH\",\"@id\":\"https:\\\/\\\/pen.eu\\\/produkt\\\/baumwolltasche-wine\\\/#primaryimage\",\"url\":\"https:\\\/\\\/pen.eu\\\/wp-content\\\/uploads\\\/2024\\\/11\\\/0514032141-GS.jpg\",\"contentUrl\":\"https:\\\/\\\/pen.eu\\\/wp-content\\\/uploads\\\/2024\\\/11\\\/0514032141-GS.jpg\",\"width\":2000,\"height\":2000},{\"@type\":\"BreadcrumbList\",\"@id\":\"https:\\\/\\\/pen.eu\\\/produkt\\\/baumwolltasche-wine\\\/#breadcrumb\",\"itemListElement\":[{\"@type\":\"ListItem\",\"position\":1,\"name\":\"Home\",\"item\":\"https:\\\/\\\/pen.eu\\\/\"},{\"@type\":\"ListItem\",\"position\":2,\"name\":\"Shop\",\"item\":\"https:\\\/\\\/pen.eu\\\/ch\\\/shop\\\/\"},{\"@type\":\"ListItem\",\"position\":3,\"name\":\"Baumwolltasche &#8220;Wine&#8221;\"}]},{\"@type\":\"WebSite\",\"@id\":\"https:\\\/\\\/pen.eu\\\/#website\",\"url\":\"https:\\\/\\\/pen.eu\\\/\",\"name\":\"PEN.EU\",\"description\":\"Kugelschreiber bedrucken mit Logo | pen.eu\",\"potentialAction\":[{\"@type\":\"SearchAction\",\"target\":{\"@type\":\"EntryPoint\",\"urlTemplate\":\"https:\\\/\\\/pen.eu\\\/?s={search_term_string}\"},\"query-input\":{\"@type\":\"PropertyValueSpecification\",\"valueRequired\":true,\"valueName\":\"search_term_string\"}}],\"inLanguage\":\"de-CH\"}]}<\/script>\n<!-- \/ Yoast SEO plugin. -->","yoast_head_json":{"title":"Baumwolltasche \"Wine\" - PEN.EU","robots":{"index":"index","follow":"follow","max-snippet":"max-snippet:-1","max-image-preview":"max-image-preview:large","max-video-preview":"max-video-preview:-1"},"canonical":"https:\/\/pen.eu\/ch\/produkt\/baumwolltasche-wine\/","og_locale":"de_DE","og_type":"article","og_title":"Baumwolltasche \"Wine\" - PEN.EU","og_description":"Unsere Weintasche &#8220;Wine&#8221; aus recycelter Baumwolle (225 g\/m\u00b2) vereint stilvolles Design mit nachhaltigem Denken. Gefertigt aus umweltfreundlichem Material, bietet sie nicht nur einen eleganten Auftritt, sondern sch\u00fctzt durch die praktische Mitteltrennwand auch zwei Weinflaschen zuverl\u00e4ssig vor dem Aneinandersto\u00dfen. Ideal f\u00fcr besondere Anl\u00e4sse oder als durchdachtes Geschenk \u2013 diese Duo-Tasche steht f\u00fcr mehr als nur Transport: [&hellip;]","og_url":"https:\/\/pen.eu\/ch\/produkt\/baumwolltasche-wine\/","og_site_name":"PEN.EU","article_modified_time":"2025-10-22T19:22:36+00:00","og_image":[{"width":2000,"height":2000,"url":"https:\/\/pen.eu\/wp-content\/uploads\/2024\/11\/0514032141-GS.jpg","type":"image\/jpeg"}],"twitter_card":"summary_large_image","schema":{"@context":"https:\/\/schema.org","@graph":[{"@type":"WebPage","@id":"https:\/\/pen.eu\/produkt\/baumwolltasche-wine\/","url":"https:\/\/pen.eu\/produkt\/baumwolltasche-wine\/","name":"Baumwolltasche \"Wine\" - PEN.EU","isPartOf":{"@id":"https:\/\/pen.eu\/#website"},"primaryImageOfPage":{"@id":"https:\/\/pen.eu\/produkt\/baumwolltasche-wine\/#primaryimage"},"image":{"@id":"https:\/\/pen.eu\/produkt\/baumwolltasche-wine\/#primaryimage"},"thumbnailUrl":"https:\/\/pen.eu\/wp-content\/uploads\/2024\/11\/0514032141-GS.jpg","datePublished":"2024-11-05T08:15:23+00:00","dateModified":"2025-10-22T19:22:36+00:00","breadcrumb":{"@id":"https:\/\/pen.eu\/produkt\/baumwolltasche-wine\/#breadcrumb"},"inLanguage":"de-CH","potentialAction":[{"@type":"ReadAction","target":["https:\/\/pen.eu\/produkt\/baumwolltasche-wine\/"]}]},{"@type":"ImageObject","inLanguage":"de-CH","@id":"https:\/\/pen.eu\/produkt\/baumwolltasche-wine\/#primaryimage","url":"https:\/\/pen.eu\/wp-content\/uploads\/2024\/11\/0514032141-GS.jpg","contentUrl":"https:\/\/pen.eu\/wp-content\/uploads\/2024\/11\/0514032141-GS.jpg","width":2000,"height":2000},{"@type":"BreadcrumbList","@id":"https:\/\/pen.eu\/produkt\/baumwolltasche-wine\/#breadcrumb","itemListElement":[{"@type":"ListItem","position":1,"name":"Home","item":"https:\/\/pen.eu\/"},{"@type":"ListItem","position":2,"name":"Shop","item":"https:\/\/pen.eu\/ch\/shop\/"},{"@type":"ListItem","position":3,"name":"Baumwolltasche &#8220;Wine&#8221;"}]},{"@type":"WebSite","@id":"https:\/\/pen.eu\/#website","url":"https:\/\/pen.eu\/","name":"PEN.EU","description":"Kugelschreiber bedrucken mit Logo | pen.eu","potentialAction":[{"@type":"SearchAction","target":{"@type":"EntryPoint","urlTemplate":"https:\/\/pen.eu\/?s={search_term_string}"},"query-input":{"@type":"PropertyValueSpecification","valueRequired":true,"valueName":"search_term_string"}}],"inLanguage":"de-CH"}]}},"_links":{"self":[{"href":"https:\/\/pen.eu\/ch\/wp-json\/wp\/v2\/product\/8867","targetHints":{"allow":["GET"]}}],"collection":[{"href":"https:\/\/pen.eu\/ch\/wp-json\/wp\/v2\/product"}],"about":[{"href":"https:\/\/pen.eu\/ch\/wp-json\/wp\/v2\/types\/product"}],"replies":[{"embeddable":true,"href":"https:\/\/pen.eu\/ch\/wp-json\/wp\/v2\/comments?post=8867"}],"wp:featuredmedia":[{"embeddable":true,"href":"https:\/\/pen.eu\/ch\/wp-json\/wp\/v2\/media\/8890"}],"wp:attachment":[{"href":"https:\/\/pen.eu\/ch\/wp-json\/wp\/v2\/media?parent=8867"}],"wp:term":[{"taxonomy":"product_brand","embeddable":true,"href":"https:\/\/pen.eu\/ch\/wp-json\/wp\/v2\/product_brand?post=8867"},{"taxonomy":"product_cat","embeddable":true,"href":"https:\/\/pen.eu\/ch\/wp-json\/wp\/v2\/product_cat?post=8867"},{"taxonomy":"product_tag","embeddable":true,"href":"https:\/\/pen.eu\/ch\/wp-json\/wp\/v2\/product_tag?post=8867"}],"curies":[{"name":"wp","href":"https:\/\/api.w.org\/{rel}","templated":true}]}}