{"id":8912,"date":"2024-11-05T11:35:46","date_gmt":"2024-11-05T10:35:46","guid":{"rendered":"https:\/\/v2.frank-pen.de\/?post_type=product&#038;p=8912"},"modified":"2025-10-06T12:54:12","modified_gmt":"2025-10-06T10:54:12","slug":"turnbeutel-budapest","status":"publish","type":"product","link":"https:\/\/pen.eu\/ch\/produkt\/turnbeutel-budapest\/","title":{"rendered":"Turnbeutel &#8220;Budapest&#8221;"},"content":{"rendered":"<p>Der Rucksack Budapest mit Kordelzug aus recycelter Baumwolle und Jute (140 g\/m\u00b2) steht f\u00fcr bewusstes Handeln und die sinnvolle Wiederverwendung von Ressourcen. Gefertigt aus einer nachhaltigen Mischung aus recycelter Baumwolle und Polyester, ist er ein stilvolles Statement f\u00fcr verantwortungsbewusste Entscheidungen im Alltag. Mit einem Volumen von 8 Litern bietet der kompakte Rucksack \u00fcberraschend viel Platz f\u00fcr Ihre Essentials \u2013 ideal f\u00fcr unterwegs, ob beim Stadtbummel, im Fitnessstudio oder auf dem Weg zur Arbeit. Praktisch, bequem und umweltfreundlich: ein smarter Begleiter mit Haltung.<\/p>","protected":false},"excerpt":{"rendered":"<p>Der Rucksack Budapest mit Kordelzug aus recycelter Baumwolle und Jute (140 g\/m\u00b2) steht f\u00fcr bewusstes Handeln und die sinnvolle Wiederverwendung von Ressourcen. Gefertigt aus einer nachhaltigen Mischung aus recycelter Baumwolle und Polyester, ist er ein stilvolles Statement f\u00fcr verantwortungsbewusste Entscheidungen im Alltag. Mit einem Volumen von 8 Litern bietet der kompakte Rucksack \u00fcberraschend viel Platz [&hellip;]<\/p>\n","protected":false},"featured_media":8917,"comment_status":"open","ping_status":"closed","template":"","meta":[],"product_brand":[],"product_cat":[249],"product_tag":[690,474,475],"class_list":{"0":"post-8912","1":"product","2":"type-product","3":"status-publish","4":"has-post-thumbnail","6":"product_cat-taschen","7":"product_tag-backpack","8":"product_tag-budapest","9":"product_tag-uhv","10":"pa_farbe-natuerlich","11":"pa_material-baumwolle","12":"pa_mindestmenge-24","13":"pa_werbeanbringung-siebdruck","14":"pa_werbeanbringung-thermische-transferdruck","16":"first","17":"instock","18":"taxable","19":"shipping-taxable","20":"purchasable","21":"product-type-variable","22":"add-to-wishlist-after_add_to_cart"},"yoast_head":"<!-- This site is optimized with the Yoast SEO plugin v27.4 - https:\/\/yoast.com\/product\/yoast-seo-wordpress\/ -->\n<title>Turnbeutel &quot;Budapest&quot; - PEN.EU<\/title>\n<meta name=\"robots\" content=\"index, follow, max-snippet:-1, max-image-preview:large, max-video-preview:-1\" \/>\n<link rel=\"canonical\" href=\"https:\/\/pen.eu\/ch\/produkt\/turnbeutel-budapest\/\" \/>\n<meta property=\"og:locale\" content=\"de_DE\" \/>\n<meta property=\"og:type\" content=\"article\" \/>\n<meta property=\"og:title\" content=\"Turnbeutel &quot;Budapest&quot; - PEN.EU\" \/>\n<meta property=\"og:description\" content=\"Der Rucksack Budapest mit Kordelzug aus recycelter Baumwolle und Jute (140 g\/m\u00b2) steht f\u00fcr bewusstes Handeln und die sinnvolle Wiederverwendung von Ressourcen. Gefertigt aus einer nachhaltigen Mischung aus recycelter Baumwolle und Polyester, ist er ein stilvolles Statement f\u00fcr verantwortungsbewusste Entscheidungen im Alltag. Mit einem Volumen von 8 Litern bietet der kompakte Rucksack \u00fcberraschend viel Platz [&hellip;]\" \/>\n<meta property=\"og:url\" content=\"https:\/\/pen.eu\/ch\/produkt\/turnbeutel-budapest\/\" \/>\n<meta property=\"og:site_name\" content=\"PEN.EU\" \/>\n<meta property=\"article:modified_time\" content=\"2025-10-06T10:54:12+00:00\" \/>\n<meta property=\"og:image\" content=\"https:\/\/pen.eu\/wp-content\/uploads\/2024\/11\/0514036141-GS-1024x1024.jpg\" \/>\n\t<meta property=\"og:image:width\" content=\"1024\" \/>\n\t<meta property=\"og:image:height\" content=\"1024\" \/>\n\t<meta property=\"og:image:type\" content=\"image\/jpeg\" \/>\n<meta name=\"twitter:card\" content=\"summary_large_image\" \/>\n<script type=\"application\/ld+json\" class=\"yoast-schema-graph\">{\"@context\":\"https:\\\/\\\/schema.org\",\"@graph\":[{\"@type\":\"WebPage\",\"@id\":\"https:\\\/\\\/pen.eu\\\/produkt\\\/turnbeutel-budapest\\\/\",\"url\":\"https:\\\/\\\/pen.eu\\\/produkt\\\/turnbeutel-budapest\\\/\",\"name\":\"Turnbeutel \\\"Budapest\\\" - PEN.EU\",\"isPartOf\":{\"@id\":\"https:\\\/\\\/pen.eu\\\/#website\"},\"primaryImageOfPage\":{\"@id\":\"https:\\\/\\\/pen.eu\\\/produkt\\\/turnbeutel-budapest\\\/#primaryimage\"},\"image\":{\"@id\":\"https:\\\/\\\/pen.eu\\\/produkt\\\/turnbeutel-budapest\\\/#primaryimage\"},\"thumbnailUrl\":\"https:\\\/\\\/pen.eu\\\/wp-content\\\/uploads\\\/2024\\\/11\\\/0514036141-GS.jpg\",\"datePublished\":\"2024-11-05T10:35:46+00:00\",\"dateModified\":\"2025-10-06T10:54:12+00:00\",\"breadcrumb\":{\"@id\":\"https:\\\/\\\/pen.eu\\\/produkt\\\/turnbeutel-budapest\\\/#breadcrumb\"},\"inLanguage\":\"de-CH\",\"potentialAction\":[{\"@type\":\"ReadAction\",\"target\":[\"https:\\\/\\\/pen.eu\\\/produkt\\\/turnbeutel-budapest\\\/\"]}]},{\"@type\":\"ImageObject\",\"inLanguage\":\"de-CH\",\"@id\":\"https:\\\/\\\/pen.eu\\\/produkt\\\/turnbeutel-budapest\\\/#primaryimage\",\"url\":\"https:\\\/\\\/pen.eu\\\/wp-content\\\/uploads\\\/2024\\\/11\\\/0514036141-GS.jpg\",\"contentUrl\":\"https:\\\/\\\/pen.eu\\\/wp-content\\\/uploads\\\/2024\\\/11\\\/0514036141-GS.jpg\",\"width\":2000,\"height\":2000},{\"@type\":\"BreadcrumbList\",\"@id\":\"https:\\\/\\\/pen.eu\\\/produkt\\\/turnbeutel-budapest\\\/#breadcrumb\",\"itemListElement\":[{\"@type\":\"ListItem\",\"position\":1,\"name\":\"Home\",\"item\":\"https:\\\/\\\/pen.eu\\\/\"},{\"@type\":\"ListItem\",\"position\":2,\"name\":\"Shop\",\"item\":\"https:\\\/\\\/pen.eu\\\/ch\\\/shop\\\/\"},{\"@type\":\"ListItem\",\"position\":3,\"name\":\"Turnbeutel &#8220;Budapest&#8221;\"}]},{\"@type\":\"WebSite\",\"@id\":\"https:\\\/\\\/pen.eu\\\/#website\",\"url\":\"https:\\\/\\\/pen.eu\\\/\",\"name\":\"PEN.EU\",\"description\":\"Kugelschreiber bedrucken mit Logo | pen.eu\",\"potentialAction\":[{\"@type\":\"SearchAction\",\"target\":{\"@type\":\"EntryPoint\",\"urlTemplate\":\"https:\\\/\\\/pen.eu\\\/?s={search_term_string}\"},\"query-input\":{\"@type\":\"PropertyValueSpecification\",\"valueRequired\":true,\"valueName\":\"search_term_string\"}}],\"inLanguage\":\"de-CH\"}]}<\/script>\n<!-- \/ Yoast SEO plugin. -->","yoast_head_json":{"title":"Turnbeutel \"Budapest\" - PEN.EU","robots":{"index":"index","follow":"follow","max-snippet":"max-snippet:-1","max-image-preview":"max-image-preview:large","max-video-preview":"max-video-preview:-1"},"canonical":"https:\/\/pen.eu\/ch\/produkt\/turnbeutel-budapest\/","og_locale":"de_DE","og_type":"article","og_title":"Turnbeutel \"Budapest\" - PEN.EU","og_description":"Der Rucksack Budapest mit Kordelzug aus recycelter Baumwolle und Jute (140 g\/m\u00b2) steht f\u00fcr bewusstes Handeln und die sinnvolle Wiederverwendung von Ressourcen. Gefertigt aus einer nachhaltigen Mischung aus recycelter Baumwolle und Polyester, ist er ein stilvolles Statement f\u00fcr verantwortungsbewusste Entscheidungen im Alltag. Mit einem Volumen von 8 Litern bietet der kompakte Rucksack \u00fcberraschend viel Platz [&hellip;]","og_url":"https:\/\/pen.eu\/ch\/produkt\/turnbeutel-budapest\/","og_site_name":"PEN.EU","article_modified_time":"2025-10-06T10:54:12+00:00","og_image":[{"width":1024,"height":1024,"url":"https:\/\/pen.eu\/wp-content\/uploads\/2024\/11\/0514036141-GS-1024x1024.jpg","type":"image\/jpeg"}],"twitter_card":"summary_large_image","schema":{"@context":"https:\/\/schema.org","@graph":[{"@type":"WebPage","@id":"https:\/\/pen.eu\/produkt\/turnbeutel-budapest\/","url":"https:\/\/pen.eu\/produkt\/turnbeutel-budapest\/","name":"Turnbeutel \"Budapest\" - PEN.EU","isPartOf":{"@id":"https:\/\/pen.eu\/#website"},"primaryImageOfPage":{"@id":"https:\/\/pen.eu\/produkt\/turnbeutel-budapest\/#primaryimage"},"image":{"@id":"https:\/\/pen.eu\/produkt\/turnbeutel-budapest\/#primaryimage"},"thumbnailUrl":"https:\/\/pen.eu\/wp-content\/uploads\/2024\/11\/0514036141-GS.jpg","datePublished":"2024-11-05T10:35:46+00:00","dateModified":"2025-10-06T10:54:12+00:00","breadcrumb":{"@id":"https:\/\/pen.eu\/produkt\/turnbeutel-budapest\/#breadcrumb"},"inLanguage":"de-CH","potentialAction":[{"@type":"ReadAction","target":["https:\/\/pen.eu\/produkt\/turnbeutel-budapest\/"]}]},{"@type":"ImageObject","inLanguage":"de-CH","@id":"https:\/\/pen.eu\/produkt\/turnbeutel-budapest\/#primaryimage","url":"https:\/\/pen.eu\/wp-content\/uploads\/2024\/11\/0514036141-GS.jpg","contentUrl":"https:\/\/pen.eu\/wp-content\/uploads\/2024\/11\/0514036141-GS.jpg","width":2000,"height":2000},{"@type":"BreadcrumbList","@id":"https:\/\/pen.eu\/produkt\/turnbeutel-budapest\/#breadcrumb","itemListElement":[{"@type":"ListItem","position":1,"name":"Home","item":"https:\/\/pen.eu\/"},{"@type":"ListItem","position":2,"name":"Shop","item":"https:\/\/pen.eu\/ch\/shop\/"},{"@type":"ListItem","position":3,"name":"Turnbeutel &#8220;Budapest&#8221;"}]},{"@type":"WebSite","@id":"https:\/\/pen.eu\/#website","url":"https:\/\/pen.eu\/","name":"PEN.EU","description":"Kugelschreiber bedrucken mit Logo | pen.eu","potentialAction":[{"@type":"SearchAction","target":{"@type":"EntryPoint","urlTemplate":"https:\/\/pen.eu\/?s={search_term_string}"},"query-input":{"@type":"PropertyValueSpecification","valueRequired":true,"valueName":"search_term_string"}}],"inLanguage":"de-CH"}]}},"_links":{"self":[{"href":"https:\/\/pen.eu\/ch\/wp-json\/wp\/v2\/product\/8912","targetHints":{"allow":["GET"]}}],"collection":[{"href":"https:\/\/pen.eu\/ch\/wp-json\/wp\/v2\/product"}],"about":[{"href":"https:\/\/pen.eu\/ch\/wp-json\/wp\/v2\/types\/product"}],"replies":[{"embeddable":true,"href":"https:\/\/pen.eu\/ch\/wp-json\/wp\/v2\/comments?post=8912"}],"wp:featuredmedia":[{"embeddable":true,"href":"https:\/\/pen.eu\/ch\/wp-json\/wp\/v2\/media\/8917"}],"wp:attachment":[{"href":"https:\/\/pen.eu\/ch\/wp-json\/wp\/v2\/media?parent=8912"}],"wp:term":[{"taxonomy":"product_brand","embeddable":true,"href":"https:\/\/pen.eu\/ch\/wp-json\/wp\/v2\/product_brand?post=8912"},{"taxonomy":"product_cat","embeddable":true,"href":"https:\/\/pen.eu\/ch\/wp-json\/wp\/v2\/product_cat?post=8912"},{"taxonomy":"product_tag","embeddable":true,"href":"https:\/\/pen.eu\/ch\/wp-json\/wp\/v2\/product_tag?post=8912"}],"curies":[{"name":"wp","href":"https:\/\/api.w.org\/{rel}","templated":true}]}}