{"id":8920,"date":"2024-11-05T16:19:35","date_gmt":"2024-11-05T15:19:35","guid":{"rendered":"https:\/\/v2.frank-pen.de\/?post_type=product&#038;p=8920"},"modified":"2026-01-22T10:52:01","modified_gmt":"2026-01-22T09:52:01","slug":"baumwolltasche-unity","status":"publish","type":"product","link":"https:\/\/pen.eu\/ch\/produkt\/baumwolltasche-unity\/","title":{"rendered":"Baumwolltasche &#8220;Unity&#8221;"},"content":{"rendered":"<p>Mit unserer Tragetasche Unity aus recycelter Baumwolle (140 g\/m\u00b2) setzen Sie ein stilvolles Zeichen f\u00fcr Nachhaltigkeit. Inspiriert von der Natur, verbindet sie modernes Design mit verantwortungsbewussten Materialien. Der obere Teil besteht aus einem edlen Mix aus 70 % recycelter Baumwolle und 30 % recyceltem Polyester, w\u00e4hrend der untere Bereich und die Griffe aus farblich abgestimmter recycelter Baumwolle den angesagten Farbblock-Look unterstreichen. Das gro\u00dfz\u00fcgige Innenfach bietet ausreichend Platz f\u00fcr Ihre t\u00e4glichen Begleiter \u2013 ob beim Einkaufen, auf dem Weg zur Arbeit oder in der Freizeit. Diese Tasche ist nicht nur ein modisches Accessoire, sondern Ausdruck eines bewussten Lebensstils.<\/p>","protected":false},"excerpt":{"rendered":"<p>Mit unserer Tragetasche Unity aus recycelter Baumwolle (140 g\/m\u00b2) setzen Sie ein stilvolles Zeichen f\u00fcr Nachhaltigkeit. Inspiriert von der Natur, verbindet sie modernes Design mit verantwortungsbewussten Materialien. Der obere Teil besteht aus einem edlen Mix aus 70 % recycelter Baumwolle und 30 % recyceltem Polyester, w\u00e4hrend der untere Bereich und die Griffe aus farblich abgestimmter [&hellip;]<\/p>\n","protected":false},"featured_media":8929,"comment_status":"open","ping_status":"closed","template":"","meta":[],"product_brand":[],"product_cat":[249],"product_tag":[805,477,802,476],"class_list":{"0":"post-8920","1":"product","2":"type-product","3":"status-publish","4":"has-post-thumbnail","6":"product_cat-taschen","7":"product_tag-left-48","8":"product_tag-muenchen","9":"product_tag-top-62","10":"product_tag-uhq","11":"pa_farbe-burgundrot","12":"pa_farbe-marine","13":"pa_farbe-schwarz","14":"pa_material-baumwolle","15":"pa_material-jute","16":"pa_mindestmenge-24","17":"pa_werbeanbringung-siebdruck","18":"pa_werbeanbringung-thermische-transferdruck","20":"first","21":"instock","22":"taxable","23":"shipping-taxable","24":"purchasable","25":"product-type-variable","26":"add-to-wishlist-after_add_to_cart"},"yoast_head":"<!-- This site is optimized with the Yoast SEO plugin v27.4 - https:\/\/yoast.com\/product\/yoast-seo-wordpress\/ -->\n<title>Baumwolltasche &quot;Unity&quot; - PEN.EU<\/title>\n<meta name=\"robots\" content=\"index, follow, max-snippet:-1, max-image-preview:large, max-video-preview:-1\" \/>\n<link rel=\"canonical\" href=\"https:\/\/pen.eu\/ch\/produkt\/baumwolltasche-unity\/\" \/>\n<meta property=\"og:locale\" content=\"de_DE\" \/>\n<meta property=\"og:type\" content=\"article\" \/>\n<meta property=\"og:title\" content=\"Baumwolltasche &quot;Unity&quot; - PEN.EU\" \/>\n<meta property=\"og:description\" content=\"Mit unserer Tragetasche Unity aus recycelter Baumwolle (140 g\/m\u00b2) setzen Sie ein stilvolles Zeichen f\u00fcr Nachhaltigkeit. Inspiriert von der Natur, verbindet sie modernes Design mit verantwortungsbewussten Materialien. Der obere Teil besteht aus einem edlen Mix aus 70 % recycelter Baumwolle und 30 % recyceltem Polyester, w\u00e4hrend der untere Bereich und die Griffe aus farblich abgestimmter [&hellip;]\" \/>\n<meta property=\"og:url\" content=\"https:\/\/pen.eu\/ch\/produkt\/baumwolltasche-unity\/\" \/>\n<meta property=\"og:site_name\" content=\"PEN.EU\" \/>\n<meta property=\"article:modified_time\" content=\"2026-01-22T09:52:01+00:00\" \/>\n<meta property=\"og:image\" content=\"https:\/\/pen.eu\/wp-content\/uploads\/2024\/11\/051403712-GS.jpg\" \/>\n\t<meta property=\"og:image:width\" content=\"2000\" \/>\n\t<meta property=\"og:image:height\" content=\"2000\" \/>\n\t<meta property=\"og:image:type\" content=\"image\/jpeg\" \/>\n<meta name=\"twitter:card\" content=\"summary_large_image\" \/>\n<script type=\"application\/ld+json\" class=\"yoast-schema-graph\">{\"@context\":\"https:\\\/\\\/schema.org\",\"@graph\":[{\"@type\":\"WebPage\",\"@id\":\"https:\\\/\\\/pen.eu\\\/produkt\\\/baumwolltasche-unity\\\/\",\"url\":\"https:\\\/\\\/pen.eu\\\/produkt\\\/baumwolltasche-unity\\\/\",\"name\":\"Baumwolltasche \\\"Unity\\\" - PEN.EU\",\"isPartOf\":{\"@id\":\"https:\\\/\\\/pen.eu\\\/#website\"},\"primaryImageOfPage\":{\"@id\":\"https:\\\/\\\/pen.eu\\\/produkt\\\/baumwolltasche-unity\\\/#primaryimage\"},\"image\":{\"@id\":\"https:\\\/\\\/pen.eu\\\/produkt\\\/baumwolltasche-unity\\\/#primaryimage\"},\"thumbnailUrl\":\"https:\\\/\\\/pen.eu\\\/wp-content\\\/uploads\\\/2024\\\/11\\\/051403712-GS.jpg\",\"datePublished\":\"2024-11-05T15:19:35+00:00\",\"dateModified\":\"2026-01-22T09:52:01+00:00\",\"breadcrumb\":{\"@id\":\"https:\\\/\\\/pen.eu\\\/produkt\\\/baumwolltasche-unity\\\/#breadcrumb\"},\"inLanguage\":\"de-CH\",\"potentialAction\":[{\"@type\":\"ReadAction\",\"target\":[\"https:\\\/\\\/pen.eu\\\/produkt\\\/baumwolltasche-unity\\\/\"]}]},{\"@type\":\"ImageObject\",\"inLanguage\":\"de-CH\",\"@id\":\"https:\\\/\\\/pen.eu\\\/produkt\\\/baumwolltasche-unity\\\/#primaryimage\",\"url\":\"https:\\\/\\\/pen.eu\\\/wp-content\\\/uploads\\\/2024\\\/11\\\/051403712-GS.jpg\",\"contentUrl\":\"https:\\\/\\\/pen.eu\\\/wp-content\\\/uploads\\\/2024\\\/11\\\/051403712-GS.jpg\",\"width\":2000,\"height\":2000},{\"@type\":\"BreadcrumbList\",\"@id\":\"https:\\\/\\\/pen.eu\\\/produkt\\\/baumwolltasche-unity\\\/#breadcrumb\",\"itemListElement\":[{\"@type\":\"ListItem\",\"position\":1,\"name\":\"Home\",\"item\":\"https:\\\/\\\/pen.eu\\\/\"},{\"@type\":\"ListItem\",\"position\":2,\"name\":\"Shop\",\"item\":\"https:\\\/\\\/pen.eu\\\/ch\\\/shop\\\/\"},{\"@type\":\"ListItem\",\"position\":3,\"name\":\"Baumwolltasche &#8220;Unity&#8221;\"}]},{\"@type\":\"WebSite\",\"@id\":\"https:\\\/\\\/pen.eu\\\/#website\",\"url\":\"https:\\\/\\\/pen.eu\\\/\",\"name\":\"PEN.EU\",\"description\":\"Kugelschreiber bedrucken mit Logo | pen.eu\",\"potentialAction\":[{\"@type\":\"SearchAction\",\"target\":{\"@type\":\"EntryPoint\",\"urlTemplate\":\"https:\\\/\\\/pen.eu\\\/?s={search_term_string}\"},\"query-input\":{\"@type\":\"PropertyValueSpecification\",\"valueRequired\":true,\"valueName\":\"search_term_string\"}}],\"inLanguage\":\"de-CH\"}]}<\/script>\n<!-- \/ Yoast SEO plugin. -->","yoast_head_json":{"title":"Baumwolltasche \"Unity\" - PEN.EU","robots":{"index":"index","follow":"follow","max-snippet":"max-snippet:-1","max-image-preview":"max-image-preview:large","max-video-preview":"max-video-preview:-1"},"canonical":"https:\/\/pen.eu\/ch\/produkt\/baumwolltasche-unity\/","og_locale":"de_DE","og_type":"article","og_title":"Baumwolltasche \"Unity\" - PEN.EU","og_description":"Mit unserer Tragetasche Unity aus recycelter Baumwolle (140 g\/m\u00b2) setzen Sie ein stilvolles Zeichen f\u00fcr Nachhaltigkeit. Inspiriert von der Natur, verbindet sie modernes Design mit verantwortungsbewussten Materialien. Der obere Teil besteht aus einem edlen Mix aus 70 % recycelter Baumwolle und 30 % recyceltem Polyester, w\u00e4hrend der untere Bereich und die Griffe aus farblich abgestimmter [&hellip;]","og_url":"https:\/\/pen.eu\/ch\/produkt\/baumwolltasche-unity\/","og_site_name":"PEN.EU","article_modified_time":"2026-01-22T09:52:01+00:00","og_image":[{"width":2000,"height":2000,"url":"https:\/\/pen.eu\/wp-content\/uploads\/2024\/11\/051403712-GS.jpg","type":"image\/jpeg"}],"twitter_card":"summary_large_image","schema":{"@context":"https:\/\/schema.org","@graph":[{"@type":"WebPage","@id":"https:\/\/pen.eu\/produkt\/baumwolltasche-unity\/","url":"https:\/\/pen.eu\/produkt\/baumwolltasche-unity\/","name":"Baumwolltasche \"Unity\" - PEN.EU","isPartOf":{"@id":"https:\/\/pen.eu\/#website"},"primaryImageOfPage":{"@id":"https:\/\/pen.eu\/produkt\/baumwolltasche-unity\/#primaryimage"},"image":{"@id":"https:\/\/pen.eu\/produkt\/baumwolltasche-unity\/#primaryimage"},"thumbnailUrl":"https:\/\/pen.eu\/wp-content\/uploads\/2024\/11\/051403712-GS.jpg","datePublished":"2024-11-05T15:19:35+00:00","dateModified":"2026-01-22T09:52:01+00:00","breadcrumb":{"@id":"https:\/\/pen.eu\/produkt\/baumwolltasche-unity\/#breadcrumb"},"inLanguage":"de-CH","potentialAction":[{"@type":"ReadAction","target":["https:\/\/pen.eu\/produkt\/baumwolltasche-unity\/"]}]},{"@type":"ImageObject","inLanguage":"de-CH","@id":"https:\/\/pen.eu\/produkt\/baumwolltasche-unity\/#primaryimage","url":"https:\/\/pen.eu\/wp-content\/uploads\/2024\/11\/051403712-GS.jpg","contentUrl":"https:\/\/pen.eu\/wp-content\/uploads\/2024\/11\/051403712-GS.jpg","width":2000,"height":2000},{"@type":"BreadcrumbList","@id":"https:\/\/pen.eu\/produkt\/baumwolltasche-unity\/#breadcrumb","itemListElement":[{"@type":"ListItem","position":1,"name":"Home","item":"https:\/\/pen.eu\/"},{"@type":"ListItem","position":2,"name":"Shop","item":"https:\/\/pen.eu\/ch\/shop\/"},{"@type":"ListItem","position":3,"name":"Baumwolltasche &#8220;Unity&#8221;"}]},{"@type":"WebSite","@id":"https:\/\/pen.eu\/#website","url":"https:\/\/pen.eu\/","name":"PEN.EU","description":"Kugelschreiber bedrucken mit Logo | pen.eu","potentialAction":[{"@type":"SearchAction","target":{"@type":"EntryPoint","urlTemplate":"https:\/\/pen.eu\/?s={search_term_string}"},"query-input":{"@type":"PropertyValueSpecification","valueRequired":true,"valueName":"search_term_string"}}],"inLanguage":"de-CH"}]}},"_links":{"self":[{"href":"https:\/\/pen.eu\/ch\/wp-json\/wp\/v2\/product\/8920","targetHints":{"allow":["GET"]}}],"collection":[{"href":"https:\/\/pen.eu\/ch\/wp-json\/wp\/v2\/product"}],"about":[{"href":"https:\/\/pen.eu\/ch\/wp-json\/wp\/v2\/types\/product"}],"replies":[{"embeddable":true,"href":"https:\/\/pen.eu\/ch\/wp-json\/wp\/v2\/comments?post=8920"}],"wp:featuredmedia":[{"embeddable":true,"href":"https:\/\/pen.eu\/ch\/wp-json\/wp\/v2\/media\/8929"}],"wp:attachment":[{"href":"https:\/\/pen.eu\/ch\/wp-json\/wp\/v2\/media?parent=8920"}],"wp:term":[{"taxonomy":"product_brand","embeddable":true,"href":"https:\/\/pen.eu\/ch\/wp-json\/wp\/v2\/product_brand?post=8920"},{"taxonomy":"product_cat","embeddable":true,"href":"https:\/\/pen.eu\/ch\/wp-json\/wp\/v2\/product_cat?post=8920"},{"taxonomy":"product_tag","embeddable":true,"href":"https:\/\/pen.eu\/ch\/wp-json\/wp\/v2\/product_tag?post=8920"}],"curies":[{"name":"wp","href":"https:\/\/api.w.org\/{rel}","templated":true}]}}