{"id":9165,"date":"2024-11-08T08:11:38","date_gmt":"2024-11-08T07:11:38","guid":{"rendered":"https:\/\/v2.frank-pen.de\/?post_type=product&#038;p=9165"},"modified":"2025-09-29T15:58:45","modified_gmt":"2025-09-29T13:58:45","slug":"kugelschreiber-oasis-gel","status":"publish","type":"product","link":"https:\/\/pen.eu\/ch\/produkt\/kugelschreiber-oasis-gel\/","title":{"rendered":"Kugelschreiber &#8220;Oasis Gel&#8221;"},"content":{"rendered":"<p>Erleben Sie fl\u00fcssiges Schreiben mit dem Kugelschreiber &#8220;Oasis Gel&#8221;. Dieser elegante Druckkugelschreiber aus hochwertigem ABS-Kunststoff kombiniert lebendige Farben mit einem komfortablen Griff und sorgt dank seiner geschmeidigen Gel-Tinte f\u00fcr ein angenehmes Schreibgef\u00fchl. Die farbige Gummitextur verleiht ihm eine moderne Note, w\u00e4hrend die verchromte Spitze, der Ring, der Clip und der Kolben f\u00fcr eine edle Optik sorgen. Zus\u00e4tzlich erm\u00f6glicht der integrierte Stylus einen reibungslosen Wechsel zwischen Papier und digitalen Ger\u00e4ten \u2013 perfekt f\u00fcr den Alltag.<\/p>","protected":false},"excerpt":{"rendered":"<p>Erleben Sie fl\u00fcssiges Schreiben mit dem Kugelschreiber &#8220;Oasis Gel&#8221;. Dieser elegante Druckkugelschreiber aus hochwertigem ABS-Kunststoff kombiniert lebendige Farben mit einem komfortablen Griff und sorgt dank seiner geschmeidigen Gel-Tinte f\u00fcr ein angenehmes Schreibgef\u00fchl. Die farbige Gummitextur verleiht ihm eine moderne Note, w\u00e4hrend die verchromte Spitze, der Ring, der Clip und der Kolben f\u00fcr eine edle Optik [&hellip;]<\/p>\n","protected":false},"featured_media":9212,"comment_status":"open","ping_status":"closed","template":"","meta":[],"product_brand":[],"product_cat":[310,247],"product_tag":[504,782,657,505,776],"class_list":{"0":"post-9165","1":"product","2":"type-product","3":"status-publish","4":"has-post-thumbnail","6":"product_cat-kugelschreiber-aus-kunststoff","7":"product_cat-schreibgeraete","8":"product_tag-ajs","9":"product_tag-left-63","10":"product_tag-shortpen","11":"product_tag-smoothwrite","12":"product_tag-top-50-5","13":"pa_eigenschaft-gel-kugelschreiber","14":"pa_eigenschaft-soft-touch","15":"pa_eigenschaft-stylus","16":"pa_farbe-dunkelblau","17":"pa_farbe-gelb","18":"pa_farbe-gruen","19":"pa_farbe-hellblau","20":"pa_farbe-rot","21":"pa_material-kunststoff","22":"pa_mindestmenge-486","23":"pa_werbeanbringung-digitaldruck","24":"pa_werbeanbringung-siebdruck","26":"first","27":"instock","28":"taxable","29":"shipping-taxable","30":"purchasable","31":"product-type-variable","32":"has-default-attributes","33":"add-to-wishlist-after_add_to_cart"},"yoast_head":"<!-- This site is optimized with the Yoast SEO plugin v27.4 - https:\/\/yoast.com\/product\/yoast-seo-wordpress\/ -->\n<title>Kugelschreiber &quot;Oasis Gel&quot; - PEN.EU<\/title>\n<meta name=\"robots\" content=\"index, follow, max-snippet:-1, max-image-preview:large, max-video-preview:-1\" \/>\n<link rel=\"canonical\" href=\"https:\/\/pen.eu\/ch\/produkt\/kugelschreiber-oasis-gel\/\" \/>\n<meta property=\"og:locale\" content=\"de_DE\" \/>\n<meta property=\"og:type\" content=\"article\" \/>\n<meta property=\"og:title\" content=\"Kugelschreiber &quot;Oasis Gel&quot; - PEN.EU\" \/>\n<meta property=\"og:description\" content=\"Erleben Sie fl\u00fcssiges Schreiben mit dem Kugelschreiber &#8220;Oasis Gel&#8221;. Dieser elegante Druckkugelschreiber aus hochwertigem ABS-Kunststoff kombiniert lebendige Farben mit einem komfortablen Griff und sorgt dank seiner geschmeidigen Gel-Tinte f\u00fcr ein angenehmes Schreibgef\u00fchl. Die farbige Gummitextur verleiht ihm eine moderne Note, w\u00e4hrend die verchromte Spitze, der Ring, der Clip und der Kolben f\u00fcr eine edle Optik [&hellip;]\" \/>\n<meta property=\"og:url\" content=\"https:\/\/pen.eu\/ch\/produkt\/kugelschreiber-oasis-gel\/\" \/>\n<meta property=\"og:site_name\" content=\"PEN.EU\" \/>\n<meta property=\"article:modified_time\" content=\"2025-09-29T13:58:45+00:00\" \/>\n<meta property=\"og:image\" content=\"https:\/\/pen.eu\/wp-content\/uploads\/2024\/11\/051201204-MB-GDD.jpg\" \/>\n\t<meta property=\"og:image:width\" content=\"1800\" \/>\n\t<meta property=\"og:image:height\" content=\"1800\" \/>\n\t<meta property=\"og:image:type\" content=\"image\/jpeg\" \/>\n<meta name=\"twitter:card\" content=\"summary_large_image\" \/>\n<script type=\"application\/ld+json\" class=\"yoast-schema-graph\">{\"@context\":\"https:\\\/\\\/schema.org\",\"@graph\":[{\"@type\":\"WebPage\",\"@id\":\"https:\\\/\\\/pen.eu\\\/produkt\\\/kugelschreiber-oasis-gel\\\/\",\"url\":\"https:\\\/\\\/pen.eu\\\/produkt\\\/kugelschreiber-oasis-gel\\\/\",\"name\":\"Kugelschreiber \\\"Oasis Gel\\\" - PEN.EU\",\"isPartOf\":{\"@id\":\"https:\\\/\\\/pen.eu\\\/#website\"},\"primaryImageOfPage\":{\"@id\":\"https:\\\/\\\/pen.eu\\\/produkt\\\/kugelschreiber-oasis-gel\\\/#primaryimage\"},\"image\":{\"@id\":\"https:\\\/\\\/pen.eu\\\/produkt\\\/kugelschreiber-oasis-gel\\\/#primaryimage\"},\"thumbnailUrl\":\"https:\\\/\\\/pen.eu\\\/wp-content\\\/uploads\\\/2024\\\/11\\\/051201204-MB-GDD.jpg\",\"datePublished\":\"2024-11-08T07:11:38+00:00\",\"dateModified\":\"2025-09-29T13:58:45+00:00\",\"breadcrumb\":{\"@id\":\"https:\\\/\\\/pen.eu\\\/produkt\\\/kugelschreiber-oasis-gel\\\/#breadcrumb\"},\"inLanguage\":\"de-CH\",\"potentialAction\":[{\"@type\":\"ReadAction\",\"target\":[\"https:\\\/\\\/pen.eu\\\/produkt\\\/kugelschreiber-oasis-gel\\\/\"]}]},{\"@type\":\"ImageObject\",\"inLanguage\":\"de-CH\",\"@id\":\"https:\\\/\\\/pen.eu\\\/produkt\\\/kugelschreiber-oasis-gel\\\/#primaryimage\",\"url\":\"https:\\\/\\\/pen.eu\\\/wp-content\\\/uploads\\\/2024\\\/11\\\/051201204-MB-GDD.jpg\",\"contentUrl\":\"https:\\\/\\\/pen.eu\\\/wp-content\\\/uploads\\\/2024\\\/11\\\/051201204-MB-GDD.jpg\",\"width\":1800,\"height\":1800},{\"@type\":\"BreadcrumbList\",\"@id\":\"https:\\\/\\\/pen.eu\\\/produkt\\\/kugelschreiber-oasis-gel\\\/#breadcrumb\",\"itemListElement\":[{\"@type\":\"ListItem\",\"position\":1,\"name\":\"Home\",\"item\":\"https:\\\/\\\/pen.eu\\\/\"},{\"@type\":\"ListItem\",\"position\":2,\"name\":\"Shop\",\"item\":\"https:\\\/\\\/pen.eu\\\/ch\\\/shop\\\/\"},{\"@type\":\"ListItem\",\"position\":3,\"name\":\"Kugelschreiber &#8220;Oasis Gel&#8221;\"}]},{\"@type\":\"WebSite\",\"@id\":\"https:\\\/\\\/pen.eu\\\/#website\",\"url\":\"https:\\\/\\\/pen.eu\\\/\",\"name\":\"PEN.EU\",\"description\":\"Kugelschreiber bedrucken mit Logo | pen.eu\",\"potentialAction\":[{\"@type\":\"SearchAction\",\"target\":{\"@type\":\"EntryPoint\",\"urlTemplate\":\"https:\\\/\\\/pen.eu\\\/?s={search_term_string}\"},\"query-input\":{\"@type\":\"PropertyValueSpecification\",\"valueRequired\":true,\"valueName\":\"search_term_string\"}}],\"inLanguage\":\"de-CH\"}]}<\/script>\n<!-- \/ Yoast SEO plugin. -->","yoast_head_json":{"title":"Kugelschreiber \"Oasis Gel\" - PEN.EU","robots":{"index":"index","follow":"follow","max-snippet":"max-snippet:-1","max-image-preview":"max-image-preview:large","max-video-preview":"max-video-preview:-1"},"canonical":"https:\/\/pen.eu\/ch\/produkt\/kugelschreiber-oasis-gel\/","og_locale":"de_DE","og_type":"article","og_title":"Kugelschreiber \"Oasis Gel\" - PEN.EU","og_description":"Erleben Sie fl\u00fcssiges Schreiben mit dem Kugelschreiber &#8220;Oasis Gel&#8221;. Dieser elegante Druckkugelschreiber aus hochwertigem ABS-Kunststoff kombiniert lebendige Farben mit einem komfortablen Griff und sorgt dank seiner geschmeidigen Gel-Tinte f\u00fcr ein angenehmes Schreibgef\u00fchl. Die farbige Gummitextur verleiht ihm eine moderne Note, w\u00e4hrend die verchromte Spitze, der Ring, der Clip und der Kolben f\u00fcr eine edle Optik [&hellip;]","og_url":"https:\/\/pen.eu\/ch\/produkt\/kugelschreiber-oasis-gel\/","og_site_name":"PEN.EU","article_modified_time":"2025-09-29T13:58:45+00:00","og_image":[{"width":1800,"height":1800,"url":"https:\/\/pen.eu\/wp-content\/uploads\/2024\/11\/051201204-MB-GDD.jpg","type":"image\/jpeg"}],"twitter_card":"summary_large_image","schema":{"@context":"https:\/\/schema.org","@graph":[{"@type":"WebPage","@id":"https:\/\/pen.eu\/produkt\/kugelschreiber-oasis-gel\/","url":"https:\/\/pen.eu\/produkt\/kugelschreiber-oasis-gel\/","name":"Kugelschreiber \"Oasis Gel\" - PEN.EU","isPartOf":{"@id":"https:\/\/pen.eu\/#website"},"primaryImageOfPage":{"@id":"https:\/\/pen.eu\/produkt\/kugelschreiber-oasis-gel\/#primaryimage"},"image":{"@id":"https:\/\/pen.eu\/produkt\/kugelschreiber-oasis-gel\/#primaryimage"},"thumbnailUrl":"https:\/\/pen.eu\/wp-content\/uploads\/2024\/11\/051201204-MB-GDD.jpg","datePublished":"2024-11-08T07:11:38+00:00","dateModified":"2025-09-29T13:58:45+00:00","breadcrumb":{"@id":"https:\/\/pen.eu\/produkt\/kugelschreiber-oasis-gel\/#breadcrumb"},"inLanguage":"de-CH","potentialAction":[{"@type":"ReadAction","target":["https:\/\/pen.eu\/produkt\/kugelschreiber-oasis-gel\/"]}]},{"@type":"ImageObject","inLanguage":"de-CH","@id":"https:\/\/pen.eu\/produkt\/kugelschreiber-oasis-gel\/#primaryimage","url":"https:\/\/pen.eu\/wp-content\/uploads\/2024\/11\/051201204-MB-GDD.jpg","contentUrl":"https:\/\/pen.eu\/wp-content\/uploads\/2024\/11\/051201204-MB-GDD.jpg","width":1800,"height":1800},{"@type":"BreadcrumbList","@id":"https:\/\/pen.eu\/produkt\/kugelschreiber-oasis-gel\/#breadcrumb","itemListElement":[{"@type":"ListItem","position":1,"name":"Home","item":"https:\/\/pen.eu\/"},{"@type":"ListItem","position":2,"name":"Shop","item":"https:\/\/pen.eu\/ch\/shop\/"},{"@type":"ListItem","position":3,"name":"Kugelschreiber &#8220;Oasis Gel&#8221;"}]},{"@type":"WebSite","@id":"https:\/\/pen.eu\/#website","url":"https:\/\/pen.eu\/","name":"PEN.EU","description":"Kugelschreiber bedrucken mit Logo | pen.eu","potentialAction":[{"@type":"SearchAction","target":{"@type":"EntryPoint","urlTemplate":"https:\/\/pen.eu\/?s={search_term_string}"},"query-input":{"@type":"PropertyValueSpecification","valueRequired":true,"valueName":"search_term_string"}}],"inLanguage":"de-CH"}]}},"_links":{"self":[{"href":"https:\/\/pen.eu\/ch\/wp-json\/wp\/v2\/product\/9165","targetHints":{"allow":["GET"]}}],"collection":[{"href":"https:\/\/pen.eu\/ch\/wp-json\/wp\/v2\/product"}],"about":[{"href":"https:\/\/pen.eu\/ch\/wp-json\/wp\/v2\/types\/product"}],"replies":[{"embeddable":true,"href":"https:\/\/pen.eu\/ch\/wp-json\/wp\/v2\/comments?post=9165"}],"wp:featuredmedia":[{"embeddable":true,"href":"https:\/\/pen.eu\/ch\/wp-json\/wp\/v2\/media\/9212"}],"wp:attachment":[{"href":"https:\/\/pen.eu\/ch\/wp-json\/wp\/v2\/media?parent=9165"}],"wp:term":[{"taxonomy":"product_brand","embeddable":true,"href":"https:\/\/pen.eu\/ch\/wp-json\/wp\/v2\/product_brand?post=9165"},{"taxonomy":"product_cat","embeddable":true,"href":"https:\/\/pen.eu\/ch\/wp-json\/wp\/v2\/product_cat?post=9165"},{"taxonomy":"product_tag","embeddable":true,"href":"https:\/\/pen.eu\/ch\/wp-json\/wp\/v2\/product_tag?post=9165"}],"curies":[{"name":"wp","href":"https:\/\/api.w.org\/{rel}","templated":true}]}}