{"id":9441,"date":"2024-11-10T17:03:10","date_gmt":"2024-11-10T16:03:10","guid":{"rendered":"https:\/\/v2.frank-pen.de\/?post_type=product&#038;p=9441"},"modified":"2025-12-15T08:06:43","modified_gmt":"2025-12-15T07:06:43","slug":"kugelschreiber-alpha-arden","status":"publish","type":"product","link":"https:\/\/pen.eu\/ch\/produkt\/kugelschreiber-alpha-arden\/","title":{"rendered":"Kugelschreiber &#8220;Alpha Arden&#8221;"},"content":{"rendered":"<p>Der angenehm weiche Schaft (Soft-Touch) und die praktische Stylus-Funktion machen den Kugelschreiber &#8220;Alpha Arden&#8221; zu einem beliebten Werbeartikel. Mit eleganten Chrom-Akzenten und Ihrer pr\u00e4zise personalisierten Botschaft wird er zu einem Werbegeschenk, das Ihre Marke ins Rampenlicht r\u00fcckt. Sie k\u00f6nnen dieses meistverkaufte Modell entweder mit einer hochwertigen Lasergravur oder einem lebendigen Digitaldruck individuell gestalten, um die Farben Ihrer Marke in ihrer ganzen Strahlkraft zu pr\u00e4sentieren. 0511013<\/p>\n<p>&nbsp;<\/p>","protected":false},"excerpt":{"rendered":"<p>Der angenehm weiche Schaft (Soft-Touch) und die praktische Stylus-Funktion machen den Kugelschreiber &#8220;Alpha Arden&#8221; zu einem beliebten Werbeartikel. Mit eleganten Chrom-Akzenten und Ihrer pr\u00e4zise personalisierten Botschaft wird er zu einem Werbegeschenk, das Ihre Marke ins Rampenlicht r\u00fcckt. Sie k\u00f6nnen dieses meistverkaufte Modell entweder mit einer hochwertigen Lasergravur oder einem lebendigen Digitaldruck individuell gestalten, um die [&hellip;]<\/p>\n","protected":false},"featured_media":9527,"comment_status":"open","ping_status":"closed","template":"","meta":[],"product_brand":[],"product_cat":[309,247],"product_tag":[648,649,658,538,650],"class_list":{"0":"post-9441","1":"product","2":"type-product","3":"status-publish","4":"has-post-thumbnail","6":"product_cat-kugelschreiber-aus-metall","7":"product_cat-schreibgeraete","8":"product_tag-2303-fp-1013","9":"product_tag-lns","10":"product_tag-longpen","11":"product_tag-miami","12":"product_tag-wfdl601a","13":"pa_eigenschaft-bestseller","14":"pa_eigenschaft-soft-touch","15":"pa_eigenschaft-stylus","16":"pa_farbe-anthrazit","17":"pa_farbe-dunkelblau","18":"pa_farbe-dunkelgruen","19":"pa_farbe-dunkellila","20":"pa_farbe-dunkelrot","21":"pa_farbe-gelb","22":"pa_farbe-gruen","23":"pa_farbe-hellblau","24":"pa_farbe-marine","25":"pa_farbe-orange","26":"pa_farbe-pink","27":"pa_farbe-rot","28":"pa_farbe-schwarz","29":"pa_farbe-weiss","30":"pa_material-metall","31":"pa_mindestmenge-24","32":"pa_werbeanbringung-digitaldruck","33":"pa_werbeanbringung-lasergravur","35":"first","36":"instock","37":"taxable","38":"shipping-taxable","39":"purchasable","40":"product-type-variable","41":"has-default-attributes","42":"add-to-wishlist-after_add_to_cart"},"yoast_head":"<!-- This site is optimized with the Yoast SEO plugin v27.4 - https:\/\/yoast.com\/product\/yoast-seo-wordpress\/ -->\n<title>Kugelschreiber &quot;Alpha Arden&quot; - PEN.EU<\/title>\n<meta name=\"robots\" content=\"index, follow, max-snippet:-1, max-image-preview:large, max-video-preview:-1\" \/>\n<link rel=\"canonical\" href=\"https:\/\/pen.eu\/ch\/produkt\/kugelschreiber-alpha-arden\/\" \/>\n<meta property=\"og:locale\" content=\"de_DE\" \/>\n<meta property=\"og:type\" content=\"article\" \/>\n<meta property=\"og:title\" content=\"Kugelschreiber &quot;Alpha Arden&quot; - PEN.EU\" \/>\n<meta property=\"og:description\" content=\"Der angenehm weiche Schaft (Soft-Touch) und die praktische Stylus-Funktion machen den Kugelschreiber &#8220;Alpha Arden&#8221; zu einem beliebten Werbeartikel. Mit eleganten Chrom-Akzenten und Ihrer pr\u00e4zise personalisierten Botschaft wird er zu einem Werbegeschenk, das Ihre Marke ins Rampenlicht r\u00fcckt. Sie k\u00f6nnen dieses meistverkaufte Modell entweder mit einer hochwertigen Lasergravur oder einem lebendigen Digitaldruck individuell gestalten, um die [&hellip;]\" \/>\n<meta property=\"og:url\" content=\"https:\/\/pen.eu\/ch\/produkt\/kugelschreiber-alpha-arden\/\" \/>\n<meta property=\"og:site_name\" content=\"PEN.EU\" \/>\n<meta property=\"article:modified_time\" content=\"2025-12-15T07:06:43+00:00\" \/>\n<meta property=\"og:image\" content=\"https:\/\/pen.eu\/wp-content\/uploads\/2024\/11\/0511013140-MS-GDD.jpg\" \/>\n\t<meta property=\"og:image:width\" content=\"600\" \/>\n\t<meta property=\"og:image:height\" content=\"600\" \/>\n\t<meta property=\"og:image:type\" content=\"image\/jpeg\" \/>\n<meta name=\"twitter:card\" content=\"summary_large_image\" \/>\n<script type=\"application\/ld+json\" class=\"yoast-schema-graph\">{\"@context\":\"https:\\\/\\\/schema.org\",\"@graph\":[{\"@type\":\"WebPage\",\"@id\":\"https:\\\/\\\/pen.eu\\\/produkt\\\/kugelschreiber-alpha-arden\\\/\",\"url\":\"https:\\\/\\\/pen.eu\\\/produkt\\\/kugelschreiber-alpha-arden\\\/\",\"name\":\"Kugelschreiber \\\"Alpha Arden\\\" - PEN.EU\",\"isPartOf\":{\"@id\":\"https:\\\/\\\/pen.eu\\\/#website\"},\"primaryImageOfPage\":{\"@id\":\"https:\\\/\\\/pen.eu\\\/produkt\\\/kugelschreiber-alpha-arden\\\/#primaryimage\"},\"image\":{\"@id\":\"https:\\\/\\\/pen.eu\\\/produkt\\\/kugelschreiber-alpha-arden\\\/#primaryimage\"},\"thumbnailUrl\":\"https:\\\/\\\/pen.eu\\\/wp-content\\\/uploads\\\/2024\\\/11\\\/0511013140-MS-GDD.jpg\",\"datePublished\":\"2024-11-10T16:03:10+00:00\",\"dateModified\":\"2025-12-15T07:06:43+00:00\",\"breadcrumb\":{\"@id\":\"https:\\\/\\\/pen.eu\\\/produkt\\\/kugelschreiber-alpha-arden\\\/#breadcrumb\"},\"inLanguage\":\"de-CH\",\"potentialAction\":[{\"@type\":\"ReadAction\",\"target\":[\"https:\\\/\\\/pen.eu\\\/produkt\\\/kugelschreiber-alpha-arden\\\/\"]}]},{\"@type\":\"ImageObject\",\"inLanguage\":\"de-CH\",\"@id\":\"https:\\\/\\\/pen.eu\\\/produkt\\\/kugelschreiber-alpha-arden\\\/#primaryimage\",\"url\":\"https:\\\/\\\/pen.eu\\\/wp-content\\\/uploads\\\/2024\\\/11\\\/0511013140-MS-GDD.jpg\",\"contentUrl\":\"https:\\\/\\\/pen.eu\\\/wp-content\\\/uploads\\\/2024\\\/11\\\/0511013140-MS-GDD.jpg\",\"width\":600,\"height\":600},{\"@type\":\"BreadcrumbList\",\"@id\":\"https:\\\/\\\/pen.eu\\\/produkt\\\/kugelschreiber-alpha-arden\\\/#breadcrumb\",\"itemListElement\":[{\"@type\":\"ListItem\",\"position\":1,\"name\":\"Home\",\"item\":\"https:\\\/\\\/pen.eu\\\/\"},{\"@type\":\"ListItem\",\"position\":2,\"name\":\"Shop\",\"item\":\"https:\\\/\\\/pen.eu\\\/ch\\\/shop\\\/\"},{\"@type\":\"ListItem\",\"position\":3,\"name\":\"Kugelschreiber &#8220;Alpha Arden&#8221;\"}]},{\"@type\":\"WebSite\",\"@id\":\"https:\\\/\\\/pen.eu\\\/#website\",\"url\":\"https:\\\/\\\/pen.eu\\\/\",\"name\":\"PEN.EU\",\"description\":\"Kugelschreiber bedrucken mit Logo | pen.eu\",\"potentialAction\":[{\"@type\":\"SearchAction\",\"target\":{\"@type\":\"EntryPoint\",\"urlTemplate\":\"https:\\\/\\\/pen.eu\\\/?s={search_term_string}\"},\"query-input\":{\"@type\":\"PropertyValueSpecification\",\"valueRequired\":true,\"valueName\":\"search_term_string\"}}],\"inLanguage\":\"de-CH\"}]}<\/script>\n<!-- \/ Yoast SEO plugin. -->","yoast_head_json":{"title":"Kugelschreiber \"Alpha Arden\" - PEN.EU","robots":{"index":"index","follow":"follow","max-snippet":"max-snippet:-1","max-image-preview":"max-image-preview:large","max-video-preview":"max-video-preview:-1"},"canonical":"https:\/\/pen.eu\/ch\/produkt\/kugelschreiber-alpha-arden\/","og_locale":"de_DE","og_type":"article","og_title":"Kugelschreiber \"Alpha Arden\" - PEN.EU","og_description":"Der angenehm weiche Schaft (Soft-Touch) und die praktische Stylus-Funktion machen den Kugelschreiber &#8220;Alpha Arden&#8221; zu einem beliebten Werbeartikel. Mit eleganten Chrom-Akzenten und Ihrer pr\u00e4zise personalisierten Botschaft wird er zu einem Werbegeschenk, das Ihre Marke ins Rampenlicht r\u00fcckt. Sie k\u00f6nnen dieses meistverkaufte Modell entweder mit einer hochwertigen Lasergravur oder einem lebendigen Digitaldruck individuell gestalten, um die [&hellip;]","og_url":"https:\/\/pen.eu\/ch\/produkt\/kugelschreiber-alpha-arden\/","og_site_name":"PEN.EU","article_modified_time":"2025-12-15T07:06:43+00:00","og_image":[{"width":600,"height":600,"url":"https:\/\/pen.eu\/wp-content\/uploads\/2024\/11\/0511013140-MS-GDD.jpg","type":"image\/jpeg"}],"twitter_card":"summary_large_image","schema":{"@context":"https:\/\/schema.org","@graph":[{"@type":"WebPage","@id":"https:\/\/pen.eu\/produkt\/kugelschreiber-alpha-arden\/","url":"https:\/\/pen.eu\/produkt\/kugelschreiber-alpha-arden\/","name":"Kugelschreiber \"Alpha Arden\" - PEN.EU","isPartOf":{"@id":"https:\/\/pen.eu\/#website"},"primaryImageOfPage":{"@id":"https:\/\/pen.eu\/produkt\/kugelschreiber-alpha-arden\/#primaryimage"},"image":{"@id":"https:\/\/pen.eu\/produkt\/kugelschreiber-alpha-arden\/#primaryimage"},"thumbnailUrl":"https:\/\/pen.eu\/wp-content\/uploads\/2024\/11\/0511013140-MS-GDD.jpg","datePublished":"2024-11-10T16:03:10+00:00","dateModified":"2025-12-15T07:06:43+00:00","breadcrumb":{"@id":"https:\/\/pen.eu\/produkt\/kugelschreiber-alpha-arden\/#breadcrumb"},"inLanguage":"de-CH","potentialAction":[{"@type":"ReadAction","target":["https:\/\/pen.eu\/produkt\/kugelschreiber-alpha-arden\/"]}]},{"@type":"ImageObject","inLanguage":"de-CH","@id":"https:\/\/pen.eu\/produkt\/kugelschreiber-alpha-arden\/#primaryimage","url":"https:\/\/pen.eu\/wp-content\/uploads\/2024\/11\/0511013140-MS-GDD.jpg","contentUrl":"https:\/\/pen.eu\/wp-content\/uploads\/2024\/11\/0511013140-MS-GDD.jpg","width":600,"height":600},{"@type":"BreadcrumbList","@id":"https:\/\/pen.eu\/produkt\/kugelschreiber-alpha-arden\/#breadcrumb","itemListElement":[{"@type":"ListItem","position":1,"name":"Home","item":"https:\/\/pen.eu\/"},{"@type":"ListItem","position":2,"name":"Shop","item":"https:\/\/pen.eu\/ch\/shop\/"},{"@type":"ListItem","position":3,"name":"Kugelschreiber &#8220;Alpha Arden&#8221;"}]},{"@type":"WebSite","@id":"https:\/\/pen.eu\/#website","url":"https:\/\/pen.eu\/","name":"PEN.EU","description":"Kugelschreiber bedrucken mit Logo | pen.eu","potentialAction":[{"@type":"SearchAction","target":{"@type":"EntryPoint","urlTemplate":"https:\/\/pen.eu\/?s={search_term_string}"},"query-input":{"@type":"PropertyValueSpecification","valueRequired":true,"valueName":"search_term_string"}}],"inLanguage":"de-CH"}]}},"_links":{"self":[{"href":"https:\/\/pen.eu\/ch\/wp-json\/wp\/v2\/product\/9441","targetHints":{"allow":["GET"]}}],"collection":[{"href":"https:\/\/pen.eu\/ch\/wp-json\/wp\/v2\/product"}],"about":[{"href":"https:\/\/pen.eu\/ch\/wp-json\/wp\/v2\/types\/product"}],"replies":[{"embeddable":true,"href":"https:\/\/pen.eu\/ch\/wp-json\/wp\/v2\/comments?post=9441"}],"wp:featuredmedia":[{"embeddable":true,"href":"https:\/\/pen.eu\/ch\/wp-json\/wp\/v2\/media\/9527"}],"wp:attachment":[{"href":"https:\/\/pen.eu\/ch\/wp-json\/wp\/v2\/media?parent=9441"}],"wp:term":[{"taxonomy":"product_brand","embeddable":true,"href":"https:\/\/pen.eu\/ch\/wp-json\/wp\/v2\/product_brand?post=9441"},{"taxonomy":"product_cat","embeddable":true,"href":"https:\/\/pen.eu\/ch\/wp-json\/wp\/v2\/product_cat?post=9441"},{"taxonomy":"product_tag","embeddable":true,"href":"https:\/\/pen.eu\/ch\/wp-json\/wp\/v2\/product_tag?post=9441"}],"curies":[{"name":"wp","href":"https:\/\/api.w.org\/{rel}","templated":true}]}}