{"id":11201,"date":"2024-12-13T10:32:32","date_gmt":"2024-12-13T09:32:32","guid":{"rendered":"https:\/\/v2.frank-pen.de\/?page_id=11201"},"modified":"2025-06-17T20:17:50","modified_gmt":"2025-06-17T18:17:50","slug":"zufriedenheitsgarantie","status":"publish","type":"page","link":"https:\/\/pen.eu\/en\/zufriedenheitsgarantie\/","title":{"rendered":"Satisfaction guarantee"},"content":{"rendered":"<div data-elementor-type=\"wp-page\" data-elementor-id=\"11201\" class=\"elementor elementor-11201\">\n\t\t\t\t\t\t<section class=\"elementor-section elementor-top-section elementor-element elementor-element-3910226 elementor-section-content-middle elementor-section-boxed elementor-section-height-default elementor-section-height-default\" data-id=\"3910226\" data-element_type=\"section\" data-e-type=\"section\" id=\"aboutus\">\r\n\t\t\r\n\t\t\t\t\t\t\t<div class=\"elementor-container elementor-column-gap-default\">\r\n\t\t\t\t\t\t\t\t\t\t\t<div class=\"elementor-column elementor-col-50 elementor-top-column elementor-element elementor-element-faf8c50 mb-5 mb-lg-0\" data-id=\"faf8c50\" data-element_type=\"column\" data-e-type=\"column\">\r\n\t\t\t\t\t<div class=\"elementor-widget-wrap elementor-element-populated\">\r\n\t\t\t\t\t\t\t\t<div class=\"elementor-section elementor-inner-section elementor-element elementor-element-c699a45 elementor-section-boxed elementor-section-height-default elementor-section-height-default\" data-id=\"c699a45\" data-element_type=\"section\" data-e-type=\"section\">\r\n\t\t\r\n\t\t\t\t\t\t\t<div class=\"elementor-container elementor-column-gap-default\">\r\n\t\t\t\t\t\t\t\t\t\t\t<div class=\"elementor-column elementor-col-100 elementor-inner-column elementor-element elementor-element-93a9b67 custom-width-1 custom-height-2 custom-height-1\" data-id=\"93a9b67\" data-element_type=\"column\" data-e-type=\"column\">\r\n\t\t\t\t\t<div class=\"elementor-widget-wrap elementor-element-populated\">\r\n\t\t\t\t\t\t\t\t<div class=\"elementor-element elementor-element-4357a95  mb-4 custom-box-shadow-1 elementor-widget elementor-widget-image\" data-id=\"4357a95\" data-element_type=\"widget\" data-e-type=\"widget\" data-widget_type=\"image.default\">\n\t\t\t\t<div class=\"elementor-widget-container\">\n\t\t\t\t\t\t\t\t\t\t\t\t\t\t\t<img fetchpriority=\"high\" decoding=\"async\" width=\"1000\" height=\"667\" src=\"https:\/\/pen.eu\/wp-content\/uploads\/2025\/06\/smileback.jpg\" class=\"attachment-full size-full wp-image-13588\" alt=\"smileback\" srcset=\"https:\/\/pen.eu\/wp-content\/uploads\/2025\/06\/smileback.jpg 1000w, https:\/\/pen.eu\/wp-content\/uploads\/2025\/06\/smileback-600x400.jpg 600w, https:\/\/pen.eu\/wp-content\/uploads\/2025\/06\/smileback-768x512.jpg 768w, https:\/\/pen.eu\/wp-content\/uploads\/2025\/06\/smileback-640x427.jpg 640w, https:\/\/pen.eu\/wp-content\/uploads\/2025\/06\/smileback-400x267.jpg 400w\" sizes=\"(max-width: 1000px) 100vw, 1000px\" \/>\t\t\t\t\t\t\t\t\t\t\t\t\t\t\t<\/div>\n\t\t\t\t<\/div>\n\t\t\t\t\t<\/div>\r\n\t\t\t\t<\/div>\r\n\t\t\t\t\t<\/div>\r\n\t\t\t\t<\/div>\r\n\t\t\t\t\t<\/div>\r\n\t\t\t\t<\/div>\r\n\t\t\t\t<div class=\"elementor-column elementor-col-50 elementor-top-column elementor-element elementor-element-ae2052d ps-lg-4 ps-xl-5 m-t-n-sm\" data-id=\"ae2052d\" data-element_type=\"column\" data-e-type=\"column\">\r\n\t\t\t\t\t<div class=\"elementor-widget-wrap elementor-element-populated\">\r\n\t\t\t\t\t\t\t\t<div class=\"elementor-element elementor-element-56e6501 elementor-invisible elementor-widget elementor-widget-porto_ultimate_heading\" data-id=\"56e6501\" data-element_type=\"widget\" data-e-type=\"widget\" data-settings=\"{&quot;_animation&quot;:&quot;fadeInUp&quot;,&quot;_animation_delay&quot;:250}\" data-widget_type=\"porto_ultimate_heading.default\">\n\t\t\t\t<div class=\"elementor-widget-container\">\n\t\t\t\t\t<div class=\"porto-u-heading  porto-u-ad87e2eaf3f9c495180fe0156ddf3eb0\"><div class=\"porto-u-main-heading\"><h3    style=\"margin-bottom: 24px;\">100% SmileBack Guarantee<\/h3><\/div><div class=\"porto-u-sub-heading\" style=\"margin-bottom:18px;\"><p data-start=\"53\" data-end=\"325\">At PEN.EU, we go above and beyond to fulfill your order to your complete satisfaction. Does the delivered promotional item not match the digital proof you approved? No problem, you have 14 days to let us know. Together, we\u2019ll find the right solution.<\/p>\n<p data-start=\"527\" data-end=\"682\"><strong data-start=\"527\" data-end=\"571\">Do you need personal assistance?<\/strong><br data-start=\"571\" data-end=\"574\" \/>Our customer service is happy to assist you on weekdays by phone, LiveChat, or email. We look forward to hearing from you!<\/p>\n<p data-start=\"527\" data-end=\"682\">\u00a0<\/p><\/div><style>.porto-u-ad87e2eaf3f9c495180fe0156ddf3eb0.porto-u-heading{text-align:left}<\/style><\/div>\t\t\t\t<\/div>\n\t\t\t\t<\/div>\n\t\t\t\t<div class=\"elementor-element elementor-element-19d40b1 custom-btn-style-1 custom-btn-primary  elementor-invisible elementor-widget elementor-widget-porto_button\" data-id=\"19d40b1\" data-element_type=\"widget\" data-e-type=\"widget\" data-settings=\"{&quot;_animation&quot;:&quot;fadeInUp&quot;,&quot;_animation_delay&quot;:1100}\" data-widget_type=\"porto_button.default\">\n\t\t\t\t<div class=\"elementor-widget-container\">\n\t\t\t\t\t<a aria-label=\"button\" class=\"btn btn-md btn-primary\" href=\"https:\/\/pen.eu\/en\/hilfecenter\/\"><span >To the Help Center<\/span><\/a>\t\t\t\t<\/div>\n\t\t\t\t<\/div>\n\t\t\t\t\t<\/div>\r\n\t\t\t\t<\/div>\r\n\t\t\t\t\t<\/div>\r\n\t\t\t\t<\/section>\r\n\t\t\t\t<\/div>","protected":false},"excerpt":{"rendered":"<p>100% SmileBack Garantie Bei PEN.EU setzen wir alles daran, Ihre Bestellung zu Ihrer vollsten Zufriedenheit umzusetzen. Entspricht der gelieferte Werbeartikel nicht dem digitalen Korrekturabzug den Sie freigegeben haben? Kein Problem \u2013 Sie haben 14 Tage Zeit, uns zu informieren. Gemeinsam finden wir eine passende L\u00f6sung. Sie ben\u00f6tigen pers\u00f6nliche Unterst\u00fctzung?Unser Kundenservice hilft Ihnen werktags gerne weiter [&hellip;]<\/p>\n","protected":false},"author":1,"featured_media":0,"parent":0,"menu_order":0,"comment_status":"closed","ping_status":"closed","template":"","meta":{"footnotes":""},"class_list":["post-11201","page","type-page","status-publish","hentry"],"yoast_head":"<!-- This site is optimized with the Yoast SEO plugin v27.4 - https:\/\/yoast.com\/product\/yoast-seo-wordpress\/ -->\n<title>Zufriedenheitsgarantie - PEN.EU<\/title>\n<meta name=\"robots\" content=\"index, follow, max-snippet:-1, max-image-preview:large, max-video-preview:-1\" \/>\n<link rel=\"canonical\" href=\"https:\/\/pen.eu\/en\/zufriedenheitsgarantie\/\" \/>\n<meta property=\"og:locale\" content=\"en_US\" \/>\n<meta property=\"og:type\" content=\"article\" \/>\n<meta property=\"og:title\" content=\"Zufriedenheitsgarantie - PEN.EU\" \/>\n<meta property=\"og:description\" content=\"100% SmileBack Garantie Bei PEN.EU setzen wir alles daran, Ihre Bestellung zu Ihrer vollsten Zufriedenheit umzusetzen. Entspricht der gelieferte Werbeartikel nicht dem digitalen Korrekturabzug den Sie freigegeben haben? Kein Problem \u2013 Sie haben 14 Tage Zeit, uns zu informieren. Gemeinsam finden wir eine passende L\u00f6sung. Sie ben\u00f6tigen pers\u00f6nliche Unterst\u00fctzung?Unser Kundenservice hilft Ihnen werktags gerne weiter [&hellip;]\" \/>\n<meta property=\"og:url\" content=\"https:\/\/pen.eu\/en\/zufriedenheitsgarantie\/\" \/>\n<meta property=\"og:site_name\" content=\"PEN.EU\" \/>\n<meta property=\"article:modified_time\" content=\"2025-06-17T18:17:50+00:00\" \/>\n<meta property=\"og:image\" content=\"https:\/\/pen.eu\/wp-content\/uploads\/2025\/06\/smileback.jpg\" \/>\n\t<meta property=\"og:image:width\" content=\"1000\" \/>\n\t<meta property=\"og:image:height\" content=\"667\" \/>\n\t<meta property=\"og:image:type\" content=\"image\/jpeg\" \/>\n<meta name=\"twitter:card\" content=\"summary_large_image\" \/>\n<script type=\"application\/ld+json\" class=\"yoast-schema-graph\">{\"@context\":\"https:\\\/\\\/schema.org\",\"@graph\":[{\"@type\":\"WebPage\",\"@id\":\"https:\\\/\\\/pen.eu\\\/zufriedenheitsgarantie\\\/\",\"url\":\"https:\\\/\\\/pen.eu\\\/zufriedenheitsgarantie\\\/\",\"name\":\"Zufriedenheitsgarantie - PEN.EU\",\"isPartOf\":{\"@id\":\"https:\\\/\\\/pen.eu\\\/#website\"},\"primaryImageOfPage\":{\"@id\":\"https:\\\/\\\/pen.eu\\\/zufriedenheitsgarantie\\\/#primaryimage\"},\"image\":{\"@id\":\"https:\\\/\\\/pen.eu\\\/zufriedenheitsgarantie\\\/#primaryimage\"},\"thumbnailUrl\":\"https:\\\/\\\/pen.eu\\\/wp-content\\\/uploads\\\/2025\\\/06\\\/smileback.jpg\",\"datePublished\":\"2024-12-13T09:32:32+00:00\",\"dateModified\":\"2025-06-17T18:17:50+00:00\",\"breadcrumb\":{\"@id\":\"https:\\\/\\\/pen.eu\\\/zufriedenheitsgarantie\\\/#breadcrumb\"},\"inLanguage\":\"en-US\",\"potentialAction\":[{\"@type\":\"ReadAction\",\"target\":[\"https:\\\/\\\/pen.eu\\\/zufriedenheitsgarantie\\\/\"]}]},{\"@type\":\"ImageObject\",\"inLanguage\":\"en-US\",\"@id\":\"https:\\\/\\\/pen.eu\\\/zufriedenheitsgarantie\\\/#primaryimage\",\"url\":\"https:\\\/\\\/pen.eu\\\/wp-content\\\/uploads\\\/2025\\\/06\\\/smileback.jpg\",\"contentUrl\":\"https:\\\/\\\/pen.eu\\\/wp-content\\\/uploads\\\/2025\\\/06\\\/smileback.jpg\"},{\"@type\":\"BreadcrumbList\",\"@id\":\"https:\\\/\\\/pen.eu\\\/zufriedenheitsgarantie\\\/#breadcrumb\",\"itemListElement\":[{\"@type\":\"ListItem\",\"position\":1,\"name\":\"Home\",\"item\":\"https:\\\/\\\/pen.eu\\\/\"},{\"@type\":\"ListItem\",\"position\":2,\"name\":\"Zufriedenheitsgarantie\"}]},{\"@type\":\"WebSite\",\"@id\":\"https:\\\/\\\/pen.eu\\\/#website\",\"url\":\"https:\\\/\\\/pen.eu\\\/\",\"name\":\"PEN.EU\",\"description\":\"Kugelschreiber bedrucken mit Logo | pen.eu\",\"potentialAction\":[{\"@type\":\"SearchAction\",\"target\":{\"@type\":\"EntryPoint\",\"urlTemplate\":\"https:\\\/\\\/pen.eu\\\/?s={search_term_string}\"},\"query-input\":{\"@type\":\"PropertyValueSpecification\",\"valueRequired\":true,\"valueName\":\"search_term_string\"}}],\"inLanguage\":\"en-US\"}]}<\/script>\n<!-- \/ Yoast SEO plugin. -->","yoast_head_json":{"title":"Zufriedenheitsgarantie - PEN.EU","robots":{"index":"index","follow":"follow","max-snippet":"max-snippet:-1","max-image-preview":"max-image-preview:large","max-video-preview":"max-video-preview:-1"},"canonical":"https:\/\/pen.eu\/en\/zufriedenheitsgarantie\/","og_locale":"en_US","og_type":"article","og_title":"Zufriedenheitsgarantie - PEN.EU","og_description":"100% SmileBack Garantie Bei PEN.EU setzen wir alles daran, Ihre Bestellung zu Ihrer vollsten Zufriedenheit umzusetzen. Entspricht der gelieferte Werbeartikel nicht dem digitalen Korrekturabzug den Sie freigegeben haben? Kein Problem \u2013 Sie haben 14 Tage Zeit, uns zu informieren. Gemeinsam finden wir eine passende L\u00f6sung. Sie ben\u00f6tigen pers\u00f6nliche Unterst\u00fctzung?Unser Kundenservice hilft Ihnen werktags gerne weiter [&hellip;]","og_url":"https:\/\/pen.eu\/en\/zufriedenheitsgarantie\/","og_site_name":"PEN.EU","article_modified_time":"2025-06-17T18:17:50+00:00","og_image":[{"width":1000,"height":667,"url":"https:\/\/pen.eu\/wp-content\/uploads\/2025\/06\/smileback.jpg","type":"image\/jpeg"}],"twitter_card":"summary_large_image","schema":{"@context":"https:\/\/schema.org","@graph":[{"@type":"WebPage","@id":"https:\/\/pen.eu\/zufriedenheitsgarantie\/","url":"https:\/\/pen.eu\/zufriedenheitsgarantie\/","name":"Zufriedenheitsgarantie - PEN.EU","isPartOf":{"@id":"https:\/\/pen.eu\/#website"},"primaryImageOfPage":{"@id":"https:\/\/pen.eu\/zufriedenheitsgarantie\/#primaryimage"},"image":{"@id":"https:\/\/pen.eu\/zufriedenheitsgarantie\/#primaryimage"},"thumbnailUrl":"https:\/\/pen.eu\/wp-content\/uploads\/2025\/06\/smileback.jpg","datePublished":"2024-12-13T09:32:32+00:00","dateModified":"2025-06-17T18:17:50+00:00","breadcrumb":{"@id":"https:\/\/pen.eu\/zufriedenheitsgarantie\/#breadcrumb"},"inLanguage":"en-US","potentialAction":[{"@type":"ReadAction","target":["https:\/\/pen.eu\/zufriedenheitsgarantie\/"]}]},{"@type":"ImageObject","inLanguage":"en-US","@id":"https:\/\/pen.eu\/zufriedenheitsgarantie\/#primaryimage","url":"https:\/\/pen.eu\/wp-content\/uploads\/2025\/06\/smileback.jpg","contentUrl":"https:\/\/pen.eu\/wp-content\/uploads\/2025\/06\/smileback.jpg"},{"@type":"BreadcrumbList","@id":"https:\/\/pen.eu\/zufriedenheitsgarantie\/#breadcrumb","itemListElement":[{"@type":"ListItem","position":1,"name":"Home","item":"https:\/\/pen.eu\/"},{"@type":"ListItem","position":2,"name":"Zufriedenheitsgarantie"}]},{"@type":"WebSite","@id":"https:\/\/pen.eu\/#website","url":"https:\/\/pen.eu\/","name":"PEN.EU","description":"Kugelschreiber bedrucken mit Logo | pen.eu","potentialAction":[{"@type":"SearchAction","target":{"@type":"EntryPoint","urlTemplate":"https:\/\/pen.eu\/?s={search_term_string}"},"query-input":{"@type":"PropertyValueSpecification","valueRequired":true,"valueName":"search_term_string"}}],"inLanguage":"en-US"}]}},"_links":{"self":[{"href":"https:\/\/pen.eu\/en\/wp-json\/wp\/v2\/pages\/11201","targetHints":{"allow":["GET"]}}],"collection":[{"href":"https:\/\/pen.eu\/en\/wp-json\/wp\/v2\/pages"}],"about":[{"href":"https:\/\/pen.eu\/en\/wp-json\/wp\/v2\/types\/page"}],"author":[{"embeddable":true,"href":"https:\/\/pen.eu\/en\/wp-json\/wp\/v2\/users\/1"}],"replies":[{"embeddable":true,"href":"https:\/\/pen.eu\/en\/wp-json\/wp\/v2\/comments?post=11201"}],"version-history":[{"count":17,"href":"https:\/\/pen.eu\/en\/wp-json\/wp\/v2\/pages\/11201\/revisions"}],"predecessor-version":[{"id":13591,"href":"https:\/\/pen.eu\/en\/wp-json\/wp\/v2\/pages\/11201\/revisions\/13591"}],"wp:attachment":[{"href":"https:\/\/pen.eu\/en\/wp-json\/wp\/v2\/media?parent=11201"}],"curies":[{"name":"wp","href":"https:\/\/api.w.org\/{rel}","templated":true}]}}