{"id":11549,"date":"2025-03-17T12:30:40","date_gmt":"2025-03-17T11:30:40","guid":{"rendered":"https:\/\/v2.frank-pen.de\/?page_id=11549"},"modified":"2025-06-15T20:39:15","modified_gmt":"2025-06-15T18:39:15","slug":"penpoints","status":"publish","type":"page","link":"https:\/\/pen.eu\/en\/penpoints\/","title":{"rendered":"PenPoints"},"content":{"rendered":"<div data-elementor-type=\"wp-page\" data-elementor-id=\"11549\" class=\"elementor elementor-11549\">\n\t\t\t\t\t\t<section class=\"elementor-section elementor-top-section elementor-element elementor-element-08ed5e1 elementor-section-boxed elementor-section-height-default elementor-section-height-default\" data-id=\"08ed5e1\" data-element_type=\"section\" data-e-type=\"section\" data-settings=\"{&quot;background_background&quot;:&quot;classic&quot;}\">\r\n\t\t\r\n\t\t\t\t\t\t\t<div class=\"elementor-container elementor-column-gap-default\">\r\n\t\t\t\t\t\t\t\t\t\t\t<div class=\"elementor-column elementor-col-50 elementor-top-column elementor-element elementor-element-e19eeea w-xl-41 mb-4 mb-lg-0\" data-id=\"e19eeea\" data-element_type=\"column\" data-e-type=\"column\">\r\n\t\t\t\t\t<div class=\"elementor-widget-wrap elementor-element-populated\">\r\n\t\t\t\t\t\t\t\t<div class=\"elementor-element elementor-element-c55c2de mb-1 elementor-invisible elementor-widget elementor-widget-heading\" data-id=\"c55c2de\" data-element_type=\"widget\" data-e-type=\"widget\" data-settings=\"{&quot;_animation&quot;:&quot;fadeInUp&quot;,&quot;_animation_delay&quot;:700}\" data-widget_type=\"heading.default\">\n\t\t\t\t<div class=\"elementor-widget-container\">\n\t\t\t\t\t<p class=\"elementor-heading-title elementor-size-default\">THE PENPOINT CONCEPT<\/p>\t\t\t\t<\/div>\n\t\t\t\t<\/div>\n\t\t\t\t<div class=\"elementor-element elementor-element-95140a7 mb-4 pb-3 elementor-invisible elementor-widget elementor-widget-heading\" data-id=\"95140a7\" data-element_type=\"widget\" data-e-type=\"widget\" data-settings=\"{&quot;_animation&quot;:&quot;fadeInUp&quot;,&quot;_animation_delay&quot;:900}\" data-widget_type=\"heading.default\">\n\t\t\t\t<div class=\"elementor-widget-container\">\n\t\t\t\t\t<h2 class=\"elementor-heading-title elementor-size-default\">Collect valuable PenPoints and enjoy attractive discounts.<\/h2>\t\t\t\t<\/div>\n\t\t\t\t<\/div>\n\t\t\t\t<div class=\"elementor-element elementor-element-f9f2972 elementor-invisible elementor-widget elementor-widget-text-editor\" data-id=\"f9f2972\" data-element_type=\"widget\" data-e-type=\"widget\" data-settings=\"{&quot;_animation&quot;:&quot;fadeInUp&quot;,&quot;_animation_delay&quot;:1200}\" data-widget_type=\"text-editor.default\">\n\t\t\t\t<div class=\"elementor-widget-container\">\n\t\t\t\t\t\t\t\t\t<p>After your free registration, you\u2019ll get started right away with a welcome bonus. Collecting PenPoints is easy and versatile: you earn them not only for your purchases but also for activities like writing reviews, making referrals, or participating in special promotions. Thanks to an integrated level system, you have full control over your balance. You can accumulate points to receive greater discounts on future orders or redeem them directly on your next purchase.<\/p>\t\t\t\t\t\t\t\t<\/div>\n\t\t\t\t<\/div>\n\t\t\t\t\t<\/div>\r\n\t\t\t\t<\/div>\r\n\t\t\t\t<div class=\"elementor-column elementor-col-50 elementor-top-column elementor-element elementor-element-c20da65 ms-xl-auto\" data-id=\"c20da65\" data-element_type=\"column\" data-e-type=\"column\">\r\n\t\t\t\t\t<div class=\"elementor-widget-wrap elementor-element-populated\">\r\n\t\t\t\t\t\t\t\t<div class=\"elementor-element elementor-element-f54ed1e elementor-invisible elementor-widget elementor-widget-image\" data-id=\"f54ed1e\" data-element_type=\"widget\" data-e-type=\"widget\" data-settings=\"{&quot;_animation&quot;:&quot;fadeInLeft&quot;,&quot;_animation_delay&quot;:1500}\" data-widget_type=\"image.default\">\n\t\t\t\t<div class=\"elementor-widget-container\">\n\t\t\t\t\t\t\t\t\t\t\t\t\t\t\t<img fetchpriority=\"high\" decoding=\"async\" width=\"600\" height=\"517\" src=\"https:\/\/pen.eu\/wp-content\/uploads\/2025\/03\/penpoint-full.png\" class=\"attachment-full size-full wp-image-11683\" alt=\"\" srcset=\"https:\/\/pen.eu\/wp-content\/uploads\/2025\/03\/penpoint-full.png 600w, https:\/\/pen.eu\/wp-content\/uploads\/2025\/03\/penpoint-full-400x345.png 400w\" sizes=\"(max-width: 600px) 100vw, 600px\" \/>\t\t\t\t\t\t\t\t\t\t\t\t\t\t\t<\/div>\n\t\t\t\t<\/div>\n\t\t\t\t\t<\/div>\r\n\t\t\t\t<\/div>\r\n\t\t\t\t\t<\/div>\r\n\t\t\t\t<\/section>\r\n\t\t\t\t<section class=\"elementor-section elementor-top-section elementor-element elementor-element-2fcc878 my-5 py-4 elementor-section-boxed elementor-section-height-default elementor-section-height-default\" data-id=\"2fcc878\" data-element_type=\"section\" data-e-type=\"section\">\r\n\t\t\r\n\t\t\t\t\t\t\t<div class=\"elementor-container elementor-column-gap-default\">\r\n\t\t\t\t\t\t\t\t\t\t\t<div class=\"elementor-column elementor-col-33 elementor-top-column elementor-element elementor-element-b825c1e\" data-id=\"b825c1e\" data-element_type=\"column\" data-e-type=\"column\">\r\n\t\t\t\t\t<div class=\"elementor-widget-wrap elementor-element-populated\">\r\n\t\t\t\t\t\t\t\t<div class=\"elementor-element elementor-element-a3faf29 h-100 custom-box-shadow-1 elementor-position-top elementor-invisible elementor-widget elementor-widget-image-box\" data-id=\"a3faf29\" data-element_type=\"widget\" data-e-type=\"widget\" data-settings=\"{&quot;_animation&quot;:&quot;fadeInUp&quot;,&quot;_animation_delay&quot;:200}\" data-widget_type=\"image-box.default\">\n\t\t\t\t<div class=\"elementor-widget-container\">\n\t\t\t\t\t<div class=\"elementor-image-box-wrapper\"><figure class=\"elementor-image-box-img\"><a href=\"https:\/\/pen.eu\/en\/my-account\/\" tabindex=\"-1\"><img decoding=\"async\" width=\"500\" height=\"431\" src=\"https:\/\/pen.eu\/wp-content\/uploads\/2025\/03\/sammeln-penpoints.jpg\" class=\"attachment-full size-full wp-image-11651\" alt=\"\" srcset=\"https:\/\/pen.eu\/wp-content\/uploads\/2025\/03\/sammeln-penpoints.jpg 500w, https:\/\/pen.eu\/wp-content\/uploads\/2025\/03\/sammeln-penpoints-400x345.jpg 400w\" sizes=\"(max-width: 500px) 100vw, 500px\" \/><\/a><\/figure><div class=\"elementor-image-box-content\"><h3 class=\"elementor-image-box-title\"><a href=\"https:\/\/pen.eu\/en\/my-account\/\">Collecting PenPoints<\/a><\/h3><p class=\"elementor-image-box-description\"><span style=\"font-size: 1.2em;line-height: 1.4\">With every order and activity, you collect valuable PenPoints.<\/span><br><br>\nWith every order and activities like reviews or referrals, you collect PenPoints. The more PenPoints you collect, the greater your discount on future purchases.\n<br><br>\nDid you know? We\u2019ll give you 500 PenPoints just for registering!\n<br><br>\n<a href=\"https:\/\/pen.eu\/en\/my-account\/\" class=\"d-flex align-items-center custom-link-effect-1 text-color-primary font-weight-bold text-decoration-none custom-arrow-icon font-size-lg\">Register now <i class=\"fas fa-long-arrow-alt-right ms-2\"><\/i><\/a><\/p><\/div><\/div>\t\t\t\t<\/div>\n\t\t\t\t<\/div>\n\t\t\t\t\t<\/div>\r\n\t\t\t\t<\/div>\r\n\t\t\t\t<div class=\"elementor-column elementor-col-33 elementor-top-column elementor-element elementor-element-6965dff\" data-id=\"6965dff\" data-element_type=\"column\" data-e-type=\"column\">\r\n\t\t\t\t\t<div class=\"elementor-widget-wrap elementor-element-populated\">\r\n\t\t\t\t\t\t\t\t<div class=\"elementor-element elementor-element-d8b8f72 h-100 custom-box-shadow-1 elementor-position-top elementor-invisible elementor-widget elementor-widget-image-box\" data-id=\"d8b8f72\" data-element_type=\"widget\" data-e-type=\"widget\" data-settings=\"{&quot;_animation&quot;:&quot;fadeInUp&quot;,&quot;_animation_delay&quot;:400}\" data-widget_type=\"image-box.default\">\n\t\t\t\t<div class=\"elementor-widget-container\">\n\t\t\t\t\t<div class=\"elementor-image-box-wrapper\"><figure class=\"elementor-image-box-img\"><a href=\"https:\/\/pen.eu\/en\/my-account\/\" tabindex=\"-1\"><img decoding=\"async\" width=\"500\" height=\"431\" src=\"https:\/\/pen.eu\/wp-content\/uploads\/2025\/03\/level-penpoints-1.jpg\" class=\"attachment-full size-full wp-image-11654\" alt=\"\" srcset=\"https:\/\/pen.eu\/wp-content\/uploads\/2025\/03\/level-penpoints-1.jpg 500w, https:\/\/pen.eu\/wp-content\/uploads\/2025\/03\/level-penpoints-1-400x345.jpg 400w\" sizes=\"(max-width: 500px) 100vw, 500px\" \/><\/a><\/figure><div class=\"elementor-image-box-content\"><h3 class=\"elementor-image-box-title\"><a href=\"https:\/\/pen.eu\/en\/my-account\/\">PenPoints discount level<\/a><\/h3><p class=\"elementor-image-box-description\"><span style=\"font-size: 1.2em;line-height: 1.4\">Use your accumulated discount level for every order.<\/span><br><br>\nOur discount level system offers a long-term benefit. Instead of redeeming your PenPoints with every order, you collect them and increase your discount with each additional purchase.\n<br><br>\nDepending on your discount level, you save 2\u201315% permanently on every order. \n<br><br>\n<a href=\"https:\/\/pen.eu\/en\/my-account\/\" class=\"d-flex align-items-center custom-link-effect-1 text-color-primary font-weight-bold text-decoration-none custom-arrow-icon font-size-lg\">Register now <i class=\"fas fa-long-arrow-alt-right ms-2\"><\/i><\/a><\/p><\/div><\/div>\t\t\t\t<\/div>\n\t\t\t\t<\/div>\n\t\t\t\t\t<\/div>\r\n\t\t\t\t<\/div>\r\n\t\t\t\t<div class=\"elementor-column elementor-col-33 elementor-top-column elementor-element elementor-element-5e6bc11 mx-md-auto mx-lg-0\" data-id=\"5e6bc11\" data-element_type=\"column\" data-e-type=\"column\">\r\n\t\t\t\t\t<div class=\"elementor-widget-wrap elementor-element-populated\">\r\n\t\t\t\t\t\t\t\t<div class=\"elementor-element elementor-element-91dbbb3 h-100 custom-box-shadow-1 elementor-position-top elementor-invisible elementor-widget elementor-widget-image-box\" data-id=\"91dbbb3\" data-element_type=\"widget\" data-e-type=\"widget\" data-settings=\"{&quot;_animation&quot;:&quot;fadeInUp&quot;,&quot;_animation_delay&quot;:600}\" data-widget_type=\"image-box.default\">\n\t\t\t\t<div class=\"elementor-widget-container\">\n\t\t\t\t\t<div class=\"elementor-image-box-wrapper\"><figure class=\"elementor-image-box-img\"><a href=\"https:\/\/pen.eu\/en\/my-account\/\" tabindex=\"-1\"><img loading=\"lazy\" decoding=\"async\" width=\"500\" height=\"431\" src=\"https:\/\/pen.eu\/wp-content\/uploads\/2025\/03\/penpoints-ausgeben.jpg\" class=\"attachment-full size-full wp-image-11687\" alt=\"\" srcset=\"https:\/\/pen.eu\/wp-content\/uploads\/2025\/03\/penpoints-ausgeben.jpg 500w, https:\/\/pen.eu\/wp-content\/uploads\/2025\/03\/penpoints-ausgeben-400x345.jpg 400w\" sizes=\"(max-width: 500px) 100vw, 500px\" \/><\/a><\/figure><div class=\"elementor-image-box-content\"><h3 class=\"elementor-image-box-title\"><a href=\"https:\/\/pen.eu\/en\/my-account\/\">Redeem PenPoints<\/a><\/h3><p class=\"elementor-image-box-description\"><span style=\"font-size: 1.2em;line-height: 1.4\">You can apply PenPoints to every order.<\/span><br><br>\nYou can redeem your collected PenPoints with every order. You decide whether to use the full amount or only deduct a specific number.\n<br><br>\nRight at checkout, you can apply your PenPoints and save.\n<br><br>\n<a href=\"https:\/\/pen.eu\/en\/my-account\/\" class=\"d-flex align-items-center custom-link-effect-1 text-color-primary font-weight-bold text-decoration-none custom-arrow-icon font-size-lg\">Register now <i class=\"fas fa-long-arrow-alt-right ms-2\"><\/i><\/a><\/p><\/div><\/div>\t\t\t\t<\/div>\n\t\t\t\t<\/div>\n\t\t\t\t\t<\/div>\r\n\t\t\t\t<\/div>\r\n\t\t\t\t\t<\/div>\r\n\t\t\t\t<\/section>\r\n\t\t\t\t<section class=\"elementor-section elementor-top-section elementor-element elementor-element-8f755ce elementor-section-boxed elementor-section-height-default elementor-section-height-default\" data-id=\"8f755ce\" data-element_type=\"section\" data-e-type=\"section\">\r\n\t\t\r\n\t\t\t\t\t\t\t<div class=\"elementor-container elementor-column-gap-default\">\r\n\t\t\t\t\t\t\t\t\t\t\t<div class=\"elementor-column elementor-col-100 elementor-top-column elementor-element elementor-element-bae6329\" data-id=\"bae6329\" data-element_type=\"column\" data-e-type=\"column\">\r\n\t\t\t\t\t<div class=\"elementor-widget-wrap elementor-element-populated\">\r\n\t\t\t\t\t\t\t\t<div class=\"elementor-element elementor-element-127aa18 elementor-widget elementor-widget-porto_faqs\" data-id=\"127aa18\" data-element_type=\"widget\" data-e-type=\"widget\" data-widget_type=\"porto_faqs.default\">\n\t\t\t\t<div class=\"elementor-widget-container\">\n\t\t\t\t\t<div class=\"porto-faqs porto-faqsfkg8 wpb_content_element\">\r\n\t<div class=\"page-faqs clearfix\" id=\"porto_faqs_pv5i\">\r\n\r\n\t\t\r\n\t\t\r\n\t\t<div class=\"faq-row faqs-container\">\r\n\t\t\t\r\n<div class=\"faq penpoints-erste-schritte post-13387 type-faq status-publish hentry faq_cat-penpoints-erste-schritte\">\r\n\t<section class=\"toggle\">\r\n\t\t<label>For what do you receive how many PenPoints?<\/label>\r\n\t\t<div class=\"toggle-content\">\r\n\t\t<h3 class=\"entry-title\" style=\"display: none;\">For what do you receive how many PenPoints?<\/h3><span class=\"vcard\" style=\"display: none;\"><span class=\"fn\"><a href=\"https:\/\/pen.eu\/en\/author\/admin\/\" title=\"Posts by admin\" rel=\"author\">admin<\/a><\/span><\/span><span class=\"updated\" style=\"display:none\">2025-06-14T11:00:59+02:00<\/span>\n<p>You can collect PenPoints for the following activities on PEN.EU:<\/p>\n\n\n\n<p>\u2013 Registration (one-time 500 PenPoints)<br>\u2013 Purchase on PEN.EU (2 PenPoints per \u20ac1 net)<br>\u2013 First shop order (one-time 250 PenPoints)<br>\u2013 Direct referral with completed purchase (750 PenPoints)<br>\u2013 Product review after purchase (350 PenPoints)<br>\u2013 Recommendation on social media (150 PenPoints)<br>\u2013 Login to your customer account (3 PenPoints)<\/p>\n\t\t<\/div>\r\n\t<\/section>\r\n<\/div>\r\n\r\n<div class=\"faq penpoints-erste-schritte post-13392 type-faq status-publish hentry faq_cat-penpoints-erste-schritte\">\r\n\t<section class=\"toggle\">\r\n\t\t<label>How does the referral work?<\/label>\r\n\t\t<div class=\"toggle-content\">\r\n\t\t<h3 class=\"entry-title\" style=\"display: none;\">How does the referral work?<\/h3><span class=\"vcard\" style=\"display: none;\"><span class=\"fn\"><a href=\"https:\/\/pen.eu\/en\/author\/admin\/\" title=\"Posts by admin\" rel=\"author\">admin<\/a><\/span><\/span><span class=\"updated\" style=\"display:none\">2025-06-14T10:57:33+02:00<\/span>\n<p>By making a personal and direct referral through your customer account, you automatically earn 750 PenPoints as soon as the customer you referred places their first order (sample orders excluded). Additionally, you will receive 150 PenPoints for every further order this customer places on PEN.EU.<\/p>\n\n\n\n<p>If you share a recommendation via your social media profile directly from your PEN.EU customer account, you will receive a one-time reward of 150 PenPoints.<\/p>\n\t\t<\/div>\r\n\t<\/section>\r\n<\/div>\r\n\r\n<div class=\"faq penpoints-erste-schritte post-13391 type-faq status-publish hentry faq_cat-penpoints-erste-schritte\">\r\n\t<section class=\"toggle\">\r\n\t\t<label>How can I redeem PenPoints?<\/label>\r\n\t\t<div class=\"toggle-content\">\r\n\t\t<h3 class=\"entry-title\" style=\"display: none;\">How can I redeem PenPoints?<\/h3><span class=\"vcard\" style=\"display: none;\"><span class=\"fn\"><a href=\"https:\/\/pen.eu\/en\/author\/admin\/\" title=\"Posts by admin\" rel=\"author\">admin<\/a><\/span><\/span><span class=\"updated\" style=\"display:none\">2025-06-14T10:53:46+02:00<\/span>\n<p>You can redeem your collected PenPoints with every order on PEN.EU. During the checkout process, you have the option to decide whether to use part of your PenPoints or the full amount.<\/p>\n\t\t<\/div>\r\n\t<\/section>\r\n<\/div>\r\n\r\n<div class=\"faq penpoints-erste-schritte post-13390 type-faq status-publish hentry faq_cat-penpoints-erste-schritte\">\r\n\t<section class=\"toggle\">\r\n\t\t<label>How does the level system work?<\/label>\r\n\t\t<div class=\"toggle-content\">\r\n\t\t<h3 class=\"entry-title\" style=\"display: none;\">How does the level system work?<\/h3><span class=\"vcard\" style=\"display: none;\"><span class=\"fn\"><a href=\"https:\/\/pen.eu\/en\/author\/admin\/\" title=\"Posts by admin\" rel=\"author\">admin<\/a><\/span><\/span><span class=\"updated\" style=\"display:none\">2025-06-14T10:50:14+02:00<\/span>\n<p>Our level system includes six tiers and rewards you with permanent, fixed discounts on every order provided you collect your PenPoints instead of redeeming them immediately.<\/p>\n\n\n\n<p>Level 1 \u2013 up to 2,499 PenPoints: 0% discount<br>Level 2 \u2013 from 2,500 PenPoints: 2% discount<br>Level 3 \u2013 from 6,000 PenPoints: 5% discount<br>Level 4 \u2013 from 9,000 PenPoints: 7% discount<br>Level 5 \u2013 from 13,000 PenPoints: 10% discount<br>Level 6 \u2013 from 22,500 PenPoints: 15% discount<\/p>\n\t\t<\/div>\r\n\t<\/section>\r\n<\/div>\r\n\r\n<div class=\"faq penpoints-erste-schritte post-13389 type-faq status-publish hentry faq_cat-penpoints-erste-schritte\">\r\n\t<section class=\"toggle\">\r\n\t\t<label>What is the value of 1 PenPoint?<\/label>\r\n\t\t<div class=\"toggle-content\">\r\n\t\t<h3 class=\"entry-title\" style=\"display: none;\">What is the value of 1 PenPoint?<\/h3><span class=\"vcard\" style=\"display: none;\"><span class=\"fn\"><a href=\"https:\/\/pen.eu\/en\/author\/admin\/\" title=\"Posts by admin\" rel=\"author\">admin<\/a><\/span><\/span><span class=\"updated\" style=\"display:none\">2025-06-14T10:44:49+02:00<\/span>\n<p>One PenPoint currently corresponds to a value of approximately 1.2 cents.<\/p>\n\n\n\n<p>Example: If you shop on PEN.EU for \u20ac480.00 (net, excluding tax), you will receive 960 PenPoints after completing the payment. If you choose to redeem all 960 PenPoints on your next order, this corresponds to an amount of \u20ac11.29 that can be directly applied to your purchase.<\/p>\n\t\t<\/div>\r\n\t<\/section>\r\n<\/div>\r\n\r\n<div class=\"faq penpoints-erste-schritte post-13388 type-faq status-publish hentry faq_cat-penpoints-erste-schritte\">\r\n\t<section class=\"toggle\">\r\n\t\t<label>Are there coupons and multiple PenPoints promotions?<\/label>\r\n\t\t<div class=\"toggle-content\">\r\n\t\t<h3 class=\"entry-title\" style=\"display: none;\">Are there coupons and multiple PenPoints promotions?<\/h3><span class=\"vcard\" style=\"display: none;\"><span class=\"fn\"><a href=\"https:\/\/pen.eu\/en\/author\/admin\/\" title=\"Posts by admin\" rel=\"author\">admin<\/a><\/span><\/span><span class=\"updated\" style=\"display:none\">2025-06-14T10:47:14+02:00<\/span>\n<p>Registered customers and PenPoint collectors benefit from numerous coupon promotions. For example, during specific promotional periods, which we announce in advance via email, you have the opportunity to collect multiple points on every order.<\/p>\n\n\n\n<p>Example: During a announced promotion, you will receive triple the amount of PenPoints on all pens for 24 hours. With a purchase value of \u20ac500.00, that means an impressive 3,000 PenPoints \u2014 worth \u20ac37.50, which you can either save for a future order or redeem immediately.<\/p>\n\t\t<\/div>\r\n\t<\/section>\r\n<\/div>\r\n\t\t<\/div>\r\n\r\n\t\t\r\n\t<\/div>\r\n\r\n\t\r\n\t<\/div>\t\t\t\t<\/div>\n\t\t\t\t<\/div>\n\t\t\t\t\t<\/div>\r\n\t\t\t\t<\/div>\r\n\t\t\t\t\t<\/div>\r\n\t\t\t\t<\/section>\r\n\t\t\t\t<\/div>","protected":false},"excerpt":{"rendered":"<p>DAS PENPOINT-KONZEPT Sammeln Sie wertvolle PenPoints und profitieren Sie von attraktiven Rabatten. Nach Ihrer kostenlosen Anmeldung starten Sie direkt mit einem Willkommensbonus. Das Sammeln von PenPoints ist einfach und vielseitig: Sie erhalten sie nicht nur f\u00fcr Ihre Eink\u00e4ufe, sondern auch f\u00fcr Aktivit\u00e4ten wie das Schreiben von Bewertungen, Empfehlungen oder spezielle Aktionen. Dank eines integrierten Level-Systems [&hellip;]<\/p>\n","protected":false},"author":1,"featured_media":0,"parent":0,"menu_order":0,"comment_status":"closed","ping_status":"closed","template":"","meta":{"footnotes":""},"class_list":["post-11549","page","type-page","status-publish","hentry"],"yoast_head":"<!-- This site is optimized with the Yoast SEO plugin v27.4 - https:\/\/yoast.com\/product\/yoast-seo-wordpress\/ -->\n<title>PenPoints - PEN.EU<\/title>\n<meta name=\"robots\" content=\"index, follow, max-snippet:-1, max-image-preview:large, max-video-preview:-1\" \/>\n<link rel=\"canonical\" href=\"https:\/\/pen.eu\/en\/penpoints\/\" \/>\n<meta property=\"og:locale\" content=\"en_US\" \/>\n<meta property=\"og:type\" content=\"article\" \/>\n<meta property=\"og:title\" content=\"PenPoints - PEN.EU\" \/>\n<meta property=\"og:description\" content=\"DAS PENPOINT-KONZEPT Sammeln Sie wertvolle PenPoints und profitieren Sie von attraktiven Rabatten. Nach Ihrer kostenlosen Anmeldung starten Sie direkt mit einem Willkommensbonus. Das Sammeln von PenPoints ist einfach und vielseitig: Sie erhalten sie nicht nur f\u00fcr Ihre Eink\u00e4ufe, sondern auch f\u00fcr Aktivit\u00e4ten wie das Schreiben von Bewertungen, Empfehlungen oder spezielle Aktionen. Dank eines integrierten Level-Systems [&hellip;]\" \/>\n<meta property=\"og:url\" content=\"https:\/\/pen.eu\/en\/penpoints\/\" \/>\n<meta property=\"og:site_name\" content=\"PEN.EU\" \/>\n<meta property=\"article:modified_time\" content=\"2025-06-15T18:39:15+00:00\" \/>\n<meta property=\"og:image\" content=\"https:\/\/pen.eu\/wp-content\/uploads\/2025\/03\/penpoint-full.png\" \/>\n\t<meta property=\"og:image:width\" content=\"600\" \/>\n\t<meta property=\"og:image:height\" content=\"517\" \/>\n\t<meta property=\"og:image:type\" content=\"image\/png\" \/>\n<meta name=\"twitter:card\" content=\"summary_large_image\" \/>\n<meta name=\"twitter:label1\" content=\"Est. reading time\" \/>\n\t<meta name=\"twitter:data1\" content=\"3 minutes\" \/>\n<script type=\"application\/ld+json\" class=\"yoast-schema-graph\">{\"@context\":\"https:\\\/\\\/schema.org\",\"@graph\":[{\"@type\":\"WebPage\",\"@id\":\"https:\\\/\\\/pen.eu\\\/penpoints\\\/\",\"url\":\"https:\\\/\\\/pen.eu\\\/penpoints\\\/\",\"name\":\"PenPoints - PEN.EU\",\"isPartOf\":{\"@id\":\"https:\\\/\\\/pen.eu\\\/#website\"},\"primaryImageOfPage\":{\"@id\":\"https:\\\/\\\/pen.eu\\\/penpoints\\\/#primaryimage\"},\"image\":{\"@id\":\"https:\\\/\\\/pen.eu\\\/penpoints\\\/#primaryimage\"},\"thumbnailUrl\":\"https:\\\/\\\/pen.eu\\\/wp-content\\\/uploads\\\/2025\\\/03\\\/penpoint-full.png\",\"datePublished\":\"2025-03-17T11:30:40+00:00\",\"dateModified\":\"2025-06-15T18:39:15+00:00\",\"breadcrumb\":{\"@id\":\"https:\\\/\\\/pen.eu\\\/penpoints\\\/#breadcrumb\"},\"inLanguage\":\"en-US\",\"potentialAction\":[{\"@type\":\"ReadAction\",\"target\":[\"https:\\\/\\\/pen.eu\\\/penpoints\\\/\"]}]},{\"@type\":\"ImageObject\",\"inLanguage\":\"en-US\",\"@id\":\"https:\\\/\\\/pen.eu\\\/penpoints\\\/#primaryimage\",\"url\":\"https:\\\/\\\/pen.eu\\\/wp-content\\\/uploads\\\/2025\\\/03\\\/penpoint-full.png\",\"contentUrl\":\"https:\\\/\\\/pen.eu\\\/wp-content\\\/uploads\\\/2025\\\/03\\\/penpoint-full.png\"},{\"@type\":\"BreadcrumbList\",\"@id\":\"https:\\\/\\\/pen.eu\\\/penpoints\\\/#breadcrumb\",\"itemListElement\":[{\"@type\":\"ListItem\",\"position\":1,\"name\":\"Home\",\"item\":\"https:\\\/\\\/pen.eu\\\/\"},{\"@type\":\"ListItem\",\"position\":2,\"name\":\"PenPoints\"}]},{\"@type\":\"WebSite\",\"@id\":\"https:\\\/\\\/pen.eu\\\/#website\",\"url\":\"https:\\\/\\\/pen.eu\\\/\",\"name\":\"PEN.EU\",\"description\":\"Kugelschreiber bedrucken mit Logo | pen.eu\",\"potentialAction\":[{\"@type\":\"SearchAction\",\"target\":{\"@type\":\"EntryPoint\",\"urlTemplate\":\"https:\\\/\\\/pen.eu\\\/?s={search_term_string}\"},\"query-input\":{\"@type\":\"PropertyValueSpecification\",\"valueRequired\":true,\"valueName\":\"search_term_string\"}}],\"inLanguage\":\"en-US\"}]}<\/script>\n<!-- \/ Yoast SEO plugin. -->","yoast_head_json":{"title":"PenPoints - PEN.EU","robots":{"index":"index","follow":"follow","max-snippet":"max-snippet:-1","max-image-preview":"max-image-preview:large","max-video-preview":"max-video-preview:-1"},"canonical":"https:\/\/pen.eu\/en\/penpoints\/","og_locale":"en_US","og_type":"article","og_title":"PenPoints - PEN.EU","og_description":"DAS PENPOINT-KONZEPT Sammeln Sie wertvolle PenPoints und profitieren Sie von attraktiven Rabatten. Nach Ihrer kostenlosen Anmeldung starten Sie direkt mit einem Willkommensbonus. Das Sammeln von PenPoints ist einfach und vielseitig: Sie erhalten sie nicht nur f\u00fcr Ihre Eink\u00e4ufe, sondern auch f\u00fcr Aktivit\u00e4ten wie das Schreiben von Bewertungen, Empfehlungen oder spezielle Aktionen. Dank eines integrierten Level-Systems [&hellip;]","og_url":"https:\/\/pen.eu\/en\/penpoints\/","og_site_name":"PEN.EU","article_modified_time":"2025-06-15T18:39:15+00:00","og_image":[{"width":600,"height":517,"url":"https:\/\/pen.eu\/wp-content\/uploads\/2025\/03\/penpoint-full.png","type":"image\/png"}],"twitter_card":"summary_large_image","twitter_misc":{"Est. reading time":"3 minutes"},"schema":{"@context":"https:\/\/schema.org","@graph":[{"@type":"WebPage","@id":"https:\/\/pen.eu\/penpoints\/","url":"https:\/\/pen.eu\/penpoints\/","name":"PenPoints - PEN.EU","isPartOf":{"@id":"https:\/\/pen.eu\/#website"},"primaryImageOfPage":{"@id":"https:\/\/pen.eu\/penpoints\/#primaryimage"},"image":{"@id":"https:\/\/pen.eu\/penpoints\/#primaryimage"},"thumbnailUrl":"https:\/\/pen.eu\/wp-content\/uploads\/2025\/03\/penpoint-full.png","datePublished":"2025-03-17T11:30:40+00:00","dateModified":"2025-06-15T18:39:15+00:00","breadcrumb":{"@id":"https:\/\/pen.eu\/penpoints\/#breadcrumb"},"inLanguage":"en-US","potentialAction":[{"@type":"ReadAction","target":["https:\/\/pen.eu\/penpoints\/"]}]},{"@type":"ImageObject","inLanguage":"en-US","@id":"https:\/\/pen.eu\/penpoints\/#primaryimage","url":"https:\/\/pen.eu\/wp-content\/uploads\/2025\/03\/penpoint-full.png","contentUrl":"https:\/\/pen.eu\/wp-content\/uploads\/2025\/03\/penpoint-full.png"},{"@type":"BreadcrumbList","@id":"https:\/\/pen.eu\/penpoints\/#breadcrumb","itemListElement":[{"@type":"ListItem","position":1,"name":"Home","item":"https:\/\/pen.eu\/"},{"@type":"ListItem","position":2,"name":"PenPoints"}]},{"@type":"WebSite","@id":"https:\/\/pen.eu\/#website","url":"https:\/\/pen.eu\/","name":"PEN.EU","description":"Kugelschreiber bedrucken mit Logo | pen.eu","potentialAction":[{"@type":"SearchAction","target":{"@type":"EntryPoint","urlTemplate":"https:\/\/pen.eu\/?s={search_term_string}"},"query-input":{"@type":"PropertyValueSpecification","valueRequired":true,"valueName":"search_term_string"}}],"inLanguage":"en-US"}]}},"_links":{"self":[{"href":"https:\/\/pen.eu\/en\/wp-json\/wp\/v2\/pages\/11549","targetHints":{"allow":["GET"]}}],"collection":[{"href":"https:\/\/pen.eu\/en\/wp-json\/wp\/v2\/pages"}],"about":[{"href":"https:\/\/pen.eu\/en\/wp-json\/wp\/v2\/types\/page"}],"author":[{"embeddable":true,"href":"https:\/\/pen.eu\/en\/wp-json\/wp\/v2\/users\/1"}],"replies":[{"embeddable":true,"href":"https:\/\/pen.eu\/en\/wp-json\/wp\/v2\/comments?post=11549"}],"version-history":[{"count":91,"href":"https:\/\/pen.eu\/en\/wp-json\/wp\/v2\/pages\/11549\/revisions"}],"predecessor-version":[{"id":13402,"href":"https:\/\/pen.eu\/en\/wp-json\/wp\/v2\/pages\/11549\/revisions\/13402"}],"wp:attachment":[{"href":"https:\/\/pen.eu\/en\/wp-json\/wp\/v2\/media?parent=11549"}],"curies":[{"name":"wp","href":"https:\/\/api.w.org\/{rel}","templated":true}]}}