{"id":10073,"date":"2024-11-16T16:21:07","date_gmt":"2024-11-16T15:21:07","guid":{"rendered":"https:\/\/v2.frank-pen.de\/?post_type=product&#038;p=10073"},"modified":"2026-01-22T08:37:17","modified_gmt":"2026-01-22T07:37:17","slug":"kugelschreiber-ballast-gel","status":"publish","type":"product","link":"https:\/\/pen.eu\/en\/product\/kugelschreiber-ballast-gel\/","title":{"rendered":"Pen \"Ballast Gel\""},"content":{"rendered":"<p>The Ballast gel pen with an extra-fine 0.5 mm tip combines elegant design with high functionality. The barrel is made of molded plastic and complemented by a transparent white grip made of soft silicone, ensuring an exceptionally comfortable hold. A curved black stainless steel clip completes the stylish look. With its ultra-fine tip, this gel pen provides incredibly precise and smooth writing \u2013 perfect for detailed and accurate notes.<\/p>","protected":false},"excerpt":{"rendered":"<p>Der Gelschreiber Ballast mit extra feiner 0,5-mm-Spitze vereint elegantes Design und hohe Funktionalit\u00e4t. Der Schaft aus formgepresstem Kunststoff wird durch einen transparenten, wei\u00dfen Griff aus weichem Silikon erg\u00e4nzt, der f\u00fcr besonders angenehmen Halt sorgt. Der gebogene Edelstahlclip in Schwarz rundet das stilvolle Erscheinungsbild ab. Mit seiner ultra-feinen Spitze erm\u00f6glicht dieser Gelschreiber ein unglaublich pr\u00e4zises und [&hellip;]<\/p>\n","protected":false},"featured_media":10102,"comment_status":"open","ping_status":"closed","template":"","meta":[],"product_brand":[],"product_cat":[310,247],"product_tag":[572,571],"class_list":{"0":"post-10073","1":"product","2":"type-product","3":"status-publish","4":"has-post-thumbnail","6":"product_cat-kugelschreiber-aus-kunststoff","7":"product_cat-schreibgeraete","8":"product_tag-ajo","9":"product_tag-inkvibe","10":"pa_eigenschaft-gel-kugelschreiber","11":"pa_farbe-aubergine","12":"pa_farbe-duene","13":"pa_farbe-dunkelgruen","14":"pa_farbe-hellblau","15":"pa_farbe-stahlblau","16":"pa_material-kunststoff","17":"pa_mindestmenge-486","18":"pa_werbeanbringung-digitaldruck","19":"pa_werbeanbringung-siebdruck","21":"first","22":"instock","23":"taxable","24":"shipping-taxable","25":"purchasable","26":"product-type-variable","27":"add-to-wishlist-after_add_to_cart"},"yoast_head":"<!-- This site is optimized with the Yoast SEO plugin v27.2 - https:\/\/yoast.com\/product\/yoast-seo-wordpress\/ -->\n<title>Kugelschreiber &quot;Ballast Gel&quot; - PEN.EU<\/title>\n<meta name=\"robots\" content=\"index, follow, max-snippet:-1, max-image-preview:large, max-video-preview:-1\" \/>\n<link rel=\"canonical\" href=\"https:\/\/pen.eu\/en\/product\/kugelschreiber-ballast-gel\/\" \/>\n<meta property=\"og:locale\" content=\"en_US\" \/>\n<meta property=\"og:type\" content=\"article\" \/>\n<meta property=\"og:title\" content=\"Kugelschreiber &quot;Ballast Gel&quot; - PEN.EU\" \/>\n<meta property=\"og:description\" content=\"Der Gelschreiber Ballast mit extra feiner 0,5-mm-Spitze vereint elegantes Design und hohe Funktionalit\u00e4t. Der Schaft aus formgepresstem Kunststoff wird durch einen transparenten, wei\u00dfen Griff aus weichem Silikon erg\u00e4nzt, der f\u00fcr besonders angenehmen Halt sorgt. Der gebogene Edelstahlclip in Schwarz rundet das stilvolle Erscheinungsbild ab. Mit seiner ultra-feinen Spitze erm\u00f6glicht dieser Gelschreiber ein unglaublich pr\u00e4zises und [&hellip;]\" \/>\n<meta property=\"og:url\" content=\"https:\/\/pen.eu\/en\/product\/kugelschreiber-ballast-gel\/\" \/>\n<meta property=\"og:site_name\" content=\"PEN.EU\" \/>\n<meta property=\"article:modified_time\" content=\"2026-01-22T07:37:17+00:00\" \/>\n<meta property=\"og:image\" content=\"https:\/\/pen.eu\/wp-content\/uploads\/2024\/11\/0512027123-MS-GDD.jpg\" \/>\n\t<meta property=\"og:image:width\" content=\"2000\" \/>\n\t<meta property=\"og:image:height\" content=\"2000\" \/>\n\t<meta property=\"og:image:type\" content=\"image\/jpeg\" \/>\n<meta name=\"twitter:card\" content=\"summary_large_image\" \/>\n<script type=\"application\/ld+json\" class=\"yoast-schema-graph\">{\"@context\":\"https:\/\/schema.org\",\"@graph\":[{\"@type\":\"WebPage\",\"@id\":\"https:\/\/pen.eu\/produkt\/kugelschreiber-ballast-gel\/\",\"url\":\"https:\/\/pen.eu\/produkt\/kugelschreiber-ballast-gel\/\",\"name\":\"Kugelschreiber \\\"Ballast Gel\\\" - PEN.EU\",\"isPartOf\":{\"@id\":\"https:\/\/pen.eu\/#website\"},\"primaryImageOfPage\":{\"@id\":\"https:\/\/pen.eu\/produkt\/kugelschreiber-ballast-gel\/#primaryimage\"},\"image\":{\"@id\":\"https:\/\/pen.eu\/produkt\/kugelschreiber-ballast-gel\/#primaryimage\"},\"thumbnailUrl\":\"https:\/\/pen.eu\/wp-content\/uploads\/2024\/11\/0512027123-MS-GDD.jpg\",\"datePublished\":\"2024-11-16T15:21:07+00:00\",\"dateModified\":\"2026-01-22T07:37:17+00:00\",\"breadcrumb\":{\"@id\":\"https:\/\/pen.eu\/produkt\/kugelschreiber-ballast-gel\/#breadcrumb\"},\"inLanguage\":\"en-US\",\"potentialAction\":[{\"@type\":\"ReadAction\",\"target\":[\"https:\/\/pen.eu\/produkt\/kugelschreiber-ballast-gel\/\"]}]},{\"@type\":\"ImageObject\",\"inLanguage\":\"en-US\",\"@id\":\"https:\/\/pen.eu\/produkt\/kugelschreiber-ballast-gel\/#primaryimage\",\"url\":\"https:\/\/pen.eu\/wp-content\/uploads\/2024\/11\/0512027123-MS-GDD.jpg\",\"contentUrl\":\"https:\/\/pen.eu\/wp-content\/uploads\/2024\/11\/0512027123-MS-GDD.jpg\",\"width\":2000,\"height\":2000},{\"@type\":\"BreadcrumbList\",\"@id\":\"https:\/\/pen.eu\/produkt\/kugelschreiber-ballast-gel\/#breadcrumb\",\"itemListElement\":[{\"@type\":\"ListItem\",\"position\":1,\"name\":\"Home\",\"item\":\"https:\/\/pen.eu\/\"},{\"@type\":\"ListItem\",\"position\":2,\"name\":\"Shop\",\"item\":\"https:\/\/pen.eu\/ch\/shop\/\"},{\"@type\":\"ListItem\",\"position\":3,\"name\":\"Kugelschreiber &#8220;Ballast Gel&#8221;\"}]},{\"@type\":\"WebSite\",\"@id\":\"https:\/\/pen.eu\/#website\",\"url\":\"https:\/\/pen.eu\/\",\"name\":\"PEN.EU\",\"description\":\"Kugelschreiber bedrucken mit Logo | pen.eu\",\"potentialAction\":[{\"@type\":\"SearchAction\",\"target\":{\"@type\":\"EntryPoint\",\"urlTemplate\":\"https:\/\/pen.eu\/?s={search_term_string}\"},\"query-input\":{\"@type\":\"PropertyValueSpecification\",\"valueRequired\":true,\"valueName\":\"search_term_string\"}}],\"inLanguage\":\"en-US\"}]}<\/script>\n<!-- \/ Yoast SEO plugin. -->","yoast_head_json":{"title":"Kugelschreiber \"Ballast Gel\" - PEN.EU","robots":{"index":"index","follow":"follow","max-snippet":"max-snippet:-1","max-image-preview":"max-image-preview:large","max-video-preview":"max-video-preview:-1"},"canonical":"https:\/\/pen.eu\/en\/product\/kugelschreiber-ballast-gel\/","og_locale":"en_US","og_type":"article","og_title":"Kugelschreiber \"Ballast Gel\" - PEN.EU","og_description":"Der Gelschreiber Ballast mit extra feiner 0,5-mm-Spitze vereint elegantes Design und hohe Funktionalit\u00e4t. Der Schaft aus formgepresstem Kunststoff wird durch einen transparenten, wei\u00dfen Griff aus weichem Silikon erg\u00e4nzt, der f\u00fcr besonders angenehmen Halt sorgt. Der gebogene Edelstahlclip in Schwarz rundet das stilvolle Erscheinungsbild ab. Mit seiner ultra-feinen Spitze erm\u00f6glicht dieser Gelschreiber ein unglaublich pr\u00e4zises und [&hellip;]","og_url":"https:\/\/pen.eu\/en\/product\/kugelschreiber-ballast-gel\/","og_site_name":"PEN.EU","article_modified_time":"2026-01-22T07:37:17+00:00","og_image":[{"width":2000,"height":2000,"url":"https:\/\/pen.eu\/wp-content\/uploads\/2024\/11\/0512027123-MS-GDD.jpg","type":"image\/jpeg"}],"twitter_card":"summary_large_image","schema":{"@context":"https:\/\/schema.org","@graph":[{"@type":"WebPage","@id":"https:\/\/pen.eu\/produkt\/kugelschreiber-ballast-gel\/","url":"https:\/\/pen.eu\/produkt\/kugelschreiber-ballast-gel\/","name":"Kugelschreiber \"Ballast Gel\" - PEN.EU","isPartOf":{"@id":"https:\/\/pen.eu\/#website"},"primaryImageOfPage":{"@id":"https:\/\/pen.eu\/produkt\/kugelschreiber-ballast-gel\/#primaryimage"},"image":{"@id":"https:\/\/pen.eu\/produkt\/kugelschreiber-ballast-gel\/#primaryimage"},"thumbnailUrl":"https:\/\/pen.eu\/wp-content\/uploads\/2024\/11\/0512027123-MS-GDD.jpg","datePublished":"2024-11-16T15:21:07+00:00","dateModified":"2026-01-22T07:37:17+00:00","breadcrumb":{"@id":"https:\/\/pen.eu\/produkt\/kugelschreiber-ballast-gel\/#breadcrumb"},"inLanguage":"en-US","potentialAction":[{"@type":"ReadAction","target":["https:\/\/pen.eu\/produkt\/kugelschreiber-ballast-gel\/"]}]},{"@type":"ImageObject","inLanguage":"en-US","@id":"https:\/\/pen.eu\/produkt\/kugelschreiber-ballast-gel\/#primaryimage","url":"https:\/\/pen.eu\/wp-content\/uploads\/2024\/11\/0512027123-MS-GDD.jpg","contentUrl":"https:\/\/pen.eu\/wp-content\/uploads\/2024\/11\/0512027123-MS-GDD.jpg","width":2000,"height":2000},{"@type":"BreadcrumbList","@id":"https:\/\/pen.eu\/produkt\/kugelschreiber-ballast-gel\/#breadcrumb","itemListElement":[{"@type":"ListItem","position":1,"name":"Home","item":"https:\/\/pen.eu\/"},{"@type":"ListItem","position":2,"name":"Shop","item":"https:\/\/pen.eu\/ch\/shop\/"},{"@type":"ListItem","position":3,"name":"Kugelschreiber &#8220;Ballast Gel&#8221;"}]},{"@type":"WebSite","@id":"https:\/\/pen.eu\/#website","url":"https:\/\/pen.eu\/","name":"PEN.EU","description":"Kugelschreiber bedrucken mit Logo | pen.eu","potentialAction":[{"@type":"SearchAction","target":{"@type":"EntryPoint","urlTemplate":"https:\/\/pen.eu\/?s={search_term_string}"},"query-input":{"@type":"PropertyValueSpecification","valueRequired":true,"valueName":"search_term_string"}}],"inLanguage":"en-US"}]}},"_links":{"self":[{"href":"https:\/\/pen.eu\/en\/wp-json\/wp\/v2\/product\/10073","targetHints":{"allow":["GET"]}}],"collection":[{"href":"https:\/\/pen.eu\/en\/wp-json\/wp\/v2\/product"}],"about":[{"href":"https:\/\/pen.eu\/en\/wp-json\/wp\/v2\/types\/product"}],"replies":[{"embeddable":true,"href":"https:\/\/pen.eu\/en\/wp-json\/wp\/v2\/comments?post=10073"}],"wp:featuredmedia":[{"embeddable":true,"href":"https:\/\/pen.eu\/en\/wp-json\/wp\/v2\/media\/10102"}],"wp:attachment":[{"href":"https:\/\/pen.eu\/en\/wp-json\/wp\/v2\/media?parent=10073"}],"wp:term":[{"taxonomy":"product_brand","embeddable":true,"href":"https:\/\/pen.eu\/en\/wp-json\/wp\/v2\/product_brand?post=10073"},{"taxonomy":"product_cat","embeddable":true,"href":"https:\/\/pen.eu\/en\/wp-json\/wp\/v2\/product_cat?post=10073"},{"taxonomy":"product_tag","embeddable":true,"href":"https:\/\/pen.eu\/en\/wp-json\/wp\/v2\/product_tag?post=10073"}],"curies":[{"name":"wp","href":"https:\/\/api.w.org\/{rel}","templated":true}]}}