{"id":10353,"date":"2024-11-24T08:18:53","date_gmt":"2024-11-24T07:18:53","guid":{"rendered":"https:\/\/v2.frank-pen.de\/?post_type=product&#038;p=10353"},"modified":"2025-09-29T15:53:43","modified_gmt":"2025-09-29T13:53:43","slug":"kugelschreiber-bamboo-spin","status":"publish","type":"product","link":"https:\/\/pen.eu\/en\/product\/kugelschreiber-bamboo-spin\/","title":{"rendered":"Pen \"Bamboo Spin\""},"content":{"rendered":"<p>The Bamboo Spin ballpoint pen combines sustainable materials with modern design and high functionality. The slim barrel is made from recycled aluminum and coated with a durable rubberized RABS material. The bamboo push-button, sourced from sustainable forestry, rotates smoothly on precision ball bearings. Stylish features include a black touchscreen stylus and a sturdy stainless steel clip in a gunmetal finish. With its 1.0 mm push ball tip and high-capacity Parker-style ink refill, the pen offers a writing range of up to 1,800 meters. A laser-engraved recycled materials symbol on the barrel opposite the clip highlights the eco-friendly origin of this premium writing instrument\u2014an ideal choice for everyday use.<\/p>","protected":false},"excerpt":{"rendered":"<p>Der Kugelschreiber Bamboo Spin kombiniert nachhaltige Materialien mit modernem Design und hoher Funktionalit\u00e4t. Der schlanke Schaft besteht aus recyceltem Aluminium und ist mit einer strapazierf\u00e4higen Gummibeschichtung aus RABS-Material versehen. Der Dr\u00fccker aus Bambus stammt aus nachhaltiger Forstwirtschaft und dreht sich sanft auf pr\u00e4zisen Kugellagern. Zu den stilvollen Details geh\u00f6ren ein schwarzer Touchscreen-Stylus und ein robuster [&hellip;]<\/p>\n","protected":false},"featured_media":10391,"comment_status":"open","ping_status":"closed","template":"","meta":[],"product_brand":[],"product_cat":[309,247],"product_tag":[603,792,658,791,602,780],"class_list":{"0":"post-10353","1":"product","2":"type-product","3":"status-publish","4":"has-post-thumbnail","6":"product_cat-kugelschreiber-aus-metall","7":"product_cat-schreibgeraete","8":"product_tag-bamboospin","9":"product_tag-left-49","10":"product_tag-longpen","11":"product_tag-mtop-46","12":"product_tag-mzq","13":"product_tag-top-50","14":"pa_eigenschaft-anti-stress","15":"pa_eigenschaft-eco-friendly","16":"pa_eigenschaft-soft-touch","17":"pa_eigenschaft-stylus","18":"pa_farbe-grau","19":"pa_farbe-marine","20":"pa_farbe-rot","21":"pa_farbe-schwarz","22":"pa_material-recyceltes-aluminium","23":"pa_mindestmenge-24","24":"pa_werbeanbringung-digitaldruck","25":"pa_werbeanbringung-lasergravur","27":"first","28":"instock","29":"taxable","30":"shipping-taxable","31":"purchasable","32":"product-type-variable","33":"has-default-attributes","34":"add-to-wishlist-after_add_to_cart"},"yoast_head":"<!-- This site is optimized with the Yoast SEO plugin v27.4 - https:\/\/yoast.com\/product\/yoast-seo-wordpress\/ -->\n<title>Kugelschreiber &quot;Bamboo Spin&quot; - PEN.EU<\/title>\n<meta name=\"robots\" content=\"index, follow, max-snippet:-1, max-image-preview:large, max-video-preview:-1\" \/>\n<link rel=\"canonical\" href=\"https:\/\/pen.eu\/en\/product\/kugelschreiber-bamboo-spin\/\" \/>\n<meta property=\"og:locale\" content=\"en_US\" \/>\n<meta property=\"og:type\" content=\"article\" \/>\n<meta property=\"og:title\" content=\"Kugelschreiber &quot;Bamboo Spin&quot; - PEN.EU\" \/>\n<meta property=\"og:description\" content=\"Der Kugelschreiber Bamboo Spin kombiniert nachhaltige Materialien mit modernem Design und hoher Funktionalit\u00e4t. Der schlanke Schaft besteht aus recyceltem Aluminium und ist mit einer strapazierf\u00e4higen Gummibeschichtung aus RABS-Material versehen. Der Dr\u00fccker aus Bambus stammt aus nachhaltiger Forstwirtschaft und dreht sich sanft auf pr\u00e4zisen Kugellagern. Zu den stilvollen Details geh\u00f6ren ein schwarzer Touchscreen-Stylus und ein robuster [&hellip;]\" \/>\n<meta property=\"og:url\" content=\"https:\/\/pen.eu\/en\/product\/kugelschreiber-bamboo-spin\/\" \/>\n<meta property=\"og:site_name\" content=\"PEN.EU\" \/>\n<meta property=\"article:modified_time\" content=\"2025-09-29T13:53:43+00:00\" \/>\n<meta property=\"og:image\" content=\"https:\/\/pen.eu\/wp-content\/uploads\/2024\/11\/051106019-MS-GDD.jpg\" \/>\n\t<meta property=\"og:image:width\" content=\"2000\" \/>\n\t<meta property=\"og:image:height\" content=\"2000\" \/>\n\t<meta property=\"og:image:type\" content=\"image\/jpeg\" \/>\n<meta name=\"twitter:card\" content=\"summary_large_image\" \/>\n<meta name=\"twitter:label1\" content=\"Est. reading time\" \/>\n\t<meta name=\"twitter:data1\" content=\"1 minute\" \/>\n<script type=\"application\/ld+json\" class=\"yoast-schema-graph\">{\"@context\":\"https:\\\/\\\/schema.org\",\"@graph\":[{\"@type\":\"WebPage\",\"@id\":\"https:\\\/\\\/pen.eu\\\/produkt\\\/kugelschreiber-bamboo-spin\\\/\",\"url\":\"https:\\\/\\\/pen.eu\\\/produkt\\\/kugelschreiber-bamboo-spin\\\/\",\"name\":\"Kugelschreiber \\\"Bamboo Spin\\\" - PEN.EU\",\"isPartOf\":{\"@id\":\"https:\\\/\\\/pen.eu\\\/#website\"},\"primaryImageOfPage\":{\"@id\":\"https:\\\/\\\/pen.eu\\\/produkt\\\/kugelschreiber-bamboo-spin\\\/#primaryimage\"},\"image\":{\"@id\":\"https:\\\/\\\/pen.eu\\\/produkt\\\/kugelschreiber-bamboo-spin\\\/#primaryimage\"},\"thumbnailUrl\":\"https:\\\/\\\/pen.eu\\\/wp-content\\\/uploads\\\/2024\\\/11\\\/051106019-MS-GDD.jpg\",\"datePublished\":\"2024-11-24T07:18:53+00:00\",\"dateModified\":\"2025-09-29T13:53:43+00:00\",\"breadcrumb\":{\"@id\":\"https:\\\/\\\/pen.eu\\\/produkt\\\/kugelschreiber-bamboo-spin\\\/#breadcrumb\"},\"inLanguage\":\"en-US\",\"potentialAction\":[{\"@type\":\"ReadAction\",\"target\":[\"https:\\\/\\\/pen.eu\\\/produkt\\\/kugelschreiber-bamboo-spin\\\/\"]}]},{\"@type\":\"ImageObject\",\"inLanguage\":\"en-US\",\"@id\":\"https:\\\/\\\/pen.eu\\\/produkt\\\/kugelschreiber-bamboo-spin\\\/#primaryimage\",\"url\":\"https:\\\/\\\/pen.eu\\\/wp-content\\\/uploads\\\/2024\\\/11\\\/051106019-MS-GDD.jpg\",\"contentUrl\":\"https:\\\/\\\/pen.eu\\\/wp-content\\\/uploads\\\/2024\\\/11\\\/051106019-MS-GDD.jpg\",\"width\":2000,\"height\":2000},{\"@type\":\"BreadcrumbList\",\"@id\":\"https:\\\/\\\/pen.eu\\\/produkt\\\/kugelschreiber-bamboo-spin\\\/#breadcrumb\",\"itemListElement\":[{\"@type\":\"ListItem\",\"position\":1,\"name\":\"Home\",\"item\":\"https:\\\/\\\/pen.eu\\\/\"},{\"@type\":\"ListItem\",\"position\":2,\"name\":\"Shop\",\"item\":\"https:\\\/\\\/pen.eu\\\/ch\\\/shop\\\/\"},{\"@type\":\"ListItem\",\"position\":3,\"name\":\"Kugelschreiber &#8220;Bamboo Spin&#8221;\"}]},{\"@type\":\"WebSite\",\"@id\":\"https:\\\/\\\/pen.eu\\\/#website\",\"url\":\"https:\\\/\\\/pen.eu\\\/\",\"name\":\"PEN.EU\",\"description\":\"Kugelschreiber bedrucken mit Logo | pen.eu\",\"potentialAction\":[{\"@type\":\"SearchAction\",\"target\":{\"@type\":\"EntryPoint\",\"urlTemplate\":\"https:\\\/\\\/pen.eu\\\/?s={search_term_string}\"},\"query-input\":{\"@type\":\"PropertyValueSpecification\",\"valueRequired\":true,\"valueName\":\"search_term_string\"}}],\"inLanguage\":\"en-US\"}]}<\/script>\n<!-- \/ Yoast SEO plugin. -->","yoast_head_json":{"title":"Kugelschreiber \"Bamboo Spin\" - PEN.EU","robots":{"index":"index","follow":"follow","max-snippet":"max-snippet:-1","max-image-preview":"max-image-preview:large","max-video-preview":"max-video-preview:-1"},"canonical":"https:\/\/pen.eu\/en\/product\/kugelschreiber-bamboo-spin\/","og_locale":"en_US","og_type":"article","og_title":"Kugelschreiber \"Bamboo Spin\" - PEN.EU","og_description":"Der Kugelschreiber Bamboo Spin kombiniert nachhaltige Materialien mit modernem Design und hoher Funktionalit\u00e4t. Der schlanke Schaft besteht aus recyceltem Aluminium und ist mit einer strapazierf\u00e4higen Gummibeschichtung aus RABS-Material versehen. Der Dr\u00fccker aus Bambus stammt aus nachhaltiger Forstwirtschaft und dreht sich sanft auf pr\u00e4zisen Kugellagern. Zu den stilvollen Details geh\u00f6ren ein schwarzer Touchscreen-Stylus und ein robuster [&hellip;]","og_url":"https:\/\/pen.eu\/en\/product\/kugelschreiber-bamboo-spin\/","og_site_name":"PEN.EU","article_modified_time":"2025-09-29T13:53:43+00:00","og_image":[{"width":2000,"height":2000,"url":"https:\/\/pen.eu\/wp-content\/uploads\/2024\/11\/051106019-MS-GDD.jpg","type":"image\/jpeg"}],"twitter_card":"summary_large_image","twitter_misc":{"Est. reading time":"1 minute"},"schema":{"@context":"https:\/\/schema.org","@graph":[{"@type":"WebPage","@id":"https:\/\/pen.eu\/produkt\/kugelschreiber-bamboo-spin\/","url":"https:\/\/pen.eu\/produkt\/kugelschreiber-bamboo-spin\/","name":"Kugelschreiber \"Bamboo Spin\" - PEN.EU","isPartOf":{"@id":"https:\/\/pen.eu\/#website"},"primaryImageOfPage":{"@id":"https:\/\/pen.eu\/produkt\/kugelschreiber-bamboo-spin\/#primaryimage"},"image":{"@id":"https:\/\/pen.eu\/produkt\/kugelschreiber-bamboo-spin\/#primaryimage"},"thumbnailUrl":"https:\/\/pen.eu\/wp-content\/uploads\/2024\/11\/051106019-MS-GDD.jpg","datePublished":"2024-11-24T07:18:53+00:00","dateModified":"2025-09-29T13:53:43+00:00","breadcrumb":{"@id":"https:\/\/pen.eu\/produkt\/kugelschreiber-bamboo-spin\/#breadcrumb"},"inLanguage":"en-US","potentialAction":[{"@type":"ReadAction","target":["https:\/\/pen.eu\/produkt\/kugelschreiber-bamboo-spin\/"]}]},{"@type":"ImageObject","inLanguage":"en-US","@id":"https:\/\/pen.eu\/produkt\/kugelschreiber-bamboo-spin\/#primaryimage","url":"https:\/\/pen.eu\/wp-content\/uploads\/2024\/11\/051106019-MS-GDD.jpg","contentUrl":"https:\/\/pen.eu\/wp-content\/uploads\/2024\/11\/051106019-MS-GDD.jpg","width":2000,"height":2000},{"@type":"BreadcrumbList","@id":"https:\/\/pen.eu\/produkt\/kugelschreiber-bamboo-spin\/#breadcrumb","itemListElement":[{"@type":"ListItem","position":1,"name":"Home","item":"https:\/\/pen.eu\/"},{"@type":"ListItem","position":2,"name":"Shop","item":"https:\/\/pen.eu\/ch\/shop\/"},{"@type":"ListItem","position":3,"name":"Kugelschreiber &#8220;Bamboo Spin&#8221;"}]},{"@type":"WebSite","@id":"https:\/\/pen.eu\/#website","url":"https:\/\/pen.eu\/","name":"PEN.EU","description":"Kugelschreiber bedrucken mit Logo | pen.eu","potentialAction":[{"@type":"SearchAction","target":{"@type":"EntryPoint","urlTemplate":"https:\/\/pen.eu\/?s={search_term_string}"},"query-input":{"@type":"PropertyValueSpecification","valueRequired":true,"valueName":"search_term_string"}}],"inLanguage":"en-US"}]}},"_links":{"self":[{"href":"https:\/\/pen.eu\/en\/wp-json\/wp\/v2\/product\/10353","targetHints":{"allow":["GET"]}}],"collection":[{"href":"https:\/\/pen.eu\/en\/wp-json\/wp\/v2\/product"}],"about":[{"href":"https:\/\/pen.eu\/en\/wp-json\/wp\/v2\/types\/product"}],"replies":[{"embeddable":true,"href":"https:\/\/pen.eu\/en\/wp-json\/wp\/v2\/comments?post=10353"}],"wp:featuredmedia":[{"embeddable":true,"href":"https:\/\/pen.eu\/en\/wp-json\/wp\/v2\/media\/10391"}],"wp:attachment":[{"href":"https:\/\/pen.eu\/en\/wp-json\/wp\/v2\/media?parent=10353"}],"wp:term":[{"taxonomy":"product_brand","embeddable":true,"href":"https:\/\/pen.eu\/en\/wp-json\/wp\/v2\/product_brand?post=10353"},{"taxonomy":"product_cat","embeddable":true,"href":"https:\/\/pen.eu\/en\/wp-json\/wp\/v2\/product_cat?post=10353"},{"taxonomy":"product_tag","embeddable":true,"href":"https:\/\/pen.eu\/en\/wp-json\/wp\/v2\/product_tag?post=10353"}],"curies":[{"name":"wp","href":"https:\/\/api.w.org\/{rel}","templated":true}]}}