{"id":10402,"date":"2024-11-24T09:06:29","date_gmt":"2024-11-24T08:06:29","guid":{"rendered":"https:\/\/v2.frank-pen.de\/?post_type=product&#038;p=10402"},"modified":"2025-09-29T15:53:35","modified_gmt":"2025-09-29T13:53:35","slug":"kugelschreiber-metalink","status":"publish","type":"product","link":"https:\/\/pen.eu\/en\/product\/kugelschreiber-metalink\/","title":{"rendered":"Pen \u201cMetalInk\u201d"},"content":{"rendered":"<p>The MetalInk ballpoint pen impresses with a smooth ballpoint mechanism that enables effortless writing. The barrel is coated with high-quality satin rubber, providing a pleasant tactile experience while enhancing the pen\u2019s elegant design. The matte-lacquered metal tip, barrel, and clip are perfectly color-matched to the body, giving the pen a subtle, stylish sophistication.<\/p>","protected":false},"excerpt":{"rendered":"<p>Der Kugelschreiber MetalInk \u00fcberzeugt mit einer geschmeidigen Kugelschreibermechanik, die ein m\u00fcheloses Schreiben erm\u00f6glicht. Der Korpus ist mit einer hochwertigen Satin-Gummibeschichtung versehen, die nicht nur f\u00fcr eine angenehme Haptik sorgt, sondern auch das elegante Design unterstreicht. Die matt lackierte Metallspitze, der Schaft und der Clip sind perfekt auf die Farbe des Korpus abgestimmt und verleihen dem [&hellip;]<\/p>\n","protected":false},"featured_media":10431,"comment_status":"open","ping_status":"closed","template":"","meta":[],"product_brand":[],"product_cat":[309,247],"product_tag":[787,658,604,605,780],"class_list":{"0":"post-10402","1":"product","2":"type-product","3":"status-publish","4":"has-post-thumbnail","6":"product_cat-kugelschreiber-aus-metall","7":"product_cat-schreibgeraete","8":"product_tag-left-53","9":"product_tag-longpen","10":"product_tag-metalink","11":"product_tag-mth","12":"product_tag-top-50","13":"pa_eigenschaft-monochrome","14":"pa_eigenschaft-soft-touch","15":"pa_farbe-burgundrot","16":"pa_farbe-marine","17":"pa_farbe-rot","18":"pa_material-gummi","19":"pa_material-metall","20":"pa_mindestmenge-24","21":"pa_werbeanbringung-digitaldruck","22":"pa_werbeanbringung-lasergravur","24":"first","25":"instock","26":"taxable","27":"shipping-taxable","28":"purchasable","29":"product-type-variable","30":"has-default-attributes","31":"add-to-wishlist-after_add_to_cart"},"yoast_head":"<!-- This site is optimized with the Yoast SEO plugin v27.4 - https:\/\/yoast.com\/product\/yoast-seo-wordpress\/ -->\n<title>Kugelschreiber &quot;MetalInk&quot; - PEN.EU<\/title>\n<meta name=\"robots\" content=\"index, follow, max-snippet:-1, max-image-preview:large, max-video-preview:-1\" \/>\n<link rel=\"canonical\" href=\"https:\/\/pen.eu\/en\/product\/kugelschreiber-metalink\/\" \/>\n<meta property=\"og:locale\" content=\"en_US\" \/>\n<meta property=\"og:type\" content=\"article\" \/>\n<meta property=\"og:title\" content=\"Kugelschreiber &quot;MetalInk&quot; - PEN.EU\" \/>\n<meta property=\"og:description\" content=\"Der Kugelschreiber MetalInk \u00fcberzeugt mit einer geschmeidigen Kugelschreibermechanik, die ein m\u00fcheloses Schreiben erm\u00f6glicht. Der Korpus ist mit einer hochwertigen Satin-Gummibeschichtung versehen, die nicht nur f\u00fcr eine angenehme Haptik sorgt, sondern auch das elegante Design unterstreicht. Die matt lackierte Metallspitze, der Schaft und der Clip sind perfekt auf die Farbe des Korpus abgestimmt und verleihen dem [&hellip;]\" \/>\n<meta property=\"og:url\" content=\"https:\/\/pen.eu\/en\/product\/kugelschreiber-metalink\/\" \/>\n<meta property=\"og:site_name\" content=\"PEN.EU\" \/>\n<meta property=\"article:modified_time\" content=\"2025-09-29T13:53:35+00:00\" \/>\n<meta property=\"og:image\" content=\"https:\/\/pen.eu\/wp-content\/uploads\/2024\/11\/051106112-MS-GDD.jpg\" \/>\n\t<meta property=\"og:image:width\" content=\"2000\" \/>\n\t<meta property=\"og:image:height\" content=\"2000\" \/>\n\t<meta property=\"og:image:type\" content=\"image\/jpeg\" \/>\n<meta name=\"twitter:card\" content=\"summary_large_image\" \/>\n<script type=\"application\/ld+json\" class=\"yoast-schema-graph\">{\"@context\":\"https:\\\/\\\/schema.org\",\"@graph\":[{\"@type\":\"WebPage\",\"@id\":\"https:\\\/\\\/pen.eu\\\/produkt\\\/kugelschreiber-metalink\\\/\",\"url\":\"https:\\\/\\\/pen.eu\\\/produkt\\\/kugelschreiber-metalink\\\/\",\"name\":\"Kugelschreiber \\\"MetalInk\\\" - PEN.EU\",\"isPartOf\":{\"@id\":\"https:\\\/\\\/pen.eu\\\/#website\"},\"primaryImageOfPage\":{\"@id\":\"https:\\\/\\\/pen.eu\\\/produkt\\\/kugelschreiber-metalink\\\/#primaryimage\"},\"image\":{\"@id\":\"https:\\\/\\\/pen.eu\\\/produkt\\\/kugelschreiber-metalink\\\/#primaryimage\"},\"thumbnailUrl\":\"https:\\\/\\\/pen.eu\\\/wp-content\\\/uploads\\\/2024\\\/11\\\/051106112-MS-GDD.jpg\",\"datePublished\":\"2024-11-24T08:06:29+00:00\",\"dateModified\":\"2025-09-29T13:53:35+00:00\",\"breadcrumb\":{\"@id\":\"https:\\\/\\\/pen.eu\\\/produkt\\\/kugelschreiber-metalink\\\/#breadcrumb\"},\"inLanguage\":\"en-US\",\"potentialAction\":[{\"@type\":\"ReadAction\",\"target\":[\"https:\\\/\\\/pen.eu\\\/produkt\\\/kugelschreiber-metalink\\\/\"]}]},{\"@type\":\"ImageObject\",\"inLanguage\":\"en-US\",\"@id\":\"https:\\\/\\\/pen.eu\\\/produkt\\\/kugelschreiber-metalink\\\/#primaryimage\",\"url\":\"https:\\\/\\\/pen.eu\\\/wp-content\\\/uploads\\\/2024\\\/11\\\/051106112-MS-GDD.jpg\",\"contentUrl\":\"https:\\\/\\\/pen.eu\\\/wp-content\\\/uploads\\\/2024\\\/11\\\/051106112-MS-GDD.jpg\",\"width\":2000,\"height\":2000},{\"@type\":\"BreadcrumbList\",\"@id\":\"https:\\\/\\\/pen.eu\\\/produkt\\\/kugelschreiber-metalink\\\/#breadcrumb\",\"itemListElement\":[{\"@type\":\"ListItem\",\"position\":1,\"name\":\"Home\",\"item\":\"https:\\\/\\\/pen.eu\\\/\"},{\"@type\":\"ListItem\",\"position\":2,\"name\":\"Shop\",\"item\":\"https:\\\/\\\/pen.eu\\\/ch\\\/shop\\\/\"},{\"@type\":\"ListItem\",\"position\":3,\"name\":\"Kugelschreiber &#8220;MetalInk&#8221;\"}]},{\"@type\":\"WebSite\",\"@id\":\"https:\\\/\\\/pen.eu\\\/#website\",\"url\":\"https:\\\/\\\/pen.eu\\\/\",\"name\":\"PEN.EU\",\"description\":\"Kugelschreiber bedrucken mit Logo | pen.eu\",\"potentialAction\":[{\"@type\":\"SearchAction\",\"target\":{\"@type\":\"EntryPoint\",\"urlTemplate\":\"https:\\\/\\\/pen.eu\\\/?s={search_term_string}\"},\"query-input\":{\"@type\":\"PropertyValueSpecification\",\"valueRequired\":true,\"valueName\":\"search_term_string\"}}],\"inLanguage\":\"en-US\"}]}<\/script>\n<!-- \/ Yoast SEO plugin. -->","yoast_head_json":{"title":"Kugelschreiber \"MetalInk\" - PEN.EU","robots":{"index":"index","follow":"follow","max-snippet":"max-snippet:-1","max-image-preview":"max-image-preview:large","max-video-preview":"max-video-preview:-1"},"canonical":"https:\/\/pen.eu\/en\/product\/kugelschreiber-metalink\/","og_locale":"en_US","og_type":"article","og_title":"Kugelschreiber \"MetalInk\" - PEN.EU","og_description":"Der Kugelschreiber MetalInk \u00fcberzeugt mit einer geschmeidigen Kugelschreibermechanik, die ein m\u00fcheloses Schreiben erm\u00f6glicht. Der Korpus ist mit einer hochwertigen Satin-Gummibeschichtung versehen, die nicht nur f\u00fcr eine angenehme Haptik sorgt, sondern auch das elegante Design unterstreicht. Die matt lackierte Metallspitze, der Schaft und der Clip sind perfekt auf die Farbe des Korpus abgestimmt und verleihen dem [&hellip;]","og_url":"https:\/\/pen.eu\/en\/product\/kugelschreiber-metalink\/","og_site_name":"PEN.EU","article_modified_time":"2025-09-29T13:53:35+00:00","og_image":[{"width":2000,"height":2000,"url":"https:\/\/pen.eu\/wp-content\/uploads\/2024\/11\/051106112-MS-GDD.jpg","type":"image\/jpeg"}],"twitter_card":"summary_large_image","schema":{"@context":"https:\/\/schema.org","@graph":[{"@type":"WebPage","@id":"https:\/\/pen.eu\/produkt\/kugelschreiber-metalink\/","url":"https:\/\/pen.eu\/produkt\/kugelschreiber-metalink\/","name":"Kugelschreiber \"MetalInk\" - PEN.EU","isPartOf":{"@id":"https:\/\/pen.eu\/#website"},"primaryImageOfPage":{"@id":"https:\/\/pen.eu\/produkt\/kugelschreiber-metalink\/#primaryimage"},"image":{"@id":"https:\/\/pen.eu\/produkt\/kugelschreiber-metalink\/#primaryimage"},"thumbnailUrl":"https:\/\/pen.eu\/wp-content\/uploads\/2024\/11\/051106112-MS-GDD.jpg","datePublished":"2024-11-24T08:06:29+00:00","dateModified":"2025-09-29T13:53:35+00:00","breadcrumb":{"@id":"https:\/\/pen.eu\/produkt\/kugelschreiber-metalink\/#breadcrumb"},"inLanguage":"en-US","potentialAction":[{"@type":"ReadAction","target":["https:\/\/pen.eu\/produkt\/kugelschreiber-metalink\/"]}]},{"@type":"ImageObject","inLanguage":"en-US","@id":"https:\/\/pen.eu\/produkt\/kugelschreiber-metalink\/#primaryimage","url":"https:\/\/pen.eu\/wp-content\/uploads\/2024\/11\/051106112-MS-GDD.jpg","contentUrl":"https:\/\/pen.eu\/wp-content\/uploads\/2024\/11\/051106112-MS-GDD.jpg","width":2000,"height":2000},{"@type":"BreadcrumbList","@id":"https:\/\/pen.eu\/produkt\/kugelschreiber-metalink\/#breadcrumb","itemListElement":[{"@type":"ListItem","position":1,"name":"Home","item":"https:\/\/pen.eu\/"},{"@type":"ListItem","position":2,"name":"Shop","item":"https:\/\/pen.eu\/ch\/shop\/"},{"@type":"ListItem","position":3,"name":"Kugelschreiber &#8220;MetalInk&#8221;"}]},{"@type":"WebSite","@id":"https:\/\/pen.eu\/#website","url":"https:\/\/pen.eu\/","name":"PEN.EU","description":"Kugelschreiber bedrucken mit Logo | pen.eu","potentialAction":[{"@type":"SearchAction","target":{"@type":"EntryPoint","urlTemplate":"https:\/\/pen.eu\/?s={search_term_string}"},"query-input":{"@type":"PropertyValueSpecification","valueRequired":true,"valueName":"search_term_string"}}],"inLanguage":"en-US"}]}},"_links":{"self":[{"href":"https:\/\/pen.eu\/en\/wp-json\/wp\/v2\/product\/10402","targetHints":{"allow":["GET"]}}],"collection":[{"href":"https:\/\/pen.eu\/en\/wp-json\/wp\/v2\/product"}],"about":[{"href":"https:\/\/pen.eu\/en\/wp-json\/wp\/v2\/types\/product"}],"replies":[{"embeddable":true,"href":"https:\/\/pen.eu\/en\/wp-json\/wp\/v2\/comments?post=10402"}],"wp:featuredmedia":[{"embeddable":true,"href":"https:\/\/pen.eu\/en\/wp-json\/wp\/v2\/media\/10431"}],"wp:attachment":[{"href":"https:\/\/pen.eu\/en\/wp-json\/wp\/v2\/media?parent=10402"}],"wp:term":[{"taxonomy":"product_brand","embeddable":true,"href":"https:\/\/pen.eu\/en\/wp-json\/wp\/v2\/product_brand?post=10402"},{"taxonomy":"product_cat","embeddable":true,"href":"https:\/\/pen.eu\/en\/wp-json\/wp\/v2\/product_cat?post=10402"},{"taxonomy":"product_tag","embeddable":true,"href":"https:\/\/pen.eu\/en\/wp-json\/wp\/v2\/product_tag?post=10402"}],"curies":[{"name":"wp","href":"https:\/\/api.w.org\/{rel}","templated":true}]}}